{"id":6471,"date":"2022-08-07T13:36:36","date_gmt":"2022-08-07T05:36:36","guid":{"rendered":"https:\/\/www.stvvalves.com\/?post_type=product&#038;p=6471"},"modified":"2025-02-18T13:57:40","modified_gmt":"2025-02-18T05:57:40","slug":"jis-5k-c95800-y-strainer80arf-flange-end","status":"publish","type":"product","link":"https:\/\/www.stvvalves.com\/ro\/products\/jis-5k-c95800-y-strainer80arf-flange-end\/","title":{"rendered":"Filtru JIS 5K C95800 Y, 80A, cap\u0103t flan\u0219\u0103 RF"},"content":{"rendered":"<p>China JIS 5K C95800 Y sita Furnizor: ASTM B148 C95800 Y Filtru pentru apa de mare, 3 inch, JIS5K, ASME B16.34, RF Flanged Ends.<\/p>\n<p>Design: JIS B2071<br \/>\nMaterial: C95800.<br \/>\nDimensiune nominal\u0103: 3 inch.<br \/>\nPresiune nominal\u0103: jis5k.<br \/>\nConexiune final\u0103: flan\u0219\u0103 RF.<br \/>\nFa\u021b\u0103 \u00een fa\u021b\u0103: JIS B2220.<br \/>\nTest \u0219i inspec\u021bie: JIS B2003.<\/p>\n<p>Specifica\u021bie: Dimensiune: 2\u2033-24\u2033<br \/>\nPresiune: 150-300 lb<br \/>\nMaterial: C95800, C95400, C92200, C90500<br \/>\nTemperatura;-196\u00b0C+545\u00b0C Serviciu: Apa de mare<\/p>\n<table>\n<tbody>\n<tr>\n<td width=\"200\"><strong>numele produsului<\/strong><\/td>\n<td width=\"481\">Filtru JIS 5K C95800 Y, 80A, cap\u0103t flan\u0219\u0103 RF<\/td>\n<\/tr>\n<tr>\n<td width=\"200\">1. Material<\/td>\n<td width=\"481\">C95800<\/td>\n<\/tr>\n<tr>\n<td width=\"200\">2. Dimensiunea<\/td>\n<td width=\"481\">3\u201d<\/td>\n<\/tr>\n<tr>\n<td width=\"200\">4. Port<\/td>\n<td width=\"481\">Port complet<\/td>\n<\/tr>\n<tr>\n<td width=\"200\">5. Presiunea de lucru<\/td>\n<td width=\"481\">10K<\/td>\n<\/tr>\n<tr>\n<td width=\"200\">6. Conexiunea se termin\u0103<\/td>\n<td width=\"481\">RF<\/td>\n<\/tr>\n<tr>\n<td width=\"200\">7. Temp. de lucru.<\/td>\n<td width=\"481\">-29~200\u00baC,<\/td>\n<\/tr>\n<tr>\n<td width=\"200\">8. Mediu potrivit<\/td>\n<td width=\"481\">Ap\u0103, gaze naturale, ulei \u0219i ceva lichid coroziv<\/td>\n<\/tr>\n<tr>\n<td width=\"200\">9. Operat<\/td>\n<td width=\"481\">\/<\/td>\n<\/tr>\n<tr>\n<td width=\"200\">10. Inspec\u021bie \u0219i testare<\/td>\n<td width=\"481\">Conform API598<\/td>\n<\/tr>\n<tr>\n<td width=\"200\"><strong>Expediere<\/strong><\/td>\n<td width=\"481\"><\/td>\n<\/tr>\n<tr>\n<td width=\"200\">Timpul de livrare<\/td>\n<td width=\"481\">30 de zile<\/td>\n<\/tr>\n<tr>\n<td width=\"200\">Pachet<\/td>\n<td width=\"481\">Carcas\u0103 standard de export de placaj<\/td>\n<\/tr>\n<tr>\n<td width=\"200\">Portul de expediere<\/td>\n<td width=\"481\">Ningbo\/Shanghai, China<\/td>\n<\/tr>\n<tr>\n<td width=\"200\">Termeni de livrare<\/td>\n<td width=\"481\">Exw, FOB, CFR, CIF etc.<\/td>\n<\/tr>\n<tr>\n<td width=\"200\">Termeni de plat\u0103<\/td>\n<td width=\"481\">T\/T, Western Union, PayPal etc.<\/td>\n<\/tr>\n<tr>\n<td width=\"200\"><\/td>\n<td width=\"481\">Plat\u0103 anticipat\u0103 30%, sold 70% pl\u0103tit \u00eenainte de expediere<\/td>\n<\/tr>\n<tr>\n<td width=\"200\">\u021aara de origine<\/td>\n<td width=\"481\">Ora\u0219ul Wenzhou, China<\/td>\n<\/tr>\n<tr>\n<td width=\"200\">Capacitatea de produc\u021bie<\/td>\n<td width=\"481\">6000 tone\/an<\/td>\n<\/tr>\n<tr>\n<td width=\"200\">MOQ<\/td>\n<td width=\"481\">1 buc\/dimensiune<\/td>\n<\/tr>\n<\/tbody>\n<\/table>","protected":false},"excerpt":{"rendered":"<p>STV Valve Technology Group Co., Ltd este un lider profesionist China JIS 5K Flan\u0219\u0103 Y Filtru, Flan\u0219\u0103 Y Filtru tip, JIS 5K C95800 Flan\u0219\u0103 Cap\u0103t Y Filtru, 80A Y produc\u0103tor de supape de sit\u0103 cu \u00eenalt\u0103 calitate \u0219i pre\u021b competitiv.<\/p>","protected":false},"featured_media":6473,"template":"","meta":[],"product_brand":[],"product_cat":[85,48],"product_tag":[1543,1541,940,1542],"class_list":{"0":"post-6471","1":"product","2":"type-product","3":"status-publish","4":"has-post-thumbnail","6":"product_cat-stainless-steel-y-type-strainer","7":"product_cat-y-strainer","8":"product_tag-80a-y-strainer-valve-manufacturer","9":"product_tag-china-jis-5k-flange-y-strainer","10":"product_tag-flange-y-type-strainer","11":"product_tag-jis-5k-c95800-flanged-end-y-strainer","13":"first","14":"instock","15":"shipping-taxable","16":"product-type-simple"},"_links":{"self":[{"href":"https:\/\/www.stvvalves.com\/ro\/wp-json\/wp\/v2\/product\/6471","targetHints":{"allow":["GET"]}}],"collection":[{"href":"https:\/\/www.stvvalves.com\/ro\/wp-json\/wp\/v2\/product"}],"about":[{"href":"https:\/\/www.stvvalves.com\/ro\/wp-json\/wp\/v2\/types\/product"}],"wp:featuredmedia":[{"embeddable":true,"href":"https:\/\/www.stvvalves.com\/ro\/wp-json\/wp\/v2\/media\/6473"}],"wp:attachment":[{"href":"https:\/\/www.stvvalves.com\/ro\/wp-json\/wp\/v2\/media?parent=6471"}],"wp:term":[{"taxonomy":"product_brand","embeddable":true,"href":"https:\/\/www.stvvalves.com\/ro\/wp-json\/wp\/v2\/product_brand?post=6471"},{"taxonomy":"product_cat","embeddable":true,"href":"https:\/\/www.stvvalves.com\/ro\/wp-json\/wp\/v2\/product_cat?post=6471"},{"taxonomy":"product_tag","embeddable":true,"href":"https:\/\/www.stvvalves.com\/ro\/wp-json\/wp\/v2\/product_tag?post=6471"}],"curies":[{"name":"wp","href":"https:\/\/api.w.org\/{rel}","templated":true}]}}