{"id":6482,"date":"2022-08-08T13:38:33","date_gmt":"2022-08-08T05:38:33","guid":{"rendered":"https:\/\/www.stvvalves.com\/?post_type=product&#038;p=6482"},"modified":"2025-02-18T13:57:36","modified_gmt":"2025-02-18T05:57:36","slug":"din-3352-y-type-strainer-wcb-dn50-pn64-rf-ends","status":"publish","type":"product","link":"https:\/\/www.stvvalves.com\/ro\/products\/din-3352-y-type-strainer-wcb-dn50-pn64-rf-ends\/","title":{"rendered":"Sita tip Y DIN 3352, WCB, DN50, PN64, capete RF"},"content":{"rendered":"<p>Product name: DIN 3352 Y Type Strainer, WCB, DN50, PN40, RF Ends<br \/>\nDesign: DIN 3352.<br \/>\nMaterial: ASTM A216 WCB.<br \/>\nDimensiune nominal\u0103: 2 inch.<br \/>\nNominal pressure: PN64.<br \/>\nTermina\u021bi conexiunea: RF.<br \/>\nFace to face: EN558-1\/line 1.<br \/>\nTest \u0219i inspec\u021bie: EN12266-1.<\/p>\n<p>Gam\u0103 de produse:<br \/>\nMaterial corp: o\u021bel carbon, o\u021bel inoxidabil, o\u021bel aliat.<br \/>\nDiametru normal: 1\/2 \u2013 48 inch (DN15 \u2013 DN1200).<br \/>\nConexiune final\u0103: BW, cu flan\u0219\u0103.<br \/>\nInterval de presiune: 150 \u2013 2500 LB (PN16 \u2013 PN420).<br \/>\nTemperatura de lucru: -196\u2103 \u2013 +573\u2103.<\/p>\n<table>\n<tbody>\n<tr>\n<td width=\"200\"><strong>numele produsului<\/strong><\/td>\n<td width=\"481\">Sita tip Y DIN 3352, WCB, DN50, PN64, capete RF<\/td>\n<\/tr>\n<tr>\n<td width=\"200\">1. Material<\/td>\n<td width=\"481\">WCB<\/td>\n<\/tr>\n<tr>\n<td width=\"200\">2. Dimensiunea<\/td>\n<td width=\"481\">2\u201d<\/td>\n<\/tr>\n<tr>\n<td width=\"200\">4. Port<\/td>\n<td width=\"481\">Port complet<\/td>\n<\/tr>\n<tr>\n<td width=\"200\">5. Presiunea de lucru<\/td>\n<td width=\"481\">PN64<\/td>\n<\/tr>\n<tr>\n<td width=\"200\">6. Conexiunea se termin\u0103<\/td>\n<td width=\"481\">RF<\/td>\n<\/tr>\n<tr>\n<td width=\"200\">7. Temp. de lucru.<\/td>\n<td width=\"481\">-29~425\u00baC,<\/td>\n<\/tr>\n<tr>\n<td width=\"200\">8. Mediu potrivit<\/td>\n<td width=\"481\">Ap\u0103, gaze naturale, ulei \u0219i ceva lichid coroziv<\/td>\n<\/tr>\n<tr>\n<td width=\"200\">9. Operat<\/td>\n<td width=\"481\">\/<\/td>\n<\/tr>\n<tr>\n<td width=\"200\">10. Inspec\u021bie \u0219i testare<\/td>\n<td width=\"481\">API 598<\/td>\n<\/tr>\n<tr>\n<td width=\"200\"><strong>Expediere<\/strong><\/td>\n<td width=\"481\"><\/td>\n<\/tr>\n<tr>\n<td width=\"200\">Timpul de livrare<\/td>\n<td width=\"481\">30 de zile<\/td>\n<\/tr>\n<tr>\n<td width=\"200\">Pachet<\/td>\n<td width=\"481\">Carcas\u0103 standard de export de placaj<\/td>\n<\/tr>\n<tr>\n<td width=\"200\">Portul de expediere<\/td>\n<td width=\"481\">Ningbo\/Shanghai, China<\/td>\n<\/tr>\n<tr>\n<td width=\"200\">Termeni de livrare<\/td>\n<td width=\"481\">Exw, FOB, CFR, CIF etc.<\/td>\n<\/tr>\n<tr>\n<td width=\"200\">Termeni de plat\u0103<\/td>\n<td width=\"481\">T\/T, Western Union, PayPal etc.<\/td>\n<\/tr>\n<tr>\n<td width=\"200\"><\/td>\n<td width=\"481\">Plat\u0103 anticipat\u0103 30%, sold 70% pl\u0103tit \u00eenainte de expediere<\/td>\n<\/tr>\n<tr>\n<td width=\"200\">\u021aara de origine<\/td>\n<td width=\"481\">Ora\u0219ul Wenzhou, China<\/td>\n<\/tr>\n<tr>\n<td width=\"200\">Capacitatea de produc\u021bie<\/td>\n<td width=\"481\">6000 tone\/an<\/td>\n<\/tr>\n<tr>\n<td width=\"200\">MOQ<\/td>\n<td width=\"481\">1 buc\/dimensiune<\/td>\n<\/tr>\n<\/tbody>\n<\/table>\n<p>&nbsp;<\/p>\n<p>&nbsp;<\/p>","protected":false},"excerpt":{"rendered":"<p>STV Valve Technology Group C o., Ltd is a professional leader China DIN 3352 Y Type Strainer ,Flange Y Type Strainer,ASTM A216 WCB Flanged End Y Strainer,2Inch Y Type Strainer. 40 MESH Y Type Strainer,SS304 Screen Y Type Strainer, RF Ends Y Type Strainer manufacturer with high quality and competitive price.<\/p>","protected":false},"featured_media":6483,"template":"","meta":[],"product_brand":[],"product_cat":[72,48],"product_tag":[1557,1545,1556,940,1558,1548],"class_list":{"0":"post-6482","1":"product","2":"type-product","3":"status-publish","4":"has-post-thumbnail","6":"product_cat-cast-steel-y-type-strainer","7":"product_cat-y-strainer","8":"product_tag-2inch-y-type-strainer-40-mesh-y-type-strainer","9":"product_tag-astm-a216-wcb-flanged-end-y-strainer","10":"product_tag-china-din-3352-y-type-strainer","11":"product_tag-flange-y-type-strainer","12":"product_tag-rf-ends-y-type-strainer-manufacturer","13":"product_tag-ss304-screen-y-type-strainer","15":"first","16":"instock","17":"shipping-taxable","18":"product-type-simple"},"_links":{"self":[{"href":"https:\/\/www.stvvalves.com\/ro\/wp-json\/wp\/v2\/product\/6482","targetHints":{"allow":["GET"]}}],"collection":[{"href":"https:\/\/www.stvvalves.com\/ro\/wp-json\/wp\/v2\/product"}],"about":[{"href":"https:\/\/www.stvvalves.com\/ro\/wp-json\/wp\/v2\/types\/product"}],"wp:featuredmedia":[{"embeddable":true,"href":"https:\/\/www.stvvalves.com\/ro\/wp-json\/wp\/v2\/media\/6483"}],"wp:attachment":[{"href":"https:\/\/www.stvvalves.com\/ro\/wp-json\/wp\/v2\/media?parent=6482"}],"wp:term":[{"taxonomy":"product_brand","embeddable":true,"href":"https:\/\/www.stvvalves.com\/ro\/wp-json\/wp\/v2\/product_brand?post=6482"},{"taxonomy":"product_cat","embeddable":true,"href":"https:\/\/www.stvvalves.com\/ro\/wp-json\/wp\/v2\/product_cat?post=6482"},{"taxonomy":"product_tag","embeddable":true,"href":"https:\/\/www.stvvalves.com\/ro\/wp-json\/wp\/v2\/product_tag?post=6482"}],"curies":[{"name":"wp","href":"https:\/\/api.w.org\/{rel}","templated":true}]}}