{"id":6491,"date":"2022-08-08T20:27:16","date_gmt":"2022-08-08T12:27:16","guid":{"rendered":"https:\/\/www.stvvalves.com\/?post_type=product&#038;p=6491"},"modified":"2024-12-24T23:08:51","modified_gmt":"2024-12-24T15:08:51","slug":"astm-b367-gr-c2-titanium-swing-check-valve-2-inch-150-lb-rf","status":"publish","type":"product","link":"https:\/\/www.stvvalves.com\/ro\/products\/astm-b367-gr-c2-titanium-swing-check-valve-2-inch-150-lb-rf\/","title":{"rendered":"Supap\u0103 de re\u021binere oscilant\u0103 din titan ASTM B367 GR.C2, 2 inchi, 150 LB, RF"},"content":{"rendered":"<p>Nume produs: ASTM B367 GR.C2 supap\u0103 de re\u021binere oscilant\u0103 din titan, 2 inchi, 150 LB, RF<\/p>\n<div class=\"row\">\n<div class=\"col-md-12\">Design: API 6D<br \/>\nCorp: ASTM B367 GR.C2<br \/>\nDimensiune nominal\u0103: 2 inch<br \/>\nClasa nominal\u0103: 150 LB<br \/>\nTermina\u021bi conexiunea: RF se termin\u0103<br \/>\nFa\u021b\u0103 \u00een fa\u021b\u0103: ASME B16.10<br \/>\nTestare \u0219i inspec\u021bie: API 598<\/div>\n<\/div>\n<p>Material caroserie: titan, duplex, Hastelloy C276\/B3, Monel, Alloys20, 4A, 5A, C95800, C95500, Monel, Alloy 20, F347, Super Duplex, Inconel etc.<br \/>\nStandarde de fabrica\u021bie: API, ANSI, BS, DIN, JIS.<br \/>\nPresiune supap\u0103: 150LB p\u00e2n\u0103 la 2500LB (PN1.6-42MPa).<br \/>\nGama de dimensiuni a supapei de re\u021binere: 1\/2 p\u00e2n\u0103 la 32 inchi (DN15 p\u00e2n\u0103 la DN800).<br \/>\nTemperatura de functionare: de la -196 grade Celsius la 593 grade Celsius.<br \/>\nConexiune: cu flan\u0219\u0103, sudat\u0103 cap la cap.<br \/>\nDimensiuni fa\u021b\u0103 \u00een fa\u021b\u0103: ANSI B16.10.<br \/>\nDimensiune cap\u0103t flan\u0219\u0103: ANSI B16.5<br \/>\nDimensiuni sudate cap la cap: ANSI B16.25<br \/>\nDesign \u0219i fabrica\u021bie: BS1868<br \/>\nTest de presiune: API598<\/p>\n<table>\n<tbody>\n<tr>\n<td width=\"200\"><strong><b>numele produsului<\/b><\/strong><\/td>\n<td width=\"481\">Supap\u0103 de re\u021binere oscilant\u0103 din titan ASTM B367 GR.C2, 2 inchi, 150 LB, RF<\/td>\n<\/tr>\n<tr>\n<td width=\"200\">1. Material<\/td>\n<td width=\"481\">ASTM B367 GR.C2 Titan<\/td>\n<\/tr>\n<tr>\n<td width=\"200\">2. Dimensiunea<\/td>\n<td width=\"481\">2\u201d<\/td>\n<\/tr>\n<tr>\n<td width=\"200\">4. Port<\/td>\n<td width=\"481\">Port complet<\/td>\n<\/tr>\n<tr>\n<td width=\"200\">5. Presiunea de lucru<\/td>\n<td width=\"481\">150 lb<\/td>\n<\/tr>\n<tr>\n<td width=\"200\">6. Conexiunea se termin\u0103<\/td>\n<td width=\"481\">RF<\/td>\n<\/tr>\n<tr>\n<td width=\"200\">7. Temp. de lucru.<\/td>\n<td width=\"481\">-29~250\u00baC,<\/td>\n<\/tr>\n<tr>\n<td width=\"200\">8. Mediu potrivit<\/td>\n<td width=\"481\">Ap\u0103, gaze naturale, ulei \u0219i ceva lichid coroziv<\/td>\n<\/tr>\n<tr>\n<td width=\"200\">9. Operat<\/td>\n<td width=\"481\">Roat\u0103 de m\u00e2n\u0103<\/td>\n<\/tr>\n<tr>\n<td width=\"200\">10. Inspec\u021bie \u0219i testare<\/td>\n<td width=\"481\">Conform API 598<\/td>\n<\/tr>\n<tr>\n<td width=\"200\"><strong><b>Expediere<\/b><\/strong><\/td>\n<td width=\"481\"><\/td>\n<\/tr>\n<tr>\n<td width=\"200\">Timpul de livrare<\/td>\n<td width=\"481\">30 de zile<\/td>\n<\/tr>\n<tr>\n<td width=\"200\">Pachet<\/td>\n<td width=\"481\">Carcas\u0103 standard de export de placaj<\/td>\n<\/tr>\n<tr>\n<td width=\"200\">Portul de expediere<\/td>\n<td width=\"481\">Ningbo\/Shanghai, China<\/td>\n<\/tr>\n<tr>\n<td width=\"200\">Termeni de livrare<\/td>\n<td width=\"481\">Exw, FOB, CFR, CIF etc.<\/td>\n<\/tr>\n<tr>\n<td width=\"200\">Termeni de plat\u0103<\/td>\n<td width=\"481\">T\/T, Western Union, PayPal etc.<\/td>\n<\/tr>\n<tr>\n<td width=\"200\"><\/td>\n<td width=\"481\">Plat\u0103 anticipat\u0103 30%, sold 70% pl\u0103tit \u00eenainte de expediere<\/td>\n<\/tr>\n<tr>\n<td width=\"200\">\u021aara de origine<\/td>\n<td width=\"481\">Ora\u0219ul Wenzhou, China<\/td>\n<\/tr>\n<tr>\n<td width=\"200\">Capacitatea de produc\u021bie<\/td>\n<td width=\"481\">6000 tone\/an<\/td>\n<\/tr>\n<tr>\n<td width=\"200\">MOQ<\/td>\n<td width=\"481\">10 buc\/dimensiune<\/td>\n<\/tr>\n<\/tbody>\n<\/table>","protected":false},"excerpt":{"rendered":"<p>STV Valve Technology Group Co., Ltd este un lider profesionist din China, supap\u0103 de re\u021binere de titan, fabric\u0103 de supape de re\u021binere de titan din China, supap\u0103 de re\u021binere de titan, supap\u0103 de re\u021binere ASTM B367 GR, supap\u0103 de re\u021binere API 602, supap\u0103 de re\u021binere clasa 150 LB, cap\u0103t RF Supap\u0103 de re\u021binere, Supap\u0103 de re\u021binere cu capot\u0103 \u00een\u0219urubat, Produc\u0103tor de supape de re\u021binere API 6D cu \u00eenalt\u0103 calitate \u0219i pre\u021b competitiv<\/p>\n<p>&nbsp;<\/p>","protected":false},"featured_media":6492,"template":"","meta":[],"product_brand":[],"product_cat":[46,67],"product_tag":[223,1577,1573,1576,1570,1574,1575,1572,1571],"class_list":{"0":"post-6491","1":"product","2":"type-product","3":"status-publish","4":"has-post-thumbnail","6":"product_cat-check-valves","7":"product_cat-stainless-steel-check-valve","8":"product_tag-api-602-gate-valve","9":"product_tag-api-6d-swing-check-valve-manufacturer","10":"product_tag-astm-b367-gr-check-valve","11":"product_tag-bolted-bonnet-swing-check-valve","12":"product_tag-china-titanium-swing-check-valve","13":"product_tag-class-150-lb-check-valve","14":"product_tag-rf-end-check-valve","15":"product_tag-titanium-swing-check-valve","16":"product_tag-titanium-swing-check-valve-factory-in-china","18":"first","19":"instock","20":"shipping-taxable","21":"product-type-simple"},"_links":{"self":[{"href":"https:\/\/www.stvvalves.com\/ro\/wp-json\/wp\/v2\/product\/6491","targetHints":{"allow":["GET"]}}],"collection":[{"href":"https:\/\/www.stvvalves.com\/ro\/wp-json\/wp\/v2\/product"}],"about":[{"href":"https:\/\/www.stvvalves.com\/ro\/wp-json\/wp\/v2\/types\/product"}],"wp:featuredmedia":[{"embeddable":true,"href":"https:\/\/www.stvvalves.com\/ro\/wp-json\/wp\/v2\/media\/6492"}],"wp:attachment":[{"href":"https:\/\/www.stvvalves.com\/ro\/wp-json\/wp\/v2\/media?parent=6491"}],"wp:term":[{"taxonomy":"product_brand","embeddable":true,"href":"https:\/\/www.stvvalves.com\/ro\/wp-json\/wp\/v2\/product_brand?post=6491"},{"taxonomy":"product_cat","embeddable":true,"href":"https:\/\/www.stvvalves.com\/ro\/wp-json\/wp\/v2\/product_cat?post=6491"},{"taxonomy":"product_tag","embeddable":true,"href":"https:\/\/www.stvvalves.com\/ro\/wp-json\/wp\/v2\/product_tag?post=6491"}],"curies":[{"name":"wp","href":"https:\/\/api.w.org\/{rel}","templated":true}]}}