{"id":6499,"date":"2022-08-09T16:18:56","date_gmt":"2022-08-09T08:18:56","guid":{"rendered":"https:\/\/www.stvvalves.com\/?post_type=product&#038;p=6499"},"modified":"2024-12-24T23:08:50","modified_gmt":"2024-12-24T15:08:50","slug":"a494-cw12mw-swing-check-valve-300lb-8-inch-flange-end","status":"publish","type":"product","link":"https:\/\/www.stvvalves.com\/ro\/products\/a494-cw12mw-swing-check-valve-300lb-8-inch-flange-end\/","title":{"rendered":"A494 CW12MW Supap\u0103 de re\u021binere pivotant\u0103, 300 LB, 8 inchi, cap\u0103t cu flan\u0219\u0103"},"content":{"rendered":"<p>Nume produs: Supap\u0103 de re\u021binere pivotant\u0103 A494 CW12MW, 300 LB, 8 inchi, cap\u0103t cu flan\u0219\u0103<\/p>\n<div class=\"row\">\n<div class=\"col-md-12\">Design: API 6D<br \/>\nCorp: A494 CW12MW<br \/>\nDimensiune nominal\u0103: 8 inch<br \/>\nClasa nominal\u0103: 300 LB<br \/>\nTermina\u021bi conexiunea: RF se termin\u0103<br \/>\nFa\u021b\u0103 \u00een fa\u021b\u0103: ASME B16.10<\/div>\n<\/div>\n<p>Dimensiune: de la 2\u2033 la 36\u2033<br \/>\nPresiune: 150 \u2013 2500LB<br \/>\nMaterial: Duplex S31803\u3001Super Duplex S32750\u3001Super Duplex S32760<br \/>\n1A\u3001\u30012A\u30013A\u30014A\u30015A\u30016A\u30011B\u30011C<br \/>\nCD4MCu\u3001CD4MCuN\u3001CD3MCuN\u3001CE8MN\u3001CD6MN\u3001CD3MN\u3001CE3MN,CD3MWCuN<br \/>\nF51\u3001F53\u3001F55\u3001F6Standard de proiectare si productie: API 600, API6D si ASME B16.34<br \/>\nDistan\u021ba dintre flan\u0219e: API 6D, ASME B16.10<br \/>\nConectat \u00een conformitate cu standardul: ANSI B16.5, ASME B16.47, ANSI B16.25<br \/>\nStandard de testare: API598<br \/>\nMediu: supapa este potrivit\u0103 pentru mai multe medii, inclusiv ap\u0103, abur, ulei, gaz, produse petroliere, acid azotic, acid acetic etc.<br \/>\nTemperatura de lucru: de la -46\u00baC sau -50\u00baC (construc\u021bii din o\u021bel inoxidabil) \u0219i -29\u00baC sau -46\u00baC (construc\u021bii din o\u021bel carbon) p\u00e2n\u0103 la 600\u2103<\/p>\n<table>\n<tbody>\n<tr>\n<td width=\"200\"><strong><b>numele produsului<\/b><\/strong><\/td>\n<td width=\"481\">\u00a0A494 CW12MW Supap\u0103 de re\u021binere pivotant\u0103, 300 LB, 8 inchi, cap\u0103t cu flan\u0219\u0103<\/td>\n<\/tr>\n<tr>\n<td width=\"200\">1. Material<\/td>\n<td width=\"481\">A494 CW12MW<\/td>\n<\/tr>\n<tr>\n<td width=\"200\">2. Dimensiunea<\/td>\n<td width=\"481\">8\u201d<\/td>\n<\/tr>\n<tr>\n<td width=\"200\">4. Port<\/td>\n<td width=\"481\">Port complet<\/td>\n<\/tr>\n<tr>\n<td width=\"200\">5. Presiunea de lucru<\/td>\n<td width=\"481\">300 lb<\/td>\n<\/tr>\n<tr>\n<td width=\"200\">6. Conexiunea se termin\u0103<\/td>\n<td width=\"481\">RF<\/td>\n<\/tr>\n<tr>\n<td width=\"200\">7. Temp. de lucru.<\/td>\n<td width=\"481\">-29~250\u00baC,<\/td>\n<\/tr>\n<tr>\n<td width=\"200\">8. Mediu potrivit<\/td>\n<td width=\"481\">Ap\u0103, gaze naturale, ulei \u0219i ceva lichid coroziv<\/td>\n<\/tr>\n<tr>\n<td width=\"200\">9. Operat<\/td>\n<td width=\"481\">X<\/td>\n<\/tr>\n<tr>\n<td width=\"200\">10. Inspec\u021bie \u0219i testare<\/td>\n<td width=\"481\">Conform API 598<\/td>\n<\/tr>\n<tr>\n<td width=\"200\"><strong><b>Expediere<\/b><\/strong><\/td>\n<td width=\"481\"><\/td>\n<\/tr>\n<tr>\n<td width=\"200\">Timpul de livrare<\/td>\n<td width=\"481\">30 de zile<\/td>\n<\/tr>\n<tr>\n<td width=\"200\">Pachet<\/td>\n<td width=\"481\">Carcas\u0103 standard de export de placaj<\/td>\n<\/tr>\n<tr>\n<td width=\"200\">Portul de expediere<\/td>\n<td width=\"481\">Ningbo\/Shanghai, China<\/td>\n<\/tr>\n<tr>\n<td width=\"200\">Termeni de livrare<\/td>\n<td width=\"481\">Exw, FOB, CFR, CIF etc.<\/td>\n<\/tr>\n<tr>\n<td width=\"200\">Termeni de plat\u0103<\/td>\n<td width=\"481\">T\/T, Western Union, PayPal etc.<\/td>\n<\/tr>\n<tr>\n<td width=\"200\"><\/td>\n<td width=\"481\">Plat\u0103 anticipat\u0103 30%, sold 70% pl\u0103tit \u00eenainte de expediere<\/td>\n<\/tr>\n<tr>\n<td width=\"200\">\u021aara de origine<\/td>\n<td width=\"481\">Ora\u0219ul Wenzhou, China<\/td>\n<\/tr>\n<tr>\n<td width=\"200\">Capacitatea de produc\u021bie<\/td>\n<td width=\"481\">6000 tone\/an<\/td>\n<\/tr>\n<tr>\n<td width=\"200\">MOQ<\/td>\n<td width=\"481\">10 buc\/dimensiune<\/td>\n<\/tr>\n<\/tbody>\n<\/table>","protected":false},"excerpt":{"rendered":"<p>STV Valve Technology Group Co., Ltd este un lider profesionist A494 CW12MW Supap\u0103 de re\u021binere oscilant\u0103, furnizor de supap\u0103 de re\u021binere oscilant\u0103 A494 CW12MW \u00een China, supap\u0103 de re\u021binere 300LB, supap\u0103 de re\u021binere duplex, supap\u0103 de 8 inch, supap\u0103 de cap\u0103t cu flan\u0219\u0103.<\/p>\n<p>&nbsp;<\/p>","protected":false},"featured_media":6500,"template":"","meta":[],"product_brand":[],"product_cat":[46,67],"product_tag":[925,1594,1592,1593,1425,339],"class_list":{"0":"post-6499","1":"product","2":"type-product","3":"status-publish","4":"has-post-thumbnail","6":"product_cat-check-valves","7":"product_cat-stainless-steel-check-valve","8":"product_tag-300lb-swing-check-valve","9":"product_tag-8-inch-swing-check-valve","10":"product_tag-a494-cw12mw-swing-check-valve","11":"product_tag-a494-cw12mw-swing-check-valve-supplier-in-china","12":"product_tag-duplex-swing-check-valve","13":"product_tag-flange-end-swing-check-valve","15":"first","16":"instock","17":"shipping-taxable","18":"product-type-simple"},"_links":{"self":[{"href":"https:\/\/www.stvvalves.com\/ro\/wp-json\/wp\/v2\/product\/6499","targetHints":{"allow":["GET"]}}],"collection":[{"href":"https:\/\/www.stvvalves.com\/ro\/wp-json\/wp\/v2\/product"}],"about":[{"href":"https:\/\/www.stvvalves.com\/ro\/wp-json\/wp\/v2\/types\/product"}],"wp:featuredmedia":[{"embeddable":true,"href":"https:\/\/www.stvvalves.com\/ro\/wp-json\/wp\/v2\/media\/6500"}],"wp:attachment":[{"href":"https:\/\/www.stvvalves.com\/ro\/wp-json\/wp\/v2\/media?parent=6499"}],"wp:term":[{"taxonomy":"product_brand","embeddable":true,"href":"https:\/\/www.stvvalves.com\/ro\/wp-json\/wp\/v2\/product_brand?post=6499"},{"taxonomy":"product_cat","embeddable":true,"href":"https:\/\/www.stvvalves.com\/ro\/wp-json\/wp\/v2\/product_cat?post=6499"},{"taxonomy":"product_tag","embeddable":true,"href":"https:\/\/www.stvvalves.com\/ro\/wp-json\/wp\/v2\/product_tag?post=6499"}],"curies":[{"name":"wp","href":"https:\/\/api.w.org\/{rel}","templated":true}]}}