{"id":6515,"date":"2022-08-11T13:31:40","date_gmt":"2022-08-11T05:31:40","guid":{"rendered":"https:\/\/www.stvvalves.com\/?post_type=product&#038;p=6515"},"modified":"2025-02-18T13:57:13","modified_gmt":"2025-02-18T05:57:13","slug":"a182-f904l-forged-gate-valve-3-4-inch-300lb-rf-end","status":"publish","type":"product","link":"https:\/\/www.stvvalves.com\/ro\/products\/a182-f904l-forged-gate-valve-3-4-inch-300lb-rf-end\/","title":{"rendered":"A182 F904L Supap\u0103 forjat\u0103, 3\/4 inch, 300 LB, cap\u0103t RF"},"content":{"rendered":"<p>Name: A182 F904L Forged Gate Valve ,3\/4 Inch,300LB,RF End<br \/>\nDesign: API 602<br \/>\nCorp: F904L<br \/>\nDimensiune nominal\u0103: 3\/4 inch<br \/>\nClasa nominal\u0103: 300 LB<br \/>\nTermina\u021bi conexiunea: RF<br \/>\nFa\u021b\u0103 \u00een fa\u021b\u0103: Fabricare<br \/>\nTestare \u0219i inspec\u021bie: API 598<br \/>\nProdus: Supap\u0103 cu gur\u0103 de dimensiuni mici<br \/>\nDiametru nominal: 1\/4 inch \u2013 4 inch<br \/>\nTemperatur\u0103 de proiectare: -196\u2103 \u2013 573\u2103<br \/>\nPresiune de proiectare: Clasa 150 LB \u2013 Clasa 4500 LB<br \/>\nMaterial: o\u021bel carbon, o\u021bel inoxidabil, o\u021bel aliat, bronz<br \/>\nStandard de proiectare: API 602, BS 5352<br \/>\nFa\u021b\u0103 \u00een fa\u021b\u0103: Standard de fabrica\u021bie, ASME B16.10<br \/>\nCap\u0103t de conectare: NPT, SW, BW, cu flan\u0219\u0103<br \/>\nStandard de testare: API 598, ISO 5208<br \/>\nOperare: roat\u0103 de m\u00e2n\u0103<br \/>\nAplica\u021bie: central\u0103 electric\u0103, petrol, inginerie chimic\u0103<\/p>\n<table>\n<tbody>\n<tr>\n<td width=\"200\"><strong><b>numele produsului<\/b><\/strong><\/td>\n<td width=\"481\">A182 F904L Supap\u0103 forjat\u0103, 3\/4 inch, 300 LB, cap\u0103t RF<\/td>\n<\/tr>\n<tr>\n<td width=\"200\">1. Material<\/td>\n<td width=\"481\">F904L<\/td>\n<\/tr>\n<tr>\n<td width=\"200\">2. Dimensiunea<\/td>\n<td width=\"481\">3\/4\u201d<\/td>\n<\/tr>\n<tr>\n<td width=\"200\">4. Port<\/td>\n<td width=\"481\">Port reductor<\/td>\n<\/tr>\n<tr>\n<td width=\"200\">5. Presiunea de lucru<\/td>\n<td width=\"481\">300 lb<\/td>\n<\/tr>\n<tr>\n<td width=\"200\">6. Conexiunea se termin\u0103<\/td>\n<td width=\"481\">Sf\u00e2r\u0219it RF<\/td>\n<\/tr>\n<tr>\n<td width=\"200\">7. Temp. de lucru.<\/td>\n<td width=\"481\">-29~300\u00baC,<\/td>\n<\/tr>\n<tr>\n<td width=\"200\">8. Mediu potrivit<\/td>\n<td width=\"481\">Ap\u0103, gaze naturale, ulei \u0219i ceva lichid coroziv<\/td>\n<\/tr>\n<tr>\n<td width=\"200\">9. Operat<\/td>\n<td width=\"481\">Roat\u0103 de m\u00e2n\u0103<\/td>\n<\/tr>\n<tr>\n<td width=\"200\">10. Inspec\u021bie \u0219i testare<\/td>\n<td width=\"481\">Conform API 598<\/td>\n<\/tr>\n<tr>\n<td width=\"200\"><strong><b>Expediere<\/b><\/strong><\/td>\n<td width=\"481\"><\/td>\n<\/tr>\n<tr>\n<td width=\"200\">Timpul de livrare<\/td>\n<td width=\"481\">30 de zile<\/td>\n<\/tr>\n<tr>\n<td width=\"200\">Pachet<\/td>\n<td width=\"481\">Carcas\u0103 standard de export de placaj<\/td>\n<\/tr>\n<tr>\n<td width=\"200\">Portul de expediere<\/td>\n<td width=\"481\">Ningbo\/Shanghai, China<\/td>\n<\/tr>\n<tr>\n<td width=\"200\">Termeni de livrare<\/td>\n<td width=\"481\">Exw, FOB, CFR, CIF etc.<\/td>\n<\/tr>\n<tr>\n<td width=\"200\">Termeni de plat\u0103<\/td>\n<td width=\"481\">T\/T, Western Union, PayPal etc.<\/td>\n<\/tr>\n<tr>\n<td width=\"200\"><\/td>\n<td width=\"481\">Plat\u0103 anticipat\u0103 30%, sold 70% pl\u0103tit \u00eenainte de expediere<\/td>\n<\/tr>\n<tr>\n<td width=\"200\">\u021aara de origine<\/td>\n<td width=\"481\">Ora\u0219ul Wenzhou, China<\/td>\n<\/tr>\n<tr>\n<td width=\"200\">Capacitatea de produc\u021bie<\/td>\n<td width=\"481\">6000 tone\/an<\/td>\n<\/tr>\n<tr>\n<td width=\"200\">MOQ<\/td>\n<td width=\"481\">10 buc\/dimensiune<\/td>\n<\/tr>\n<\/tbody>\n<\/table>","protected":false},"excerpt":{"rendered":"<p>STV Valve Technology Group Co., Ltd is a professional leader China A182 F904l Forged Gate Valve,A182 F904l Forged Gate ValveSupplier in china, 3\/4 Inch Gate Valve,\u00a0 API 602 Gate Valve, Class 300 LB Gate Valve,Bolt Bonnet Gate Valve Manufacturer with high quality and competitive price.<\/p>\n<p>&nbsp;<\/p>","protected":false},"featured_media":6783,"template":"","meta":[],"product_brand":[],"product_cat":[59,44],"product_tag":[1589,1622,223,1586,1621,1623],"class_list":{"0":"post-6515","1":"product","2":"type-product","3":"status-publish","4":"has-post-thumbnail","6":"product_cat-forged-steel-gate-valve","7":"product_cat-gate-valve","8":"product_tag-3-4-inch-gate-valve","9":"product_tag-a182-f904l-forged-gate-valvesupplier-in-china","10":"product_tag-api-602-gate-valve","11":"product_tag-bolt-bonnet-gate-valve-manufacturer","12":"product_tag-china-a182-f904l-forged-gate-valve","13":"product_tag-class-300-lb-gate-valve","15":"first","16":"instock","17":"shipping-taxable","18":"product-type-simple"},"_links":{"self":[{"href":"https:\/\/www.stvvalves.com\/ro\/wp-json\/wp\/v2\/product\/6515","targetHints":{"allow":["GET"]}}],"collection":[{"href":"https:\/\/www.stvvalves.com\/ro\/wp-json\/wp\/v2\/product"}],"about":[{"href":"https:\/\/www.stvvalves.com\/ro\/wp-json\/wp\/v2\/types\/product"}],"wp:featuredmedia":[{"embeddable":true,"href":"https:\/\/www.stvvalves.com\/ro\/wp-json\/wp\/v2\/media\/6783"}],"wp:attachment":[{"href":"https:\/\/www.stvvalves.com\/ro\/wp-json\/wp\/v2\/media?parent=6515"}],"wp:term":[{"taxonomy":"product_brand","embeddable":true,"href":"https:\/\/www.stvvalves.com\/ro\/wp-json\/wp\/v2\/product_brand?post=6515"},{"taxonomy":"product_cat","embeddable":true,"href":"https:\/\/www.stvvalves.com\/ro\/wp-json\/wp\/v2\/product_cat?post=6515"},{"taxonomy":"product_tag","embeddable":true,"href":"https:\/\/www.stvvalves.com\/ro\/wp-json\/wp\/v2\/product_tag?post=6515"}],"curies":[{"name":"wp","href":"https:\/\/api.w.org\/{rel}","templated":true}]}}