{"id":6523,"date":"2022-08-11T23:20:36","date_gmt":"2022-08-11T15:20:36","guid":{"rendered":"https:\/\/www.stvvalves.com\/?post_type=product&#038;p=6523"},"modified":"2025-02-18T13:57:11","modified_gmt":"2025-02-18T05:57:11","slug":"stainless-steel-310s-ball-valve150lb-3-inch-rf-end","status":"publish","type":"product","link":"https:\/\/www.stvvalves.com\/ro\/products\/stainless-steel-310s-ball-valve150lb-3-inch-rf-end\/","title":{"rendered":"Supap\u0103 cu bil\u0103 din o\u021bel inoxidabil 310S, 150 LB, 3 inch, cap\u0103t RF"},"content":{"rendered":"<p>Nume produs: supap\u0103 cu bil\u0103 din o\u021bel inoxidabil 310S, 150 LB, 3 inchi, cap\u0103t RF<br \/>\nDesign: API6D.<br \/>\nMaterial: 310S<br \/>\nDimensiune nominal\u0103: 3 inch.<br \/>\nPresiune nominal\u0103: Clasa 150 LB.<br \/>\nTermina\u021bi conexiunea: RF.<br \/>\nFa\u021b\u0103 \u00een fa\u021b\u0103: ASME B16.10.<br \/>\nTestare \u0219i inspec\u021bie: API 598.<\/p>\n<p>Conexiuni: cu flan\u0219e, filetate, sudate prin muf\u0103, sudur\u0103 cap la cap<\/p>\n<p>Presiune nominal\u0103: PN 1,0 p\u00e2n\u0103 la 25 Mpa, clasa 150 p\u00e2n\u0103 la 2500<\/p>\n<p>Dimensiune: DN15 p\u00e2n\u0103 la 200 mm, NPS 1\/4\u2033 p\u00e2n\u0103 la 20\u2033<\/p>\n<p>Temperatura: de la -198\u00b0c la +450\u00b0c<\/p>\n<p>Proiectare \u0219i fabrica\u021bie: ANSI B16.34, API 600, API 6D, API 603, BS 1414, BS 5352, DIN 3352<\/p>\n<p>Fa\u021b\u0103 \u00een fa\u021b\u0103 (cap\u0103t la cap\u0103t): ANSI B16.10, API 6D, ASME B16.10, EN 558, DIN 3202<\/p>\n<p>Conexiune cu flan\u0219\u0103: 2\u2033 la 24\u2033, ANSI B16.5, 26\u2033 la 36\u2033, MSS-SP-44 la API605<\/p>\n<p>Testare \u0219i inspec\u021bie: API 598, API 6D, DIN 3230<\/p>\n<p>Capat sudat cap la cap: ANSI B16.5<\/p>\n<p>Material: CF8\uff0cCF3\uff0cCF8M\uff0cCF3M\uff0cCG8M\uff0cCG3M\uff0cCF8C\uff0cCK20<br \/>\n304\uff0c304L\uff0c316\uff0c316L\uff0c316Ti\uff0c317\uff0c317L\uff0c310\uff0c310S\uff0c<br \/>\nF304\uff0cF304\uff0cF316\uff0cF316L\uff0cF316Ti\uff0cF317\uff0cF317L\uff0cF310\uff0cF310S<br \/>\nStandard de proiectare \u0219i produc\u021bie: DIN3352, EN558<br \/>\nDistan\u021ba dintre flan\u0219e: DIN3202-F5\/F7<br \/>\nConectat conform standardului: DIN2543-2547, EN1092<br \/>\nStandard de testare: API598, ISO5208<br \/>\nMediu: supapa este potrivit\u0103 pentru mai multe medii, inclusiv ap\u0103, abur, ulei, gaz, produse petroliere, acid azotic, acid acetic etc.<br \/>\nTemperatura de lucru: de la -46\u00baC sau -50\u00baC (construc\u021bii din o\u021bel inoxidabil) \u0219i -29\u00baC sau -46\u00baC (construc\u021bii din o\u021bel carbon) p\u00e2n\u0103 la 600\u2103<\/p>\n<p>Opera\u021bii: ac\u021bionat cu roat\u0103 de m\u00e2n\u0103, ac\u021bionat electric, ac\u021bionat pneumatic<\/p>\n<table>\n<tbody>\n<tr>\n<td width=\"200\"><strong>numele produsului<\/strong><\/td>\n<td width=\"481\">Supap\u0103 cu bil\u0103 din o\u021bel inoxidabil 310S, 150 LB, 3 inch, cap\u0103t RF<\/td>\n<\/tr>\n<tr>\n<td width=\"200\">1. Material<\/td>\n<td width=\"481\">310S<\/td>\n<\/tr>\n<tr>\n<td width=\"200\">2. Dimensiunea<\/td>\n<td width=\"481\">3\u201d<\/td>\n<\/tr>\n<tr>\n<td width=\"200\">4. Port<\/td>\n<td width=\"481\">Port complet<\/td>\n<\/tr>\n<tr>\n<td width=\"200\">5. Presiunea de lucru<\/td>\n<td width=\"481\">300 lb<\/td>\n<\/tr>\n<tr>\n<td width=\"200\">6. Conexiunea se termin\u0103<\/td>\n<td width=\"481\">RF<\/td>\n<\/tr>\n<tr>\n<td width=\"200\">7. Temp. de lucru.<\/td>\n<td width=\"481\">-29~200\u00baC,<\/td>\n<\/tr>\n<tr>\n<td width=\"200\">8. Mediu potrivit<\/td>\n<td width=\"481\">Ap\u0103, gaze naturale, ulei \u0219i ceva lichid coroziv<\/td>\n<\/tr>\n<tr>\n<td width=\"200\">9. Operat<\/td>\n<td width=\"481\">\/<\/td>\n<\/tr>\n<tr>\n<td width=\"200\">10. Inspec\u021bie \u0219i testare<\/td>\n<td width=\"481\">Conform API598<\/td>\n<\/tr>\n<tr>\n<td width=\"200\"><strong>Expediere<\/strong><\/td>\n<td width=\"481\"><\/td>\n<\/tr>\n<tr>\n<td width=\"200\">Timpul de livrare<\/td>\n<td width=\"481\">30 de zile<\/td>\n<\/tr>\n<tr>\n<td width=\"200\">Pachet<\/td>\n<td width=\"481\">Carcas\u0103 standard de export de placaj<\/td>\n<\/tr>\n<tr>\n<td width=\"200\">Portul de expediere<\/td>\n<td width=\"481\">Ningbo\/Shanghai, China<\/td>\n<\/tr>\n<tr>\n<td width=\"200\">Termeni de livrare<\/td>\n<td width=\"481\">Exw, FOB, CFR, CIF etc.<\/td>\n<\/tr>\n<tr>\n<td width=\"200\">Termeni de plat\u0103<\/td>\n<td width=\"481\">T\/T, Western Union, PayPal etc.<\/td>\n<\/tr>\n<tr>\n<td width=\"200\"><\/td>\n<td width=\"481\">Plat\u0103 anticipat\u0103 30%, sold 70% pl\u0103tit \u00eenainte de expediere<\/td>\n<\/tr>\n<tr>\n<td width=\"200\">\u021aara de origine<\/td>\n<td width=\"481\">Ora\u0219ul Wenzhou, China<\/td>\n<\/tr>\n<tr>\n<td width=\"200\">Capacitatea de produc\u021bie<\/td>\n<td width=\"481\">6000 tone\/an<\/td>\n<\/tr>\n<tr>\n<td width=\"200\">MOQ<\/td>\n<td width=\"481\">1 buc\/dimensiune<\/td>\n<\/tr>\n<\/tbody>\n<\/table>","protected":false},"excerpt":{"rendered":"<p>STV Valve Technology Group Co., Ltd este un lider profesionist din China 310S Ball Supape, 310S Ball Supape, 3 inch 310S Ball Supape, Flan\u0219\u0103 Supap\u0103 cu bil\u0103, Produc\u0103tor special de supape cu sfera oscilante din o\u021bel cu \u00eenalt\u0103 calitate \u0219i pre\u021b competitiv.<\/p>\n<p>&nbsp;<\/p>\n<p>&nbsp;<\/p>","protected":false},"featured_media":6524,"template":"","meta":[],"product_brand":[],"product_cat":[43,53],"product_tag":[1635,1636,1634,532,1637],"class_list":{"0":"post-6523","1":"product","2":"type-product","3":"status-publish","4":"has-post-thumbnail","6":"product_cat-ball-valve","7":"product_cat-stainless-steel-ball-valve","8":"product_tag-310s-ball-valve","9":"product_tag-3inch-310s-ball-valve","10":"product_tag-china-310s-ball-valve","11":"product_tag-flange-end-ball-valve","12":"product_tag-special-steel-swing-ball-valve-manufacturer","14":"first","15":"instock","16":"shipping-taxable","17":"product-type-simple"},"_links":{"self":[{"href":"https:\/\/www.stvvalves.com\/ro\/wp-json\/wp\/v2\/product\/6523","targetHints":{"allow":["GET"]}}],"collection":[{"href":"https:\/\/www.stvvalves.com\/ro\/wp-json\/wp\/v2\/product"}],"about":[{"href":"https:\/\/www.stvvalves.com\/ro\/wp-json\/wp\/v2\/types\/product"}],"wp:featuredmedia":[{"embeddable":true,"href":"https:\/\/www.stvvalves.com\/ro\/wp-json\/wp\/v2\/media\/6524"}],"wp:attachment":[{"href":"https:\/\/www.stvvalves.com\/ro\/wp-json\/wp\/v2\/media?parent=6523"}],"wp:term":[{"taxonomy":"product_brand","embeddable":true,"href":"https:\/\/www.stvvalves.com\/ro\/wp-json\/wp\/v2\/product_brand?post=6523"},{"taxonomy":"product_cat","embeddable":true,"href":"https:\/\/www.stvvalves.com\/ro\/wp-json\/wp\/v2\/product_cat?post=6523"},{"taxonomy":"product_tag","embeddable":true,"href":"https:\/\/www.stvvalves.com\/ro\/wp-json\/wp\/v2\/product_tag?post=6523"}],"curies":[{"name":"wp","href":"https:\/\/api.w.org\/{rel}","templated":true}]}}