{"id":6529,"date":"2022-08-12T15:50:58","date_gmt":"2022-08-12T07:50:58","guid":{"rendered":"https:\/\/www.stvvalves.com\/?post_type=product&#038;p=6529"},"modified":"2025-02-18T13:57:09","modified_gmt":"2025-02-18T05:57:09","slug":"titanium-dual-plate-wafer-check-valve-150lb-18-inch-rf-end","status":"publish","type":"product","link":"https:\/\/www.stvvalves.com\/ro\/products\/titanium-dual-plate-wafer-check-valve-150lb-18-inch-rf-end\/","title":{"rendered":"Supap\u0103 de re\u021binere pentru napolitan\u0103 cu dou\u0103 pl\u0103ci, 150 LB, 18 inchi, cap\u0103t RF"},"content":{"rendered":"<p>Nume produs: supap\u0103 de re\u021binere a pl\u0103cilor cu pl\u0103ci duble din TITANIUM, 150 LB, 18 inchi, cap\u0103t RF<br \/>\nDesign: Api 594.<br \/>\nMaterial: titan<br \/>\nDimensiune nominal\u0103: 18 inchi.<br \/>\nPresiune nominal\u0103: Clasa 150 LB.<br \/>\nTermina\u021bi conexiunea: RF.<br \/>\nFa\u021b\u0103 \u00een fa\u021b\u0103: ASME B16.10.<br \/>\nTestare \u0219i inspec\u021bie: API 598.<\/p>\n<p>&nbsp;<\/p>\n<p>Dimensiune: de la 2\u2033 la 48\u2033<br \/>\nPresiune: 150 \u2013 1500LB<br \/>\nMaterial: putem oferi valve realizate \u00een Duplex S31803\u3001Super Duplex S32750\u3001Super Duplex S32760<br \/>\n1A\u3001\u30012A\u30013A\u30014A\u30015A\u30016A\u30011B\u30011C<br \/>\nCD4MCu\u3001CD4MCuN\u3001CD3MCuN\u3001CE8MN\u3001CD6MN\u3001CD3MN\u3001CE3MN,CD3MWCuN<br \/>\nF51\u3001F53\u3001F55\u3001F60<br \/>\nStandard de proiectare \u0219i produc\u021bie: API 594 sau DIN<br \/>\nDistan\u021ba dintre flan\u0219e: ASME B16.10, EN558, DIN3202<br \/>\nConectat \u00een conformitate cu standardul: ANSI, API, DIN<br \/>\nStandard de testare: API598, API 600, ISO5208<br \/>\nMediu: Supapa este potrivit\u0103 pentru mai multe medii, inclusiv ap\u0103, abur, ulei, gaz, produse petroliere, acid azotic, acid acetic etc.<br \/>\nTemperatura de lucru: de la -46\u00baC sau -50\u00baC (construc\u021bii din o\u021bel inoxidabil) \u0219i -29\u00baC sau -46\u00baC (construc\u021bii din o\u021bel carbon) p\u00e2n\u0103 la 600\u2103<\/p>\n<table>\n<tbody>\n<tr>\n<td width=\"200\"><strong>numele produsului<\/strong><\/td>\n<td width=\"481\">Supap\u0103 de re\u021binere pentru napolitan\u0103 cu dou\u0103 pl\u0103ci, 150 LB, 18 inchi, cap\u0103t RF<\/td>\n<\/tr>\n<tr>\n<td width=\"200\">1. Material<\/td>\n<td width=\"481\">TA2<\/td>\n<\/tr>\n<tr>\n<td width=\"200\">2. Dimensiunea<\/td>\n<td width=\"481\">18\u201d<\/td>\n<\/tr>\n<tr>\n<td width=\"200\">4. Port<\/td>\n<td width=\"481\">Port complet<\/td>\n<\/tr>\n<tr>\n<td width=\"200\">5. Presiunea de lucru<\/td>\n<td width=\"481\">150 lb<\/td>\n<\/tr>\n<tr>\n<td width=\"200\">6. Conexiunea se termin\u0103<\/td>\n<td width=\"481\">RF<\/td>\n<\/tr>\n<tr>\n<td width=\"200\">7. Temp. de lucru.<\/td>\n<td width=\"481\">-29~300\u00baC,<\/td>\n<\/tr>\n<tr>\n<td width=\"200\">8. Mediu potrivit<\/td>\n<td width=\"481\">Ap\u0103, gaze naturale, ulei \u0219i ceva lichid coroziv<\/td>\n<\/tr>\n<tr>\n<td width=\"200\">9. Operat<\/td>\n<td width=\"481\">\/<\/td>\n<\/tr>\n<tr>\n<td width=\"200\">10. Inspec\u021bie \u0219i testare<\/td>\n<td width=\"481\">Conform API598<\/td>\n<\/tr>\n<tr>\n<td width=\"200\"><strong>Expediere<\/strong><\/td>\n<td width=\"481\"><\/td>\n<\/tr>\n<tr>\n<td width=\"200\">Timpul de livrare<\/td>\n<td width=\"481\">30 de zile<\/td>\n<\/tr>\n<tr>\n<td width=\"200\">Pachet<\/td>\n<td width=\"481\">Carcas\u0103 standard de export de placaj<\/td>\n<\/tr>\n<tr>\n<td width=\"200\">Portul de expediere<\/td>\n<td width=\"481\">Ningbo\/Shanghai, China<\/td>\n<\/tr>\n<tr>\n<td width=\"200\">Termeni de livrare<\/td>\n<td width=\"481\">Exw, FOB, CFR, CIF etc.<\/td>\n<\/tr>\n<tr>\n<td width=\"200\">Termeni de plat\u0103<\/td>\n<td width=\"481\">T\/T, Western Union, PayPal etc.<\/td>\n<\/tr>\n<tr>\n<td width=\"200\"><\/td>\n<td width=\"481\">Plat\u0103 anticipat\u0103 30%, sold 70% pl\u0103tit \u00eenainte de expediere<\/td>\n<\/tr>\n<tr>\n<td width=\"200\">\u021aara de origine<\/td>\n<td width=\"481\">Ora\u0219ul Wenzhou, China<\/td>\n<\/tr>\n<tr>\n<td width=\"200\">Capacitatea de produc\u021bie<\/td>\n<td width=\"481\">6000 tone\/an<\/td>\n<\/tr>\n<tr>\n<td width=\"200\">MOQ<\/td>\n<td width=\"481\">1 buc\/dimensiune<\/td>\n<\/tr>\n<\/tbody>\n<\/table>","protected":false},"excerpt":{"rendered":"<p>China API 594 Furnizor de supap\u0103 de re\u021binere cu pl\u0103ci duble din TITANIUM ofer\u0103 supap\u0103 de re\u021binere de 18 inchi, supap\u0103 de re\u021binere pentru pl\u0103ci duble din TITANIUM Furnizor \u00een China, supap\u0103 de re\u021binere cu pl\u0103ci duble de 150LB TITANIUM, supap\u0103 de re\u021binere cu pl\u0103ci duble cu flan\u0219\u0103, fabrica\u021bie de supape de re\u021binere cu pl\u0103ci duble din TITANIUM .<\/p>","protected":false},"featured_media":6530,"template":"","meta":[],"product_brand":[],"product_cat":[46,84],"product_tag":[1647,1645,1648,1649,1646],"class_list":{"0":"post-6529","1":"product","2":"type-product","3":"status-publish","4":"has-post-thumbnail","6":"product_cat-check-valves","7":"product_cat-wafer-check-valve","8":"product_tag-150lb-titanium-dual-plate-wafer-check-valve","9":"product_tag-18-inch-check-valve","10":"product_tag-rised-face-flanged-dual-plate-wafer-check-valve","11":"product_tag-titanium-dual-plate-wafer-check-valve-manufacture","12":"product_tag-titanium-dual-plate-wafer-check-valve-supplier-in-china","14":"first","15":"instock","16":"shipping-taxable","17":"product-type-simple"},"_links":{"self":[{"href":"https:\/\/www.stvvalves.com\/ro\/wp-json\/wp\/v2\/product\/6529","targetHints":{"allow":["GET"]}}],"collection":[{"href":"https:\/\/www.stvvalves.com\/ro\/wp-json\/wp\/v2\/product"}],"about":[{"href":"https:\/\/www.stvvalves.com\/ro\/wp-json\/wp\/v2\/types\/product"}],"wp:featuredmedia":[{"embeddable":true,"href":"https:\/\/www.stvvalves.com\/ro\/wp-json\/wp\/v2\/media\/6530"}],"wp:attachment":[{"href":"https:\/\/www.stvvalves.com\/ro\/wp-json\/wp\/v2\/media?parent=6529"}],"wp:term":[{"taxonomy":"product_brand","embeddable":true,"href":"https:\/\/www.stvvalves.com\/ro\/wp-json\/wp\/v2\/product_brand?post=6529"},{"taxonomy":"product_cat","embeddable":true,"href":"https:\/\/www.stvvalves.com\/ro\/wp-json\/wp\/v2\/product_cat?post=6529"},{"taxonomy":"product_tag","embeddable":true,"href":"https:\/\/www.stvvalves.com\/ro\/wp-json\/wp\/v2\/product_tag?post=6529"}],"curies":[{"name":"wp","href":"https:\/\/api.w.org\/{rel}","templated":true}]}}