{"id":6535,"date":"2022-08-12T16:58:18","date_gmt":"2022-08-12T08:58:18","guid":{"rendered":"https:\/\/www.stvvalves.com\/?post_type=product&#038;p=6535"},"modified":"2025-02-18T13:57:08","modified_gmt":"2025-02-18T05:57:08","slug":"astm-a351-cf10-gate-valve-300lb-20-inch-api-600-rf-end","status":"publish","type":"product","link":"https:\/\/www.stvvalves.com\/ro\/products\/astm-a351-cf10-gate-valve-300lb-20-inch-api-600-rf-end\/","title":{"rendered":"Robinet ASTM A351 CF10, 300 LB, 20 inch, API 600, RF Capat"},"content":{"rendered":"<p>Nume produs: robinet ASTM A351 CF10, 300LB, 20 inch, API 600, RF End<br \/>\nDesign: Api 600.<br \/>\nMaterial: CF10<br \/>\nDimensiune nominal\u0103: 20 inch.<br \/>\nPresiune nominal\u0103: Clasa 300 LB.<br \/>\nTermina\u021bi conexiunea: RF.<br \/>\nFa\u021b\u0103 \u00een fa\u021b\u0103: ASME B16.10.<br \/>\nTestare \u0219i inspec\u021bie: API 598.<\/p>\n<p>Conexiuni: cu flan\u0219e, filetate, sudate prin muf\u0103, sudur\u0103 cap la cap<\/p>\n<p>Presiune nominal\u0103: PN 1,0 p\u00e2n\u0103 la 25 Mpa, clasa 150 p\u00e2n\u0103 la 2500<\/p>\n<p>Dimensiune: DN15 p\u00e2n\u0103 la 200 mm, NPS 1\/4\u2033 p\u00e2n\u0103 la 20\u2033<\/p>\n<p>Temperatura: de la -198\u00b0c la +450\u00b0c<\/p>\n<p>Proiectare \u0219i fabrica\u021bie: ANSI B16.34, API 600, API 6D, API 603, BS 1414, BS 5352, DIN 3352<\/p>\n<p>Fa\u021b\u0103 \u00een fa\u021b\u0103 (cap\u0103t la cap\u0103t): ANSI B16.10, API 6D, ASME B16.10, EN 558, DIN 3202<\/p>\n<p>Conexiune cu flan\u0219\u0103: 2\u2033 la 24\u2033, ANSI B16.5, 26\u2033 la 36\u2033, MSS-SP-44 la API605<\/p>\n<p>Testare \u0219i inspec\u021bie: API 598, API 6D, DIN 3230<\/p>\n<p>Capat sudat cap la cap: ANSI B16.5<\/p>\n<p><strong>Piese \u0219i materiale:<\/strong><\/p>\n<p>Corp: titan TA1, TA2, TA10, TC4, GR2, GR3, GR5, o\u021bel inoxidabil duplex, o\u021bel inoxidabil super duplex, aliaj<\/p>\n<p>20, CN7M, Hastelloy, o\u021bel carbon, WC6, WC9, C5, C12, LCB, CF3M<\/p>\n<p>Capota, poarta: otel inoxidabil duplex, otel inoxidabil super duplex, aliaj 20, CN7M, Hastelloy, otel carbon, WC6,<\/p>\n<p>WC9, C5, C12, LCB, CF3M, Titan TA1, TA2, TA10, TC4, GR2, GR3, GR5<\/p>\n<p>Trim: Incoloy 800, Incoloy 800H, Incoloy 825, SS304, SS316, SS304L, SS316L, 13%Cr.Steel, Stellit, Hastelloy,<\/p>\n<p>Aliaj 20, o\u021bel inoxidabil duplex, o\u021bel inoxidabil super duplex<\/p>\n<p>Garnitur\u0103 de garnitur\u0103: Grafit, PTFE<\/p>\n<p>Conexiuni de cap\u0103t: cu flan\u0219\u0103, sudur\u0103 prin mu\u0219ca, sudur\u0103 cap<\/p>\n<p>Opera\u021bii: ac\u021bionat cu roat\u0103 de m\u00e2n\u0103, ac\u021bionat electric, ac\u021bionat pneumatic<\/p>\n<table>\n<tbody>\n<tr>\n<td width=\"200\"><strong>numele produsului<\/strong><\/td>\n<td width=\"481\">Robinet ASTM A351 CF10, 300 LB, 20 inch, API 600, RF Capat<\/td>\n<\/tr>\n<tr>\n<td width=\"200\">1. Material<\/td>\n<td width=\"481\">CF10<\/td>\n<\/tr>\n<tr>\n<td width=\"200\">2. Dimensiunea<\/td>\n<td width=\"481\">20\u201d<\/td>\n<\/tr>\n<tr>\n<td width=\"200\">4. Port<\/td>\n<td width=\"481\">Port complet<\/td>\n<\/tr>\n<tr>\n<td width=\"200\">5. Presiunea de lucru<\/td>\n<td width=\"481\">300 lb<\/td>\n<\/tr>\n<tr>\n<td width=\"200\">6. Conexiunea se termin\u0103<\/td>\n<td width=\"481\">RF<\/td>\n<\/tr>\n<tr>\n<td width=\"200\">7. Temp. de lucru.<\/td>\n<td width=\"481\">-29~200\u00baC,<\/td>\n<\/tr>\n<tr>\n<td width=\"200\">8. Mediu potrivit<\/td>\n<td width=\"481\">Ap\u0103, gaze naturale, ulei \u0219i ceva lichid coroziv<\/td>\n<\/tr>\n<tr>\n<td width=\"200\">9. Operat<\/td>\n<td width=\"481\">\/<\/td>\n<\/tr>\n<tr>\n<td width=\"200\">10. Inspec\u021bie \u0219i testare<\/td>\n<td width=\"481\">Conform API598<\/td>\n<\/tr>\n<tr>\n<td width=\"200\"><strong>Expediere<\/strong><\/td>\n<td width=\"481\"><\/td>\n<\/tr>\n<tr>\n<td width=\"200\">Timpul de livrare<\/td>\n<td width=\"481\">30 de zile<\/td>\n<\/tr>\n<tr>\n<td width=\"200\">Pachet<\/td>\n<td width=\"481\">Carcas\u0103 standard de export de placaj<\/td>\n<\/tr>\n<tr>\n<td width=\"200\">Portul de expediere<\/td>\n<td width=\"481\">Ningbo\/Shanghai, China<\/td>\n<\/tr>\n<tr>\n<td width=\"200\">Termeni de livrare<\/td>\n<td width=\"481\">Exw, FOB, CFR, CIF etc.<\/td>\n<\/tr>\n<tr>\n<td width=\"200\">Termeni de plat\u0103<\/td>\n<td width=\"481\">T\/T, Western Union, PayPal etc.<\/td>\n<\/tr>\n<tr>\n<td width=\"200\"><\/td>\n<td width=\"481\">Plat\u0103 anticipat\u0103 30%, sold 70% pl\u0103tit \u00eenainte de expediere<\/td>\n<\/tr>\n<tr>\n<td width=\"200\">\u021aara de origine<\/td>\n<td width=\"481\">Ora\u0219ul Wenzhou, China<\/td>\n<\/tr>\n<tr>\n<td width=\"200\">Capacitatea de produc\u021bie<\/td>\n<td width=\"481\">6000 tone\/an<\/td>\n<\/tr>\n<tr>\n<td width=\"200\">MOQ<\/td>\n<td width=\"481\">1 buc\/dimensiune<\/td>\n<\/tr>\n<\/tbody>\n<\/table>","protected":false},"excerpt":{"rendered":"<p>STV Valve Technology Group Co., Ltd este un lider profesionist cu robinet de 20 inch, API 600 robinet, ASTM A351 CF10 robinet, ASTM A351 CF10 produc\u0103tor de supape \u00een China, cutie de viteze robinet, RF cu flan\u0219\u0103 fabric\u0103 de supape.<\/p>","protected":false},"featured_media":6536,"template":"","meta":[],"product_brand":[],"product_cat":[44,60],"product_tag":[1664,1603,1665,1666,1667,1616],"class_list":{"0":"post-6535","1":"product","2":"type-product","3":"status-publish","4":"has-post-thumbnail","6":"product_cat-gate-valve","7":"product_cat-stainless-steel-gate-valve","8":"product_tag-20-inch-gate-valve","9":"product_tag-api-600-gate-valve","10":"product_tag-astm-a351-cf10-gate-valve","11":"product_tag-astm-a351-cf10-gate-valve-manufacturer-in-china","12":"product_tag-gear-box-operated-gate-valve","13":"product_tag-rf-flanged-ends-gate-valve","15":"first","16":"instock","17":"shipping-taxable","18":"product-type-simple"},"_links":{"self":[{"href":"https:\/\/www.stvvalves.com\/ro\/wp-json\/wp\/v2\/product\/6535","targetHints":{"allow":["GET"]}}],"collection":[{"href":"https:\/\/www.stvvalves.com\/ro\/wp-json\/wp\/v2\/product"}],"about":[{"href":"https:\/\/www.stvvalves.com\/ro\/wp-json\/wp\/v2\/types\/product"}],"wp:featuredmedia":[{"embeddable":true,"href":"https:\/\/www.stvvalves.com\/ro\/wp-json\/wp\/v2\/media\/6536"}],"wp:attachment":[{"href":"https:\/\/www.stvvalves.com\/ro\/wp-json\/wp\/v2\/media?parent=6535"}],"wp:term":[{"taxonomy":"product_brand","embeddable":true,"href":"https:\/\/www.stvvalves.com\/ro\/wp-json\/wp\/v2\/product_brand?post=6535"},{"taxonomy":"product_cat","embeddable":true,"href":"https:\/\/www.stvvalves.com\/ro\/wp-json\/wp\/v2\/product_cat?post=6535"},{"taxonomy":"product_tag","embeddable":true,"href":"https:\/\/www.stvvalves.com\/ro\/wp-json\/wp\/v2\/product_tag?post=6535"}],"curies":[{"name":"wp","href":"https:\/\/api.w.org\/{rel}","templated":true}]}}