{"id":6540,"date":"2022-08-15T20:16:00","date_gmt":"2022-08-15T12:16:00","guid":{"rendered":"https:\/\/www.stvvalves.com\/?post_type=product&#038;p=6540"},"modified":"2026-01-17T21:25:29","modified_gmt":"2026-01-17T13:25:29","slug":"din-3356-bellow-sealed-globe-valve-gs-c25-dn100-pn40-rf","status":"publish","type":"product","link":"https:\/\/www.stvvalves.com\/ro\/products\/din-3356-bellow-sealed-globe-valve-gs-c25-dn100-pn40-rf\/","title":{"rendered":"DIN 3356 Supap\u0103 cu glob etan\u0219at cu burduf, GS-C25, DN100, PN40, RF"},"content":{"rendered":"<h1>DIN 3356 Supap\u0103 cu glob etan\u0219at cu burduf, GS-C25, DN100, PN40, RF<\/h1>\n<p>Specifica\u021bie tehnic\u0103<\/p>\n<p>Standard de proiectare: DIN 3356<\/p>\n<p>Dimensiune fa\u021b\u0103 \u00een fa\u021b\u0103: DIN 3202<\/p>\n<p>Capetele flan\u0219e: DIN 2543-2545<\/p>\n<p>Test \u0219i inspec\u021bie: DIN 3230<\/p>\n<p>Aplica\u021bie: sistem de ulei cald, sistem de abur, sistem de ap\u0103 cald\u0103 \u0219i rece etc.<\/p>\n<p>Mediu: abur, gaze, ap\u0103 cald\u0103, ulei termic, amoniac etc.<br \/>\nMateriale: GG25(EN-GJL-250),GGG40,1.0619+N(GS-C25),1.4308(CF8), 1.4408(CF8M)<br \/>\nMateriale burduf: SS304, SS316, SS316L, SS 310S, Hasstelly C<br \/>\nGama de dimensiuni: DN15-DN400<br \/>\nPresiune: PN16-PN40<br \/>\nTemperatura: \u2264600 \u2103<\/p>\n<table>\n<tbody>\n<tr>\n<td width=\"200\"><strong>numele produsului<\/strong><\/td>\n<td width=\"481\">DIN 3356 Supap\u0103 cu glob etan\u0219at cu burduf, GS-C25, DN100, PN40, RF<\/td>\n<\/tr>\n<tr>\n<td width=\"200\">1. Material<\/td>\n<td width=\"481\">GS-C25<\/td>\n<\/tr>\n<tr>\n<td width=\"200\">2. Dimensiunea<\/td>\n<td width=\"481\">4\u201d<\/td>\n<\/tr>\n<tr>\n<td width=\"200\">4. Port<\/td>\n<td width=\"481\">Port complet<\/td>\n<\/tr>\n<tr>\n<td width=\"200\">5. Presiunea de lucru<\/td>\n<td width=\"481\">PN40<\/td>\n<\/tr>\n<tr>\n<td width=\"200\">6. Conexiunea se termin\u0103<\/td>\n<td width=\"481\">RF<\/td>\n<\/tr>\n<tr>\n<td width=\"200\">7. Temp. de lucru.<\/td>\n<td width=\"481\">-29~425\u00baC,<\/td>\n<\/tr>\n<tr>\n<td width=\"200\">8. Mediu potrivit<\/td>\n<td width=\"481\">Ap\u0103, gaze naturale, ulei \u0219i ceva lichid coroziv<\/td>\n<\/tr>\n<tr>\n<td width=\"200\">9. Operat<\/td>\n<td width=\"481\">Roat\u0103 de m\u00e2n\u0103<\/td>\n<\/tr>\n<tr>\n<td width=\"200\">10. Inspec\u021bie \u0219i testare<\/td>\n<td width=\"481\">Conform DIN 3230<\/td>\n<\/tr>\n<tr>\n<td width=\"200\"><strong>Expediere<\/strong><\/td>\n<td width=\"481\"><\/td>\n<\/tr>\n<tr>\n<td width=\"200\">Timpul de livrare<\/td>\n<td width=\"481\">30 de zile<\/td>\n<\/tr>\n<tr>\n<td width=\"200\">Pachet<\/td>\n<td width=\"481\">Carcas\u0103 standard de export de placaj<\/td>\n<\/tr>\n<tr>\n<td width=\"200\">Portul de expediere<\/td>\n<td width=\"481\">Ningbo\/Shanghai, China<\/td>\n<\/tr>\n<tr>\n<td width=\"200\">Termeni de livrare<\/td>\n<td width=\"481\">Exw, FOB, CFR, CIF etc.<\/td>\n<\/tr>\n<tr>\n<td width=\"200\">Termeni de plat\u0103<\/td>\n<td width=\"481\">T\/T, Western Union, PayPal etc.<\/td>\n<\/tr>\n<tr>\n<td width=\"200\"><\/td>\n<td width=\"481\">Plat\u0103 anticipat\u0103 30%, sold 70% pl\u0103tit \u00eenainte de expediere<\/td>\n<\/tr>\n<tr>\n<td width=\"200\">\u021aara de origine<\/td>\n<td width=\"481\">Ora\u0219ul Wenzhou, China<\/td>\n<\/tr>\n<tr>\n<td width=\"200\">Capacitatea de produc\u021bie<\/td>\n<td width=\"481\">6000 tone\/an<\/td>\n<\/tr>\n<tr>\n<td width=\"200\">MOQ<\/td>\n<td width=\"481\">1 buc\/dimensiune<\/td>\n<\/tr>\n<\/tbody>\n<\/table>","protected":false},"excerpt":{"rendered":"<p>STV Valve Technology Group Co., Ltd este un lider profesionist din China DIN 3356 Globe Supape, Robinet Globe din o\u021bel turnat, Supap\u0103 Globe DN100, Supap\u0103 Globe PN40, Supap\u0103 Globe RF, Produc\u0103tor de Supape Globe cu flan\u0219\u0103 cu \u00eenalt\u0103 calitate \u0219i pre\u021b competitiv.<\/p>\n<p>&nbsp;<\/p>","protected":false},"featured_media":6553,"template":"","meta":[],"product_brand":[],"product_cat":[65,45],"product_tag":[323,1687,1688,1690,1689,1074],"class_list":{"0":"post-6540","1":"product","2":"type-product","3":"status-publish","4":"has-post-thumbnail","6":"product_cat-bellow-seal-globe-valve","7":"product_cat-globe-valve","8":"product_tag-cast-steel-globe-valve","9":"product_tag-din-3356-globe-valve","10":"product_tag-dn100-globe-valve","11":"product_tag-flange-globe-valve","12":"product_tag-pn40-globe-valve","13":"product_tag-rf-globe-valve","15":"first","16":"instock","17":"shipping-taxable","18":"product-type-simple"},"_links":{"self":[{"href":"https:\/\/www.stvvalves.com\/ro\/wp-json\/wp\/v2\/product\/6540","targetHints":{"allow":["GET"]}}],"collection":[{"href":"https:\/\/www.stvvalves.com\/ro\/wp-json\/wp\/v2\/product"}],"about":[{"href":"https:\/\/www.stvvalves.com\/ro\/wp-json\/wp\/v2\/types\/product"}],"wp:featuredmedia":[{"embeddable":true,"href":"https:\/\/www.stvvalves.com\/ro\/wp-json\/wp\/v2\/media\/6553"}],"wp:attachment":[{"href":"https:\/\/www.stvvalves.com\/ro\/wp-json\/wp\/v2\/media?parent=6540"}],"wp:term":[{"taxonomy":"product_brand","embeddable":true,"href":"https:\/\/www.stvvalves.com\/ro\/wp-json\/wp\/v2\/product_brand?post=6540"},{"taxonomy":"product_cat","embeddable":true,"href":"https:\/\/www.stvvalves.com\/ro\/wp-json\/wp\/v2\/product_cat?post=6540"},{"taxonomy":"product_tag","embeddable":true,"href":"https:\/\/www.stvvalves.com\/ro\/wp-json\/wp\/v2\/product_tag?post=6540"}],"curies":[{"name":"wp","href":"https:\/\/api.w.org\/{rel}","templated":true}]}}