{"id":6543,"date":"2022-08-13T12:34:35","date_gmt":"2022-08-13T04:34:35","guid":{"rendered":"https:\/\/www.stvvalves.com\/?post_type=product&#038;p=6543"},"modified":"2025-02-17T18:01:33","modified_gmt":"2025-02-17T10:01:33","slug":"600lb-cast-steel-globe-valve-6-inch-5-trim-flange-end","status":"publish","type":"product","link":"https:\/\/www.stvvalves.com\/ro\/products\/600lb-cast-steel-globe-valve-6-inch-5-trim-flange-end\/","title":{"rendered":"Supap\u0103 cu glob din o\u021bel turnat de 600 lb, 6 inch, 5 garnituri, cap\u0103t cu flan\u0219\u0103"},"content":{"rendered":"<p>Nume produs: supap\u0103 cu glob din o\u021bel turnat de 600 lb, 6 inch, 5 garnituri, cap\u0103t cu flan\u0219\u0103<br \/>\nDesign: 1873.<br \/>\nMaterial: WCB<br \/>\nDimensiune nominal\u0103: 6 inch.<br \/>\nPresiune nominal\u0103: Clasa 600 LB.<br \/>\nTermina\u021bi conexiunea: RF.<br \/>\nFa\u021b\u0103 \u00een fa\u021b\u0103: ASME B16.10.<br \/>\nTestare \u0219i inspec\u021bie: API 598.<\/p>\n<p>Conexiuni: cu flan\u0219e, filetate, sudate prin muf\u0103, sudur\u0103 cap la cap<\/p>\n<p>Presiune nominal\u0103: PN 1,0 p\u00e2n\u0103 la 25 Mpa, clasa 150 p\u00e2n\u0103 la 2500<\/p>\n<p>Dimensiune: DN15 p\u00e2n\u0103 la 200 mm, NPS 1\/4\u2033 p\u00e2n\u0103 la 20\u2033<\/p>\n<p>Temperatura: de la -198\u00b0c la +450\u00b0c<\/p>\n<p>Proiectare \u0219i fabrica\u021bie: ANSI B16.34, API 600, API 6D, API 603, BS 1414, BS 5352, DIN 3352<\/p>\n<p>Fa\u021b\u0103 \u00een fa\u021b\u0103 (cap\u0103t la cap\u0103t): ANSI B16.10, API 6D, ASME B16.10, EN 558, DIN 3202<\/p>\n<p>Conexiune cu flan\u0219\u0103: 2\u2033 la 24\u2033, ANSI B16.5, 26\u2033 la 36\u2033, MSS-SP-44 la API605<\/p>\n<p>Testare \u0219i inspec\u021bie: API 598, API 6D, DIN 3230<\/p>\n<p>Capat sudat cap la cap: ANSI B16.5<\/p>\n<p><strong>Piese \u0219i materiale:<\/strong><\/p>\n<p>Corp: titan TA1, TA2, TA10, TC4, GR2, GR3, GR5, o\u021bel inoxidabil duplex, o\u021bel inoxidabil super duplex, aliaj<\/p>\n<p>20, CN7M, Hastelloy, o\u021bel carbon, WC6, WC9, C5, C12, LCB, CF3M<\/p>\n<p>Capota, poarta: otel inoxidabil duplex, otel inoxidabil super duplex, aliaj 20, CN7M, Hastelloy, otel carbon, WC6,<\/p>\n<p>WC9, C5, C12, LCB, CF3M, Titan TA1, TA2, TA10, TC4, GR2, GR3, GR5<\/p>\n<p>Trim: Incoloy 800, Incoloy 800H, Incoloy 825, SS304, SS316, SS304L, SS316L, 13%Cr.Steel, Stellit, Hastelloy,<\/p>\n<p>Aliaj 20, o\u021bel inoxidabil duplex, o\u021bel inoxidabil super duplex<\/p>\n<p>Garnitur\u0103 de garnitur\u0103: Grafit, PTFE<\/p>\n<p>Conexiuni de cap\u0103t: cu flan\u0219\u0103, sudur\u0103 prin mu\u0219ca, sudur\u0103 cap<\/p>\n<p>Opera\u021bii: ac\u021bionat cu roat\u0103 de m\u00e2n\u0103, ac\u021bionat electric, ac\u021bionat pneumatic<\/p>\n<table>\n<tbody>\n<tr>\n<td width=\"200\"><strong>numele produsului<\/strong><\/td>\n<td width=\"481\">Supap\u0103 cu glob din o\u021bel turnat de 600 lb, 6 inch, 5 garnituri, cap\u0103t cu flan\u0219\u0103<\/td>\n<\/tr>\n<tr>\n<td width=\"200\">1. Material<\/td>\n<td width=\"481\">WCB<\/td>\n<\/tr>\n<tr>\n<td width=\"200\">2. Dimensiunea<\/td>\n<td width=\"481\">6\u201d<\/td>\n<\/tr>\n<tr>\n<td width=\"200\">4. Port<\/td>\n<td width=\"481\">Port complet<\/td>\n<\/tr>\n<tr>\n<td width=\"200\">5. Presiunea de lucru<\/td>\n<td width=\"481\">600 lb<\/td>\n<\/tr>\n<tr>\n<td width=\"200\">6. Conexiunea se termin\u0103<\/td>\n<td width=\"481\">RF<\/td>\n<\/tr>\n<tr>\n<td width=\"200\">7. Temp. de lucru.<\/td>\n<td width=\"481\">-29~425\u00baC,<\/td>\n<\/tr>\n<tr>\n<td width=\"200\">8. Mediu potrivit<\/td>\n<td width=\"481\">Ap\u0103, gaze naturale, ulei \u0219i ceva lichid coroziv<\/td>\n<\/tr>\n<tr>\n<td width=\"200\">9. Operat<\/td>\n<td width=\"481\">\/<\/td>\n<\/tr>\n<tr>\n<td width=\"200\">10. Inspec\u021bie \u0219i testare<\/td>\n<td width=\"481\">Conform API598<\/td>\n<\/tr>\n<tr>\n<td width=\"200\"><strong>Expediere<\/strong><\/td>\n<td width=\"481\"><\/td>\n<\/tr>\n<tr>\n<td width=\"200\">Timpul de livrare<\/td>\n<td width=\"481\">30 de zile<\/td>\n<\/tr>\n<tr>\n<td width=\"200\">Pachet<\/td>\n<td width=\"481\">Carcas\u0103 standard de export de placaj<\/td>\n<\/tr>\n<tr>\n<td width=\"200\">Portul de expediere<\/td>\n<td width=\"481\">Ningbo\/Shanghai, China<\/td>\n<\/tr>\n<tr>\n<td width=\"200\">Termeni de livrare<\/td>\n<td width=\"481\">Exw, FOB, CFR, CIF etc.<\/td>\n<\/tr>\n<tr>\n<td width=\"200\">Termeni de plat\u0103<\/td>\n<td width=\"481\">T\/T, Western Union, PayPal etc.<\/td>\n<\/tr>\n<tr>\n<td width=\"200\"><\/td>\n<td width=\"481\">Plat\u0103 anticipat\u0103 30%, sold 70% pl\u0103tit \u00eenainte de expediere<\/td>\n<\/tr>\n<tr>\n<td width=\"200\">\u021aara de origine<\/td>\n<td width=\"481\">Ora\u0219ul Wenzhou, China<\/td>\n<\/tr>\n<tr>\n<td width=\"200\">Capacitatea de produc\u021bie<\/td>\n<td width=\"481\">6000 tone\/an<\/td>\n<\/tr>\n<tr>\n<td width=\"200\">MOQ<\/td>\n<td width=\"481\">1 buc\/dimensiune<\/td>\n<\/tr>\n<\/tbody>\n<\/table>","protected":false},"excerpt":{"rendered":"<p>STV Valve Technology Group Co., Ltd este un lider profesionist \u00een China. Supape cu glob cu capot\u0103 cu \u0219uruburi, supape cu glob de 6 inch, supape cu glob cu flan\u0219\u0103 RF, supape cu glob WCB, supape cu glob 1873, supape cu glob 600 LB, supape cu glob API 598, valve cu glob API 600 Supape, supap\u0103 glob din o\u021bel turnat, supap\u0103 glob cu 5 garnituri, supap\u0103 glob din o\u021bel carbon Produc\u0103tor cu \u00eenalt\u0103 calitate \u0219i pre\u021b competitiv.<\/p>\n<p>&nbsp;<\/p>","protected":false},"featured_media":6545,"template":"","meta":[],"product_brand":[],"product_cat":[63,45],"product_tag":[1675,1681,1679,1680,1090,1091,1678,323,1673,1088,367],"class_list":{"0":"post-6543","1":"product","2":"type-product","3":"status-publish","4":"has-post-thumbnail","6":"product_cat-cast-steel-globe-valve","7":"product_cat-globe-valve","8":"product_tag-1873-globe-valves","9":"product_tag-5-trim-globe-valve","10":"product_tag-6-inch-globe-valves","11":"product_tag-600-lb-globe-valves","12":"product_tag-api-598-globe-valves","13":"product_tag-api-600-globe-valves","14":"product_tag-carbon-steel-globe-valve-manufacturer","15":"product_tag-cast-steel-globe-valve","16":"product_tag-china-bolted-bonnet-globe-valves","17":"product_tag-flanged-rf-ends-globe-valves","18":"product_tag-wcb-globe-valve","20":"first","21":"instock","22":"shipping-taxable","23":"product-type-simple"},"_links":{"self":[{"href":"https:\/\/www.stvvalves.com\/ro\/wp-json\/wp\/v2\/product\/6543","targetHints":{"allow":["GET"]}}],"collection":[{"href":"https:\/\/www.stvvalves.com\/ro\/wp-json\/wp\/v2\/product"}],"about":[{"href":"https:\/\/www.stvvalves.com\/ro\/wp-json\/wp\/v2\/types\/product"}],"wp:featuredmedia":[{"embeddable":true,"href":"https:\/\/www.stvvalves.com\/ro\/wp-json\/wp\/v2\/media\/6545"}],"wp:attachment":[{"href":"https:\/\/www.stvvalves.com\/ro\/wp-json\/wp\/v2\/media?parent=6543"}],"wp:term":[{"taxonomy":"product_brand","embeddable":true,"href":"https:\/\/www.stvvalves.com\/ro\/wp-json\/wp\/v2\/product_brand?post=6543"},{"taxonomy":"product_cat","embeddable":true,"href":"https:\/\/www.stvvalves.com\/ro\/wp-json\/wp\/v2\/product_cat?post=6543"},{"taxonomy":"product_tag","embeddable":true,"href":"https:\/\/www.stvvalves.com\/ro\/wp-json\/wp\/v2\/product_tag?post=6543"}],"curies":[{"name":"wp","href":"https:\/\/api.w.org\/{rel}","templated":true}]}}