{"id":6546,"date":"2022-08-13T12:46:38","date_gmt":"2022-08-13T04:46:38","guid":{"rendered":"https:\/\/www.stvvalves.com\/?post_type=product&#038;p=6546"},"modified":"2024-12-24T22:46:39","modified_gmt":"2024-12-24T14:46:39","slug":"ansi-1500lb-swing-check-valve-wcb-body-dn200-rf-end","status":"publish","type":"product","link":"https:\/\/www.stvvalves.com\/ro\/products\/ansi-1500lb-swing-check-valve-wcb-body-dn200-rf-end\/","title":{"rendered":"Supap\u0103 de re\u021binere basculabil\u0103 ANSI 1500LB, corp WCB, DN200, cap\u0103t RF"},"content":{"rendered":"<p>Product name: ANSI 1500LB Swing Check Valve,WCB Body,DN200,RF End<br \/>\nDesign:E101.<br \/>\nMaterial: WCB<br \/>\nDimensiune nominal\u0103: 8 inch.<br \/>\nPresiune nominal\u0103: Clasa 1500 LB.<br \/>\nTermina\u021bi conexiunea: RF.<br \/>\nFa\u021b\u0103 \u00een fa\u021b\u0103: ASME B16.10.<br \/>\nTestare \u0219i inspec\u021bie: API 598.<\/p>\n<p>Proiectare \u0219i fabrica\u021bie: E101, BS1868, API594, API6D, ASME B16.34, API603<\/p>\n<p>Inspec\u021bie \u0219i testare: API598, API600 sau API 6D<br \/>\nASME B16.5(pentru NPS\u226424,ASME B 16.47 seria B,API 605,ASME B16.47A seria,MSS SP-44(pentru NPS\uff1e24)<\/p>\n<p>Dimensiune final\u0103 BW: ASME B16.25<\/p>\n<p>Fa\u021b\u0103 \u00een fa\u021b\u0103 \u0219i cap\u0103t la cap\u0103t: ASME B16.10<\/p>\n<p>Evalu\u0103ri presiune-temperatura: ASME B16.34<\/p>\n<p>Gam\u0103 de produse<\/p>\n<p>Material corp: o\u021bel carbon, o\u021bel inoxidabil, o\u021bel aliat<\/p>\n<p>Diametru nominal: 2\u2033~36\u2033(DN50~DN900)<\/p>\n<p>Termina\u021bi conexiunea: RF,RTJ, BW<\/p>\n<p>Interval de presiune: Class150~2500(PN16~PN420)<\/p>\n<p>Temperatura de lucru: -29\u2103~+560\u2103<\/p>\n<table width=\"751\">\n<tbody>\n<tr>\n<td>Numele produsului:<\/td>\n<td>Supap\u0103 de re\u021binere basculabil\u0103 ANSI 1500LB, corp WCB, DN200, cap\u0103t RF<\/td>\n<\/tr>\n<tr>\n<td>1.Material:<\/td>\n<td>WCB<\/td>\n<\/tr>\n<tr>\n<td>2. Dimensiune:<\/td>\n<td>8 inchi<\/td>\n<\/tr>\n<tr>\n<td>3.Port:<\/td>\n<td>DEPLIN<\/td>\n<\/tr>\n<tr>\n<td>4. Temperatura de lucru:<\/td>\n<td>-29 \u00b0C-425 \u00b0C<\/td>\n<\/tr>\n<tr>\n<td>5. Sf\u00e2r\u0219itul conexiunii:<\/td>\n<td>RF<\/td>\n<\/tr>\n<tr>\n<td>6. Presiune de lucru:<\/td>\n<td>1500 LB<\/td>\n<\/tr>\n<tr>\n<td>7. Mediu potrivit:<\/td>\n<td>Ap\u0103, gaze naturale, ulei \u0219i ceva lichid coroziv<\/td>\n<\/tr>\n<tr>\n<td>8. Operat:<\/td>\n<td>\/<\/td>\n<\/tr>\n<tr>\n<td>9. Inspec\u021bie \u0219i testare<\/td>\n<td>Conform API 598<\/td>\n<\/tr>\n<tr>\n<td>Certificat:<\/td>\n<td>ISO, CE\/API 6D<\/td>\n<\/tr>\n<tr>\n<td><strong>Expediere<\/strong><\/td>\n<td><\/td>\n<\/tr>\n<tr>\n<td>Timpul de livrare<\/td>\n<td>30 de zile<\/td>\n<\/tr>\n<tr>\n<td>Pachet<\/td>\n<td>Carcas\u0103 standard de export de placaj<\/td>\n<\/tr>\n<tr>\n<td>Portul de expediere<\/td>\n<td>Ningbo\/Shanghai, China<\/td>\n<\/tr>\n<tr>\n<td>Termeni de livrare<\/td>\n<td>Exw, FOB, CFR, CIF etc.<\/td>\n<\/tr>\n<tr>\n<td>Termeni de plat\u0103<\/td>\n<td>T\/T, Western Union, PayPal etc.<\/td>\n<\/tr>\n<tr>\n<td><\/td>\n<td>Plat\u0103 anticipat\u0103 30%, sold 70% pl\u0103tit \u00eenainte de expediere<\/td>\n<\/tr>\n<tr>\n<td>\u021aara de origine<\/td>\n<td>Ora\u0219ul Wenzhou, China<\/td>\n<\/tr>\n<tr>\n<td>Capacitatea de produc\u021bie<\/td>\n<td>6000 tone\/an<\/td>\n<\/tr>\n<tr>\n<td>MOQ<\/td>\n<td>10 buc\/dimensiune<\/td>\n<\/tr>\n<\/tbody>\n<\/table>","protected":false},"excerpt":{"rendered":"<p>STV Valve Technology Group Co., Ltd is a professional leader China ANSI 1500LB Swing Check Valve, 1500LB Swing Check Valve,BS 1868 Swing Check Valve,API 6D Swing Check Valve,8 IN Swing Check Valve,Class 1500 Swing Check Valve ,RF End Swing Check Valve,Power Station Swing Check Valve,Power Station Swing Check Valve Manufacturer with high quality and competitive price.<\/p>\n<p>&nbsp;<\/p>","protected":false},"featured_media":6547,"template":"","meta":[],"product_brand":[],"product_cat":[83,46],"product_tag":[1038,1034,1033,1682,1044,1037,1684,1683],"class_list":{"0":"post-6546","1":"product","2":"type-product","3":"status-publish","4":"has-post-thumbnail","6":"product_cat-cast-steel-check-valve","7":"product_cat-check-valves","8":"product_tag-8-in-swing-check-valve","9":"product_tag-api-6d-swing-check-valve","10":"product_tag-bs-1868-swing-check-valve","11":"product_tag-china-1500lb-swing-check-valve","12":"product_tag-class-1500-swing-check-valve","13":"product_tag-power-station-swing-check-valve","14":"product_tag-power-station-swing-check-valve-manufacturer","15":"product_tag-rf-end-swing-check-valve","17":"first","18":"instock","19":"shipping-taxable","20":"product-type-simple"},"_links":{"self":[{"href":"https:\/\/www.stvvalves.com\/ro\/wp-json\/wp\/v2\/product\/6546","targetHints":{"allow":["GET"]}}],"collection":[{"href":"https:\/\/www.stvvalves.com\/ro\/wp-json\/wp\/v2\/product"}],"about":[{"href":"https:\/\/www.stvvalves.com\/ro\/wp-json\/wp\/v2\/types\/product"}],"wp:featuredmedia":[{"embeddable":true,"href":"https:\/\/www.stvvalves.com\/ro\/wp-json\/wp\/v2\/media\/6547"}],"wp:attachment":[{"href":"https:\/\/www.stvvalves.com\/ro\/wp-json\/wp\/v2\/media?parent=6546"}],"wp:term":[{"taxonomy":"product_brand","embeddable":true,"href":"https:\/\/www.stvvalves.com\/ro\/wp-json\/wp\/v2\/product_brand?post=6546"},{"taxonomy":"product_cat","embeddable":true,"href":"https:\/\/www.stvvalves.com\/ro\/wp-json\/wp\/v2\/product_cat?post=6546"},{"taxonomy":"product_tag","embeddable":true,"href":"https:\/\/www.stvvalves.com\/ro\/wp-json\/wp\/v2\/product_tag?post=6546"}],"curies":[{"name":"wp","href":"https:\/\/api.w.org\/{rel}","templated":true}]}}