{"id":6552,"date":"2022-08-13T13:47:59","date_gmt":"2022-08-13T05:47:59","guid":{"rendered":"https:\/\/www.stvvalves.com\/?post_type=product&#038;p=6552"},"modified":"2025-02-17T18:01:30","modified_gmt":"2025-02-17T10:01:30","slug":"bellows-seal-globe-valve-astm-a105n-dn50-pn40-api-602","status":"publish","type":"product","link":"https:\/\/www.stvvalves.com\/ro\/products\/bellows-seal-globe-valve-astm-a105n-dn50-pn40-api-602\/","title":{"rendered":"Bellows Seal Globe Valve, ASTM A105N,DN50,PN40,API 602"},"content":{"rendered":"<p>Name: Bellows Seal Globe Valve, ASTM A105N,DN50,PN40,API 602<br \/>\nDesign: API 602.<br \/>\nCorp: ASTM A105N.<br \/>\nNominal size: DN50.<br \/>\nNominal class: PN403.<br \/>\nTermina\u021bi conexiunea: RF.<br \/>\nFa\u021b\u0103 \u00een fa\u021b\u0103: EN1092-1.<br \/>\nTest \u0219i inspec\u021bie: EN12266-1.<\/p>\n<p>specifica\u021bie tehnic\u0103<\/p>\n<p>Standard de proiectare: DIN 3356<\/p>\n<p>Dimensiune fa\u021b\u0103 \u00een fa\u021b\u0103: DIN 3202<\/p>\n<p>Capetele flan\u0219e: DIN 2543-2545<\/p>\n<p>Test \u0219i inspec\u021bie: DIN 3230<\/p>\n<p>Aplica\u021bie: sistem de ulei cald, sistem de abur, sistem de ap\u0103 cald\u0103 \u0219i rece etc.<\/p>\n<p>Mediu: abur, gaze, ap\u0103 cald\u0103, ulei termic, amoniac etc.<br \/>\nMateriale: GG25(EN-GJL-250),GGG40,1.0619+N(GS-C25),1.4308(CF8), 1.4408(CF8M)<br \/>\nMateriale burduf: SS304, SS316, SS316L, SS 310S, Hasstelly C<br \/>\nGama de dimensiuni: DN15-DN400<br \/>\nPresiune: PN16-PN40<br \/>\nTemperatura: \u2264600 \u2103<\/p>\n<table>\n<tbody>\n<tr>\n<td width=\"200\"><strong>numele produsului<\/strong><\/td>\n<td width=\"481\">Bellows Seal Globe Valve, ASTM A105N,DN50,PN40,API 602<\/td>\n<\/tr>\n<tr>\n<td width=\"200\">1. Material<\/td>\n<td width=\"481\">A105<\/td>\n<\/tr>\n<tr>\n<td width=\"200\">2. Dimensiunea<\/td>\n<td width=\"481\">2\u201d<\/td>\n<\/tr>\n<tr>\n<td width=\"200\">4. Port<\/td>\n<td width=\"481\">Port complet<\/td>\n<\/tr>\n<tr>\n<td width=\"200\">5. Presiunea de lucru<\/td>\n<td width=\"481\">PN40<\/td>\n<\/tr>\n<tr>\n<td width=\"200\">6. Conexiunea se termin\u0103<\/td>\n<td width=\"481\">RF<\/td>\n<\/tr>\n<tr>\n<td width=\"200\">7. Temp. de lucru.<\/td>\n<td width=\"481\">-29~425\u00baC,<\/td>\n<\/tr>\n<tr>\n<td width=\"200\">8. Mediu potrivit<\/td>\n<td width=\"481\">Ap\u0103, gaze naturale, ulei \u0219i ceva lichid coroziv<\/td>\n<\/tr>\n<tr>\n<td width=\"200\">9. Operat<\/td>\n<td width=\"481\">Roat\u0103 de m\u00e2n\u0103<\/td>\n<\/tr>\n<tr>\n<td width=\"200\">10. Inspec\u021bie \u0219i testare<\/td>\n<td width=\"481\">Conform DIN 3230<\/td>\n<\/tr>\n<tr>\n<td width=\"200\"><strong>Expediere<\/strong><\/td>\n<td width=\"481\"><\/td>\n<\/tr>\n<tr>\n<td width=\"200\">Timpul de livrare<\/td>\n<td width=\"481\">30 de zile<\/td>\n<\/tr>\n<tr>\n<td width=\"200\">Pachet<\/td>\n<td width=\"481\">Carcas\u0103 standard de export de placaj<\/td>\n<\/tr>\n<tr>\n<td width=\"200\">Portul de expediere<\/td>\n<td width=\"481\">Ningbo\/Shanghai, China<\/td>\n<\/tr>\n<tr>\n<td width=\"200\">Termeni de livrare<\/td>\n<td width=\"481\">Exw, FOB, CFR, CIF etc.<\/td>\n<\/tr>\n<tr>\n<td width=\"200\">Termeni de plat\u0103<\/td>\n<td width=\"481\">T\/T, Western Union, PayPal etc.<\/td>\n<\/tr>\n<tr>\n<td width=\"200\"><\/td>\n<td width=\"481\">Plat\u0103 anticipat\u0103 30%, sold 70% pl\u0103tit \u00eenainte de expediere<\/td>\n<\/tr>\n<tr>\n<td width=\"200\">\u021aara de origine<\/td>\n<td width=\"481\">Ora\u0219ul Wenzhou, China<\/td>\n<\/tr>\n<tr>\n<td width=\"200\">Capacitatea de produc\u021bie<\/td>\n<td width=\"481\">6000 tone\/an<\/td>\n<\/tr>\n<tr>\n<td width=\"200\">MOQ<\/td>\n<td width=\"481\">1 buc\/dimensiune<\/td>\n<\/tr>\n<\/tbody>\n<\/table>","protected":false},"excerpt":{"rendered":"<p>STV Valve Technology Group Co., Ltd is a professional leader China Bellow Seal Globe Valve,RFBellow Seal,ASTM A105N Bellow Seal,PN40 Bellow Seal Globe Valve,API 602 Bellow Seal Globe Valve,DN50 Bellow Seal Globe Valve Manufacturer with high quality and competitive price.<\/p>\n<p>&nbsp;<\/p>","protected":false},"featured_media":7220,"template":"","meta":[],"product_brand":[],"product_cat":[45,65],"product_tag":[1826,2454,2452,2456,2455,2453],"class_list":{"0":"post-6552","1":"product","2":"type-product","3":"status-publish","4":"has-post-thumbnail","6":"product_cat-globe-valve","7":"product_cat-bellow-seal-globe-valve","8":"product_tag-api-602-bellow-seal-globe-valve","9":"product_tag-astm-a105n-bellow-seal","10":"product_tag-china-bellow-seal-globe-valve","11":"product_tag-dn50-bellow-seal-globe-valve-manufacturer","12":"product_tag-pn40-bellow-seal-globe-valve","13":"product_tag-rfbellow-seal","15":"first","16":"instock","17":"shipping-taxable","18":"product-type-simple"},"_links":{"self":[{"href":"https:\/\/www.stvvalves.com\/ro\/wp-json\/wp\/v2\/product\/6552","targetHints":{"allow":["GET"]}}],"collection":[{"href":"https:\/\/www.stvvalves.com\/ro\/wp-json\/wp\/v2\/product"}],"about":[{"href":"https:\/\/www.stvvalves.com\/ro\/wp-json\/wp\/v2\/types\/product"}],"wp:featuredmedia":[{"embeddable":true,"href":"https:\/\/www.stvvalves.com\/ro\/wp-json\/wp\/v2\/media\/7220"}],"wp:attachment":[{"href":"https:\/\/www.stvvalves.com\/ro\/wp-json\/wp\/v2\/media?parent=6552"}],"wp:term":[{"taxonomy":"product_brand","embeddable":true,"href":"https:\/\/www.stvvalves.com\/ro\/wp-json\/wp\/v2\/product_brand?post=6552"},{"taxonomy":"product_cat","embeddable":true,"href":"https:\/\/www.stvvalves.com\/ro\/wp-json\/wp\/v2\/product_cat?post=6552"},{"taxonomy":"product_tag","embeddable":true,"href":"https:\/\/www.stvvalves.com\/ro\/wp-json\/wp\/v2\/product_tag?post=6552"}],"curies":[{"name":"wp","href":"https:\/\/api.w.org\/{rel}","templated":true}]}}