{"id":6652,"date":"2022-10-17T10:39:22","date_gmt":"2022-10-17T02:39:22","guid":{"rendered":"https:\/\/www.stvvalves.com\/?post_type=product&#038;p=6652"},"modified":"2025-02-17T17:54:57","modified_gmt":"2025-02-17T09:54:57","slug":"basket-strainer-150lb-cf8-body-304-screen-40-mesch-rf","status":"publish","type":"product","link":"https:\/\/www.stvvalves.com\/ro\/products\/basket-strainer-150lb-cf8-body-304-screen-40-mesch-rf\/","title":{"rendered":"Filtru co\u0219 150LB, corp CF8, ecran 304, 40 mech. RF"},"content":{"rendered":"<p>Standarde<br \/>\nProiectare \u0219i fabrica\u021bie: API6D&amp;ANSI B16.34<br \/>\nDimensiune fa\u021b\u0103 \u00een fa\u021b\u0103: ASME B16.10<br \/>\nDimensiunea flan\u0219ei de cap\u0103t: ASME B16.5<br \/>\nDimensiune sudat\u0103 cap la cap: ASME B16.25<br \/>\nTest \u0219i inspec\u021bie: API598<\/p>\n<p>Filtru de co\u0219 din o\u021bel inoxidabil cu flan\u0219\u0103 conform ANSI 150 cu plas\u0103 din o\u021bel inoxidabil 304 (dimensiunea ochiului este de 40 de ochiuri sau 400 de microni). Permite un debit mare cu o c\u0103dere minim\u0103 de presiune. Aceast\u0103 sit\u0103 de co\u0219 este excelent\u0103 pentru aplica\u021bii petrochimice sau alte aplica\u021bii \u00een care trebuie s\u0103 apar\u0103 solicitarea cu o sc\u0103dere de presiune c\u00e2t mai mic\u0103. Mult mai pu\u021bin dec\u00e2t sita de dimensiune y echivalent\u0103. Toate filtrele de co\u0219 din o\u021bel turnat sunt sablate apoi acoperite cu un grund rezistent la c\u0103ldur\u0103. Proiectat conform ANSI B16.34 cu flan\u0219e conform ANSI B16.5 \u0219i testat \u00een conformitate cu API 598.<\/p>\n<table>\n<tbody>\n<tr>\n<td width=\"200\"><strong>numele produsului<\/strong><\/td>\n<td width=\"481\">Filtru cu flan\u0219\u0103 de tip Y din o\u021bel inoxidabil, DIN PN16, DN80<\/td>\n<\/tr>\n<tr>\n<td width=\"200\">1. Material<\/td>\n<td width=\"481\">304<\/td>\n<\/tr>\n<tr>\n<td width=\"200\">2. Dimensiunea<\/td>\n<td width=\"481\">3\u201d<\/td>\n<\/tr>\n<tr>\n<td width=\"200\">4. Port<\/td>\n<td width=\"481\">Port complet<\/td>\n<\/tr>\n<tr>\n<td width=\"200\">5. Presiunea de lucru<\/td>\n<td width=\"481\">150 lb<\/td>\n<\/tr>\n<tr>\n<td width=\"200\">6. Conexiunea se termin\u0103<\/td>\n<td width=\"481\">RF<\/td>\n<\/tr>\n<tr>\n<td width=\"200\">7. Temp. de lucru.<\/td>\n<td width=\"481\">-29~300\u00baC,<\/td>\n<\/tr>\n<tr>\n<td width=\"200\">8. Mediu potrivit<\/td>\n<td width=\"481\">Ap\u0103, gaze naturale, ulei \u0219i ceva lichid coroziv<\/td>\n<\/tr>\n<tr>\n<td width=\"200\">9. Operat<\/td>\n<td width=\"481\">\/<\/td>\n<\/tr>\n<tr>\n<td width=\"200\">10. Inspec\u021bie \u0219i testare<\/td>\n<td width=\"481\">Conform API598<\/td>\n<\/tr>\n<tr>\n<td width=\"200\"><strong>Expediere<\/strong><\/td>\n<td width=\"481\"><\/td>\n<\/tr>\n<tr>\n<td width=\"200\">Timpul de livrare<\/td>\n<td width=\"481\">30 de zile<\/td>\n<\/tr>\n<tr>\n<td width=\"200\">Pachet<\/td>\n<td width=\"481\">Carcas\u0103 standard de export de placaj<\/td>\n<\/tr>\n<tr>\n<td width=\"200\">Portul de expediere<\/td>\n<td width=\"481\">Ningbo\/Shanghai, China<\/td>\n<\/tr>\n<tr>\n<td width=\"200\">Termeni de livrare<\/td>\n<td width=\"481\">Exw, FOB, CFR, CIF etc.<\/td>\n<\/tr>\n<tr>\n<td width=\"200\">Termeni de plat\u0103<\/td>\n<td width=\"481\">T\/T, Western Union, PayPal etc.<\/td>\n<\/tr>\n<tr>\n<td width=\"200\"><\/td>\n<td width=\"481\">Plat\u0103 anticipat\u0103 30%, sold 70% pl\u0103tit \u00eenainte de expediere<\/td>\n<\/tr>\n<tr>\n<td width=\"200\">\u021aara de origine<\/td>\n<td width=\"481\">Ora\u0219ul Wenzhou, China<\/td>\n<\/tr>\n<tr>\n<td width=\"200\">Capacitatea de produc\u021bie<\/td>\n<td width=\"481\">6000 tone\/an<\/td>\n<\/tr>\n<tr>\n<td width=\"200\">MOQ<\/td>\n<td width=\"481\">1 buc\/dimensiune<\/td>\n<\/tr>\n<\/tbody>\n<\/table>","protected":false},"excerpt":{"rendered":"<p>STV Valve Technology Group Co., Ltd este un lider profesionist China Basket Filter 150LB, CF8 Body Basket Filter, 304 Screen Basket Filter, 40 Mech Basket Filter. Filtru de co\u0219 RF, Produc\u0103tor de sit\u0103ri de co\u0219 cu flan\u0219\u0103 cu \u00eenalt\u0103 calitate \u0219i pre\u021b competitiv.<\/p>","protected":false},"featured_media":6653,"template":"","meta":[],"product_brand":[],"product_cat":[48,85],"product_tag":[1774,1775,1773,1772,1776],"class_list":{"0":"post-6652","1":"product","2":"type-product","3":"status-publish","4":"has-post-thumbnail","6":"product_cat-y-strainer","7":"product_cat-stainless-steel-y-type-strainer","8":"product_tag-304-screen-basket-strainer","9":"product_tag-40-mesch-basket-strainer-rf-basket-strainer","10":"product_tag-cf8-body-basket-strainer","11":"product_tag-china-basket-strainer-150lb","12":"product_tag-flanged-basket-strainer-manufacturer","14":"first","15":"instock","16":"shipping-taxable","17":"product-type-simple"},"_links":{"self":[{"href":"https:\/\/www.stvvalves.com\/ro\/wp-json\/wp\/v2\/product\/6652","targetHints":{"allow":["GET"]}}],"collection":[{"href":"https:\/\/www.stvvalves.com\/ro\/wp-json\/wp\/v2\/product"}],"about":[{"href":"https:\/\/www.stvvalves.com\/ro\/wp-json\/wp\/v2\/types\/product"}],"wp:featuredmedia":[{"embeddable":true,"href":"https:\/\/www.stvvalves.com\/ro\/wp-json\/wp\/v2\/media\/6653"}],"wp:attachment":[{"href":"https:\/\/www.stvvalves.com\/ro\/wp-json\/wp\/v2\/media?parent=6652"}],"wp:term":[{"taxonomy":"product_brand","embeddable":true,"href":"https:\/\/www.stvvalves.com\/ro\/wp-json\/wp\/v2\/product_brand?post=6652"},{"taxonomy":"product_cat","embeddable":true,"href":"https:\/\/www.stvvalves.com\/ro\/wp-json\/wp\/v2\/product_cat?post=6652"},{"taxonomy":"product_tag","embeddable":true,"href":"https:\/\/www.stvvalves.com\/ro\/wp-json\/wp\/v2\/product_tag?post=6652"}],"curies":[{"name":"wp","href":"https:\/\/api.w.org\/{rel}","templated":true}]}}