{"id":6658,"date":"2022-11-02T09:28:57","date_gmt":"2022-11-02T01:28:57","guid":{"rendered":"https:\/\/www.stvvalves.com\/?post_type=product&#038;p=6658"},"modified":"2025-02-17T17:57:08","modified_gmt":"2025-02-17T09:57:08","slug":"36-inch-flange-butterfly-valve-di-body-95800-disc-epdm-seat","status":"publish","type":"product","link":"https:\/\/www.stvvalves.com\/ro\/products\/36-inch-flange-butterfly-valve-di-body-95800-disc-epdm-seat\/","title":{"rendered":"Supap\u0103 fluture cu flan\u0219\u0103 de 36 inch, corp DI, disc 95800, scaun EPDM"},"content":{"rendered":"<p>Supapa fluture cu a\u0219ezare elastic\u0103 este un design cu flan\u0219\u0103 dubl\u0103 care poate fi utilizat\u0103 pentru service \u00een fund. Aceast\u0103 serie de supape fluture are multe dintre caracteristicile \u0219i avantajele de proiectare, cum ar fi valori nominale ridicate de Cv, piese minime expuse la mediul de linie, fiabilitate mai mare \u0219i un record dovedit de durat\u0103 lung\u0103 de via\u021b\u0103. Un avantaj major de proiectare al acestei linii de produse de supap\u0103 este compatibilitatea interna\u021bional\u0103.<\/p>\n<p>Specifica\u021bia parametrului principal<\/p>\n<p>Proiectare \u0219i fabrica\u021bie: API 609<\/p>\n<p>Dimensiune fa\u021b\u0103 \u00een fa\u021b\u0103: API609, ISO5752, ASME B16.10<\/p>\n<p>Dimensiunea conexiunii flan\u0219ei: ASME B16.5, ASME B16.47<\/p>\n<p>Test \u0219i inspec\u021bie: API 598<\/p>\n<p>Evaluare de temperatur\u0103 a presiunii: API 609, ASME B16.34<br \/>\nGam\u0103 de produse<\/p>\n<p>Material corp: font\u0103, o\u021bel turnat, o\u021bel inoxidabil, monel<br \/>\nMaterial disc: font\u0103 ductil\u0103, o\u021bel carbon, o\u021bel inoxidabil, bronz AL<\/p>\n<p>Diametru nominal: 2\u2033~120\u2033 (DN50~DN3000)<\/p>\n<p>Conexiune final\u0103: flan\u0219\u0103 dubl\u0103, napolitan\u0103, umplutur\u0103, etc<\/p>\n<p>Interval de presiune: Clasa 150 ~ 600 (PN16 ~ PN100)<\/p>\n<p>Temperatura de lucru: -46\u2103 ~ +550\u2103<\/p>\n<p>Func\u021bionare: m\u00e2ner, angrenaj, actuator electric etc<\/p>\n<table>\n<tbody>\n<tr>\n<td width=\"200\"><strong><b>numele produsului<\/b><\/strong><\/td>\n<td width=\"481\">Supap\u0103 fluture cu flan\u0219\u0103 de 36 inch, corp DI, disc 95800, scaun EPDM<\/td>\n<\/tr>\n<tr>\n<td width=\"200\">1. Material<\/td>\n<td width=\"481\">DI<\/td>\n<\/tr>\n<tr>\n<td width=\"200\">2. Dimensiunea<\/td>\n<td width=\"481\">36\u201d<\/td>\n<\/tr>\n<tr>\n<td width=\"200\">4. Port<\/td>\n<td width=\"481\">Port complet<\/td>\n<\/tr>\n<tr>\n<td width=\"200\">5. Presiunea de lucru<\/td>\n<td width=\"481\">150 lb<\/td>\n<\/tr>\n<tr>\n<td width=\"200\">6. Conexiunea se termin\u0103<\/td>\n<td width=\"481\">Flan\u0219\u0103<\/td>\n<\/tr>\n<tr>\n<td width=\"200\">7. Temp. de lucru.<\/td>\n<td width=\"481\">-29~120\u00baC,<\/td>\n<\/tr>\n<tr>\n<td width=\"200\">8. Mediu potrivit<\/td>\n<td width=\"481\">Ap\u0103, gaze naturale, ulei \u0219i ceva lichid coroziv<\/td>\n<\/tr>\n<tr>\n<td width=\"200\">9. Operat<\/td>\n<td width=\"481\">Cutie de viteze<\/td>\n<\/tr>\n<tr>\n<td width=\"200\">10. Inspec\u021bie \u0219i testare<\/td>\n<td width=\"481\">Conform API 598<\/td>\n<\/tr>\n<tr>\n<td width=\"200\">Expediere<\/td>\n<td width=\"481\"><\/td>\n<\/tr>\n<tr>\n<td width=\"200\">Timpul de livrare<\/td>\n<td width=\"481\">30 de zile<\/td>\n<\/tr>\n<tr>\n<td width=\"200\">Pachet<\/td>\n<td width=\"481\">Carcas\u0103 standard de export de placaj<\/td>\n<\/tr>\n<tr>\n<td width=\"200\">Portul de expediere<\/td>\n<td width=\"481\">Ningbo\/Shanghai, China<\/td>\n<\/tr>\n<tr>\n<td width=\"200\">Termeni de livrare<\/td>\n<td width=\"481\">Exw, FOB, CFR, CIF etc.<\/td>\n<\/tr>\n<tr>\n<td width=\"200\">Termeni de plat\u0103<\/td>\n<td width=\"481\">T\/T, Western Union, PayPal etc.<\/td>\n<\/tr>\n<tr>\n<td width=\"200\"><\/td>\n<td width=\"481\">Plat\u0103 anticipat\u0103 30%, sold 70% pl\u0103tit \u00eenainte de expediere<\/td>\n<\/tr>\n<tr>\n<td width=\"200\">\u021aara de origine<\/td>\n<td width=\"481\">Ora\u0219ul Wenzhou, China<\/td>\n<\/tr>\n<tr>\n<td width=\"200\">Capacitatea de produc\u021bie<\/td>\n<td width=\"481\">6000 tone\/an<\/td>\n<\/tr>\n<tr>\n<td width=\"200\">MOQ<\/td>\n<td width=\"481\">10 buc\/dimensiune<\/td>\n<\/tr>\n<\/tbody>\n<\/table>","protected":false},"excerpt":{"rendered":"<p>STV Valve Technology Group Co., Ltd este un lider profesionist din China, supap\u0103 fluture pentru ap\u0103 de mare, supap\u0103 fluture cu flan\u0219\u0103 din font\u0103 ductil\u0103, supap\u0103 fluture cu scaun Epdm, supap\u0103 fluture disc C98500, fabrica\u021bie supap\u0103 fluture de 36 inch cu \u00eenalt\u0103 calitate \u0219i pre\u021b competitiv.<\/p>","protected":false},"featured_media":6660,"template":"","meta":[],"product_brand":[],"product_cat":[965,972],"product_tag":[1785,1781,1784,1783,1782],"class_list":{"0":"post-6658","1":"product","2":"type-product","3":"status-publish","4":"has-post-thumbnail","6":"product_cat-butterfly-valve","7":"product_cat-flange-butterfly-valve","8":"product_tag-36-inch-butterfly-valve","9":"product_tag-butterfly-valve-for-seawater","10":"product_tag-c98500-disc-butterfly-valve","11":"product_tag-epdm-seat-butterfly-valve","12":"product_tag-flange-ductile-iron-butterfly-valve","14":"first","15":"instock","16":"shipping-taxable","17":"product-type-simple"},"_links":{"self":[{"href":"https:\/\/www.stvvalves.com\/ro\/wp-json\/wp\/v2\/product\/6658","targetHints":{"allow":["GET"]}}],"collection":[{"href":"https:\/\/www.stvvalves.com\/ro\/wp-json\/wp\/v2\/product"}],"about":[{"href":"https:\/\/www.stvvalves.com\/ro\/wp-json\/wp\/v2\/types\/product"}],"wp:featuredmedia":[{"embeddable":true,"href":"https:\/\/www.stvvalves.com\/ro\/wp-json\/wp\/v2\/media\/6660"}],"wp:attachment":[{"href":"https:\/\/www.stvvalves.com\/ro\/wp-json\/wp\/v2\/media?parent=6658"}],"wp:term":[{"taxonomy":"product_brand","embeddable":true,"href":"https:\/\/www.stvvalves.com\/ro\/wp-json\/wp\/v2\/product_brand?post=6658"},{"taxonomy":"product_cat","embeddable":true,"href":"https:\/\/www.stvvalves.com\/ro\/wp-json\/wp\/v2\/product_cat?post=6658"},{"taxonomy":"product_tag","embeddable":true,"href":"https:\/\/www.stvvalves.com\/ro\/wp-json\/wp\/v2\/product_tag?post=6658"}],"curies":[{"name":"wp","href":"https:\/\/api.w.org\/{rel}","templated":true}]}}