{"id":6675,"date":"2023-03-07T10:08:09","date_gmt":"2023-03-07T02:08:09","guid":{"rendered":"https:\/\/www.stvvalves.com\/?post_type=product&#038;p=6675"},"modified":"2025-02-17T17:54:48","modified_gmt":"2025-02-17T09:54:48","slug":"astm-a494-cx2mw-ball-valve-dn100-pn16-flange-end","status":"publish","type":"product","link":"https:\/\/www.stvvalves.com\/ro\/products\/astm-a494-cx2mw-ball-valve-dn100-pn16-flange-end\/","title":{"rendered":"Robinet cu bil\u0103 ASTM A494 CX2MW, DN100, PN16, cap\u0103t cu flan\u0219\u0103"},"content":{"rendered":"<p>Products Name: ASTM A494 CX2MW Ball Valve,DN100,PN16,Flange End<\/p>\n<div class=\"row\">\n<div class=\"col-md-12\">Design: API 608<br \/>\nBody: ASTM A494 CX2MW Ball Valve<br \/>\nNominal Size: 4 Inch<br \/>\nNominal Class: PN16<br \/>\nTermina\u021bi conexiunea: RF se termin\u0103<br \/>\nFace to Face: EN 558-1\/14.<\/div>\n<\/div>\n<p>Size: from 1\/2\u2033 to 36\u2033<br \/>\nPresiune: 150 \u2013 2500LB<br \/>\nMaterial: Duplex S31803\u3001Super Duplex S32750\u3001Super Duplex S32760<br \/>\n1A\u3001\u30012A\u30013A\u30014A\u30015A\u30016A\u30011B\u30011C<br \/>\nCD4MCu\u3001CD4MCuN\u3001CD3MCuN\u3001CE8MN\u3001CD6MN\u3001CD3MN\u3001CE3MN,CD3MWCuN<br \/>\nF51\u3001F53\u3001F55\u3001F6Standard de proiectare si productie: API 600, API6D si ASME B16.34<br \/>\nDistance between flanges: API 6D, ASME B16.10,API 608<br \/>\nConectat \u00een conformitate cu standardul: ANSI B16.5, ASME B16.47, ANSI B16.25<br \/>\nStandard de testare: API598<br \/>\nMediu: supapa este potrivit\u0103 pentru mai multe medii, inclusiv ap\u0103, abur, ulei, gaz, produse petroliere, acid azotic, acid acetic etc.<br \/>\nTemperatura de lucru: de la -46\u00baC sau -50\u00baC (construc\u021bii din o\u021bel inoxidabil) \u0219i -29\u00baC sau -46\u00baC (construc\u021bii din o\u021bel carbon) p\u00e2n\u0103 la 600\u2103<\/p>\n<table>\n<tbody>\n<tr>\n<td width=\"200\"><strong><b>numele produsului<\/b><\/strong><\/td>\n<td width=\"481\">Robinet cu bil\u0103 ASTM A494 CX2MW, DN100, PN16, cap\u0103t cu flan\u0219\u0103<\/td>\n<\/tr>\n<tr>\n<td width=\"200\">1. Material<\/td>\n<td width=\"481\">A494 CW12MW<\/td>\n<\/tr>\n<tr>\n<td width=\"200\">2. Dimensiunea<\/td>\n<td width=\"481\">4\u201d<\/td>\n<\/tr>\n<tr>\n<td width=\"200\">4. Port<\/td>\n<td width=\"481\">Port complet<\/td>\n<\/tr>\n<tr>\n<td width=\"200\">5. Presiunea de lucru<\/td>\n<td width=\"481\">PN16<\/td>\n<\/tr>\n<tr>\n<td width=\"200\">6. Conexiunea se termin\u0103<\/td>\n<td width=\"481\">RF<\/td>\n<\/tr>\n<tr>\n<td width=\"200\">7. Temp. de lucru.<\/td>\n<td width=\"481\">-29~120\u00baC,<\/td>\n<\/tr>\n<tr>\n<td width=\"200\">8. Mediu potrivit<\/td>\n<td width=\"481\">Ap\u0103, gaze naturale, ulei \u0219i ceva lichid coroziv<\/td>\n<\/tr>\n<tr>\n<td width=\"200\">9. Operat<\/td>\n<td width=\"481\">Roat\u0103 de m\u00e2n\u0103<\/td>\n<\/tr>\n<tr>\n<td width=\"200\">10. Inspec\u021bie \u0219i testare<\/td>\n<td width=\"481\">Conform API 598<\/td>\n<\/tr>\n<tr>\n<td width=\"200\"><strong><b>Expediere<\/b><\/strong><\/td>\n<td width=\"481\"><\/td>\n<\/tr>\n<tr>\n<td width=\"200\">Timpul de livrare<\/td>\n<td width=\"481\">30 de zile<\/td>\n<\/tr>\n<tr>\n<td width=\"200\">Pachet<\/td>\n<td width=\"481\">Carcas\u0103 standard de export de placaj<\/td>\n<\/tr>\n<tr>\n<td width=\"200\">Portul de expediere<\/td>\n<td width=\"481\">Ningbo\/Shanghai, China<\/td>\n<\/tr>\n<tr>\n<td width=\"200\">Termeni de livrare<\/td>\n<td width=\"481\">Exw, FOB, CFR, CIF etc.<\/td>\n<\/tr>\n<tr>\n<td width=\"200\">Termeni de plat\u0103<\/td>\n<td width=\"481\">T\/T, Western Union, PayPal etc.<\/td>\n<\/tr>\n<tr>\n<td width=\"200\"><\/td>\n<td width=\"481\">Plat\u0103 anticipat\u0103 30%, sold 70% pl\u0103tit \u00eenainte de expediere<\/td>\n<\/tr>\n<tr>\n<td width=\"200\">\u021aara de origine<\/td>\n<td width=\"481\">Ora\u0219ul Wenzhou, China<\/td>\n<\/tr>\n<tr>\n<td width=\"200\">Capacitatea de produc\u021bie<\/td>\n<td width=\"481\">6000 tone\/an<\/td>\n<\/tr>\n<tr>\n<td width=\"200\">MOQ<\/td>\n<td width=\"481\">10 buc\/dimensiune<\/td>\n<\/tr>\n<\/tbody>\n<\/table>","protected":false},"excerpt":{"rendered":"<p>STV Valve Technology Group Co., Ltd is a professional leader ASTM A494 CX2MW Ball Valve ,ASTM A494 CX2MW Ball Valve supplier in China,PN16 ASTM A494 CX2MW Ball Valve,DN100 ASTM A494 CX2MW Ball Valve, FULL PORT ASTM A494 CX2MW Ball Valve,Flange End ASTM A494 CX2MW Ball Valve,Hastelloy C22 Flange Ball Valve.<\/p>","protected":false},"featured_media":6702,"template":"","meta":[],"product_brand":[],"product_cat":[43,53],"product_tag":[1829,1830,1832,1834,1833,1835,1831],"class_list":{"0":"post-6675","1":"product","2":"type-product","3":"status-publish","4":"has-post-thumbnail","6":"product_cat-ball-valve","7":"product_cat-stainless-steel-ball-valve","8":"product_tag-astm-a494-cx2mw-ball-valve","9":"product_tag-astm-a494-cx2mw-ball-valve-supplier-in-china","10":"product_tag-dn100-astm-a494-cx2mw-ball-valve","11":"product_tag-flange-end-astm-a494-cx2mw-ball-valve","12":"product_tag-full-port-astm-a494-cx2mw-ball-valve","13":"product_tag-hastelloy-c22-flange-ball-valve","14":"product_tag-pn16-astm-a494-cx2mw-ball-valve","16":"first","17":"instock","18":"shipping-taxable","19":"product-type-simple"},"_links":{"self":[{"href":"https:\/\/www.stvvalves.com\/ro\/wp-json\/wp\/v2\/product\/6675","targetHints":{"allow":["GET"]}}],"collection":[{"href":"https:\/\/www.stvvalves.com\/ro\/wp-json\/wp\/v2\/product"}],"about":[{"href":"https:\/\/www.stvvalves.com\/ro\/wp-json\/wp\/v2\/types\/product"}],"wp:featuredmedia":[{"embeddable":true,"href":"https:\/\/www.stvvalves.com\/ro\/wp-json\/wp\/v2\/media\/6702"}],"wp:attachment":[{"href":"https:\/\/www.stvvalves.com\/ro\/wp-json\/wp\/v2\/media?parent=6675"}],"wp:term":[{"taxonomy":"product_brand","embeddable":true,"href":"https:\/\/www.stvvalves.com\/ro\/wp-json\/wp\/v2\/product_brand?post=6675"},{"taxonomy":"product_cat","embeddable":true,"href":"https:\/\/www.stvvalves.com\/ro\/wp-json\/wp\/v2\/product_cat?post=6675"},{"taxonomy":"product_tag","embeddable":true,"href":"https:\/\/www.stvvalves.com\/ro\/wp-json\/wp\/v2\/product_tag?post=6675"}],"curies":[{"name":"wp","href":"https:\/\/api.w.org\/{rel}","templated":true}]}}