{"id":6683,"date":"2023-02-06T08:40:16","date_gmt":"2023-02-06T00:40:16","guid":{"rendered":"https:\/\/www.stvvalves.com\/?post_type=product&#038;p=6683"},"modified":"2025-02-19T19:44:53","modified_gmt":"2025-02-19T11:44:53","slug":"2pc-body-ball-valve-with-iso5211-mounting-pad","status":"publish","type":"product","link":"https:\/\/www.stvvalves.com\/ro\/products\/2pc-body-ball-valve-with-iso5211-mounting-pad\/","title":{"rendered":"2 supape cu bil\u0103 cu corp cu suport de montare ISO5211"},"content":{"rendered":"<p>2 supape cu bil\u0103 pentru corp cu suport de montare ISO5211 este o supap\u0103 cu bil\u0103 cu pas complet care nu poate fi \u00eentre\u021binut\u0103; oferind o func\u021bionare sigur\u0103 at\u00e2t pentru aplica\u021bii chimice generale, c\u00e2t \u0219i pentru cele industriale.<\/p>\n<p>supap\u0103 cu bil\u0103 de uz general care este de \u00eencredere. Corp din o\u021bel inoxidabil \u0219i scaun PTFE umplut cu carbon.<\/p>\n<p>Dispune de o tij\u0103 rezistent\u0103 la explozie \u0219i m\u00e2ner izolat, m\u00e2ner de p\u00e2rghie blocabil.<\/p>\n<p>Corp din o\u021bel inoxidabil CF8M 316<br \/>\nBSP cu \u0219uruburi, NPT<br \/>\nDimensiuni: 1\/4\u2033 p\u00e2n\u0103 la 4\u2033<br \/>\nInterval de temperatur\u0103: -20 \u00b0C p\u00e2n\u0103 la +200 \u00b0C<br \/>\nPresiune de operare: 1000 PSI (1\/4\u2033 la 2\u2033) \u0219i 800 PSI (2 1\/2\u2033 la 4\u2033)<br \/>\nMi\u0219care: rota\u021bie de 90\u00b0<\/p>\n<table>\n<tbody>\n<tr>\n<td width=\"200\"><strong>Numele produsului 3<\/strong><\/td>\n<td width=\"481\">\u00a02 supape cu bil\u0103 cu corp cu suport de montare ISO5211<\/td>\n<\/tr>\n<tr>\n<td width=\"200\">1. Material<\/td>\n<td width=\"481\">CF8M<\/td>\n<\/tr>\n<tr>\n<td width=\"200\">2. Dimensiunea<\/td>\n<td width=\"481\">2\u201d<\/td>\n<\/tr>\n<tr>\n<td width=\"200\">4. Port<\/td>\n<td width=\"481\">Port complet<\/td>\n<\/tr>\n<tr>\n<td width=\"200\">5. Presiunea de lucru<\/td>\n<td width=\"481\">1000WOG<\/td>\n<\/tr>\n<tr>\n<td width=\"200\">6. Conexiunea se termin\u0103<\/td>\n<td width=\"481\">NPT<\/td>\n<\/tr>\n<tr>\n<td width=\"200\">7. Temp. de lucru.<\/td>\n<td width=\"481\">-29~180\u00baC,<\/td>\n<\/tr>\n<tr>\n<td width=\"200\">8. Mediu potrivit<\/td>\n<td width=\"481\">Ap\u0103, gaze naturale, ulei \u0219i ceva lichid coroziv<\/td>\n<\/tr>\n<tr>\n<td width=\"200\">9. Operat<\/td>\n<td width=\"481\">Roat\u0103 de m\u00e2n\u0103<\/td>\n<\/tr>\n<tr>\n<td width=\"200\">10. Inspec\u021bie \u0219i testare<\/td>\n<td width=\"481\">Conform API598<\/td>\n<\/tr>\n<tr>\n<td width=\"200\"><strong>Expediere<\/strong><\/td>\n<td width=\"481\"><\/td>\n<\/tr>\n<tr>\n<td width=\"200\">Timpul de livrare<\/td>\n<td width=\"481\">30 de zile<\/td>\n<\/tr>\n<tr>\n<td width=\"200\">Pachet<\/td>\n<td width=\"481\">Carcas\u0103 standard de export de placaj<\/td>\n<\/tr>\n<tr>\n<td width=\"200\">Portul de expediere<\/td>\n<td width=\"481\">Ningbo\/Shanghai, China<\/td>\n<\/tr>\n<tr>\n<td width=\"200\">Termeni de livrare<\/td>\n<td width=\"481\">Exw, FOB, CFR, CIF etc.<\/td>\n<\/tr>\n<tr>\n<td width=\"200\">Termeni de plat\u0103<\/td>\n<td width=\"481\">T\/T, Western Union, PayPal etc.<\/td>\n<\/tr>\n<tr>\n<td width=\"200\"><\/td>\n<td width=\"481\">Plat\u0103 anticipat\u0103 30%, sold 70% pl\u0103tit \u00eenainte de expediere<\/td>\n<\/tr>\n<tr>\n<td width=\"200\">\u021aara de origine<\/td>\n<td width=\"481\">Ora\u0219ul Wenzhou, China<\/td>\n<\/tr>\n<tr>\n<td width=\"200\">Capacitatea de produc\u021bie<\/td>\n<td width=\"481\">6000 tone\/an<\/td>\n<\/tr>\n<tr>\n<td width=\"200\">MOQ<\/td>\n<td width=\"481\">1 buc\/dimensiune<\/td>\n<\/tr>\n<\/tbody>\n<\/table>","protected":false},"excerpt":{"rendered":"<p>Model: Q11F-1000WOG-2\u2033<\/p>\n<p>STV Valve Technology Group Co., Ltd is a professional leader China 2pc ball valve,2pc Body Ball Valve with ISO5211 Mounting Pad\uff0cBall valvestainless steel ball valve,Full Port ball valve,NPT Thread ball Valve,Ball Valve With Mounting Pad,CF8M Ball Valve,1000 Wog Ball Valve Manufacturer with high quality and competitive price.<\/p>\n<p>V\u0103 rug\u0103m s\u0103 contacta\u021bi sales@stvvalve.com pentru alte materiale \u0219i detalii.<\/p>","protected":false},"featured_media":6684,"template":"","meta":[],"product_brand":[],"product_cat":[43,79],"product_tag":[1803,1800,1797,174,1801,156,1802],"class_list":{"0":"post-6683","1":"product","2":"type-product","3":"status-publish","4":"has-post-thumbnail","6":"product_cat-ball-valve","7":"product_cat-threaded-ball-valve","8":"product_tag-1000-wog-ball-valve-manufacturer","9":"product_tag-ball-valve-with-mounting-pad","10":"product_tag-ball-valvestainless-steel-ball-valve","11":"product_tag-cf8m-ball-valve","12":"product_tag-china-2pc-ball-valve","13":"product_tag-full-port-ball-valve","14":"product_tag-npt-thread-ball-valve","16":"first","17":"instock","18":"shipping-taxable","19":"product-type-simple"},"_links":{"self":[{"href":"https:\/\/www.stvvalves.com\/ro\/wp-json\/wp\/v2\/product\/6683","targetHints":{"allow":["GET"]}}],"collection":[{"href":"https:\/\/www.stvvalves.com\/ro\/wp-json\/wp\/v2\/product"}],"about":[{"href":"https:\/\/www.stvvalves.com\/ro\/wp-json\/wp\/v2\/types\/product"}],"wp:featuredmedia":[{"embeddable":true,"href":"https:\/\/www.stvvalves.com\/ro\/wp-json\/wp\/v2\/media\/6684"}],"wp:attachment":[{"href":"https:\/\/www.stvvalves.com\/ro\/wp-json\/wp\/v2\/media?parent=6683"}],"wp:term":[{"taxonomy":"product_brand","embeddable":true,"href":"https:\/\/www.stvvalves.com\/ro\/wp-json\/wp\/v2\/product_brand?post=6683"},{"taxonomy":"product_cat","embeddable":true,"href":"https:\/\/www.stvvalves.com\/ro\/wp-json\/wp\/v2\/product_cat?post=6683"},{"taxonomy":"product_tag","embeddable":true,"href":"https:\/\/www.stvvalves.com\/ro\/wp-json\/wp\/v2\/product_tag?post=6683"}],"curies":[{"name":"wp","href":"https:\/\/api.w.org\/{rel}","templated":true}]}}