{"id":6696,"date":"2023-03-07T08:23:50","date_gmt":"2023-03-07T00:23:50","guid":{"rendered":"https:\/\/www.stvvalves.com\/?post_type=product&#038;p=6696"},"modified":"2025-02-17T17:54:53","modified_gmt":"2025-02-17T09:54:53","slug":"astm-b148-c95800-gate-valve-2-inch-class-150-api-602-rf","status":"publish","type":"product","link":"https:\/\/www.stvvalves.com\/ro\/products\/astm-b148-c95800-gate-valve-2-inch-class-150-api-602-rf\/","title":{"rendered":"Robinet ASTM B148 C95800, 2 inch, clasa 150, API 602, RF"},"content":{"rendered":"<p>Nume: supap\u0103 ASTM B148 C95800, 2 inch, clasa 150, API 602, RF<br \/>\nDesign: API 602<br \/>\nCorp: B148 C95800<br \/>\nDimensiune nominal\u0103: 2 inch<br \/>\nClasa nominal\u0103: 150 LB<br \/>\nTermina\u021bi conexiunea: RF se termin\u0103<br \/>\nFa\u021b\u0103 \u00een fa\u021b\u0103: ASME B16.10<br \/>\nTestare \u0219i inspec\u021bie: API 598<\/p>\n<p><strong>Parametri \u0219i caracteristici tehnice<\/strong><br \/>\nProdus: Supap\u0103 cu gur\u0103 de dimensiuni mici<br \/>\nDiametru nominal: 1\/4 inch \u2013 2 inch<br \/>\nTemperatur\u0103 de proiectare: -196\u2103 \u2013 573\u2103<br \/>\nPresiune de proiectare: Clasa 150 LB \u2013 Clasa 2500 LB<br \/>\nMaterial: o\u021bel carbon, o\u021bel inoxidabil, o\u021bel aliat, bronz<br \/>\nStandard de proiectare: API 602, BS 5352<br \/>\nFa\u021b\u0103 \u00een fa\u021b\u0103: Standard de fabrica\u021bie, ASME B16.10<br \/>\nCap\u0103t de conectare: NPT, SW, BW, cu flan\u0219\u0103<br \/>\nStandard de testare: API 598, ISO 5208<br \/>\nOperare: roat\u0103 de m\u00e2n\u0103<br \/>\nAplica\u021bie: central\u0103 electric\u0103, petrol, inginerie chimic\u0103<\/p>\n<table>\n<tbody>\n<tr>\n<td width=\"200\"><strong><b>numele produsului<\/b><\/strong><\/td>\n<td width=\"481\">Robinet ASTM B148 C95800, 2 inch, clasa 150, API 602, RF<\/td>\n<\/tr>\n<tr>\n<td width=\"200\">1. Material<\/td>\n<td width=\"481\">\u00a0B148 C95800<\/td>\n<\/tr>\n<tr>\n<td width=\"200\">2. Dimensiunea<\/td>\n<td width=\"481\">2\u201d<\/td>\n<\/tr>\n<tr>\n<td width=\"200\">4. Port<\/td>\n<td width=\"481\">Port reductor<\/td>\n<\/tr>\n<tr>\n<td width=\"200\">5. Presiunea de lucru<\/td>\n<td width=\"481\">150 lb<\/td>\n<\/tr>\n<tr>\n<td width=\"200\">6. Conexiunea se termin\u0103<\/td>\n<td width=\"481\">Sf\u00e2r\u0219it RF<\/td>\n<\/tr>\n<tr>\n<td width=\"200\">7. Temp. de lucru.<\/td>\n<td width=\"481\">-29~425\u00baC,<\/td>\n<\/tr>\n<tr>\n<td width=\"200\">8. Mediu potrivit<\/td>\n<td width=\"481\">Ap\u0103, gaze naturale, ulei \u0219i ceva lichid coroziv<\/td>\n<\/tr>\n<tr>\n<td width=\"200\">9. Operat<\/td>\n<td width=\"481\">Roat\u0103 de m\u00e2n\u0103<\/td>\n<\/tr>\n<tr>\n<td width=\"200\">10. Inspec\u021bie \u0219i testare<\/td>\n<td width=\"481\">Conform API 598<\/td>\n<\/tr>\n<tr>\n<td width=\"200\"><strong><b>Expediere<\/b><\/strong><\/td>\n<td width=\"481\"><\/td>\n<\/tr>\n<tr>\n<td width=\"200\">Timpul de livrare<\/td>\n<td width=\"481\">30 de zile<\/td>\n<\/tr>\n<tr>\n<td width=\"200\">Pachet<\/td>\n<td width=\"481\">Carcas\u0103 standard de export de placaj<\/td>\n<\/tr>\n<tr>\n<td width=\"200\">Portul de expediere<\/td>\n<td width=\"481\">Ningbo\/Shanghai, China<\/td>\n<\/tr>\n<tr>\n<td width=\"200\">Termeni de livrare<\/td>\n<td width=\"481\">Exw, FOB, CFR, CIF etc.<\/td>\n<\/tr>\n<tr>\n<td width=\"200\">Termeni de plat\u0103<\/td>\n<td width=\"481\">T\/T, Western Union, PayPal etc.<\/td>\n<\/tr>\n<tr>\n<td width=\"200\"><\/td>\n<td width=\"481\">Plat\u0103 anticipat\u0103 30%, sold 70% pl\u0103tit \u00eenainte de expediere<\/td>\n<\/tr>\n<tr>\n<td width=\"200\">\u021aara de origine<\/td>\n<td width=\"481\">Ora\u0219ul Wenzhou, China<\/td>\n<\/tr>\n<tr>\n<td width=\"200\">Capacitatea de produc\u021bie<\/td>\n<td width=\"481\">6000 tone\/an<\/td>\n<\/tr>\n<tr>\n<td width=\"200\">MOQ<\/td>\n<td width=\"481\">10 buc\/dimensiune<\/td>\n<\/tr>\n<\/tbody>\n<\/table>","protected":false},"excerpt":{"rendered":"<p>STV Valve Technology Group Co., Ltd este un lider profesionist din China ASTM B148 C95800 Supap\u0103, supap\u0103 forjat\u0103, supap\u0103 de dimensiuni mici, supap\u0103 de 2 inch, supap\u0103 ASTM B62, supap\u0103 API 602, supap\u0103 clasa 150 LB, \u0219urub Produc\u0103tor de supape cu capot\u0103 de \u00eenalt\u0103 calitate \u0219i pre\u021b competitiv.<\/p>","protected":false},"featured_media":6697,"template":"","meta":[],"product_brand":[],"product_cat":[44,59],"product_tag":[1602,223,1814,1586,1812,1585,1813,1565],"class_list":{"0":"post-6696","1":"product","2":"type-product","3":"status-publish","4":"has-post-thumbnail","6":"product_cat-gate-valve","7":"product_cat-forged-steel-gate-valve","8":"product_tag-2-inch-gate-valve","9":"product_tag-api-602-gate-valve","10":"product_tag-astm-b62-gate-valve","11":"product_tag-bolt-bonnet-gate-valve-manufacturer","12":"product_tag-china-astm-b148-c95800-gate-valve","13":"product_tag-class-150-lb-gate-valve","14":"product_tag-forged-gate-valve","15":"product_tag-small-size-gate-valve","17":"first","18":"instock","19":"shipping-taxable","20":"product-type-simple"},"_links":{"self":[{"href":"https:\/\/www.stvvalves.com\/ro\/wp-json\/wp\/v2\/product\/6696","targetHints":{"allow":["GET"]}}],"collection":[{"href":"https:\/\/www.stvvalves.com\/ro\/wp-json\/wp\/v2\/product"}],"about":[{"href":"https:\/\/www.stvvalves.com\/ro\/wp-json\/wp\/v2\/types\/product"}],"wp:featuredmedia":[{"embeddable":true,"href":"https:\/\/www.stvvalves.com\/ro\/wp-json\/wp\/v2\/media\/6697"}],"wp:attachment":[{"href":"https:\/\/www.stvvalves.com\/ro\/wp-json\/wp\/v2\/media?parent=6696"}],"wp:term":[{"taxonomy":"product_brand","embeddable":true,"href":"https:\/\/www.stvvalves.com\/ro\/wp-json\/wp\/v2\/product_brand?post=6696"},{"taxonomy":"product_cat","embeddable":true,"href":"https:\/\/www.stvvalves.com\/ro\/wp-json\/wp\/v2\/product_cat?post=6696"},{"taxonomy":"product_tag","embeddable":true,"href":"https:\/\/www.stvvalves.com\/ro\/wp-json\/wp\/v2\/product_tag?post=6696"}],"curies":[{"name":"wp","href":"https:\/\/api.w.org\/{rel}","templated":true}]}}