{"id":6756,"date":"2023-05-19T13:07:47","date_gmt":"2023-05-19T05:07:47","guid":{"rendered":"https:\/\/www.stvvalves.com\/?post_type=product&#038;p=6756"},"modified":"2025-02-17T17:56:58","modified_gmt":"2025-02-17T09:56:58","slug":"thin-wafer-check-valve-astm-b148-c95800-14-in-cl150-api-594","status":"publish","type":"product","link":"https:\/\/www.stvvalves.com\/ro\/products\/thin-wafer-check-valve-astm-b148-c95800-14-in-cl150-api-594\/","title":{"rendered":"Supap\u0103 de re\u021binere a pl\u0103cilor sub\u021biri, ASTM B148 C95800, 14 IN CL150, API 594"},"content":{"rendered":"<p>Proiectare \u0219i fabrica\u021bie:API594,API 6D<br \/>\nFa\u021b\u0103 \u00een fa\u021b\u0103 \u0219i cap\u0103t la cap\u0103t: API594, API6D, DIN3202<br \/>\nEvaluare presiune-temperatura: ASME B16.34, DIN2410<br \/>\nInspec\u021bie \u0219i testare: API598<br \/>\nFlan\u0219\u0103 de \u021beav\u0103: ASME B16.5,DIN2543~2548,GB\/T13402,API605,ASME B16.47.<\/p>\n<p>Gam\u0103 de produse<\/p>\n<p>Material corpului: o\u021bel carbon, o\u021bel inoxidabil, o\u021bel aliat, bronz<\/p>\n<p>Diametru nominal: 1\/2\u2033~48\u2033(DN15~DN1200)<\/p>\n<p>Sf\u00e2r\u0219it conexiune: Wafer<\/p>\n<p>Interval de presiune: Class150~900(PN16~PN150)<\/p>\n<p>Temperatura de lucru: -196\u2103~+560\u2103<\/p>\n<table>\n<tbody>\n<tr>\n<td width=\"200\"><strong>numele produsului<\/strong><\/td>\n<td width=\"481\">Supap\u0103 de re\u021binere a pl\u0103cilor sub\u021biri, ASTM B148 C95800, 14 IN CL150, API 594<\/td>\n<\/tr>\n<tr>\n<td width=\"200\">1. Material<\/td>\n<td width=\"481\">C95800<\/td>\n<\/tr>\n<tr>\n<td width=\"200\">2. Dimensiunea<\/td>\n<td width=\"481\">14\u201d<\/td>\n<\/tr>\n<tr>\n<td width=\"200\">4. Port<\/td>\n<td width=\"481\">Port reductor<\/td>\n<\/tr>\n<tr>\n<td width=\"200\">5. Presiunea de lucru<\/td>\n<td width=\"481\">150 lb<\/td>\n<\/tr>\n<tr>\n<td width=\"200\">6. Conexiunea se termin\u0103<\/td>\n<td width=\"481\">Napolitana<\/td>\n<\/tr>\n<tr>\n<td width=\"200\">7. Temp. de lucru.<\/td>\n<td width=\"481\">-29~200\u00baC,<\/td>\n<\/tr>\n<tr>\n<td width=\"200\">8. Mediu potrivit<\/td>\n<td width=\"481\">Ap\u0103, gaze naturale, ulei \u0219i ceva lichid coroziv<\/td>\n<\/tr>\n<tr>\n<td width=\"200\">9. Operat<\/td>\n<td width=\"481\">\/<\/td>\n<\/tr>\n<tr>\n<td width=\"200\">10. Inspec\u021bie \u0219i testare<\/td>\n<td width=\"481\">Conform API594<\/td>\n<\/tr>\n<tr>\n<td width=\"200\"><strong>Expediere<\/strong><\/td>\n<td width=\"481\"><\/td>\n<\/tr>\n<tr>\n<td width=\"200\">Timpul de livrare<\/td>\n<td width=\"481\">30 de zile<\/td>\n<\/tr>\n<tr>\n<td width=\"200\">Pachet<\/td>\n<td width=\"481\">Carcas\u0103 standard de export de placaj<\/td>\n<\/tr>\n<tr>\n<td width=\"200\">Portul de expediere<\/td>\n<td width=\"481\">Ningbo\/Shanghai, China<\/td>\n<\/tr>\n<tr>\n<td width=\"200\">Termeni de livrare<\/td>\n<td width=\"481\">Exw, FOB, CFR, CIF etc.<\/td>\n<\/tr>\n<tr>\n<td width=\"200\">Termeni de plat\u0103<\/td>\n<td width=\"481\">T\/T, Western Union, PayPal etc.<\/td>\n<\/tr>\n<tr>\n<td width=\"200\"><\/td>\n<td width=\"481\">Plat\u0103 anticipat\u0103 30%, sold 70% pl\u0103tit \u00eenainte de expediere<\/td>\n<\/tr>\n<tr>\n<td width=\"200\">\u021aara de origine<\/td>\n<td width=\"481\">Ora\u0219ul Wenzhou, China<\/td>\n<\/tr>\n<tr>\n<td width=\"200\">Capacitatea de produc\u021bie<\/td>\n<td width=\"481\">6000 tone\/an<\/td>\n<\/tr>\n<tr>\n<td width=\"200\">MOQ<\/td>\n<td width=\"481\">1 buc\/dimensiune<\/td>\n<\/tr>\n<\/tbody>\n<\/table>","protected":false},"excerpt":{"rendered":"<p>Supapa noastr\u0103 de re\u021binere C9500 Thin 150LB este o supap\u0103 de re\u021binere ultra-sub\u021bire, care are avantajele unei structuri simple, aspect frumos, greutate u\u0219oar\u0103 \u0219i instalare convenabil\u0103. Supapele de re\u021binere sub\u021biri sunt potrivite \u00een principal pentru sistemele de alimentare cu ap\u0103, petrol, chimie, metalurgie \u0219i alte sectoare industriale, unde spa\u021biul de instalare este limitat.<\/p>\n<p>STV Valve Technology Group Co., Ltd este un lider profesionist din China Supap\u0103 de re\u021binere unic\u0103 sub\u021bire, supap\u0103 de re\u021binere cu un singur disc, supap\u0103 de re\u021binere simpl\u0103 sub\u021bire din o\u021bel forjat, supap\u0103 de re\u021binere pentru napolitan\u0103, supap\u0103 de re\u021binere unic\u0103 sub\u021bire de 150 LB, supap\u0103 de re\u021binere din o\u021bel inoxidabil. cu \u00eenalt\u0103 calitate \u0219i pre\u021b competitiv.<\/p>\n<p>V\u0103 rug\u0103m s\u0103 contacta\u021bi sales@stvvalve.com pentru alte materiale \u0219i detalii.<\/p>","protected":false},"featured_media":6757,"template":"","meta":[],"product_brand":[],"product_cat":[46,84],"product_tag":[1859,1858,1650,1654,1856,1574,1857],"class_list":{"0":"post-6756","1":"product","2":"type-product","3":"status-publish","4":"has-post-thumbnail","6":"product_cat-check-valves","7":"product_cat-wafer-check-valve","8":"product_tag-14inch-check-valve","9":"product_tag-ame-b16-5-check-valve","10":"product_tag-api-594-check-valve","11":"product_tag-asme-b16-10-check-valve","12":"product_tag-astm-b148-c95800-check-valve","13":"product_tag-class-150-lb-check-valve","14":"product_tag-wfer-check-valve","16":"first","17":"instock","18":"shipping-taxable","19":"product-type-simple"},"_links":{"self":[{"href":"https:\/\/www.stvvalves.com\/ro\/wp-json\/wp\/v2\/product\/6756","targetHints":{"allow":["GET"]}}],"collection":[{"href":"https:\/\/www.stvvalves.com\/ro\/wp-json\/wp\/v2\/product"}],"about":[{"href":"https:\/\/www.stvvalves.com\/ro\/wp-json\/wp\/v2\/types\/product"}],"wp:featuredmedia":[{"embeddable":true,"href":"https:\/\/www.stvvalves.com\/ro\/wp-json\/wp\/v2\/media\/6757"}],"wp:attachment":[{"href":"https:\/\/www.stvvalves.com\/ro\/wp-json\/wp\/v2\/media?parent=6756"}],"wp:term":[{"taxonomy":"product_brand","embeddable":true,"href":"https:\/\/www.stvvalves.com\/ro\/wp-json\/wp\/v2\/product_brand?post=6756"},{"taxonomy":"product_cat","embeddable":true,"href":"https:\/\/www.stvvalves.com\/ro\/wp-json\/wp\/v2\/product_cat?post=6756"},{"taxonomy":"product_tag","embeddable":true,"href":"https:\/\/www.stvvalves.com\/ro\/wp-json\/wp\/v2\/product_tag?post=6756"}],"curies":[{"name":"wp","href":"https:\/\/api.w.org\/{rel}","templated":true}]}}