{"id":6803,"date":"2023-05-24T16:03:27","date_gmt":"2023-05-24T08:03:27","guid":{"rendered":"https:\/\/www.stvvalves.com\/?post_type=product&#038;p=6803"},"modified":"2025-02-17T17:54:43","modified_gmt":"2025-02-17T09:54:43","slug":"gs-c25-1-0619-y-type-strainer-din-3352-dn250-pn25-bw-ends","status":"publish","type":"product","link":"https:\/\/www.stvvalves.com\/ro\/products\/gs-c25-1-0619-y-type-strainer-din-3352-dn250-pn25-bw-ends\/","title":{"rendered":"GS-C25 (1.0619) Filtru tip Y, DIN 3352, DN250, PN25, capete BW"},"content":{"rendered":"<div class=\"container_wrap container_wrap_first main_color sidebar_right template-shop shop_columns_4\">\n<div class=\"container\">\n<div id=\"product-6477\" class=\"product type-product post-6477 status-publish first instock product_cat-cast-steel-y-type-strainer product_cat-y-strainer product_tag-6-inch-y-type-strainer-40-mesh-y-type-strainer product_tag-asme-b16-34-y-type-strainer product_tag-astm-a216-wcb-flanged-end-y-strainer product_tag-china-900lb-y-type-strainer product_tag-flange-y-type-strainer product_tag-rtj-flanged-end-y-type-strainer-manufacturer product_tag-ss304-screen-y-type-strainer has-post-thumbnail featured shipping-taxable product-type-simple\">\n<div class=\"single-product-summary\">\n<div class=\"woocommerce-tabs wc-tabs-wrapper\">\n<div id=\"tab-description\" class=\"woocommerce-Tabs-panel woocommerce-Tabs-panel--description panel entry-content wc-tab\" role=\"tabpanel\" aria-labelledby=\"tab-title-description\">\n<p>Nume produs: GS-C25 (1.0619) Filtru tip Y, DIN 3352, DN250, PN25, capete BW<br \/>\nDesign: DIN 3352.<br \/>\nMaterial: GS-C25 (1.0619).<br \/>\nDimensiune nominal\u0103: 10 inch.<br \/>\nPresiune nominal\u0103: PN25.<br \/>\nTermina\u021bi conexiunea: BW.<br \/>\nFa\u021b\u0103 \u00een fa\u021b\u0103: EN558-1.<br \/>\nTest \u0219i inspec\u021bie: EN12266-1.<\/p>\n<p>Gam\u0103 de produse:<br \/>\nBody material: GS-C25\u30011.7363\u30011.4308\u30011.4408\u30011.4306\u30011.4301\u3001WCB\u3001LCB\u3001WC6\u3001WC9\u3001CF8\u3001CF8M\u3001CF3\u3001CF3M.<br \/>\nDiametru normal: 1\/2 \u2013 48 inch (DN15 \u2013 DN1200).<br \/>\nConexiune final\u0103: BW, cu flan\u0219\u0103.<br \/>\nInterval de presiune: 150 \u2013 2500 LB (PN16 \u2013 PN420).<br \/>\nTemperatura de lucru: -196\u2103 \u2013 +573\u2103.<\/p>\n<table>\n<tbody>\n<tr>\n<td width=\"200\"><strong>numele produsului<\/strong><\/td>\n<td width=\"481\">GS-C25 (1.0619) Filtru tip Y, DIN 3352, DN250, PN25, capete BW<\/td>\n<\/tr>\n<tr>\n<td width=\"200\">1. Material<\/td>\n<td width=\"481\">WCB<\/td>\n<\/tr>\n<tr>\n<td width=\"200\">2. Dimensiunea<\/td>\n<td width=\"481\">10\u201d<\/td>\n<\/tr>\n<tr>\n<td width=\"200\">4. Port<\/td>\n<td width=\"481\">Port complet<\/td>\n<\/tr>\n<tr>\n<td width=\"200\">5. Presiunea de lucru<\/td>\n<td width=\"481\">pn25<\/td>\n<\/tr>\n<tr>\n<td width=\"200\">6. Conexiunea se termin\u0103<\/td>\n<td width=\"481\">BW<\/td>\n<\/tr>\n<tr>\n<td width=\"200\">7. Temp. de lucru.<\/td>\n<td width=\"481\">-29~425\u00baC,<\/td>\n<\/tr>\n<tr>\n<td width=\"200\">8. Mediu potrivit<\/td>\n<td width=\"481\">Ap\u0103, gaze naturale, ulei \u0219i ceva lichid coroziv<\/td>\n<\/tr>\n<tr>\n<td width=\"200\">9. Operat<\/td>\n<td width=\"481\">\/<\/td>\n<\/tr>\n<tr>\n<td width=\"200\">10. Inspec\u021bie \u0219i testare<\/td>\n<td width=\"481\">EN12266-1<\/td>\n<\/tr>\n<tr>\n<td width=\"200\"><strong>Expediere<\/strong><\/td>\n<td width=\"481\"><\/td>\n<\/tr>\n<tr>\n<td width=\"200\">Timpul de livrare<\/td>\n<td width=\"481\">30 de zile<\/td>\n<\/tr>\n<tr>\n<td width=\"200\">Pachet<\/td>\n<td width=\"481\">Carcas\u0103 standard de export de placaj<\/td>\n<\/tr>\n<tr>\n<td width=\"200\">Portul de expediere<\/td>\n<td width=\"481\">Ningbo\/Shanghai, China<\/td>\n<\/tr>\n<tr>\n<td width=\"200\">Termeni de livrare<\/td>\n<td width=\"481\">Exw, FOB, CFR, CIF etc.<\/td>\n<\/tr>\n<tr>\n<td width=\"200\">Termeni de plat\u0103<\/td>\n<td width=\"481\">T\/T, Western Union, PayPal etc.<\/td>\n<\/tr>\n<tr>\n<td width=\"200\"><\/td>\n<td width=\"481\">Plat\u0103 anticipat\u0103 30%, sold 70% pl\u0103tit \u00eenainte de expediere<\/td>\n<\/tr>\n<tr>\n<td width=\"200\">\u021aara de origine<\/td>\n<td width=\"481\">Ora\u0219ul Wenzhou, China<\/td>\n<\/tr>\n<tr>\n<td width=\"200\">Capacitatea de produc\u021bie<\/td>\n<td width=\"481\">6000 tone\/an<\/td>\n<\/tr>\n<tr>\n<td width=\"200\">MOQ<\/td>\n<td width=\"481\">1 buc\/dimensiune<\/td>\n<\/tr>\n<\/tbody>\n<\/table>\n<\/div>\n<\/div>\n<\/div>\n<\/div>\n<\/div>\n<\/div>\n<div id=\"av_section_1\" class=\"avia-section alternate_color avia-section-small container_wrap fullsize\">\n<div class=\"container\">\n<div class=\"template-page content twelve alpha units\">\n<div class=\"product_column product_column_4\"><\/div>\n<\/div>\n<\/div>\n<\/div>","protected":false},"excerpt":{"rendered":"<p>STV Valve Technology Group C o., Ltd este un lider profesionist China GS-C25 (1.0619) Filtru tip Y, DIN 3352 Filtru tip Y, Filtru tip Y DN250, Filtru tip Y PN25, Produc\u0103tor de sit\u0103 tip Y BW Ends cu \u00eenalt\u0103 calitate \u0219i pre\u021b competitiv.<\/p>","protected":false},"featured_media":6804,"template":"","meta":[],"product_brand":[],"product_cat":[48,72],"product_tag":[1879,1876,1877,1875,1878],"class_list":{"0":"post-6803","1":"product","2":"type-product","3":"status-publish","4":"has-post-thumbnail","6":"product_cat-y-strainer","7":"product_cat-cast-steel-y-type-strainer","8":"product_tag-bw-ends-y-type-strainer","9":"product_tag-din-3352-y-type-strainer","10":"product_tag-dn250-y-type-strainer","11":"product_tag-gs-c25-1-0619-y-type-strainer","12":"product_tag-pn25-y-type-strainer","14":"first","15":"instock","16":"shipping-taxable","17":"product-type-simple"},"_links":{"self":[{"href":"https:\/\/www.stvvalves.com\/ro\/wp-json\/wp\/v2\/product\/6803","targetHints":{"allow":["GET"]}}],"collection":[{"href":"https:\/\/www.stvvalves.com\/ro\/wp-json\/wp\/v2\/product"}],"about":[{"href":"https:\/\/www.stvvalves.com\/ro\/wp-json\/wp\/v2\/types\/product"}],"wp:featuredmedia":[{"embeddable":true,"href":"https:\/\/www.stvvalves.com\/ro\/wp-json\/wp\/v2\/media\/6804"}],"wp:attachment":[{"href":"https:\/\/www.stvvalves.com\/ro\/wp-json\/wp\/v2\/media?parent=6803"}],"wp:term":[{"taxonomy":"product_brand","embeddable":true,"href":"https:\/\/www.stvvalves.com\/ro\/wp-json\/wp\/v2\/product_brand?post=6803"},{"taxonomy":"product_cat","embeddable":true,"href":"https:\/\/www.stvvalves.com\/ro\/wp-json\/wp\/v2\/product_cat?post=6803"},{"taxonomy":"product_tag","embeddable":true,"href":"https:\/\/www.stvvalves.com\/ro\/wp-json\/wp\/v2\/product_tag?post=6803"}],"curies":[{"name":"wp","href":"https:\/\/api.w.org\/{rel}","templated":true}]}}