{"id":6825,"date":"2023-07-06T10:07:27","date_gmt":"2023-07-06T02:07:27","guid":{"rendered":"https:\/\/www.stvvalves.com\/?post_type=product&#038;p=6825"},"modified":"2023-07-06T10:07:29","modified_gmt":"2023-07-06T02:07:29","slug":"f904l-lift-check-valve-800lb-1-inch-sw-end","status":"publish","type":"product","link":"https:\/\/www.stvvalves.com\/ro\/products\/f904l-lift-check-valve-800lb-1-inch-sw-end\/","title":{"rendered":"F904L Supap\u0103 de re\u021binere a ridic\u0103rii, 800 LB, 1 inch, cap\u0103t SW"},"content":{"rendered":"<p>F904L Supap\u0103 de re\u021binere a ridic\u0103rii, 800 LB, 1 inch, cap\u0103t SW<br \/>\nDesign: API 602<br \/>\nCorp: F904L<br \/>\nDimensiune nominal\u0103: 1 inch<br \/>\nClasa nominal\u0103: 800 LB<br \/>\nSf\u00e2r\u0219it conexiunea: SW<br \/>\nFa\u021b\u0103 \u00een fa\u021b\u0103: Fabricare<br \/>\nTestare \u0219i inspec\u021bie: API 598<br \/>\nDiametru nominal: 1\/4 inch \u2013 4 inch<br \/>\nTemperatur\u0103 de proiectare: -196\u2103 \u2013 573\u2103<br \/>\nPresiune de proiectare: Clasa 150 LB \u2013 Clasa 2500 LB<br \/>\nMaterial: o\u021bel carbon, o\u021bel inoxidabil, o\u021bel aliat, bronz<br \/>\nStandard de proiectare: API 602, BS 5352<br \/>\nFa\u021b\u0103 \u00een fa\u021b\u0103: Standard de fabrica\u021bie, ASME B16.10<br \/>\nCap\u0103t de conectare: NPT, SW, BW, cu flan\u0219\u0103<br \/>\nStandard de testare: API 598, ISO 5208<br \/>\nOpera\u021bie: X<br \/>\nAplica\u021bie: central\u0103 electric\u0103, petrol, inginerie chimic\u0103<\/p>\n<table>\n<tbody>\n<tr>\n<td width=\"200\"><strong><b>numele produsului<\/b><\/strong><\/td>\n<td width=\"481\">F904L Supap\u0103 de re\u021binere a ridic\u0103rii, 800 LB, 1 inch, cap\u0103t SW<\/td>\n<\/tr>\n<tr>\n<td width=\"200\">1. Material<\/td>\n<td width=\"481\">F904L<\/td>\n<\/tr>\n<tr>\n<td width=\"200\">2. Dimensiunea<\/td>\n<td width=\"481\">1\u201d<\/td>\n<\/tr>\n<tr>\n<td width=\"200\">4. Port<\/td>\n<td width=\"481\">Port reductor<\/td>\n<\/tr>\n<tr>\n<td width=\"200\">5. Presiunea de lucru<\/td>\n<td width=\"481\">800 lb<\/td>\n<\/tr>\n<tr>\n<td width=\"200\">6. Conexiunea se termin\u0103<\/td>\n<td width=\"481\">Sf\u00e2r\u0219it SW<\/td>\n<\/tr>\n<tr>\n<td width=\"200\">7. Temp. de lucru.<\/td>\n<td width=\"481\">-29~300\u00baC,<\/td>\n<\/tr>\n<tr>\n<td width=\"200\">8. Mediu potrivit<\/td>\n<td width=\"481\">Ap\u0103, gaze naturale, ulei \u0219i ceva lichid coroziv<\/td>\n<\/tr>\n<tr>\n<td width=\"200\">9. Operat<\/td>\n<td width=\"481\">X<\/td>\n<\/tr>\n<tr>\n<td width=\"200\">10. Inspec\u021bie \u0219i testare<\/td>\n<td width=\"481\">Conform API 598<\/td>\n<\/tr>\n<tr>\n<td width=\"200\"><strong><b>Expediere<\/b><\/strong><\/td>\n<td width=\"481\"><\/td>\n<\/tr>\n<tr>\n<td width=\"200\">Timpul de livrare<\/td>\n<td width=\"481\">30 de zile<\/td>\n<\/tr>\n<tr>\n<td width=\"200\">Pachet<\/td>\n<td width=\"481\">Carcas\u0103 standard de export de placaj<\/td>\n<\/tr>\n<tr>\n<td width=\"200\">Portul de expediere<\/td>\n<td width=\"481\">Ningbo\/Shanghai, China<\/td>\n<\/tr>\n<tr>\n<td width=\"200\">Termeni de livrare<\/td>\n<td width=\"481\">Exw, FOB, CFR, CIF etc.<\/td>\n<\/tr>\n<tr>\n<td width=\"200\">Termeni de plat\u0103<\/td>\n<td width=\"481\">T\/T, Western Union, PayPal etc.<\/td>\n<\/tr>\n<tr>\n<td width=\"200\"><\/td>\n<td width=\"481\">Plat\u0103 anticipat\u0103 30%, sold 70% pl\u0103tit \u00eenainte de expediere<\/td>\n<\/tr>\n<tr>\n<td width=\"200\">\u021aara de origine<\/td>\n<td width=\"481\">Ora\u0219ul Wenzhou, China<\/td>\n<\/tr>\n<tr>\n<td width=\"200\">Capacitatea de produc\u021bie<\/td>\n<td width=\"481\">6000 tone\/an<\/td>\n<\/tr>\n<tr>\n<td width=\"200\">MOQ<\/td>\n<td width=\"481\">10 buc\/dimensiune<\/td>\n<\/tr>\n<\/tbody>\n<\/table>","protected":false},"excerpt":{"rendered":"<p>STV Valve Technology Group Co., Ltd este un lider profesionist din China A182 F904l Supap\u0103 de re\u021binere forjat\u0103, A182 F904l F904L Furnizor de supap\u0103 de re\u021binere de ridicare \u00een China, Supap\u0103 de re\u021binere de ridicare F904L de 1 inch, Supap\u0103 de re\u021binere de ridicare API 602 F904L, Supap\u0103 de re\u021binere de ridicare de clasa 800 LB F904L ,Bolt Bonnet F904L Produc\u0103tor de supape de re\u021binere de ridicare cu \u00eenalt\u0103 calitate \u0219i pre\u021b competitiv.<\/p>","protected":false},"featured_media":6826,"template":"","meta":[],"product_brand":[],"product_cat":[46,66],"product_tag":[1897,1896,1895,1898],"class_list":{"0":"post-6825","1":"product","2":"type-product","3":"status-publish","4":"has-post-thumbnail","6":"product_cat-check-valves","7":"product_cat-swing-check-valve","8":"product_tag-1-inch-f904l-lift-check-valve","9":"product_tag-800lb-f904l-lift-check-valve","10":"product_tag-f904l-lift-check-valve","11":"product_tag-sw-end-f904l-lift-check-valve","13":"first","14":"instock","15":"shipping-taxable","16":"product-type-simple"},"_links":{"self":[{"href":"https:\/\/www.stvvalves.com\/ro\/wp-json\/wp\/v2\/product\/6825","targetHints":{"allow":["GET"]}}],"collection":[{"href":"https:\/\/www.stvvalves.com\/ro\/wp-json\/wp\/v2\/product"}],"about":[{"href":"https:\/\/www.stvvalves.com\/ro\/wp-json\/wp\/v2\/types\/product"}],"wp:featuredmedia":[{"embeddable":true,"href":"https:\/\/www.stvvalves.com\/ro\/wp-json\/wp\/v2\/media\/6826"}],"wp:attachment":[{"href":"https:\/\/www.stvvalves.com\/ro\/wp-json\/wp\/v2\/media?parent=6825"}],"wp:term":[{"taxonomy":"product_brand","embeddable":true,"href":"https:\/\/www.stvvalves.com\/ro\/wp-json\/wp\/v2\/product_brand?post=6825"},{"taxonomy":"product_cat","embeddable":true,"href":"https:\/\/www.stvvalves.com\/ro\/wp-json\/wp\/v2\/product_cat?post=6825"},{"taxonomy":"product_tag","embeddable":true,"href":"https:\/\/www.stvvalves.com\/ro\/wp-json\/wp\/v2\/product_tag?post=6825"}],"curies":[{"name":"wp","href":"https:\/\/api.w.org\/{rel}","templated":true}]}}