{"id":6834,"date":"2023-07-10T13:27:34","date_gmt":"2023-07-10T05:27:34","guid":{"rendered":"https:\/\/www.stvvalves.com\/?post_type=product&#038;p=6834"},"modified":"2024-12-24T19:28:19","modified_gmt":"2024-12-24T11:28:19","slug":"di-flange-type-butterfly-valve-pn16-dn150-worm-gear","status":"publish","type":"product","link":"https:\/\/www.stvvalves.com\/ro\/products\/di-flange-type-butterfly-valve-pn16-dn150-worm-gear\/","title":{"rendered":"Supap\u0103 fluture tip flan\u0219\u0103 DI, PN16, DN150, angrenaj melcat"},"content":{"rendered":"<p>Gama de dimensiuni: DN40-DN3200<\/p>\n<p>Presiune: 10K\/150LB\/PN10\/PN16<\/p>\n<p>Materiale caroserie: font\u0103, font\u0103 ductil\u0103, WCB, SS304, SS316, SS304L, SS316L, bronz, aliaj de aluminiu<\/p>\n<p>Materiale scaun: EPDM, NBR, PTFE, VITON, cauciuc<\/p>\n<p>Materiale disc: font\u0103 ductil\u0103, WCB, SS304, SS316, SS304L, SS316L, bronz, aliaj de aluminiu<\/p>\n<p>Materiale tij\u0103\/arbore: 45#, 410, 420, 431, 304, 304L, 316, 316L, bronz, monel, aliaj dur<\/p>\n<p>Pin: o\u021bel inoxidabil<\/p>\n<p>Buc\u0219\u0103: PTFE, bronz<\/p>\n<p>Inel O: EPDM\/NBR\/\/Viton<\/p>\n<p><strong>Caracteristici de design:<\/strong><\/p>\n<p>&nbsp;<\/p>\n<p>1. Structur\u0103 de design nou\u0103, dimensiune general\u0103 mic\u0103 \u0219i greutate redus\u0103.<\/p>\n<p>2. De obicei, cuplul este mic, deschiderea \u0219i \u00eenchiderea sunt rapide, iar func\u021bionarea este u\u0219oar\u0103 \u0219i economise\u0219te munc\u0103.<\/p>\n<p>3. Placa fluture \u0219i inelul de etan\u0219are sunt str\u00e2ns combinate, ceea ce poate ob\u021bine scurgeri zero.<\/p>\n<p>4. Conexiunea supapei fluture cu flan\u0219\u0103 necesit\u0103 \u0219uruburi mai scurte dec\u00e2t supapa fluture napolitan\u0103, care este mai fiabil\u0103 \u00een aplicarea conductelor cu diametru mare. \u00cen general, supapa fluture cu flan\u0219\u0103 sau supapa fluture \u00een form\u0103 de U este recomandat\u0103 pentru condi\u021bii de lucru cu diametru mare.<\/p>\n<p>Domeniu de aplicare:<\/p>\n<p>Temperatura de Operare:<\/p>\n<p>NBR: 0\u2103~+90\u2103<\/p>\n<p>EPDM: \u2013 20\u2103~+120\u2103<\/p>\n<p>PTFE: -10\u2103~+150\u2103<\/p>\n<p>A functiona:<\/p>\n<p>DN32-DN250: P\u00e2rghie<\/p>\n<p>DN300-3200: angrenaj melcat<\/p>\n<p>Func\u021bionare op\u021bional\u0103: p\u00e2rghie, angrenaj melcat, pneumatic, electric-motorizat<\/p>\n<p>Aplica\u021bie: Prelucrare chimic\u0103, Instala\u021bii de desalinizare, Ap\u0103 potabil\u0103, Pulbere uscat\u0103, Produse alimentare \u0219i b\u0103uturi, Instala\u021bii de gaz, Industria minier\u0103 HAVC, Industria h\u00e2rtiei, Manipularea nisipului, Apa de mare, Industria zah\u0103rului, Tratarea termotehnic\u0103 a apei, Ape uzate, Circula\u021bia apei de r\u0103cire, Aer comprimat<\/p>\n<p>&nbsp;<\/p>\n<p>Specifica\u021bie tehnic\u0103:<br \/>\nStandard de proiectare:<\/p>\n<p>EN 593, MSS SP67, API 609, BS5155<\/p>\n<p>Dimensiunea fa\u021b\u0103 \u00een fa\u021b\u0103:<\/p>\n<p>ISO 5752, EN 558, MSS SP67, API 609, DIN3202<\/p>\n<p>Standard final:<\/p>\n<p>ANSI B16.1 Clasa 125LB \u0219i B16.5 Clasa 150LB<\/p>\n<p>AS 2129 Tabel D &amp; E BS 10 Tabel D &amp; E<\/p>\n<p>DIN 2501 PN6, PN10 &amp; PN16<\/p>\n<p>EN 1092 PN6, PN10 &amp; PN16<\/p>\n<p>ISO 2531 PN6, PN10 \u0219i PN16<\/p>\n<p>ISO 7005 PN6, PN10 \u0219i PN16<\/p>\n<p>KS B 1511 \/ JIS B 2210 5K \u0219i 10K<\/p>\n<p>MSS SP44 CL. 150LB AWWA C207<\/p>\n<p>SABS 1123 Tabelul 1000\/3 &amp; Tabelul 1600\/3<\/p>\n<p>Flan\u0219\u0103 superioar\u0103: ISO5211<\/p>\n<p>Standard de testare: API 598, ISO 5208, EN 12266<\/p>","protected":false},"excerpt":{"rendered":"<p>STV Valve Technology Group Co., Ltd is a professional leader China Butterfly Valve for seawater,DI Flange type Butterfly valve\uff0cflange ductile iron butterfly valve,Epdm Seat Butterfly Valve,DI Disc Butterfly Valve,6 Inch Butterfly Valve Manufacture with high quality and competitive price.<\/p>","protected":false},"featured_media":6835,"template":"","meta":[],"product_brand":[],"product_cat":[965,972],"product_tag":[1912,1915,1913,1914],"class_list":{"0":"post-6834","1":"product","2":"type-product","3":"status-publish","4":"has-post-thumbnail","6":"product_cat-butterfly-valve","7":"product_cat-flange-butterfly-valve","8":"product_tag-di-flange-type-butterfly-valve","9":"product_tag-dn150-di-flange-type-butterfly-valve","10":"product_tag-pn16-di-flange-type-butterfly-valve","11":"product_tag-worm-gear-di-flange-type-butterfly-valve","13":"first","14":"instock","15":"shipping-taxable","16":"product-type-simple"},"_links":{"self":[{"href":"https:\/\/www.stvvalves.com\/ro\/wp-json\/wp\/v2\/product\/6834","targetHints":{"allow":["GET"]}}],"collection":[{"href":"https:\/\/www.stvvalves.com\/ro\/wp-json\/wp\/v2\/product"}],"about":[{"href":"https:\/\/www.stvvalves.com\/ro\/wp-json\/wp\/v2\/types\/product"}],"wp:featuredmedia":[{"embeddable":true,"href":"https:\/\/www.stvvalves.com\/ro\/wp-json\/wp\/v2\/media\/6835"}],"wp:attachment":[{"href":"https:\/\/www.stvvalves.com\/ro\/wp-json\/wp\/v2\/media?parent=6834"}],"wp:term":[{"taxonomy":"product_brand","embeddable":true,"href":"https:\/\/www.stvvalves.com\/ro\/wp-json\/wp\/v2\/product_brand?post=6834"},{"taxonomy":"product_cat","embeddable":true,"href":"https:\/\/www.stvvalves.com\/ro\/wp-json\/wp\/v2\/product_cat?post=6834"},{"taxonomy":"product_tag","embeddable":true,"href":"https:\/\/www.stvvalves.com\/ro\/wp-json\/wp\/v2\/product_tag?post=6834"}],"curies":[{"name":"wp","href":"https:\/\/api.w.org\/{rel}","templated":true}]}}