{"id":6844,"date":"2023-07-24T13:52:41","date_gmt":"2023-07-24T05:52:41","guid":{"rendered":"https:\/\/www.stvvalves.com\/?post_type=product&#038;p=6844"},"modified":"2023-07-24T13:52:43","modified_gmt":"2023-07-24T05:52:43","slug":"concentric-reducer-forged-fitting-swage-nipple","status":"publish","type":"product","link":"https:\/\/www.stvvalves.com\/ro\/products\/concentric-reducer-forged-fitting-swage-nipple\/","title":{"rendered":"Reductor concentric Racord forjat"},"content":{"rendered":"<table>\n<tbody>\n<tr>\n<td>numele produsului<\/td>\n<td>\u00a0 Mamelon de prelevare<\/td>\n<\/tr>\n<tr>\n<td>m\u0103rimea<\/td>\n<td>1\/4&#8243;-12&#8243;<\/td>\n<\/tr>\n<tr>\n<td>Standard<\/td>\n<td>MSS SP 95<\/td>\n<\/tr>\n<tr>\n<td>grosimea peretelui<\/td>\n<td>STD\/SCH40, SCH80\/XS, SCH160, XXS, personalizat etc.<\/td>\n<\/tr>\n<tr>\n<td>Sf\u00e2r\u015fit<\/td>\n<td>Cap\u0103t simplu sau cap\u0103t filet (NPT\/BSP), TOE,TBE, POE,BBE,PBE,PE,BE, BLE, BSE, PLE,PSE, TLE,TSE<\/td>\n<\/tr>\n<tr>\n<td>\u00a0 \u00a0 Tip<\/td>\n<td>\u00a0 \u00a0 concentric, excentric<\/td>\n<\/tr>\n<tr>\n<td>Proces<\/td>\n<td>\u00a0 \u00a0 f\u0103r\u0103 sudur\u0103, forjat\u0103<\/td>\n<\/tr>\n<tr>\n<td>Suprafa\u0163\u0103<\/td>\n<td>\u00a0Ulei antirugina prelucrat fin<\/td>\n<\/tr>\n<tr>\n<td rowspan=\"6\">Material<\/td>\n<td>\u00a0 \u00a0 \u00a0<strong>Otel carbon:\u00a0<\/strong>A105, A350 LF2, etc.<\/td>\n<\/tr>\n<tr>\n<td>\u00a0 \u00a0 \u00a0<strong>O\u021bel pentru conducte:<\/strong>\u00a0ASTM 694 f42, f52, f60, f65, f70 \u0219i etc.<\/td>\n<\/tr>\n<tr>\n<td>\u00a0 \u00a0 \u00a0<strong>O\u0163el inoxidabil:<\/strong>\u00a0A182F304\/304L, A182 F316\/316L, A182F321, A182F310S, A182F347H, A182F316Ti, 317\/317L, 904L, 1.4301, 1.4301, 1.41.440, 1.414.40, 1.414. 254Mo \u0219i etc.<\/td>\n<\/tr>\n<tr>\n<td><strong>\u00a0 \u00a0 \u00a0O\u021bel inoxidabil duplex:<\/strong>\u00a0ASTM A182 F51, F53, F55, UNS31803, SAF2205, UNS32205, UNS32750, UNS32760, 1.4462,1.4410, 1.4501 \u0219i etc.<\/td>\n<\/tr>\n<tr>\n<td><strong>\u00a0 \u00a0 \u00a0Aliaj de nichel:<\/strong>\u00a0inconel600, inconel625, inconel690, incoloy800, incoloy 825, incoloy 800H,C22, C-276, Monel400, Alloy20 etc.<\/td>\n<\/tr>\n<tr>\n<td>\u00a0 \u00a0 \u00a0 \u00a0<strong>O\u021bel aliat Cr-Mo:\u00a0<\/strong>A182 f11,f22,f5,f9,f91, 10CrMo9-10, 16Mo3 etc.<\/td>\n<\/tr>\n<tr>\n<td>Aplica\u021bie<\/td>\n<td>Industria petrochimic\u0103; industria aviatic\u0103 \u0219i aerospa\u021bial\u0103; industria farmaceutic\u0103, gaze de evacuare; centrale electrice;construc\u021bii de nave; tratarea apei etc.<\/td>\n<\/tr>\n<tr>\n<td>Avantaje<\/td>\n<td>stoc gata, timp de livrare mai rapid; disponibil \u00een toate dimensiunile, personalizat; de \u00eenalt\u0103 calitate<\/td>\n<\/tr>\n<\/tbody>\n<\/table>","protected":false},"excerpt":{"rendered":"<p>STV Valve Technology Group Co., Ltd este un lider profesionist din China Reductor concentrat forjat mamelon de preschimbare, mamelon de \u00eenalt\u0103 presiune, mamelon de \u00eenalt\u0103 presiune, mamelon de preschimbare NPT, mamelon de preschimbare din o\u021bel inoxidabil F304, produc\u0103tor de niplu de \u00eenalt\u0103 calitate \u0219i pre\u021b competitiv.<\/p>","protected":false},"featured_media":6845,"template":"","meta":[],"product_brand":[],"product_cat":[966,967],"product_tag":[1920,1921,1922,1924,1923],"class_list":{"0":"post-6844","1":"product","2":"type-product","3":"status-publish","4":"has-post-thumbnail","6":"product_cat-pipe-fitting","7":"product_cat-high-pressure-3000lb6000lb-pipe-fitting","8":"product_tag-china-concentric-reducer-forged-fitting-swage-nipple","9":"product_tag-high-pressure-female-swage-nipple","10":"product_tag-npt-swage-nipple","11":"product_tag-pe-endswage-nipple-manufacturer","12":"product_tag-stainless-steel-f304-swage-nipple","14":"first","15":"instock","16":"shipping-taxable","17":"product-type-simple"},"_links":{"self":[{"href":"https:\/\/www.stvvalves.com\/ro\/wp-json\/wp\/v2\/product\/6844","targetHints":{"allow":["GET"]}}],"collection":[{"href":"https:\/\/www.stvvalves.com\/ro\/wp-json\/wp\/v2\/product"}],"about":[{"href":"https:\/\/www.stvvalves.com\/ro\/wp-json\/wp\/v2\/types\/product"}],"wp:featuredmedia":[{"embeddable":true,"href":"https:\/\/www.stvvalves.com\/ro\/wp-json\/wp\/v2\/media\/6845"}],"wp:attachment":[{"href":"https:\/\/www.stvvalves.com\/ro\/wp-json\/wp\/v2\/media?parent=6844"}],"wp:term":[{"taxonomy":"product_brand","embeddable":true,"href":"https:\/\/www.stvvalves.com\/ro\/wp-json\/wp\/v2\/product_brand?post=6844"},{"taxonomy":"product_cat","embeddable":true,"href":"https:\/\/www.stvvalves.com\/ro\/wp-json\/wp\/v2\/product_cat?post=6844"},{"taxonomy":"product_tag","embeddable":true,"href":"https:\/\/www.stvvalves.com\/ro\/wp-json\/wp\/v2\/product_tag?post=6844"}],"curies":[{"name":"wp","href":"https:\/\/api.w.org\/{rel}","templated":true}]}}