{"id":6856,"date":"2023-07-25T12:15:47","date_gmt":"2023-07-25T04:15:47","guid":{"rendered":"https:\/\/www.stvvalves.com\/?post_type=product&#038;p=6856"},"modified":"2024-12-24T19:26:50","modified_gmt":"2024-12-24T11:26:50","slug":"triple-eccentric-butterfly-valve-a216-wcb-28-inch-300-lb-rf","status":"publish","type":"product","link":"https:\/\/www.stvvalves.com\/ro\/products\/triple-eccentric-butterfly-valve-a216-wcb-28-inch-300-lb-rf\/","title":{"rendered":"Supap\u0103 fluture excentric\u0103 tripl\u0103, A216 WCB, 28 inch, 300 LB, RF"},"content":{"rendered":"<p><strong>Caracteristici:<\/strong><\/p>\n<p>1. Proiectat \u0219i fabricat conform BSEN 593, MSS SP-67 \u0219i API 609<\/p>\n<p>2. Potrivit pentru ANSI 125\/150, BS4504, flanse DIN<\/p>\n<p>3. Intervale de dimensiuni: NPS 2\u2033~52\u2033<\/p>\n<p>4. Presiune nominal\u0103: PN10\/16, ANSI125\/150\/300\/600\/900<\/p>\n<p>5. Materiale disponibile \u00een fier, o\u021bel, o\u021bel inoxidabil, duplex \u0219i bronz, materialul scaunului at\u00e2t \u00een tipul rezistent, c\u00e2t \u0219i \u00een cel metalic, sunt disponibile diferite materiale de finisare ale supapei fluture pentru a se potrivi diferitelor condi\u021bii de service<\/p>\n<p>6. Design sigur la incendiu conform API 608\/API 6FD, la cerere<\/p>\n<p>7. La MSS SP 01-75 La cerere<\/p>\n<p>8. Opera\u021bii: p\u00e2rghie, angrenaj melcat, electric, pneumatic \u0219i hidra-pneumatic<\/p>\n<div class=\"rich-text-table\">\n<table style=\"height: 148px;\" width=\"843\">\n<tbody>\n<tr>\n<td>DESIGN &amp; MFT.<\/td>\n<td>API 609<\/td>\n<td>TERMIN\u0102 CONEXIUNEA<\/td>\n<td>FLG. RF<\/td>\n<\/tr>\n<tr>\n<td>PRE-TEP. EVALUAREA<\/td>\n<td>ASME B16.34<\/td>\n<td>INSPECTARE \u0218I TESTARE<\/td>\n<td>API 598<\/td>\n<\/tr>\n<tr>\n<td>DIMENSIUNEA FF<\/td>\n<td>ANSI B16.10<\/td>\n<td>TERMINATI CONEXIUNEA<\/td>\n<td>ANSI B16.5<\/td>\n<\/tr>\n<tr>\n<td>MARCARE<\/td>\n<td>MSS SP-25<\/td>\n<td>DESIGN SIGURAN LA INCENDIU<\/td>\n<td>&#8212;<\/td>\n<\/tr>\n<tr>\n<td>PAITING<\/td>\n<td>TBA<\/td>\n<td>SPE. CERIN\u021aE<\/td>\n<td>N \/ A<\/td>\n<\/tr>\n<\/tbody>\n<\/table>\n<\/div>","protected":false},"excerpt":{"rendered":"<p>Produc\u0103tor din China de supap\u0103 fluture tripl\u0103 excentric\u0103, STV ofer\u0103 supap\u0103 fluture tripl\u0103 excentric\u0103 cu angrenaj melcat, ASTM A216 wcb, 28 inch, 300LB, API 609.<\/p>\n<p>&nbsp;<\/p>","protected":false},"featured_media":6857,"template":"","meta":[],"product_brand":[],"product_cat":[965,972],"product_tag":[1930,1931,1932,1929,1933],"class_list":{"0":"post-6856","1":"product","2":"type-product","3":"status-publish","4":"has-post-thumbnail","6":"product_cat-butterfly-valve","7":"product_cat-flange-butterfly-valve","8":"product_tag-28-inch-triple-eccentric-butterfly-valve","9":"product_tag-300lb-triple-eccentric-butterfly-valve","10":"product_tag-flange-end-triple-eccentric-butterfly-valve","11":"product_tag-triple-eccentric-butterfly-valve-manufacturer","12":"product_tag-wcb-triple-eccentric-butterfly-valve","14":"first","15":"instock","16":"shipping-taxable","17":"product-type-simple"},"_links":{"self":[{"href":"https:\/\/www.stvvalves.com\/ro\/wp-json\/wp\/v2\/product\/6856","targetHints":{"allow":["GET"]}}],"collection":[{"href":"https:\/\/www.stvvalves.com\/ro\/wp-json\/wp\/v2\/product"}],"about":[{"href":"https:\/\/www.stvvalves.com\/ro\/wp-json\/wp\/v2\/types\/product"}],"wp:featuredmedia":[{"embeddable":true,"href":"https:\/\/www.stvvalves.com\/ro\/wp-json\/wp\/v2\/media\/6857"}],"wp:attachment":[{"href":"https:\/\/www.stvvalves.com\/ro\/wp-json\/wp\/v2\/media?parent=6856"}],"wp:term":[{"taxonomy":"product_brand","embeddable":true,"href":"https:\/\/www.stvvalves.com\/ro\/wp-json\/wp\/v2\/product_brand?post=6856"},{"taxonomy":"product_cat","embeddable":true,"href":"https:\/\/www.stvvalves.com\/ro\/wp-json\/wp\/v2\/product_cat?post=6856"},{"taxonomy":"product_tag","embeddable":true,"href":"https:\/\/www.stvvalves.com\/ro\/wp-json\/wp\/v2\/product_tag?post=6856"}],"curies":[{"name":"wp","href":"https:\/\/api.w.org\/{rel}","templated":true}]}}