{"id":6859,"date":"2023-08-25T12:23:13","date_gmt":"2023-08-25T04:23:13","guid":{"rendered":"https:\/\/www.stvvalves.com\/?post_type=product&#038;p=6859"},"modified":"2023-08-25T12:24:35","modified_gmt":"2023-08-25T04:24:35","slug":"304-trunnion-mounted-ball-valve-6-inch-300lb-rf-end","status":"publish","type":"product","link":"https:\/\/www.stvvalves.com\/ro\/products\/304-trunnion-mounted-ball-valve-6-inch-300lb-rf-end\/","title":{"rendered":"Supap\u0103 cu bil\u0103 montat\u0103 pe trunion 304, 6 inch, 300 LB, cap\u0103t RF"},"content":{"rendered":"<p><b>Caracteristici de design<\/b><\/p>\n<p>Design cu intrare lateral\u0103 a caroseriei<\/p>\n<p>Design sigur la foc, dispozitiv antistatic<\/p>\n<p>Design rezistent la exploziile tijei<\/p>\n<p>Design antistatic<\/p>\n<p>Proiectarea emisiilor fugitive<\/p>\n<p>Dovada de uzur\u0103 a tijei \u0219i dovada de func\u021bionare gre\u0219it\u0103<\/p>\n<p>Flan\u0219\u0103 de montare ISO 5211 pentru ac\u021bionare .<\/p>\n<p>Extensie stem pentru serviciu subteran.<\/p>\n<p><b>Specifica\u021bie tehnic\u0103<\/b><\/p>\n<p>Aplica\u021bie:<\/p>\n<p>Proiectare \u0219i fabricare conform: API 6D<\/p>\n<p>Fa\u021b\u0103 \u00een fa\u021b\u0103 conform: ASME B16.10<\/p>\n<p>Dimensiuni flanse conform : ASME B16.5<\/p>\n<p>Presiune \u0219i temperatur\u0103 conform: ASME B16.34<\/p>\n<p>Testare \u0219i inspec\u021bie conform: API 6D \/ API 598<\/p>\n<p>Inspec\u021bie vizual\u0103 conform: MSS SP-55<\/p>\n<p>Marcare conform: MSS SP-25<\/p>\n<p>&nbsp;<\/p>\n<p>Piese materiale principale:<\/p>\n<table>\n<tbody>\n<tr>\n<td width=\"123\">Otel carbon<\/td>\n<td width=\"452\">A216 Gr. WCB , WCC , WCA etc<\/td>\n<\/tr>\n<tr>\n<td width=\"123\">O\u021bel la temperatur\u0103 joas\u0103<\/td>\n<td width=\"452\">A352 Gr. LCB , LCC , LC1 etc<\/td>\n<\/tr>\n<tr>\n<td width=\"123\">O\u021bel Cr-Mo<\/td>\n<td width=\"452\">A217 Gr. WC6 , WC9 , C5 , C12 , C12A , etc<\/td>\n<\/tr>\n<tr>\n<td width=\"123\">O\u0163el inoxidabil<\/td>\n<td width=\"452\">A351 Gr. CF8, CF8M, CF3, CF3M, CF8C etc<\/td>\n<\/tr>\n<tr>\n<td width=\"123\">O\u021bel aliaj<\/td>\n<td width=\"452\">Aliaj CN7M 20, aliaj CN3M 20 modificat, CT15C etc.<\/td>\n<\/tr>\n<tr>\n<td width=\"123\">Super duplex<\/td>\n<td width=\"452\">A995 Gr. 4A , 5A , CE8MN , CD6MN , CD3MN , etc<\/td>\n<\/tr>\n<tr>\n<td width=\"123\">Bronz aluminiu<\/td>\n<td width=\"452\">B148 C95500, C95600, C95800, etc.<\/td>\n<\/tr>\n<tr>\n<td width=\"123\">Monel<\/td>\n<td width=\"452\">M30C, M35-1, CZ100 etc<\/td>\n<\/tr>\n<tr>\n<td width=\"123\">Inconel<\/td>\n<td width=\"452\">CY40 inconel 600 , etc<\/td>\n<\/tr>\n<tr>\n<td width=\"123\">Hastelloy<\/td>\n<td width=\"452\">CW2m Hastelloy C4, N12MV Hastelloy B, CW12MW Hastelloy C276 etc.<\/td>\n<\/tr>\n<tr>\n<td width=\"123\">Incoloy<\/td>\n<td width=\"452\">CU5MCuC Incoloy 825, CW6MC Incoloy 625, etc.<\/td>\n<\/tr>\n<\/tbody>\n<\/table>\n<p>Not\u0103: Dimensiunea flan\u0219ei de conectare poate fi proiectat\u0103 \u00een func\u021bie de cerin\u021bele clientului.<\/p>\n<p>Fabricare conform NACE MR-01-75 la cerere.<\/p>","protected":false},"excerpt":{"rendered":"<p>Model: STV-Q347F-150LB-304-6\u2033<\/p>\n<p>STV Valve Technology Group Co., Ltd este un lider profesionist din China, supap\u0103 cu bil\u0103 din o\u021bel inoxidabil de 300 LB, supape cu bil\u0103 montate pe trunion din o\u021bel turnat API 6D de 6 inch, supape cu bil\u0103 montate cu trunion din o\u021bel turnat API 6D, supap\u0103 cu bil\u0103 montat\u0103 pe trunion din 2 piese, 304 montate pe trunion Produc\u0103tor de supape cu bil\u0103 cu \u00eenalt\u0103 calitate \u0219i pre\u021b competitiv.<\/p>","protected":false},"featured_media":6860,"template":"","meta":[],"product_brand":[],"product_cat":[43,56],"product_tag":[605,1936,1934,1935,1937],"class_list":{"0":"post-6859","1":"product","2":"type-product","3":"status-publish","4":"has-post-thumbnail","6":"product_cat-ball-valve","7":"product_cat-trunnion-ball-valve","8":"product_tag-2-piece-trunnion-mounted-ball-valve","9":"product_tag-300lb-trunnion-mounted-ball-valve","10":"product_tag-304-trunnion-mounted-ball-valve","11":"product_tag-6-inch-trunnion-mounted-ball-valve","12":"product_tag-rf-end-trunnion-mounted-ball-valve","14":"first","15":"instock","16":"shipping-taxable","17":"product-type-simple"},"_links":{"self":[{"href":"https:\/\/www.stvvalves.com\/ro\/wp-json\/wp\/v2\/product\/6859","targetHints":{"allow":["GET"]}}],"collection":[{"href":"https:\/\/www.stvvalves.com\/ro\/wp-json\/wp\/v2\/product"}],"about":[{"href":"https:\/\/www.stvvalves.com\/ro\/wp-json\/wp\/v2\/types\/product"}],"wp:featuredmedia":[{"embeddable":true,"href":"https:\/\/www.stvvalves.com\/ro\/wp-json\/wp\/v2\/media\/6860"}],"wp:attachment":[{"href":"https:\/\/www.stvvalves.com\/ro\/wp-json\/wp\/v2\/media?parent=6859"}],"wp:term":[{"taxonomy":"product_brand","embeddable":true,"href":"https:\/\/www.stvvalves.com\/ro\/wp-json\/wp\/v2\/product_brand?post=6859"},{"taxonomy":"product_cat","embeddable":true,"href":"https:\/\/www.stvvalves.com\/ro\/wp-json\/wp\/v2\/product_cat?post=6859"},{"taxonomy":"product_tag","embeddable":true,"href":"https:\/\/www.stvvalves.com\/ro\/wp-json\/wp\/v2\/product_tag?post=6859"}],"curies":[{"name":"wp","href":"https:\/\/api.w.org\/{rel}","templated":true}]}}