{"id":6871,"date":"2023-09-13T12:37:13","date_gmt":"2023-09-13T04:37:13","guid":{"rendered":"https:\/\/www.stvvalves.com\/?post_type=product&#038;p=6871"},"modified":"2023-09-13T12:37:15","modified_gmt":"2023-09-13T04:37:15","slug":"pneumatic-bidirectional-knife-gate-valve-dn450-wcb-316-trim-lug-type","status":"publish","type":"product","link":"https:\/\/www.stvvalves.com\/ro\/products\/pneumatic-bidirectional-knife-gate-valve-dn450-wcb-316-trim-lug-type\/","title":{"rendered":"Supap\u0103 pneumatic\u0103 bidirec\u021bional\u0103 cu cu\u021bit, DN450, WCB, garnitur\u0103 316, tip ureche"},"content":{"rendered":"<p>Supapa pneumatic\u0103 bidirec\u021bional\u0103 cu\u021bit cu\u021bit este o supap\u0103 cu\u021bit cu\u021bit unidirec\u021bional\u0103 utilizat\u0103 pe conductele industriale pentru func\u021bionare pornit-oprit.<\/p>\n<p>Structura corpului \u0219i a scaunului elimin\u0103 blocarea \u00eenchiderii fluxului cu particule fine. \u00cen plus, marginea te\u0219it\u0103 a cu\u021bitului ajut\u0103<\/p>\n<p>poarta taie cu u\u0219urin\u021b\u0103 mediile groase. \u00cen func\u021bie de situa\u021bia de lucru diferit\u0103: supap\u0103 cu\u021bit cu tij\u0103 care nu se ridic\u0103, cu\u021bit pentru napolitan\u0103<\/p>\n<p>supap\u0103 cu poarta, supap\u0103 cu\u021bit cu \u021binte, supap\u0103 cu\u021bit pneumatic\u0103, supap\u0103 cu\u021bit electric, supap\u0103 cu\u021bit manual \u0219i te\u0219it<\/p>\n<p>robinetul cu\u021bit cu\u021bit sunt toate disponibile.<\/p>\n<p><b>Caracteristici:<\/b><\/p>\n<p>1. Corp:<\/p>\n<p>a) Corpul integral cu structur\u0103 cu pas complet asigur\u0103 o curgere lin\u0103, o asamblare u\u0219oar\u0103 \u0219i o posibilitate mai mic\u0103 de scurgere a carcasei.<\/p>\n<p>b) Designul corpului f\u0103r\u0103 caneluri elimin\u0103 orice \u00eenfundare poten\u021bial\u0103 la \u00eenchiderea supapei.<\/p>\n<p>2. Poarta:<\/p>\n<p>a) Muchia te\u0219it\u0103 a cu\u021bitului asigur\u0103 stres puternic de t\u0103iere \u0219i etan\u0219are etan\u0219\u0103.<\/p>\n<p>b) Grosimea por\u021bii poate fi m\u0103rit\u0103 pentru a \u00eendeplini o presiune mai mare.<\/p>\n<p>3. Scaun:<\/p>\n<p>a) Scaunul din elastomer \u00een form\u0103 de U asigur\u0103 o etan\u0219are periferic\u0103 de-a lungul marginii por\u021bii \u0219i asigur\u0103 o etan\u0219are etan\u0219\u0103 \u00een ambele<\/p>\n<p>directii de curgere.<\/p>\n<p>4. Altele:<\/p>\n<p>a) Rulmentul axial dublu minimizeaz\u0103 cuplul necesar pentru func\u021bionare<\/p>\n<p>Dimensiune: NPS2-48 (DN50-DN1200)<\/p>\n<p>Conexiune: tip wafer, tip flan\u0219\u0103, tip ureche, tip sudat<\/p>\n<p>Tip de etan\u0219are: moale sau metalic\u0103<\/p>\n<p>Material: GGG40-A356, CF8-A351, CF8M-A351<\/p>","protected":false},"excerpt":{"rendered":"<p>STV Valve Technology Group Co., Ltd este un lider profesionist din China, supap\u0103 cu\u021bit cu tij\u0103 care nu se ridic\u0103, cu\u021bit pentru napolitan\u0103<\/p>\n<p>supap\u0103 cu poarta, supap\u0103 cu\u021bit cu \u021binte, supap\u0103 cu\u021bit pneumatic\u0103, supap\u0103 cu\u021bit electric, supap\u0103 cu\u021bit manual \u0219i te\u0219it<\/p>\n<p>robinet cu\u021bit cu\u021bit.<\/p>","protected":false},"featured_media":6872,"template":"","meta":[],"product_brand":[],"product_cat":[44,62],"product_tag":[1953,1955,1952,1954,1951],"class_list":{"0":"post-6871","1":"product","2":"type-product","3":"status-publish","4":"has-post-thumbnail","6":"product_cat-gate-valve","7":"product_cat-knife-gate-valve","8":"product_tag-150lb-pneumatic-bidirectional-knife-gate-valve","9":"product_tag-cast-steel-pneumatic-bidirectional-knife-gate-valve","10":"product_tag-dn450-pneumatic-bidirectional-knife-gate-valve","11":"product_tag-lug-type-pneumatic-bidirectional-knife-gate-valve","12":"product_tag-pneumatic-bidirectional-knife-gate-valve","14":"first","15":"instock","16":"shipping-taxable","17":"product-type-simple"},"_links":{"self":[{"href":"https:\/\/www.stvvalves.com\/ro\/wp-json\/wp\/v2\/product\/6871","targetHints":{"allow":["GET"]}}],"collection":[{"href":"https:\/\/www.stvvalves.com\/ro\/wp-json\/wp\/v2\/product"}],"about":[{"href":"https:\/\/www.stvvalves.com\/ro\/wp-json\/wp\/v2\/types\/product"}],"wp:featuredmedia":[{"embeddable":true,"href":"https:\/\/www.stvvalves.com\/ro\/wp-json\/wp\/v2\/media\/6872"}],"wp:attachment":[{"href":"https:\/\/www.stvvalves.com\/ro\/wp-json\/wp\/v2\/media?parent=6871"}],"wp:term":[{"taxonomy":"product_brand","embeddable":true,"href":"https:\/\/www.stvvalves.com\/ro\/wp-json\/wp\/v2\/product_brand?post=6871"},{"taxonomy":"product_cat","embeddable":true,"href":"https:\/\/www.stvvalves.com\/ro\/wp-json\/wp\/v2\/product_cat?post=6871"},{"taxonomy":"product_tag","embeddable":true,"href":"https:\/\/www.stvvalves.com\/ro\/wp-json\/wp\/v2\/product_tag?post=6871"}],"curies":[{"name":"wp","href":"https:\/\/api.w.org\/{rel}","templated":true}]}}