{"id":6877,"date":"2023-09-13T13:23:06","date_gmt":"2023-09-13T05:23:06","guid":{"rendered":"https:\/\/www.stvvalves.com\/?post_type=product&#038;p=6877"},"modified":"2023-09-13T13:23:07","modified_gmt":"2023-09-13T05:23:07","slug":"wafer-knife-gate-valve-wcb-body-304-trim-150lb-handwheel","status":"publish","type":"product","link":"https:\/\/www.stvvalves.com\/ro\/products\/wafer-knife-gate-valve-wcb-body-304-trim-150lb-handwheel\/","title":{"rendered":"Supap\u0103 cu\u021bit pentru napolitan\u0103, corp WCB, garnitur\u0103 304, 150 LB, roat\u0103 de m\u00e2n\u0103"},"content":{"rendered":"<blockquote><p>Supapa cu\u021bit pentru marginea Wafer Knife este o supap\u0103 unidirec\u021bional\u0103 pentru marginea cu\u021bitului pentru napolitan\u0103, utilizat\u0103 pe conductele industriale pentru func\u021bionarea pornit-oprit.<\/p>\n<p>Structura corpului \u0219i a scaunului elimin\u0103 blocarea \u00eenchiderii fluxului cu particule fine. \u00cen plus, marginea te\u0219it\u0103 a cu\u021bitului ajut\u0103<\/p>\n<p>poarta taie cu u\u0219urin\u021b\u0103 mediile groase. \u00cen func\u021bie de situa\u021bia de lucru diferit\u0103: supap\u0103 cu\u021bit cu tij\u0103 care nu se ridic\u0103, cu\u021bit pentru napolitan\u0103<\/p>\n<p>supap\u0103 cu poarta, supap\u0103 cu\u021bit cu \u021binte, supap\u0103 cu\u021bit pneumatic\u0103, supap\u0103 cu\u021bit electric, supap\u0103 cu\u021bit manual \u0219i te\u0219it<\/p>\n<p>robinetul cu\u021bit cu\u021bit sunt toate disponibile.<\/p>\n<p><b>Caracteristici:<\/b><\/p>\n<p>1. Corp:<\/p>\n<p>a) Corpul integral cu structur\u0103 cu pas complet asigur\u0103 o curgere lin\u0103, o asamblare u\u0219oar\u0103 \u0219i o posibilitate mai mic\u0103 de scurgere a carcasei.<\/p>\n<p>b) Designul ghearelor de ghidare \u00een partea inferioar\u0103 a portului pentru fixarea por\u021bii, \u00een loc de o canelur\u0103, elimin\u0103 orice \u00eenfundare poten\u021bial\u0103<\/p>\n<p>c\u00e2nd supapa se \u00eenchide.<\/p>\n<p>&nbsp;<\/p>\n<p>2. Poarta:<\/p>\n<p>a) Muchia te\u0219it\u0103 a cu\u021bitului asigur\u0103 stres puternic de t\u0103iere \u0219i etan\u0219are etan\u0219\u0103.<\/p>\n<p>b) Ghidajul punctului elastic din PTFE deasupra portului previne contactul metal-metal \u00eentre poart\u0103 \u0219i corp.<\/p>\n<p>c) Grosimea por\u021bii poate fi m\u0103rit\u0103 pentru a \u00eendeplini o presiune mai mare.<\/p>\n<p>3. Scaun:<\/p>\n<p>a) Scaunul cu intrare lateral\u0103 este \u00eenlocuibil, reduc\u00e2nd costurile de \u00eentre\u021binere.<\/p>\n<p>b) Scaunul pre\u00eenc\u0103rcat este reglabil pentru a \u00eendeplini diferite clase de etan\u0219are \u0219i pentru a compensa uzura normal\u0103 a scaunului.<\/p>\n<p>4. Altele:<\/p>\n<p>a) Rulmentul axial dublu minimizeaz\u0103 cuplul necesar pentru func\u021bionare<\/p>\n<p><span id=\"remark\">Introducerea Produsului<\/span><\/p>\n<table border=\"1\" width=\"812\">\n<tbody>\n<tr>\n<td>\u00a0 \u00a0Gama de dimensiuni:<\/td>\n<td>\u00a0 \u00a0 \u00a0DN50~600mm NPS 2\u201d-24\u201d \uff08Dimensiune mai mare la cerere\uff09<\/td>\n<\/tr>\n<tr>\n<td>\u00a0 \u00a0Pres\u0103 maxim\u0103 de lucru.\uff1a<\/td>\n<td>\u00a0 \u00a0 \u00a0DN50~DN250: 10Bar NPS2~NPS10\uff1a150Psi<\/p>\n<p>DN300~DN450: 7bar NPS12~NPS18\uff1a90Psi<\/p>\n<p>DN500~DN600: 4bar NPS20~NPS24\uff1a60Psi<\/td>\n<\/tr>\n<tr>\n<td>\u00a0 \u00a0Temp. Gam\u0103:<\/td>\n<td>\u00a0 \u00a0 \u00a0-29\u2026+800\u2103<\/td>\n<\/tr>\n<tr>\n<td>\u00a0 \u00a0Etan\u0219eitate:<\/td>\n<td>\u00a0 \u00a0 \u00a0Conform MSS SP-81<\/td>\n<\/tr>\n<tr>\n<td>\u00a0 \u00a0Materialul corpului:<\/td>\n<td>\u00a0 \u00a0 \u00a0O\u021bel carbon, o\u021bel inoxidabil, alori speciale<\/td>\n<\/tr>\n<tr>\n<td>\u00a0 \u00a0Material poarta:<\/td>\n<td>\u00a0 \u00a0 \u00a0O\u021bel inoxidabil cromat, alorie special\u0103<\/td>\n<\/tr>\n<tr>\n<td>\u00a0 \u00a0Material scaun:<\/td>\n<td>\u00a0 \u00a0 \u00a0O\u021bel inoxidabil + STL<\/p>\n<p>EPDM (120\u00b0C) \/Viton(200\u00b0C)\/PTFE(200\u00b0C) \/NBR(90\u00b0C)<\/td>\n<\/tr>\n<tr>\n<td>\u00a0 \u00a0Fa\u021b\u0103 \u00een fa\u021b\u0103:<\/td>\n<td>\u00a0 \u00a0 \u00a0MSS SP-81<\/td>\n<\/tr>\n<tr>\n<td>\u00a0 \u00a0Flan\u0219\u0103 standard:<\/td>\n<td>\u00a0 \u00a0 \u00a0GB\/T 9113.1, JB\/T 79.1, HG 20592, ASME B16.5, EN1092-1<\/td>\n<\/tr>\n<tr>\n<td>\u00a0 \u00a0Aplicatii:<\/td>\n<td>\u00a0 \u00a0 \u00a0Celuloz\u0103 \u0219i h\u00e2rtie, tratarea apei, b\u0103uturi \u0219i alimente, produse chimice fine,<\/p>\n<p>Power Planet, industria siderurgic\u0103 etc.<\/td>\n<\/tr>\n<\/tbody>\n<\/table>\n<\/blockquote>","protected":false},"excerpt":{"rendered":"<p>STV Valve Technology Group Co., Ltd este un lider profesionist China Wafer Knife Gate Valve, cu\u021bit de napolitan\u0103 de 150LB<\/p>\n<p>supap\u0103 cu poarta, supap\u0103 cu\u021bit WCB, supap\u0103 cu\u021bit pneumatic, supap\u0103 cu\u021bit electric, supap\u0103 manual cu\u021bit \u0219i te\u0219it<\/p>\n<p>robinet cu\u021bit cu\u021bit.<\/p>","protected":false},"featured_media":6878,"template":"","meta":[],"product_brand":[],"product_cat":[44,62],"product_tag":[1968,1966,1967,146,1965],"class_list":{"0":"post-6877","1":"product","2":"type-product","3":"status-publish","4":"has-post-thumbnail","6":"product_cat-gate-valve","7":"product_cat-knife-gate-valve","8":"product_tag-150lb-wafer-knife-gate-valve","9":"product_tag-304-trim-wafer-knife-gate-valve","10":"product_tag-handweel-wafer-knife-gate-valve","11":"product_tag-wafer-knife-gate-valve","12":"product_tag-wcb-wafer-knife-gate-valve","14":"first","15":"instock","16":"shipping-taxable","17":"product-type-simple"},"_links":{"self":[{"href":"https:\/\/www.stvvalves.com\/ro\/wp-json\/wp\/v2\/product\/6877","targetHints":{"allow":["GET"]}}],"collection":[{"href":"https:\/\/www.stvvalves.com\/ro\/wp-json\/wp\/v2\/product"}],"about":[{"href":"https:\/\/www.stvvalves.com\/ro\/wp-json\/wp\/v2\/types\/product"}],"wp:featuredmedia":[{"embeddable":true,"href":"https:\/\/www.stvvalves.com\/ro\/wp-json\/wp\/v2\/media\/6878"}],"wp:attachment":[{"href":"https:\/\/www.stvvalves.com\/ro\/wp-json\/wp\/v2\/media?parent=6877"}],"wp:term":[{"taxonomy":"product_brand","embeddable":true,"href":"https:\/\/www.stvvalves.com\/ro\/wp-json\/wp\/v2\/product_brand?post=6877"},{"taxonomy":"product_cat","embeddable":true,"href":"https:\/\/www.stvvalves.com\/ro\/wp-json\/wp\/v2\/product_cat?post=6877"},{"taxonomy":"product_tag","embeddable":true,"href":"https:\/\/www.stvvalves.com\/ro\/wp-json\/wp\/v2\/product_tag?post=6877"}],"curies":[{"name":"wp","href":"https:\/\/api.w.org\/{rel}","templated":true}]}}