{"id":6893,"date":"2023-09-18T12:31:25","date_gmt":"2023-09-18T04:31:25","guid":{"rendered":"https:\/\/www.stvvalves.com\/?post_type=product&#038;p=6893"},"modified":"2023-09-18T12:31:27","modified_gmt":"2023-09-18T04:31:27","slug":"astm-b148-c95600-globe-valve-bs1878-8-inch-150-lb-rf","status":"publish","type":"product","link":"https:\/\/www.stvvalves.com\/ro\/products\/astm-b148-c95600-globe-valve-bs1878-8-inch-150-lb-rf\/","title":{"rendered":"Supap\u0103 cu glob ASTM B148 C95600, BS1878, 8 inchi, 150 LB, RF"},"content":{"rendered":"<p><strong>Standarde aplicabile:\u00a0\u00a0\u00a0\u00a0\u00a0\u00a0<\/strong><br \/>\nSupap\u0103 cu glob, BS1878\/ASME B16.34<br \/>\nSupape din o\u021bel, ASME B16.34<br \/>\nFa\u021b\u0103 \u00een fa\u021b\u0103 ASME B16.10<br \/>\nFlanse de cap\u0103t ASME B16.5\/ASME B16.47<br \/>\nCapetele de sudare cap la cap ASME B16.25<br \/>\nInspec\u021bie \u0219i testare API 598<\/p>\n<p><strong>Material:\u00a0<\/strong>C95800, C95400, C83600<br \/>\n<strong>Gama de dimensiuni:<\/strong>\u00a02\u2033~36\u2033<br \/>\n<strong>Evaluare presiune:\u00a0<\/strong>ASME CL, 150, 300, 600, 900, 1500, 2500<br \/>\n<strong>Interval de temperatur\u0103:<\/strong>\u00a0-196\u2103~650\u2103<\/p>\n<p><strong>Descrierea designului:<\/strong><br \/>\n\u2013 \u0218urub \u0219i jug exterior<br \/>\n\u2013 Capot\u0103 cu \u0219uruburi \u0219i garnitur\u0103 de presiune<br \/>\n\u2013 Tulpina \u00een cre\u0219tere<br \/>\n\u2013 Disponibil cu operator de viteze<br \/>\n\u2013 Capetele cu flan\u0219e \u0219i capete pentru sudur\u0103 cap la cap<br \/>\n- Design cu cuplu redus, tij\u0103 cu suprafa\u021b\u0103 neted\u0103.<\/p>\n<table border=\"0\" cellspacing=\"0\" cellpadding=\"0\">\n<tbody>\n<tr>\n<td>Marca<\/td>\n<td>STV<\/td>\n<\/tr>\n<tr>\n<td>Structura<\/td>\n<td>Glob<\/td>\n<\/tr>\n<tr>\n<td>Material de supap\u0103<\/td>\n<td>o\u021bel turnat, o\u021bel inoxidabil, aliaj special, CI, DI etc<\/td>\n<\/tr>\n<tr>\n<td>Tip supap\u0103<\/td>\n<td>\u00a0Glob<\/td>\n<\/tr>\n<tr>\n<td>Test de supap\u0103<\/td>\n<td>100% cantitate testat\u0103 \u00eenainte de livrare<\/td>\n<\/tr>\n<tr>\n<td>Garan\u021bia supapei<\/td>\n<td>18 luni dup\u0103 expediere \u0219i 12 luni dup\u0103 instalare<\/td>\n<\/tr>\n<tr>\n<td>Structura supapei<\/td>\n<td>staight<\/td>\n<\/tr>\n<tr>\n<td>Livrare cu supap\u0103<\/td>\n<td>15 \u2013 30 de zile<\/td>\n<\/tr>\n<tr>\n<td>Prob\u0103 de supap\u0103<\/td>\n<td>Prob\u0103 disponibil\u0103 de Didtek Valve<\/td>\n<\/tr>\n<tr>\n<td>Culoarea supapei<\/td>\n<td>Solicitarea clientului<\/td>\n<\/tr>\n<tr>\n<td>Ambalaj de supap\u0103<\/td>\n<td>Carcas\u0103 din placaj pentru supap\u0103 cu glob<\/td>\n<\/tr>\n<tr>\n<td>MOQ<\/td>\n<td>1 set<\/td>\n<\/tr>\n<tr>\n<td>Certificat de supap\u0103<\/td>\n<td>API6D\/CE\/ISO9001\/ISO14001<\/td>\n<\/tr>\n<tr>\n<td>Locul de origine<\/td>\n<td>Zhejiang, China (continental\u0103)<\/td>\n<\/tr>\n<tr>\n<td>Detalii de livrare:<\/td>\n<td>Livrat in 15-30 de zile de la plata<\/td>\n<\/tr>\n<tr>\n<td>Port<\/td>\n<td>Shanghai sau Ningbo<\/td>\n<\/tr>\n<tr>\n<td>Termeni de plat\u0103<\/td>\n<td>L\/C,D\/A,D\/P,T\/T, Western Union<\/td>\n<\/tr>\n<\/tbody>\n<\/table>\n<p><strong>Aplica\u021bie \u0219i func\u021bie:<\/strong><br \/>\nSupapele cu glob C95400 sunt utilizate \u00een principal pentru supapele de \u00eenchidere complet deschise sau complet \u00eenchise. \u00cen mod normal, ele nu sunt considerate \u00een scopuri de throttling, ci mai mult pentru n\u0103moluri, fluide v\u00e2scoase etc. Supapele cu gur\u0103 sunt caracterizate printr-o pan\u0103 de mi\u0219care, care este deplasat\u0103 odat\u0103 cu ac\u021bionarea piuli\u021bei tijei. Pena se deplaseaz\u0103 perpendicular pe direc\u021bia curgerii. Supapele cu gur\u0103 au, de obicei, o c\u0103dere minim\u0103 de presiune atunci c\u00e2nd sunt complet deschise, asigur\u0103 o \u00eenchidere etan\u0219\u0103 c\u00e2nd sunt complet \u00eenchise \u0219i r\u0103m\u00e2n relativ lipsite de acumularea de contaminare.<\/p>\n<p><strong>Accesorii:<\/strong><br \/>\nAccesorii, cum ar fi angrenaje, actuatoare, bypass-uri, dispozitive de blocare, ro\u021bi cu lan\u021b, tije extinse \u0219i capote pentru service criogenic \u0219i multe altele sunt disponibile pentru a satisface cerin\u021bele clien\u021bilor.<\/p>","protected":false},"excerpt":{"rendered":"<p>STV Valve Technology Group Co., Ltd este un lider profesionist China ASTM B148 C95400 Globe Supape, BS1878 C95600 Globe Supape, 8 inch C95400 Globe Supape, 150 LB C95600 Globe Supape, RF C95600 Globe Valve cu un produc\u0103tor de \u00eenalt\u0103 calitate \u0219i pre\u021b competitiv.<\/p>","protected":false},"featured_media":6894,"template":"","meta":[],"product_brand":[],"product_cat":[45,63],"product_tag":[1990,1991,1988,1989,1992],"class_list":{"0":"post-6893","1":"product","2":"type-product","3":"status-publish","4":"has-post-thumbnail","6":"product_cat-globe-valve","7":"product_cat-cast-steel-globe-valve","8":"product_tag-150lb-b148-c95600-globe-valve","9":"product_tag-8-inch-b148-c95600-globe-valve","10":"product_tag-b148-c95600-globe-valve","11":"product_tag-bs1878-b148-c95600-globe-valve","12":"product_tag-c95600-globe-valve-manufacturer","14":"first","15":"instock","16":"shipping-taxable","17":"product-type-simple"},"_links":{"self":[{"href":"https:\/\/www.stvvalves.com\/ro\/wp-json\/wp\/v2\/product\/6893","targetHints":{"allow":["GET"]}}],"collection":[{"href":"https:\/\/www.stvvalves.com\/ro\/wp-json\/wp\/v2\/product"}],"about":[{"href":"https:\/\/www.stvvalves.com\/ro\/wp-json\/wp\/v2\/types\/product"}],"wp:featuredmedia":[{"embeddable":true,"href":"https:\/\/www.stvvalves.com\/ro\/wp-json\/wp\/v2\/media\/6894"}],"wp:attachment":[{"href":"https:\/\/www.stvvalves.com\/ro\/wp-json\/wp\/v2\/media?parent=6893"}],"wp:term":[{"taxonomy":"product_brand","embeddable":true,"href":"https:\/\/www.stvvalves.com\/ro\/wp-json\/wp\/v2\/product_brand?post=6893"},{"taxonomy":"product_cat","embeddable":true,"href":"https:\/\/www.stvvalves.com\/ro\/wp-json\/wp\/v2\/product_cat?post=6893"},{"taxonomy":"product_tag","embeddable":true,"href":"https:\/\/www.stvvalves.com\/ro\/wp-json\/wp\/v2\/product_tag?post=6893"}],"curies":[{"name":"wp","href":"https:\/\/api.w.org\/{rel}","templated":true}]}}