{"id":6969,"date":"2023-11-02T12:38:43","date_gmt":"2023-11-02T04:38:43","guid":{"rendered":"https:\/\/www.stvvalves.com\/?post_type=product&#038;p=6969"},"modified":"2024-12-24T15:42:20","modified_gmt":"2024-12-24T07:42:20","slug":"duplex-2507-flanged-ball-valve-600lb-3-inch-flange-end","status":"publish","type":"product","link":"https:\/\/www.stvvalves.com\/ro\/products\/duplex-2507-flanged-ball-valve-600lb-3-inch-flange-end\/","title":{"rendered":"Supap\u0103 cu bil\u0103 duplex 2507 cu flan\u0219\u0103, 600 LB, 3 inci, cap\u0103t cu flan\u0219\u0103"},"content":{"rendered":"<p>Nume produs: Supap\u0103 cu bil\u0103 cu flan\u0219\u0103 Duplex 2507, 600LB, 3 inci, cap\u0103t cu flan\u0219\u0103<br \/>\nDesign: Api 6D.<br \/>\nMaterial: 2207<br \/>\nDimensiune nominal\u0103: 6 inch.<br \/>\nPresiune nominal\u0103: Clasa 600 LB.<br \/>\nTermina\u021bi conexiunea: RF.<br \/>\nFa\u021b\u0103 \u00een fa\u021b\u0103: ASME B16.10.<br \/>\nTestare \u0219i inspec\u021bie: API 598.<\/p>\n<p>&nbsp;<\/p>\n<p>Dimensiune: de la 2\u2033 la 48\u2033<br \/>\nPresiune: 150 \u2013 1500LB<br \/>\nMaterial: putem oferi valve realizate \u00een Duplex S31803\u3001Super Duplex S32750\u3001Super Duplex S32760,Super Duplex S2205,Super Duplex S2207<br \/>\n1A\u3001\u30012A\u30013A\u30014A\u30015A\u30016A\u30011B\u30011C<br \/>\nCD4MCu\u3001CD4MCuN\u3001CD3MCuN\u3001CE8MN\u3001CD6MN\u3001CD3MN\u3001CE3MN,CD3MWCuN<br \/>\nF51\u3001F53\u3001F55\u3001F60<br \/>\nStandard de proiectare \u0219i produc\u021bie: API 594 sau DIN<br \/>\nDistan\u021ba dintre flan\u0219e: ASME B16.10, EN558, DIN3202<br \/>\nConectat \u00een conformitate cu standardul: ANSI, API, DIN<br \/>\nStandard de testare: API598, API 600, ISO5208<br \/>\nMediu: Supapa este potrivit\u0103 pentru mai multe medii, inclusiv ap\u0103, abur, ulei, gaz, produse petroliere, acid azotic, acid acetic etc.<br \/>\nTemperatura de lucru: de la -46\u00baC sau -50\u00baC (construc\u021bii din o\u021bel inoxidabil) \u0219i -29\u00baC sau -46\u00baC (construc\u021bii din o\u021bel carbon) p\u00e2n\u0103 la 600\u2103<\/p>\n<table>\n<tbody>\n<tr>\n<td width=\"200\"><strong>numele produsului<\/strong><\/td>\n<td width=\"481\">Supap\u0103 cu bil\u0103 duplex 2507 cu flan\u0219\u0103, 600 LB, 3 inci, cap\u0103t cu flan\u0219\u0103<\/td>\n<\/tr>\n<tr>\n<td width=\"200\">1. Material<\/td>\n<td width=\"481\">2207<\/td>\n<\/tr>\n<tr>\n<td width=\"200\">2. Dimensiunea<\/td>\n<td width=\"481\">3\u201d<\/td>\n<\/tr>\n<tr>\n<td width=\"200\">4. Port<\/td>\n<td width=\"481\">Port complet<\/td>\n<\/tr>\n<tr>\n<td width=\"200\">5. Presiunea de lucru<\/td>\n<td width=\"481\">600 lb<\/td>\n<\/tr>\n<tr>\n<td width=\"200\">6. Conexiunea se termin\u0103<\/td>\n<td width=\"481\">RF<\/td>\n<\/tr>\n<tr>\n<td width=\"200\">7. Temp. de lucru.<\/td>\n<td width=\"481\">-29~120\u00baC,<\/td>\n<\/tr>\n<tr>\n<td width=\"200\">8. Mediu potrivit<\/td>\n<td width=\"481\">Ap\u0103, gaze naturale, ulei \u0219i ceva lichid coroziv<\/td>\n<\/tr>\n<tr>\n<td width=\"200\">9. Operat<\/td>\n<td width=\"481\">\/<\/td>\n<\/tr>\n<tr>\n<td width=\"200\">10. Inspec\u021bie \u0219i testare<\/td>\n<td width=\"481\">Conform API598<\/td>\n<\/tr>\n<tr>\n<td width=\"200\"><strong>Expediere<\/strong><\/td>\n<td width=\"481\"><\/td>\n<\/tr>\n<tr>\n<td width=\"200\">Timpul de livrare<\/td>\n<td width=\"481\">30 de zile<\/td>\n<\/tr>\n<tr>\n<td width=\"200\">Pachet<\/td>\n<td width=\"481\">Carcas\u0103 standard de export de placaj<\/td>\n<\/tr>\n<tr>\n<td width=\"200\">Portul de expediere<\/td>\n<td width=\"481\">Ningbo\/Shanghai, China<\/td>\n<\/tr>\n<tr>\n<td width=\"200\">Termeni de livrare<\/td>\n<td width=\"481\">Exw, FOB, CFR, CIF etc.<\/td>\n<\/tr>\n<tr>\n<td width=\"200\">Termeni de plat\u0103<\/td>\n<td width=\"481\">T\/T, Western Union, PayPal etc.<\/td>\n<\/tr>\n<tr>\n<td width=\"200\"><\/td>\n<td width=\"481\">Plat\u0103 anticipat\u0103 30%, sold 70% pl\u0103tit \u00eenainte de expediere<\/td>\n<\/tr>\n<tr>\n<td width=\"200\">\u021aara de origine<\/td>\n<td width=\"481\">Ora\u0219ul Wenzhou, China<\/td>\n<\/tr>\n<tr>\n<td width=\"200\">Capacitatea de produc\u021bie<\/td>\n<td width=\"481\">6000 tone\/an<\/td>\n<\/tr>\n<tr>\n<td width=\"200\">MOQ<\/td>\n<td width=\"481\">1 buc\/dimensiune<\/td>\n<\/tr>\n<\/tbody>\n<\/table>","protected":false},"excerpt":{"rendered":"<p>Supap\u0103 cu bil\u0103 API 608 2205 din China, Furnizor de supap\u0103 cu bil\u0103 STV Ofer\u0103 supap\u0103 cu bil\u0103 2207 de 3 inchi, Supap\u0103 cu bil\u0103 600LB 2207 Furnizor \u00een China, Supap\u0103 cu bil\u0103 600LB, Supap\u0103 cu sfer\u0103 2207 cu capac cu flan\u0219\u0103, fabrica\u021bie din China 2207.<\/p>","protected":false},"featured_media":6970,"template":"","meta":[],"product_brand":[],"product_cat":[43,80,53],"product_tag":[2025,2024,2023,2026],"class_list":{"0":"post-6969","1":"product","2":"type-product","3":"status-publish","4":"has-post-thumbnail","6":"product_cat-ball-valve","7":"product_cat-flange-ball-valve","8":"product_cat-stainless-steel-ball-valve","9":"product_tag-3-inch-duplex-2507-flanged-ball-valve","10":"product_tag-600lb-duplex-2507-flanged-ball-valve","11":"product_tag-duplex-2507-flanged-ball-valve","12":"product_tag-flange-end-duplex-2507ball-valve","14":"first","15":"instock","16":"shipping-taxable","17":"product-type-simple"},"_links":{"self":[{"href":"https:\/\/www.stvvalves.com\/ro\/wp-json\/wp\/v2\/product\/6969","targetHints":{"allow":["GET"]}}],"collection":[{"href":"https:\/\/www.stvvalves.com\/ro\/wp-json\/wp\/v2\/product"}],"about":[{"href":"https:\/\/www.stvvalves.com\/ro\/wp-json\/wp\/v2\/types\/product"}],"wp:featuredmedia":[{"embeddable":true,"href":"https:\/\/www.stvvalves.com\/ro\/wp-json\/wp\/v2\/media\/6970"}],"wp:attachment":[{"href":"https:\/\/www.stvvalves.com\/ro\/wp-json\/wp\/v2\/media?parent=6969"}],"wp:term":[{"taxonomy":"product_brand","embeddable":true,"href":"https:\/\/www.stvvalves.com\/ro\/wp-json\/wp\/v2\/product_brand?post=6969"},{"taxonomy":"product_cat","embeddable":true,"href":"https:\/\/www.stvvalves.com\/ro\/wp-json\/wp\/v2\/product_cat?post=6969"},{"taxonomy":"product_tag","embeddable":true,"href":"https:\/\/www.stvvalves.com\/ro\/wp-json\/wp\/v2\/product_tag?post=6969"}],"curies":[{"name":"wp","href":"https:\/\/api.w.org\/{rel}","templated":true}]}}