{"id":6973,"date":"2023-11-02T13:21:45","date_gmt":"2023-11-02T05:21:45","guid":{"rendered":"https:\/\/www.stvvalves.com\/?post_type=product&#038;p=6973"},"modified":"2023-11-02T13:21:46","modified_gmt":"2023-11-02T05:21:46","slug":"flange-dual-plate-swing-check-valve-4a-150lb-rf-end","status":"publish","type":"product","link":"https:\/\/www.stvvalves.com\/ro\/products\/flange-dual-plate-swing-check-valve-4a-150lb-rf-end\/","title":{"rendered":"Supap\u0103 de re\u021binere oscilant\u0103 cu pl\u0103ci duble cu flan\u0219\u0103, 4A, 150 LB, cap\u0103t RF"},"content":{"rendered":"<div class=\"rich-text-table\">\n<table>\n<tbody>\n<tr>\n<td>Nume<\/td>\n<td>Supap\u0103 de re\u021binere oscilant\u0103 cu pl\u0103ci duble cu flan\u0219\u0103<\/td>\n<\/tr>\n<tr>\n<td>Structura<\/td>\n<td>Supap\u0103 de re\u021binere pivotant\u0103 cu dublu disc de tip flan\u0219\u0103<\/td>\n<\/tr>\n<tr>\n<td>m\u0103rimea<\/td>\n<td>2\u2033~48\u2033; DN50~DN1200<\/td>\n<\/tr>\n<tr>\n<td>Presiune normal\u0103<\/td>\n<td>Clasa 150~2500; PN10~PN420<\/td>\n<\/tr>\n<tr>\n<td>Standard de proiectare<\/td>\n<td>API594,API 6D,ASME B16.34,GB\/T8937<\/td>\n<\/tr>\n<tr>\n<td>Marcat<\/td>\n<td>MSS SP-25<\/td>\n<\/tr>\n<tr>\n<td>Flan\u0219\u0103 de cap\u0103t<\/td>\n<td>ANSI B 16.5, ASME B16.47; EN1092,DIN2543~DIN2547<\/td>\n<\/tr>\n<tr>\n<td>Fa\u021b\u0103 \u00een fa\u021b\u0103<\/td>\n<td>API594,DIN3202,GB\/T8937<\/td>\n<\/tr>\n<tr>\n<td>Standard de testare<\/td>\n<td>API598,API 6D; DIN3230, EN12266, ISO 5208<\/td>\n<\/tr>\n<tr>\n<td>Temperatura potrivita<\/td>\n<td>-29~425\u00b0C<\/td>\n<\/tr>\n<tr>\n<td>Mediu<\/td>\n<td>Ap\u0103 dulce, canalizare, ap\u0103 de mare, aer, vapori, alimente, medicamente, uleiuri, alcalii, sare etc.<\/td>\n<\/tr>\n<tr>\n<td>Mediu acid<\/td>\n<td>NACE MR0175<\/td>\n<\/tr>\n<\/tbody>\n<\/table>\n<\/div>\n<p><b><i>Structura<\/i><\/b><\/p>\n<div class=\"rich-text-table\">\n<table>\n<tbody>\n<tr>\n<td>\u2013 Plac\u0103 dubl\u0103<\/td>\n<\/tr>\n<tr>\n<td>\u00a0- Cu prim\u0103vara<\/td>\n<\/tr>\n<tr>\n<td>\u2013 Rotund, Full Lug sau Dublu Flan\u0219\u0103<\/td>\n<\/tr>\n<tr>\n<td>\u00a0-Evalu\u0103ri presiune-temperatur\u0103: ASME B16.34;DIN2401<\/td>\n<\/tr>\n<tr>\n<td>\u2013 Moale sau cu a\u0219ezare metalic\u0103<\/td>\n<\/tr>\n<tr>\n<td>\u2013 Design Retainer sau Retainer Less<\/td>\n<\/tr>\n<tr>\n<td>\u2013 Capetele plachete potrivite pentru capete cu flan\u0219\u0103 (ASME B16.5 \u0219i B16.47 A\/B)<\/td>\n<\/tr>\n<tr>\n<td>- Design: API594, API 6D, ASME B16.34, GB\/T8937<\/td>\n<\/tr>\n<tr>\n<td>\u2013 Capetele cu flan\u0219e conform ASME B16.5;DIN2543~DIN2547;EN1092<\/td>\n<\/tr>\n<tr>\n<td>\u2013 O\u021bel carbon turnat sau forjat, o\u021bel inoxidabil, o\u021bel duplex<\/td>\n<\/tr>\n<\/tbody>\n<\/table>\n<\/div>\n<p><b><i>Partea principal\u0103 \u0219i materiale<\/i><\/b><\/p>\n<div class=\"rich-text-table\">\n<table>\n<tbody>\n<tr>\n<td>Numele p\u0103r\u021bilor<\/td>\n<td colspan=\"11\">Materiale componente<\/td>\n<\/tr>\n<tr>\n<td>Corp<\/td>\n<td>WCB\/A105<\/td>\n<td>LCB\/LF2<\/td>\n<td>WC6\/F11<\/td>\n<td>CF8\/F304<\/td>\n<td colspan=\"2\">CF8M\/F316L<\/td>\n<td colspan=\"2\">CF3\/F304L<\/td>\n<td colspan=\"2\">CF3M\/F316L<\/td>\n<td>CE8MN\/CD4McN<\/td>\n<\/tr>\n<tr>\n<td>Disc<\/td>\n<td>WCB\/A105<\/td>\n<td>LCB\/LF2<\/td>\n<td>WC6\/F11<\/td>\n<td>CF8\/F304<\/td>\n<td colspan=\"2\">CF8M\/F316L<\/td>\n<td colspan=\"2\">CF3\/F304L<\/td>\n<td colspan=\"2\">CF3M\/F316L<\/td>\n<td>CE8MN\/CD4McN<\/td>\n<\/tr>\n<tr>\n<td>Bra\u0163<\/td>\n<td>WCB\/A105<\/td>\n<td>LCB\/LF2<\/td>\n<td>WC6\/F11<\/td>\n<td>CF8\/F304<\/td>\n<td colspan=\"2\">CF8M\/F316L<\/td>\n<td colspan=\"2\">CF3\/F304L<\/td>\n<td colspan=\"2\">CF3M\/F316L<\/td>\n<td>CE8MN\/CD4McN<\/td>\n<\/tr>\n<tr>\n<td>Pin de bra\u021b<\/td>\n<td>A182 6a<\/td>\n<td>A182 304<\/td>\n<td>A182 304<\/td>\n<td>A182 304<\/td>\n<td colspan=\"2\">A182 316<\/td>\n<td colspan=\"2\">A182 304L<\/td>\n<td colspan=\"2\">A182 316L<\/td>\n<td>A182 F53\/F51<\/td>\n<\/tr>\n<tr>\n<td rowspan=\"2\">Scaun\/Inel pentru scaun<\/td>\n<td>STL<\/td>\n<td>SS304<\/td>\n<td>13%Cr<\/td>\n<td>SS304<\/td>\n<td colspan=\"2\">SS316<\/td>\n<td colspan=\"2\">SS304L<\/td>\n<td colspan=\"2\">SS316L<\/td>\n<td>A182 F53\/F51<\/td>\n<\/tr>\n<tr>\n<td colspan=\"11\">Sau NBR, EPDM, PTFE<\/td>\n<\/tr>\n<tr>\n<td>Mediu potrivit<\/td>\n<td colspan=\"3\">WOG etc.<\/td>\n<td colspan=\"6\">HNO3, CH3OOH etc.<\/td>\n<td colspan=\"2\">ureea etc.<\/td>\n<\/tr>\n<tr>\n<td>Temperatura potrivita<\/td>\n<td>-29~425 \u00b0C<\/td>\n<td>-46~340 \u00b0C<\/td>\n<td>-29~538 \u00b0C<\/td>\n<td>-196~427 \u00b0C<\/td>\n<td>-196~427 \u00b0C<\/td>\n<td colspan=\"2\">-196~427 \u00b0C<\/td>\n<td colspan=\"2\">-196~427 \u00b0C<\/td>\n<td colspan=\"2\">-29~315 \u00b0C<\/td>\n<\/tr>\n<\/tbody>\n<\/table>\n<\/div>","protected":false},"excerpt":{"rendered":"<p>STV Valve Technology Group Co., Ltd este un lider profesionist din China, supap\u0103 de re\u021binere cu flan\u0219\u0103 cu dou\u0103 pl\u0103ci, supap\u0103 de re\u021binere cu arc, supap\u0103 de re\u021binere pentru napolitan\u0103, supap\u0103 de re\u021binere pentru napolitan\u0103, produc\u0103tor de supape de re\u021binere din o\u021bel inoxidabil, supap\u0103 de re\u021binere cu flan\u0219\u0103 dubl\u0103 cu pl\u0103ci 4A, flan\u0219\u0103 de 150 LB Supap\u0103 de re\u021binere pivotant\u0103 cu dou\u0103 pl\u0103ci, de \u00eenalt\u0103 calitate \u0219i pre\u021b competitiv.<\/p>","protected":false},"featured_media":6974,"template":"","meta":[],"product_brand":[],"product_cat":[46,84],"product_tag":[2035,2034,2032,227,2033,225,228],"class_list":{"0":"post-6973","1":"product","2":"type-product","3":"status-publish","4":"has-post-thumbnail","6":"product_cat-check-valves","7":"product_cat-wafer-check-valve","8":"product_tag-150lb-flange-dual-plate-swing-check-valve","9":"product_tag-4a-flange-dual-plate-swing-check-valve","10":"product_tag-china-flange-dual-plate-swing-check-valve","11":"product_tag-spring-loaded-check-valve","12":"product_tag-stainless-steel-check-valve-manufacturer","13":"product_tag-wafer-check-valve","14":"product_tag-wafer-swing-check-valve","16":"first","17":"instock","18":"shipping-taxable","19":"product-type-simple"},"_links":{"self":[{"href":"https:\/\/www.stvvalves.com\/ro\/wp-json\/wp\/v2\/product\/6973","targetHints":{"allow":["GET"]}}],"collection":[{"href":"https:\/\/www.stvvalves.com\/ro\/wp-json\/wp\/v2\/product"}],"about":[{"href":"https:\/\/www.stvvalves.com\/ro\/wp-json\/wp\/v2\/types\/product"}],"wp:featuredmedia":[{"embeddable":true,"href":"https:\/\/www.stvvalves.com\/ro\/wp-json\/wp\/v2\/media\/6974"}],"wp:attachment":[{"href":"https:\/\/www.stvvalves.com\/ro\/wp-json\/wp\/v2\/media?parent=6973"}],"wp:term":[{"taxonomy":"product_brand","embeddable":true,"href":"https:\/\/www.stvvalves.com\/ro\/wp-json\/wp\/v2\/product_brand?post=6973"},{"taxonomy":"product_cat","embeddable":true,"href":"https:\/\/www.stvvalves.com\/ro\/wp-json\/wp\/v2\/product_cat?post=6973"},{"taxonomy":"product_tag","embeddable":true,"href":"https:\/\/www.stvvalves.com\/ro\/wp-json\/wp\/v2\/product_tag?post=6973"}],"curies":[{"name":"wp","href":"https:\/\/api.w.org\/{rel}","templated":true}]}}