{"id":6983,"date":"2023-11-03T16:07:26","date_gmt":"2023-11-03T08:07:26","guid":{"rendered":"https:\/\/www.stvvalves.com\/?post_type=product&#038;p=6983"},"modified":"2023-11-03T16:07:27","modified_gmt":"2023-11-03T08:07:27","slug":"tilting-disc-check-valve-cf8m-body-150lb-4-inch","status":"publish","type":"product","link":"https:\/\/www.stvvalves.com\/ro\/products\/tilting-disc-check-valve-cf8m-body-150lb-4-inch\/","title":{"rendered":"Supap\u0103 de re\u021binere cu disc basculant, corp CF8M, 150 LB, 4 inchi"},"content":{"rendered":"<p>Supapa de re\u021binere a discului de \u00eenclinare a suprafe\u021bei de etan\u0219are este \u00eenclinat\u0103 fa\u021b\u0103 de ie\u0219ire cu un unghi mic de c\u0103dere pentru a reduce vibra\u021biile, \u00een timp ce \u00een corp exist\u0103 un dispozitiv de tamponare care poate tampona debitul pentru a preveni \u00eentoarcerea pompei \u0219i presiunea foarte mare a ciocanului de ariete.<br \/>\nSelec\u021bia diferitelor materiale se poate aplica mediului care implic\u0103 ap\u0103, abur, uleiuri, acid azotic, acetid\u0103, mediu puternic oxidant \u0219i uree etc.<\/p>\n<p><strong>Caracteristica structural\u0103<\/strong><\/p>\n<p>\u00cenchiderea rapid\u0103 a discului de supap\u0103, presiune sc\u0103zut\u0103 a ciocanului de ariete;<br \/>\nAplicabil \u0219i u\u0219or de instalat pentru conducte verticale sau orizontale;<br \/>\nPasaj de curgere lin\u0103 \u0219i rezisten\u021b\u0103 mic\u0103 la fluid;<br \/>\nAc\u021biune flexibil\u0103 \u0219i performan\u021b\u0103 bun\u0103 de etan\u0219are;<br \/>\nCurs\u0103 \u00eengust\u0103 a supapei \u0219i impact mic de \u00eenchidere;<br \/>\nStructur\u0103 integrat\u0103, simpl\u0103 \u0219i compact\u0103, \u00eentr-o form\u0103 frumoas\u0103;<br \/>\nDurat\u0103 lung\u0103 de via\u021b\u0103 \u0219i fiabilitate bun\u0103.<br \/>\nStructur\u0103 offset, cu lungime optim\u0103 fa\u021b\u0103 \u00een fa\u021b\u0103, care reduce rezisten\u021ba la curgere \u0219i elimin\u0103 supratensiunile de presiune. pentru a fi utilizat\u0103 pentru protejarea \u00eempotriva returului mediu.<\/p>\n<p><strong>Specifica\u021bia parametrului principal<\/strong><\/p>\n<p>Proiectare \u0219i fabrica\u021bie: API594<br \/>\nFa\u021b\u0103 \u00een fa\u021b\u0103 \u0219i cap\u0103t la cap\u0103t: API594<br \/>\nInspec\u021bie \u0219i testare: API598<\/p>\n<p><strong>Gam\u0103 de produse<\/strong><\/p>\n<p>Material corpului: o\u021bel carbon, o\u021bel inoxidabil, o\u021bel aliat, bronz<br \/>\nDiametru nominal: 2\u2033~24\u2033(DN50~DN600)<br \/>\nSf\u00e2r\u0219it conexiune: Wafer<br \/>\nInterval de presiune: Clasa 150 ~ 2500 (PN16 ~ PN150)<br \/>\nTemperatura de lucru: -196\u00baC ~ +560\u00baC<\/p>","protected":false},"excerpt":{"rendered":"<p>STV Valve Technology Group Co., Ltd este un lider profesionist din China Furnizor de supap\u0103 de re\u021binere a discului basculant, supap\u0103 de re\u021binere a discului inclinabil CF8M, supap\u0103 de re\u021binere a discului inclinabil de 150LB, supap\u0103 de re\u021binere a discului inclinabil de 4 inch, supap\u0103 de re\u021binere a discului basculant API 594 Produc\u0103tor de supape cu \u00eenalt\u0103 calitate \u0219i pre\u021b competitiv.<\/p>","protected":false},"featured_media":6984,"template":"","meta":[],"product_brand":[],"product_cat":[46,84],"product_tag":[2052,2053,2055,2051,2050,2054],"class_list":{"0":"post-6983","1":"product","2":"type-product","3":"status-publish","4":"has-post-thumbnail","6":"product_cat-check-valves","7":"product_cat-wafer-check-valve","8":"product_tag-150lb-tilting-disc-check-valve","9":"product_tag-4-inch-tilting-disc-check-valve","10":"product_tag-api-594-tilting-disc-check-valve-manufacturer","11":"product_tag-cf8m-tilting-disc-check-valve","12":"product_tag-china-tilting-disc-check-valve-supplier","13":"product_tag-metal-seat-tilting-disc-check-valve","15":"first","16":"instock","17":"shipping-taxable","18":"product-type-simple"},"_links":{"self":[{"href":"https:\/\/www.stvvalves.com\/ro\/wp-json\/wp\/v2\/product\/6983","targetHints":{"allow":["GET"]}}],"collection":[{"href":"https:\/\/www.stvvalves.com\/ro\/wp-json\/wp\/v2\/product"}],"about":[{"href":"https:\/\/www.stvvalves.com\/ro\/wp-json\/wp\/v2\/types\/product"}],"wp:featuredmedia":[{"embeddable":true,"href":"https:\/\/www.stvvalves.com\/ro\/wp-json\/wp\/v2\/media\/6984"}],"wp:attachment":[{"href":"https:\/\/www.stvvalves.com\/ro\/wp-json\/wp\/v2\/media?parent=6983"}],"wp:term":[{"taxonomy":"product_brand","embeddable":true,"href":"https:\/\/www.stvvalves.com\/ro\/wp-json\/wp\/v2\/product_brand?post=6983"},{"taxonomy":"product_cat","embeddable":true,"href":"https:\/\/www.stvvalves.com\/ro\/wp-json\/wp\/v2\/product_cat?post=6983"},{"taxonomy":"product_tag","embeddable":true,"href":"https:\/\/www.stvvalves.com\/ro\/wp-json\/wp\/v2\/product_tag?post=6983"}],"curies":[{"name":"wp","href":"https:\/\/api.w.org\/{rel}","templated":true}]}}