{"id":6995,"date":"2023-12-05T13:17:57","date_gmt":"2023-12-05T05:17:57","guid":{"rendered":"https:\/\/www.stvvalves.com\/?post_type=product&#038;p=6995"},"modified":"2024-03-21T09:27:04","modified_gmt":"2024-03-21T01:27:04","slug":"din-trunnion-mounted-ball-valve-dn450-pn16-wcb-rf-end","status":"publish","type":"product","link":"https:\/\/www.stvvalves.com\/ro\/products\/din-trunnion-mounted-ball-valve-dn450-pn16-wcb-rf-end\/","title":{"rendered":"DIN Trunnion Mounted Ball Valve,DN450,PN16,WCB,RF End"},"content":{"rendered":"<p>Produc\u0103tor, fabric\u0103 \u0219i furnizor de supape cu bil\u0103 montat\u0103 pe trunion ChinaCast.<\/p>\n<p><strong>Specifica\u021bii supapei cu bil\u0103 montate pe trunion turnat:<\/strong><\/p>\n<p>Material: A351 CF8M\/CF8\/CF3, A216 WCB, A352 LCB\/LCC<\/p>\n<p>Etan\u0219are: metal sau moale<\/p>\n<p>Presiune: ASME Class150~2500LBS (PN16~PN260)<\/p>\n<p>Dimensiune: NPS 2\u201d~48\u201d (50mm~1200mm)<\/p>\n<p>Conexiune: RF, RTJ, BW<\/p>\n<p>Func\u021bionare: p\u00e2rghie manual\u0103, cutie de viteze, pneumatic\u0103, electric\u0103<br \/>\n<strong>Supap\u0103 cu bil\u0103 montat\u0103 pe trunion turnat Standard:<\/strong><\/p>\n<p>Design: API6D, ASME B16.34, BS5351, ISO14313<\/p>\n<p>Protec\u021bie \u00eempotriva incendiilor: API607, API 6FA,<\/p>\n<p>Fa\u021b\u0103 \u00een fa\u021b\u0103: API 6D\/ ASME B16.10<\/p>\n<p>Capetele cu flan\u0219\u0103: ASME B16.5\/B16.47 \/MSS SP-44\/DIN\/EN1092-1\/GOST33259\/JIS<\/p>\n<p>BW se termin\u0103: ASME B16.25<\/p>\n<p>Test de inspec\u021bie: API 598, API6D, ISO5208, EN12266-1<\/p>\n<p>Evalu\u0103ri de temperatur\u0103: ASME B16.34<\/p>\n<p>Certificat: EN 10204 tip 3.1<\/p>\n<p>Marcaje: MSS SP25<\/p>\n<p>&nbsp;<\/p>\n<p><strong>Caracteristici ale supapei cu bil\u0103 montate pe trunion turnat:\u00a0<\/strong><br \/>\nCorp cu \u0219uruburi sau corp sudat, orificiu redus sau orificiu complet, bil\u0103 plutitoare sau trunnion, flux bidirec\u021bional, NACE MR-01-75, cuplu sc\u0103zut, cu pas complet sau cu orificiu redus, supap\u0103 cu bil\u0103 cu scaun din metal proiectat criogenic cu test la temperatur\u0103 sc\u0103zut\u0103 \u0219i testul de emisie fugitiv\u0103 sc\u0103zut\u0103 este disponibil.<\/p>\n<p>Etan\u0219are metal-metal de \u00eenalt\u0103 performan\u021b\u0103 f\u0103r\u0103 scurgeri.<\/p>\n<p>Aplica\u021bie la temperatur\u0103 ridicat\u0103 conceput\u0103 pentru particule solide.<\/p>","protected":false},"excerpt":{"rendered":"<p>STV Valve Technology Group Co., Ltd is a professional leader China DN450 Cast\u00a0 Steel Ball Valve,Cast Steel Trunnion Mounted Ball Valves, DIN Cast Steel Trunnion Mounted Ball Valves,2-Piece Trunnion Mounted Ball Valve,WCB Trunnion Mounted Ball Valve,PN16 Trunnion Mounted Ball Valve\u00a0 Manufacturer with high quality and competitive price.<\/p>","protected":false},"featured_media":7204,"template":"","meta":[],"product_brand":[],"product_cat":[43,56,80],"product_tag":[605,2069,2424,2425,2426,2070],"class_list":{"0":"post-6995","1":"product","2":"type-product","3":"status-publish","4":"has-post-thumbnail","6":"product_cat-ball-valve","7":"product_cat-trunnion-ball-valve","8":"product_cat-flange-ball-valve","9":"product_tag-2-piece-trunnion-mounted-ball-valve","10":"product_tag-cast-steel-trunnion-mounted-ball-valves","11":"product_tag-china-dn450-cast-steel-ball-valve","12":"product_tag-din-cast-steel-trunnion-mounted-ball-valves","13":"product_tag-pn16-trunnion-mounted-ball-valve-manufacturer","14":"product_tag-wcb-trunnion-mounted-ball-valve","16":"first","17":"instock","18":"shipping-taxable","19":"product-type-simple"},"_links":{"self":[{"href":"https:\/\/www.stvvalves.com\/ro\/wp-json\/wp\/v2\/product\/6995","targetHints":{"allow":["GET"]}}],"collection":[{"href":"https:\/\/www.stvvalves.com\/ro\/wp-json\/wp\/v2\/product"}],"about":[{"href":"https:\/\/www.stvvalves.com\/ro\/wp-json\/wp\/v2\/types\/product"}],"wp:featuredmedia":[{"embeddable":true,"href":"https:\/\/www.stvvalves.com\/ro\/wp-json\/wp\/v2\/media\/7204"}],"wp:attachment":[{"href":"https:\/\/www.stvvalves.com\/ro\/wp-json\/wp\/v2\/media?parent=6995"}],"wp:term":[{"taxonomy":"product_brand","embeddable":true,"href":"https:\/\/www.stvvalves.com\/ro\/wp-json\/wp\/v2\/product_brand?post=6995"},{"taxonomy":"product_cat","embeddable":true,"href":"https:\/\/www.stvvalves.com\/ro\/wp-json\/wp\/v2\/product_cat?post=6995"},{"taxonomy":"product_tag","embeddable":true,"href":"https:\/\/www.stvvalves.com\/ro\/wp-json\/wp\/v2\/product_tag?post=6995"}],"curies":[{"name":"wp","href":"https:\/\/api.w.org\/{rel}","templated":true}]}}