{"id":7002,"date":"2023-12-07T13:07:56","date_gmt":"2023-12-07T05:07:56","guid":{"rendered":"https:\/\/www.stvvalves.com\/?post_type=product&#038;p=7002"},"modified":"2023-12-07T13:07:58","modified_gmt":"2023-12-07T05:07:58","slug":"astm-a182-f53-y-strainer-11-2-inch-800-lb-sw-end","status":"publish","type":"product","link":"https:\/\/www.stvvalves.com\/ro\/products\/astm-a182-f53-y-strainer-11-2-inch-800-lb-sw-end\/","title":{"rendered":"Filtru ASTM A182 F53 Y, 11\/2 inch, 800 LB, cap\u0103t SW"},"content":{"rendered":"<p>Proiectare conform API602,BS5352<br \/>\nFace-to-Face\/End-to-End: Fabricare, ASME B16.10<br \/>\nDimensiuni flansa: ASME B16.5<br \/>\nCap\u0103t sudat: ASME B.16.25<br \/>\nSf\u00e2r\u0219it NPT: ANSI 1.20.1<br \/>\nTestare la API 598<\/p>\n<p>Dimensiune: 1\/4 &quot;~ 2&quot;<\/p>\n<p>Presiune nominal\u0103: clasa 150-2500LB<\/p>\n<p>Material caroserie: A105N, LF2, F304, F316, F11, F22, F5, F91, o\u021bel aliat etc. etc.<\/p>\n<p>Conexiunea final\u0103: NPT,BW,SW,RF,RTJ.<\/p>\n<p>Temperatura de lucru: -29\u2103~650\u2103<\/p>\n<table>\n<tbody>\n<tr>\n<td width=\"200\"><strong>numele produsului<\/strong><\/td>\n<td width=\"481\">Sita forjat\u0103 de tip Y<\/td>\n<\/tr>\n<tr>\n<td width=\"200\">1. Material<\/td>\n<td width=\"481\">F53<\/td>\n<\/tr>\n<tr>\n<td width=\"200\">2. Dimensiunea<\/td>\n<td width=\"481\">11\/2\u201d<\/td>\n<\/tr>\n<tr>\n<td width=\"200\">4. Port<\/td>\n<td width=\"481\">\u00a0Port reductor<\/td>\n<\/tr>\n<tr>\n<td width=\"200\">5. Presiunea de lucru<\/td>\n<td width=\"481\">800 lb<\/td>\n<\/tr>\n<tr>\n<td width=\"200\">6. Conexiunea se termin\u0103<\/td>\n<td width=\"481\">SW<\/td>\n<\/tr>\n<tr>\n<td width=\"200\">7. Temp. de lucru.<\/td>\n<td width=\"481\">-29~425\u00baC,<\/td>\n<\/tr>\n<tr>\n<td width=\"200\">8. Mediu potrivit<\/td>\n<td width=\"481\">Ap\u0103, gaze naturale, ulei \u0219i ceva lichid coroziv<\/td>\n<\/tr>\n<tr>\n<td width=\"200\">9. Operat<\/td>\n<td width=\"481\"><\/td>\n<\/tr>\n<tr>\n<td width=\"200\">10. Inspec\u021bie \u0219i testare<\/td>\n<td width=\"481\">Conform API598<\/td>\n<\/tr>\n<tr>\n<td width=\"200\"><strong>Expediere<\/strong><\/td>\n<td width=\"481\"><\/td>\n<\/tr>\n<tr>\n<td width=\"200\">Timpul de livrare<\/td>\n<td width=\"481\">30 de zile<\/td>\n<\/tr>\n<tr>\n<td width=\"200\">Pachet<\/td>\n<td width=\"481\">Carcas\u0103 standard de export de placaj<\/td>\n<\/tr>\n<tr>\n<td width=\"200\">Portul de expediere<\/td>\n<td width=\"481\">Ningbo\/Shanghai, China<\/td>\n<\/tr>\n<tr>\n<td width=\"200\">Termeni de livrare<\/td>\n<td width=\"481\">Exw, FOB, CFR, CIF etc.<\/td>\n<\/tr>\n<tr>\n<td width=\"200\">Termeni de plat\u0103<\/td>\n<td width=\"481\">T\/T, Western Union, PayPal etc.<\/td>\n<\/tr>\n<tr>\n<td width=\"200\"><\/td>\n<td width=\"481\">Plat\u0103 anticipat\u0103 30%, sold 70% pl\u0103tit \u00eenainte de expediere<\/td>\n<\/tr>\n<tr>\n<td width=\"200\">\u021aara de origine<\/td>\n<td width=\"481\">Ora\u0219ul Wenzhou, China<\/td>\n<\/tr>\n<tr>\n<td width=\"200\">Capacitatea de produc\u021bie<\/td>\n<td width=\"481\">6000 tone\/an<\/td>\n<\/tr>\n<tr>\n<td width=\"200\">MOQ<\/td>\n<td width=\"481\">1 buc\/dimensiune<\/td>\n<\/tr>\n<\/tbody>\n<\/table>","protected":false},"excerpt":{"rendered":"<p>Sita forjat\u0103 de tip Y din China. Sita Y ASTM A182 F51, fabrica de sit\u0103 Y ofer\u0103 sit\u0103 de tip Y de dimensiuni mici, ASTM A182 F51, 11\/2 inch, clasa 800, cap\u0103t SW X SW, inspec\u021bie de testare API 598.<\/p>","protected":false},"featured_media":7003,"template":"","meta":[],"product_brand":[],"product_cat":[48,964],"product_tag":[2084,2085,2086,2087,2082,2083],"class_list":{"0":"post-7002","1":"product","2":"type-product","3":"status-publish","4":"has-post-thumbnail","6":"product_cat-y-strainer","7":"product_cat-forged-steel-y-type-strainer","8":"product_tag-11-2-astm-a182-f51-y-strainer","9":"product_tag-800lb-forged-y-type-strainer","10":"product_tag-astm-a182-f51-y-strainer","11":"product_tag-china-forged-y-type-strainer","12":"product_tag-y-strainer-factory","13":"product_tag-y-sw-end-forged-y-type-strainer","15":"first","16":"instock","17":"shipping-taxable","18":"product-type-simple"},"_links":{"self":[{"href":"https:\/\/www.stvvalves.com\/ro\/wp-json\/wp\/v2\/product\/7002","targetHints":{"allow":["GET"]}}],"collection":[{"href":"https:\/\/www.stvvalves.com\/ro\/wp-json\/wp\/v2\/product"}],"about":[{"href":"https:\/\/www.stvvalves.com\/ro\/wp-json\/wp\/v2\/types\/product"}],"wp:featuredmedia":[{"embeddable":true,"href":"https:\/\/www.stvvalves.com\/ro\/wp-json\/wp\/v2\/media\/7003"}],"wp:attachment":[{"href":"https:\/\/www.stvvalves.com\/ro\/wp-json\/wp\/v2\/media?parent=7002"}],"wp:term":[{"taxonomy":"product_brand","embeddable":true,"href":"https:\/\/www.stvvalves.com\/ro\/wp-json\/wp\/v2\/product_brand?post=7002"},{"taxonomy":"product_cat","embeddable":true,"href":"https:\/\/www.stvvalves.com\/ro\/wp-json\/wp\/v2\/product_cat?post=7002"},{"taxonomy":"product_tag","embeddable":true,"href":"https:\/\/www.stvvalves.com\/ro\/wp-json\/wp\/v2\/product_tag?post=7002"}],"curies":[{"name":"wp","href":"https:\/\/api.w.org\/{rel}","templated":true}]}}