{"id":7011,"date":"2023-12-07T14:53:27","date_gmt":"2023-12-07T06:53:27","guid":{"rendered":"https:\/\/www.stvvalves.com\/?post_type=product&#038;p=7011"},"modified":"2024-12-24T19:13:56","modified_gmt":"2024-12-24T11:13:56","slug":"2-pc-ball-valve-6000-wog-cf8m-316-trim-weld-bonnet","status":"publish","type":"product","link":"https:\/\/www.stvvalves.com\/ro\/products\/2-pc-ball-valve-6000-wog-cf8m-316-trim-weld-bonnet\/","title":{"rendered":"Supap\u0103 cu bil\u0103 2-PC 6000 WOG, CF8M, 316 Trim, capot\u0103 sudur\u0103"},"content":{"rendered":"<p>Design caroserie din 2 piese<br \/>\nSupap\u0103 cu bil\u0103 din 2 piese 6000wog<br \/>\nSupap\u0103 cu bil\u0103 cu cataram\u0103 din s\u00e2rm\u0103 de o\u021bel forjat\u0103, cu pasaj complet<br \/>\nAcest produs este specializat \u00een furnizarea clien\u021bilor de echipamente pentru conducte de petrol.<br \/>\nInterval de presiune: 6000 wog<br \/>\nGama de dimensiuni: DN15-DN50<br \/>\nInterval de temperatur\u0103: -29 ~ 220 \u2103<br \/>\nGama de materiale aplicabile: A105\/SS304\/SS316\/o\u021bel inoxidabil duplex 2205 etc.<br \/>\nDomeniul de aplicare pentru metoda de conectare: BSPT\/NPT\/ISO7-1<\/p>\n<p>Design \u0219i fabrica\u021bie standard: API 608, API 607, API 6D, BS 5351<\/p>\n<p>Std. fa\u021b\u0103 \u00een fa\u021b\u0103: API B16.10, API 6D, DIN 3202<br \/>\nStd. conexiune final\u0103: NPT, BSP, BSPT, DIN259\/2999<\/p>\n<p>Standard de testare: ISO5208, API 6D, BS 6755, API598<br \/>\nMaterial caroserie: A105, F304, F316<\/p>\n<p>Scaun: RPTFE, PPL, Nylon<\/p>\n<p>Temperatura de lucru: -40-180\u2103<\/p>\n<p>Potrivit: ap\u0103, ulei, gaz<\/p>\n<table>\n<tbody>\n<tr>\n<td width=\"200\"><strong>numele produsului<\/strong><\/td>\n<td width=\"481\">Supap\u0103 cu bil\u0103 2-PC 6000 WOG, CF8M, 316 Trim, capot\u0103 sudur\u0103<\/td>\n<\/tr>\n<tr>\n<td width=\"200\">1. Material<\/td>\n<td width=\"481\">CF8M<\/td>\n<\/tr>\n<tr>\n<td width=\"200\">2. Dimensiunea<\/td>\n<td width=\"481\">1\u201d<\/td>\n<\/tr>\n<tr>\n<td width=\"200\">4. Port<\/td>\n<td width=\"481\">Port complet<\/td>\n<\/tr>\n<tr>\n<td width=\"200\">5. Presiunea de lucru<\/td>\n<td width=\"481\">6000 wog<\/td>\n<\/tr>\n<tr>\n<td width=\"200\">6. Conexiunea se termin\u0103<\/td>\n<td width=\"481\">NPT<\/td>\n<\/tr>\n<tr>\n<td width=\"200\">7. Temp. de lucru.<\/td>\n<td width=\"481\">-29~120\u00baC,<\/td>\n<\/tr>\n<tr>\n<td width=\"200\">8. Mediu potrivit<\/td>\n<td width=\"481\">Ap\u0103, gaze naturale, ulei \u0219i ceva lichid coroziv<\/td>\n<\/tr>\n<tr>\n<td width=\"200\">9. Operat<\/td>\n<td width=\"481\">Roat\u0103 de m\u00e2n\u0103<\/td>\n<\/tr>\n<tr>\n<td width=\"200\">10. Inspec\u021bie \u0219i testare<\/td>\n<td width=\"481\">Conform API598<\/td>\n<\/tr>\n<tr>\n<td width=\"200\"><strong>Expediere<\/strong><\/td>\n<td width=\"481\"><\/td>\n<\/tr>\n<tr>\n<td width=\"200\">Timpul de livrare<\/td>\n<td width=\"481\">30 de zile<\/td>\n<\/tr>\n<tr>\n<td width=\"200\">Pachet<\/td>\n<td width=\"481\">Carcas\u0103 standard de export de placaj<\/td>\n<\/tr>\n<tr>\n<td width=\"200\">Portul de expediere<\/td>\n<td width=\"481\">Ningbo\/Shanghai, China<\/td>\n<\/tr>\n<tr>\n<td width=\"200\">Termeni de livrare<\/td>\n<td width=\"481\">Exw, FOB, CFR, CIF etc.<\/td>\n<\/tr>\n<tr>\n<td width=\"200\">Termeni de plat\u0103<\/td>\n<td width=\"481\">T\/T, Western Union, PayPal etc.<\/td>\n<\/tr>\n<tr>\n<td width=\"200\"><\/td>\n<td width=\"481\">Plat\u0103 anticipat\u0103 30%, sold 70% pl\u0103tit \u00eenainte de expediere<\/td>\n<\/tr>\n<tr>\n<td width=\"200\">\u021aara de origine<\/td>\n<td width=\"481\">Ora\u0219ul Wenzhou, China<\/td>\n<\/tr>\n<tr>\n<td width=\"200\">Capacitatea de produc\u021bie<\/td>\n<td width=\"481\">6000 tone\/an<\/td>\n<\/tr>\n<tr>\n<td width=\"200\">MOQ<\/td>\n<td width=\"481\">1 buc\/dimensiune<\/td>\n<\/tr>\n<\/tbody>\n<\/table>","protected":false},"excerpt":{"rendered":"<p>STV Valve Technology Group Co., Ltd este un lider profesionist din China 2-PC Robinet cu bil\u0103 6000 WOG, CF8M 6000 WOG Robinet cu bil\u0103, Supap\u0103 cu bil\u0103 316 Trim, Supap\u0103 cu bil\u0103 pentru capot\u0103 sudur\u0103, Supap\u0103 cu bil\u0103 pentru 2 PC, Peek Seat 2-PC Supap\u0103, supap\u0103 cu bil\u0103 de \u00eenalt\u0103 presiune, supap\u0103 cu bil\u0103 cu filet, produc\u0103tor din China de supape cu bil\u0103 din o\u021bel forjat cu \u00eenalt\u0103 calitate \u0219i pre\u021b competitiv.<\/p>","protected":false},"featured_media":7012,"template":"","meta":[],"product_brand":[],"product_cat":[43,78,79],"product_tag":[2105,2103,2102,2101,2100,208,2098,2099,2104],"class_list":{"0":"post-7011","1":"product","2":"type-product","3":"status-publish","4":"has-post-thumbnail","6":"product_cat-ball-valve","7":"product_cat-floating-ball-valve","8":"product_cat-threaded-ball-valve","9":"product_tag-2-pc-ball-valve","10":"product_tag-316-trim-ball-valve","11":"product_tag-cf8m-6000-wog-ball-valve","12":"product_tag-china-2-pc-ball-valve-6000-wog","13":"product_tag-china-forged-steel-ball-valve-manufacturer","14":"product_tag-high-pressure-ball-valve","15":"product_tag-peek-seat-2-pc-ball-valve","16":"product_tag-thread-ball-valve","17":"product_tag-weld-bonnet-ball-valve","19":"first","20":"instock","21":"shipping-taxable","22":"product-type-simple"},"_links":{"self":[{"href":"https:\/\/www.stvvalves.com\/ro\/wp-json\/wp\/v2\/product\/7011","targetHints":{"allow":["GET"]}}],"collection":[{"href":"https:\/\/www.stvvalves.com\/ro\/wp-json\/wp\/v2\/product"}],"about":[{"href":"https:\/\/www.stvvalves.com\/ro\/wp-json\/wp\/v2\/types\/product"}],"wp:featuredmedia":[{"embeddable":true,"href":"https:\/\/www.stvvalves.com\/ro\/wp-json\/wp\/v2\/media\/7012"}],"wp:attachment":[{"href":"https:\/\/www.stvvalves.com\/ro\/wp-json\/wp\/v2\/media?parent=7011"}],"wp:term":[{"taxonomy":"product_brand","embeddable":true,"href":"https:\/\/www.stvvalves.com\/ro\/wp-json\/wp\/v2\/product_brand?post=7011"},{"taxonomy":"product_cat","embeddable":true,"href":"https:\/\/www.stvvalves.com\/ro\/wp-json\/wp\/v2\/product_cat?post=7011"},{"taxonomy":"product_tag","embeddable":true,"href":"https:\/\/www.stvvalves.com\/ro\/wp-json\/wp\/v2\/product_tag?post=7011"}],"curies":[{"name":"wp","href":"https:\/\/api.w.org\/{rel}","templated":true}]}}