{"id":7015,"date":"2023-12-07T15:32:05","date_gmt":"2023-12-07T07:32:05","guid":{"rendered":"https:\/\/www.stvvalves.com\/?post_type=product&#038;p=7015"},"modified":"2024-12-24T19:13:00","modified_gmt":"2024-12-24T11:13:00","slug":"2-pc-ball-valve-2000-wog-cf8m-2-iinch-weld-bonnet","status":"publish","type":"product","link":"https:\/\/www.stvvalves.com\/ro\/products\/2-pc-ball-valve-2000-wog-cf8m-2-iinch-weld-bonnet\/","title":{"rendered":"Supap\u0103 cu bil\u0103 pentru 2 buc\u0103\u021bi 2000 WOG, CF8M, 2 inch, capot\u0103 sudat\u0103"},"content":{"rendered":"<p>SUPAP\u0102 SUR\u0102 BIL\u0102 2 BU\u021aI, supap\u0103 cu bil\u0103 cu PORT COMPLET, 2000 WOG<br \/>\n1). INVESTMENT CASTING CORP<br \/>\n2).PRESIUNE DE UTILIZARE: 3000 psi<br \/>\n3).CU DISPOZITIV DE BLOCARE<br \/>\n4).PRESIUNEA DE TEST:<br \/>\nCARCASA: 4500 PSI (HIDROSTATIC)<br \/>\n5). SAC: 100 PSI (AER)<br \/>\n6). DESIGN DE TULPIE rezist la explozie<br \/>\n7). CONECTARE CAPAT: NPT,BSPT,BSP,DIN<br \/>\n8). DIMENSIUNE: 1\/4\u2033-2\u2033<\/p>","protected":false},"excerpt":{"rendered":"<p>STV Valve Technology Group Co., Ltd este un lider profesionist din China 2-PC Robinet cu bil\u0103 2000 WOG, CF8M 3000 WOG Robinet cu bil\u0103, Supap\u0103 cu bil\u0103 316 Trim, Supap\u0103 cu bil\u0103 de 2 inci, Supap\u0103 cu bil\u0103 pentru capot\u0103 de sudur\u0103, Supap\u0103 cu bil\u0103 pentru 2 PC, Peek Supap\u0103 cu bil\u0103 cu scaun 2-PC, supap\u0103 cu bil\u0103 de \u00eenalt\u0103 presiune, supap\u0103 cu bil\u0103 cu filet, produc\u0103tor de supape cu bil\u0103 FULL PORT din China cu \u00eenalt\u0103 calitate \u0219i pre\u021b competitiv.<\/p>","protected":false},"featured_media":7016,"template":"","meta":[],"product_brand":[],"product_cat":[43,78,79],"product_tag":[158,2105,2103,2107,2109,2108,208,2098,2099,2104],"class_list":{"0":"post-7015","1":"product","2":"type-product","3":"status-publish","4":"has-post-thumbnail","6":"product_cat-ball-valve","7":"product_cat-floating-ball-valve","8":"product_cat-threaded-ball-valve","9":"product_tag-2-inch-ball-valve","10":"product_tag-2-pc-ball-valve","11":"product_tag-316-trim-ball-valve","12":"product_tag-cf8m-3000-wog-ball-valve","13":"product_tag-china-2-pc-ball-valve-2000-wog","14":"product_tag-china-full-port-ball-valve-manufacturer","15":"product_tag-high-pressure-ball-valve","16":"product_tag-peek-seat-2-pc-ball-valve","17":"product_tag-thread-ball-valve","18":"product_tag-weld-bonnet-ball-valve","20":"first","21":"instock","22":"shipping-taxable","23":"product-type-simple"},"_links":{"self":[{"href":"https:\/\/www.stvvalves.com\/ro\/wp-json\/wp\/v2\/product\/7015","targetHints":{"allow":["GET"]}}],"collection":[{"href":"https:\/\/www.stvvalves.com\/ro\/wp-json\/wp\/v2\/product"}],"about":[{"href":"https:\/\/www.stvvalves.com\/ro\/wp-json\/wp\/v2\/types\/product"}],"wp:featuredmedia":[{"embeddable":true,"href":"https:\/\/www.stvvalves.com\/ro\/wp-json\/wp\/v2\/media\/7016"}],"wp:attachment":[{"href":"https:\/\/www.stvvalves.com\/ro\/wp-json\/wp\/v2\/media?parent=7015"}],"wp:term":[{"taxonomy":"product_brand","embeddable":true,"href":"https:\/\/www.stvvalves.com\/ro\/wp-json\/wp\/v2\/product_brand?post=7015"},{"taxonomy":"product_cat","embeddable":true,"href":"https:\/\/www.stvvalves.com\/ro\/wp-json\/wp\/v2\/product_cat?post=7015"},{"taxonomy":"product_tag","embeddable":true,"href":"https:\/\/www.stvvalves.com\/ro\/wp-json\/wp\/v2\/product_tag?post=7015"}],"curies":[{"name":"wp","href":"https:\/\/api.w.org\/{rel}","templated":true}]}}