{"id":7041,"date":"2024-01-29T21:47:12","date_gmt":"2024-01-29T13:47:12","guid":{"rendered":"https:\/\/www.stvvalves.com\/?post_type=product&#038;p=7041"},"modified":"2024-12-24T19:22:22","modified_gmt":"2024-12-24T11:22:22","slug":"astm-a216-wcb-eccentric-butterfly-valve-20-inch-150-lb-flange-end","status":"publish","type":"product","link":"https:\/\/www.stvvalves.com\/ro\/products\/astm-a216-wcb-eccentric-butterfly-valve-20-inch-150-lb-flange-end\/","title":{"rendered":"ASTM A216 WCB Eccentric Butterfly Valve,20 Inch,150 LB,Flange End"},"content":{"rendered":"<p>Proiectare \u0219i fabrica\u021bie: API 609<\/p>\n<p>Dimensiune fa\u021b\u0103 \u00een fa\u021b\u0103: API609, ISO5752, ASME B16.10<\/p>\n<p>Dimensiunea conexiunii flan\u0219ei: ASME B16.5, ASME B16.47<\/p>\n<p>Test \u0219i inspec\u021bie: API 598<\/p>\n<p>Evaluare de temperatur\u0103 a presiunii: API 609, ASME B16.34<br \/>\nGam\u0103 de produse<\/p>\n<p>Material corpului: o\u021bel turnat, o\u021bel inoxidabil, monel<\/p>\n<p>Diametru nominal: 2\u2033~120\u2033 (DN50~DN3000)<\/p>\n<p>Conexiune final\u0103: flan\u0219\u0103 dubl\u0103, napolitan\u0103, umplutur\u0103, etc<\/p>\n<p>Interval de presiune: Clasa 150 ~ 600 (PN16 ~ PN100)<\/p>\n<p>Temperatura de lucru: -46\u2103 ~ +550\u2103<\/p>\n<p>Func\u021bionare: m\u00e2ner, angrenaj, actuator electric etc<\/p>\n<table>\n<tbody>\n<tr>\n<td width=\"200\"><strong><b>numele produsului<\/b><\/strong><\/td>\n<td width=\"481\">ASTM A216 WCB Eccentric Butterfly Valve,20 Inch,150 LB,Flange End<\/td>\n<\/tr>\n<tr>\n<td width=\"200\">1. Material<\/td>\n<td width=\"481\">WCB<\/td>\n<\/tr>\n<tr>\n<td width=\"200\">2. Dimensiunea<\/td>\n<td width=\"481\">20\u201d<\/td>\n<\/tr>\n<tr>\n<td width=\"200\">4. Port<\/td>\n<td width=\"481\">Port complet<\/td>\n<\/tr>\n<tr>\n<td width=\"200\">5. Presiunea de lucru<\/td>\n<td width=\"481\">150 lb<\/td>\n<\/tr>\n<tr>\n<td width=\"200\">6. Conexiunea se termin\u0103<\/td>\n<td width=\"481\">Flan\u0219\u0103<\/td>\n<\/tr>\n<tr>\n<td width=\"200\">7. Temp. de lucru.<\/td>\n<td width=\"481\">-29~425\u00baC,<\/td>\n<\/tr>\n<tr>\n<td width=\"200\">8. Mediu potrivit<\/td>\n<td width=\"481\">Ap\u0103, gaze naturale, ulei \u0219i ceva lichid coroziv<\/td>\n<\/tr>\n<tr>\n<td width=\"200\">9. Operat<\/td>\n<td width=\"481\">Cutie de viteze<\/td>\n<\/tr>\n<tr>\n<td width=\"200\">10. Inspec\u021bie \u0219i testare<\/td>\n<td width=\"481\">Conform API 598<\/td>\n<\/tr>\n<tr>\n<td width=\"200\">Expediere<\/td>\n<td width=\"481\"><\/td>\n<\/tr>\n<tr>\n<td width=\"200\">Timpul de livrare<\/td>\n<td width=\"481\">30 de zile<\/td>\n<\/tr>\n<tr>\n<td width=\"200\">Pachet<\/td>\n<td width=\"481\">Carcas\u0103 standard de export de placaj<\/td>\n<\/tr>\n<tr>\n<td width=\"200\">Portul de expediere<\/td>\n<td width=\"481\">Ningbo\/Shanghai, China<\/td>\n<\/tr>\n<tr>\n<td width=\"200\">Termeni de livrare<\/td>\n<td width=\"481\">Exw, FOB, CFR, CIF etc.<\/td>\n<\/tr>\n<tr>\n<td width=\"200\">Termeni de plat\u0103<\/td>\n<td width=\"481\">T\/T, Western Union, PayPal etc.<\/td>\n<\/tr>\n<tr>\n<td width=\"200\"><\/td>\n<td width=\"481\">Plat\u0103 anticipat\u0103 30%, sold 70% pl\u0103tit \u00eenainte de expediere<\/td>\n<\/tr>\n<tr>\n<td width=\"200\">\u021aara de origine<\/td>\n<td width=\"481\">Ora\u0219ul Wenzhou, China<\/td>\n<\/tr>\n<tr>\n<td width=\"200\">Capacitatea de produc\u021bie<\/td>\n<td width=\"481\">6000 tone\/an<\/td>\n<\/tr>\n<tr>\n<td width=\"200\">MOQ<\/td>\n<td width=\"481\">10 buc\/dimensiune<\/td>\n<\/tr>\n<\/tbody>\n<\/table>","protected":false},"excerpt":{"rendered":"<p>STV Valve Technology Group Co., Ltd is a professional leader China A216 WCB Eccentric Butterfly Valve,High performance Butterfly Valves,Flange End Butterfly Valves,150 LB Triple Eccentric Butterfly Valve,20 Inch Flange End Butterfly Valve,Worm Gear Wafer Butterfly Valve Manufacture with high quality and competitive price .<\/p>","protected":false},"featured_media":7044,"template":"","meta":[],"product_brand":[],"product_cat":[965,972],"product_tag":[2149,2150,2147,2148,732,2151],"class_list":{"0":"post-7041","1":"product","2":"type-product","3":"status-publish","4":"has-post-thumbnail","6":"product_cat-butterfly-valve","7":"product_cat-flange-butterfly-valve","8":"product_tag-150-lb-triple-eccentric-butterfly-valve","9":"product_tag-20-inch-flange-end-butterfly-valve","10":"product_tag-china-a216-wcb-eccentric-butterfly-valve","11":"product_tag-flange-end-butterfly-valves","12":"product_tag-high-performance-butterfly-valves","13":"product_tag-worm-gear-wafer-butterfly-valve-manufacture","15":"first","16":"instock","17":"shipping-taxable","18":"product-type-simple"},"_links":{"self":[{"href":"https:\/\/www.stvvalves.com\/ro\/wp-json\/wp\/v2\/product\/7041","targetHints":{"allow":["GET"]}}],"collection":[{"href":"https:\/\/www.stvvalves.com\/ro\/wp-json\/wp\/v2\/product"}],"about":[{"href":"https:\/\/www.stvvalves.com\/ro\/wp-json\/wp\/v2\/types\/product"}],"wp:featuredmedia":[{"embeddable":true,"href":"https:\/\/www.stvvalves.com\/ro\/wp-json\/wp\/v2\/media\/7044"}],"wp:attachment":[{"href":"https:\/\/www.stvvalves.com\/ro\/wp-json\/wp\/v2\/media?parent=7041"}],"wp:term":[{"taxonomy":"product_brand","embeddable":true,"href":"https:\/\/www.stvvalves.com\/ro\/wp-json\/wp\/v2\/product_brand?post=7041"},{"taxonomy":"product_cat","embeddable":true,"href":"https:\/\/www.stvvalves.com\/ro\/wp-json\/wp\/v2\/product_cat?post=7041"},{"taxonomy":"product_tag","embeddable":true,"href":"https:\/\/www.stvvalves.com\/ro\/wp-json\/wp\/v2\/product_tag?post=7041"}],"curies":[{"name":"wp","href":"https:\/\/api.w.org\/{rel}","templated":true}]}}