{"id":7062,"date":"2024-01-30T16:50:00","date_gmt":"2024-01-30T08:50:00","guid":{"rendered":"https:\/\/www.stvvalves.com\/?post_type=product&#038;p=7062"},"modified":"2024-01-30T16:50:01","modified_gmt":"2024-01-30T08:50:01","slug":"f11-forged-steel-y-strainer-150lb-butt-weld-end","status":"publish","type":"product","link":"https:\/\/www.stvvalves.com\/ro\/products\/f11-forged-steel-y-strainer-150lb-butt-weld-end\/","title":{"rendered":"F11 Forged Steel Y Strainer,150LB, Butt Weld End"},"content":{"rendered":"<p>1. Capot\u0103 \u0219urub, capot\u0103 \u0219urub,<br \/>\nCapot\u0103 sudat\u0103 cap la cap<br \/>\n2. Port complet \u0219i Port de reducere<br \/>\n3. Un capac filetat \u0219i de etan\u0219are la presiune<br \/>\n4. Materialele sunt conforme cu ANSI\/ASTM<\/p>\n<p>Standard: 1. Standard de proiectare: API602,BS5352<br \/>\n2. Material Presiune-Temperatura Standard: ASME B16.34<br \/>\n3. Standard de dimensiuni fa\u021b\u0103 \u00een fa\u021b\u0103: ASME B16.10<br \/>\n4. Standard de dimensiune a flan\u0219ei: ASME B16.5<br \/>\n5. Capetele sudate cu muf\u0103 sunt conforme cu ANSI B16.11<br \/>\n6. Capetele \u0219uruburilor sunt conforme cu ANSI B1.20.1<br \/>\n7. Standard de inspec\u021bie \u0219i testare: API598<\/p>\n<p>&nbsp;<\/p>\n<p>Dimensiune: 1\/4 &quot;~ 2&quot;<\/p>\n<p>Presiune nominal\u0103: clasa 150-2500LB<\/p>\n<p>Material caroserie: ASTM A105, ASTM A182 LF2, ASTM A182 F11, ASTM A182 F22, ASTM A182 F51, ASTM A182 F91, ASTM A182 F304, ASTM A182 F316, ASTM A182 F304L, ASTM A182 F304L, etc.<\/p>\n<p>Conexiunea final\u0103: NPT,BW,SW,RF,RTJ.<\/p>\n<p>Temperatura de lucru: -29\u2103~650\u2103<\/p>\n<table>\n<tbody>\n<tr>\n<td width=\"200\"><strong>numele produsului<\/strong><\/td>\n<td width=\"481\">F11 Forged Steel Y Strainer,150LB, Butt Weld End<\/td>\n<\/tr>\n<tr>\n<td width=\"200\">1. Material<\/td>\n<td width=\"481\">F11<\/td>\n<\/tr>\n<tr>\n<td width=\"200\">2. Dimensiunea<\/td>\n<td width=\"481\">1\u201d<\/td>\n<\/tr>\n<tr>\n<td width=\"200\">4. Port<\/td>\n<td width=\"481\">\u00a0Port reductor<\/td>\n<\/tr>\n<tr>\n<td width=\"200\">5. Presiunea de lucru<\/td>\n<td width=\"481\">150 lb<\/td>\n<\/tr>\n<tr>\n<td width=\"200\">6. Conexiunea se termin\u0103<\/td>\n<td width=\"481\">BW<\/td>\n<\/tr>\n<tr>\n<td width=\"200\">7. Temp. de lucru.<\/td>\n<td width=\"481\">-29~520\u00baC,<\/td>\n<\/tr>\n<tr>\n<td width=\"200\">8. Mediu potrivit<\/td>\n<td width=\"481\">Ap\u0103, gaze naturale, ulei \u0219i ceva lichid coroziv<\/td>\n<\/tr>\n<tr>\n<td width=\"200\">9. Operat<\/td>\n<td width=\"481\"><\/td>\n<\/tr>\n<tr>\n<td width=\"200\">10. Inspec\u021bie \u0219i testare<\/td>\n<td width=\"481\">Conform API598<\/td>\n<\/tr>\n<tr>\n<td width=\"200\"><strong>Expediere<\/strong><\/td>\n<td width=\"481\"><\/td>\n<\/tr>\n<tr>\n<td width=\"200\">Timpul de livrare<\/td>\n<td width=\"481\">30 de zile<\/td>\n<\/tr>\n<tr>\n<td width=\"200\">Pachet<\/td>\n<td width=\"481\">Carcas\u0103 standard de export de placaj<\/td>\n<\/tr>\n<tr>\n<td width=\"200\">Portul de expediere<\/td>\n<td width=\"481\">Ningbo\/Shanghai, China<\/td>\n<\/tr>\n<tr>\n<td width=\"200\">Termeni de livrare<\/td>\n<td width=\"481\">Exw, FOB, CFR, CIF etc.<\/td>\n<\/tr>\n<tr>\n<td width=\"200\">Termeni de plat\u0103<\/td>\n<td width=\"481\">T\/T, Western Union, PayPal etc.<\/td>\n<\/tr>\n<tr>\n<td width=\"200\"><\/td>\n<td width=\"481\">Plat\u0103 anticipat\u0103 30%, sold 70% pl\u0103tit \u00eenainte de expediere<\/td>\n<\/tr>\n<tr>\n<td width=\"200\">\u021aara de origine<\/td>\n<td width=\"481\">Ora\u0219ul Wenzhou, China<\/td>\n<\/tr>\n<tr>\n<td width=\"200\">Capacitatea de produc\u021bie<\/td>\n<td width=\"481\">6000 tone\/an<\/td>\n<\/tr>\n<tr>\n<td width=\"200\">MOQ<\/td>\n<td width=\"481\">1 buc\/dimensiune<\/td>\n<\/tr>\n<\/tbody>\n<\/table>","protected":false},"excerpt":{"rendered":"<p>STV Valve Technology Group Co., Ltd is a professional leader China Forged Steel Y Strainer,FORGED STEEL CLASS 2500 \u201cY\u201d TYPE WELDED COVER STRAINER,Forged Steel Y Type Strainer,F11 Y Type Strainer,Class 150Lb Y- Type Strainers,Forged Steel Y-Pattern Strainer,NPT or BW END,Y Type Strainers and Filters,Y-type strainer Manufacturer with high quality and competitive price.<\/p>","protected":false},"featured_media":7063,"template":"","meta":[],"product_brand":[],"product_cat":[48,964],"product_tag":[2189,2191,2190,283,284,281,286,287,2192],"class_list":{"0":"post-7062","1":"product","2":"type-product","3":"status-publish","4":"has-post-thumbnail","6":"product_cat-y-strainer","7":"product_cat-forged-steel-y-type-strainer","8":"product_tag-china-forged-steel-y-strainer","9":"product_tag-class-150lb-y-type-strainers","10":"product_tag-f11-y-type-strainer","11":"product_tag-forged-steel-class-2500-y-type-welded-cover-strainer","12":"product_tag-forged-steel-y-type-strainer","13":"product_tag-forged-steel-y-pattern-strainer","14":"product_tag-npt-or-bw-end","15":"product_tag-y-type-strainers-and-filters","16":"product_tag-y-type-strainer-manufacturer","18":"first","19":"instock","20":"shipping-taxable","21":"product-type-simple"},"_links":{"self":[{"href":"https:\/\/www.stvvalves.com\/ro\/wp-json\/wp\/v2\/product\/7062","targetHints":{"allow":["GET"]}}],"collection":[{"href":"https:\/\/www.stvvalves.com\/ro\/wp-json\/wp\/v2\/product"}],"about":[{"href":"https:\/\/www.stvvalves.com\/ro\/wp-json\/wp\/v2\/types\/product"}],"wp:featuredmedia":[{"embeddable":true,"href":"https:\/\/www.stvvalves.com\/ro\/wp-json\/wp\/v2\/media\/7063"}],"wp:attachment":[{"href":"https:\/\/www.stvvalves.com\/ro\/wp-json\/wp\/v2\/media?parent=7062"}],"wp:term":[{"taxonomy":"product_brand","embeddable":true,"href":"https:\/\/www.stvvalves.com\/ro\/wp-json\/wp\/v2\/product_brand?post=7062"},{"taxonomy":"product_cat","embeddable":true,"href":"https:\/\/www.stvvalves.com\/ro\/wp-json\/wp\/v2\/product_cat?post=7062"},{"taxonomy":"product_tag","embeddable":true,"href":"https:\/\/www.stvvalves.com\/ro\/wp-json\/wp\/v2\/product_tag?post=7062"}],"curies":[{"name":"wp","href":"https:\/\/api.w.org\/{rel}","templated":true}]}}