{"id":7085,"date":"2024-02-01T21:38:31","date_gmt":"2024-02-01T13:38:31","guid":{"rendered":"https:\/\/www.stvvalves.com\/?post_type=product&#038;p=7085"},"modified":"2024-12-07T09:25:43","modified_gmt":"2024-12-07T01:25:43","slug":"astm-b148-c95500-globe-valve-bs1878-14-inch-150-lb-rf","status":"publish","type":"product","link":"https:\/\/www.stvvalves.com\/ro\/products\/astm-b148-c95500-globe-valve-bs1878-14-inch-150-lb-rf\/","title":{"rendered":"ASTM B148 C95500 Globe Valve,BS1878,14 Inch,150 LB,RF"},"content":{"rendered":"<div class=\"summary entry-summary\"><\/div>\n<div class=\"woocommerce-tabs wc-tabs-wrapper\">\n<div id=\"tab-description\" class=\"woocommerce-Tabs-panel woocommerce-Tabs-panel--description panel entry-content wc-tab\" role=\"tabpanel\" aria-labelledby=\"tab-title-description\">\n<p><strong>Standarde aplicabile:\u00a0\u00a0\u00a0\u00a0\u00a0\u00a0<\/strong><br \/>\nSupap\u0103 cu glob, BS1878\/ASME B16.34<br \/>\nSupape din o\u021bel, ASME B16.34<br \/>\nFa\u021b\u0103 \u00een fa\u021b\u0103 ASME B16.10<br \/>\nFlanse de cap\u0103t ASME B16.5\/ASME B16.47<br \/>\nCapetele de sudare cap la cap ASME B16.25<br \/>\nInspec\u021bie \u0219i testare API 598<\/p>\n<p><strong>Material:\u00a0<\/strong>C95800,C95400,C95500,C83600,<br \/>\n<strong>Gama de dimensiuni:<\/strong>\u00a02\u2033~36\u2033<br \/>\n<strong>Evaluare presiune:\u00a0<\/strong>ASME CL, 150, 300, 600, 900, 1500, 2500<br \/>\n<strong>Interval de temperatur\u0103:<\/strong>\u00a0-196\u2103~650\u2103<\/p>\n<p><strong>Descrierea designului:<\/strong><br \/>\n\u2013 \u0218urub \u0219i jug exterior<br \/>\n\u2013 Capot\u0103 cu \u0219uruburi \u0219i garnitur\u0103 de presiune<br \/>\n\u2013 Tulpina \u00een cre\u0219tere<br \/>\n\u2013 Disponibil cu operator de viteze<br \/>\n\u2013 Capetele cu flan\u0219e \u0219i capete pentru sudur\u0103 cap la cap<br \/>\n- Design cu cuplu redus, tij\u0103 cu suprafa\u021b\u0103 neted\u0103.<\/p>\n<p>Func\u021bionare: roat\u0103 de m\u00e2n\u0103, cutie de viteze, electric\u0103 etc.<\/p>\n<table>\n<tbody>\n<tr>\n<td width=\"200\"><strong>numele produsului<\/strong><\/td>\n<td width=\"481\">ASTM B148 C95500 Globe Valve,BS1878,14 Inch,150 LB,RF<\/td>\n<\/tr>\n<tr>\n<td width=\"200\">1. Material<\/td>\n<td width=\"481\">C95500<\/td>\n<\/tr>\n<tr>\n<td width=\"200\">2. Dimensiunea<\/td>\n<td width=\"481\">14\u201d<\/td>\n<\/tr>\n<tr>\n<td width=\"200\">4. Port<\/td>\n<td width=\"481\">Port complet<\/td>\n<\/tr>\n<tr>\n<td width=\"200\">5. Presiunea de lucru<\/td>\n<td width=\"481\">150 lb<\/td>\n<\/tr>\n<tr>\n<td width=\"200\">6. Conexiunea se termin\u0103<\/td>\n<td width=\"481\">RF<\/td>\n<\/tr>\n<tr>\n<td width=\"200\">7. Temp. de lucru.<\/td>\n<td width=\"481\">-29~300\u00baC,<\/td>\n<\/tr>\n<tr>\n<td width=\"200\">8. Mediu potrivit<\/td>\n<td width=\"481\">Ap\u0103, gaze naturale, ulei \u0219i ceva lichid coroziv<\/td>\n<\/tr>\n<tr>\n<td width=\"200\">9. Operat<\/td>\n<td width=\"481\">Cutie de viteze<\/td>\n<\/tr>\n<tr>\n<td width=\"200\">10. Inspec\u021bie \u0219i testare<\/td>\n<td width=\"481\">Conform API598<\/td>\n<\/tr>\n<tr>\n<td width=\"200\"><strong>Expediere<\/strong><\/td>\n<td width=\"481\"><\/td>\n<\/tr>\n<tr>\n<td width=\"200\">Timpul de livrare<\/td>\n<td width=\"481\">30 de zile<\/td>\n<\/tr>\n<tr>\n<td width=\"200\">Pachet<\/td>\n<td width=\"481\">Carcas\u0103 standard de export de placaj<\/td>\n<\/tr>\n<tr>\n<td width=\"200\">Portul de expediere<\/td>\n<td width=\"481\">Ningbo\/Shanghai, China<\/td>\n<\/tr>\n<tr>\n<td width=\"200\">Termeni de livrare<\/td>\n<td width=\"481\">Exw, FOB, CFR, CIF etc.<\/td>\n<\/tr>\n<tr>\n<td width=\"200\">Termeni de plat\u0103<\/td>\n<td width=\"481\">T\/T, Western Union, PayPal etc.<\/td>\n<\/tr>\n<tr>\n<td width=\"200\"><\/td>\n<td width=\"481\">Plat\u0103 anticipat\u0103 30%, sold 70% pl\u0103tit \u00eenainte de expediere<\/td>\n<\/tr>\n<tr>\n<td width=\"200\">\u021aara de origine<\/td>\n<td width=\"481\">Ora\u0219ul Wenzhou, China<\/td>\n<\/tr>\n<tr>\n<td width=\"200\">Capacitatea de produc\u021bie<\/td>\n<td width=\"481\">6000 tone\/an<\/td>\n<\/tr>\n<tr>\n<td width=\"200\">MOQ<\/td>\n<td width=\"481\">1 buc\/dimensiune<\/td>\n<\/tr>\n<\/tbody>\n<\/table>\n<\/div>\n<\/div>","protected":false},"excerpt":{"rendered":"<p>STV Valve Technology Group Co., Ltd is a professional leader China ASTM B148 C95500 Globe Valve, BS1878 C95500 Globe Valve, 14 Inch C95500 Globe Valve, 150 LB C95500 Globe Valve, RF C95500 Globe Valve Manufacturer with high quality and competitive price<\/p>","protected":false},"featured_media":7086,"template":"","meta":[],"product_brand":[],"product_cat":[45,63],"product_tag":[2241,2242,2240,2239,2243],"class_list":{"0":"post-7085","1":"product","2":"type-product","3":"status-publish","4":"has-post-thumbnail","6":"product_cat-globe-valve","7":"product_cat-cast-steel-globe-valve","8":"product_tag-14-inch-c95500-globe-valve","9":"product_tag-150-lb-c95500-globe-valve","10":"product_tag-bs1878-c95500-globe-valve","11":"product_tag-china-astm-b148-c95500-globe-valve","12":"product_tag-rf-c95500-globe-valve-manufacturer","14":"first","15":"instock","16":"shipping-taxable","17":"product-type-simple"},"_links":{"self":[{"href":"https:\/\/www.stvvalves.com\/ro\/wp-json\/wp\/v2\/product\/7085","targetHints":{"allow":["GET"]}}],"collection":[{"href":"https:\/\/www.stvvalves.com\/ro\/wp-json\/wp\/v2\/product"}],"about":[{"href":"https:\/\/www.stvvalves.com\/ro\/wp-json\/wp\/v2\/types\/product"}],"wp:featuredmedia":[{"embeddable":true,"href":"https:\/\/www.stvvalves.com\/ro\/wp-json\/wp\/v2\/media\/7086"}],"wp:attachment":[{"href":"https:\/\/www.stvvalves.com\/ro\/wp-json\/wp\/v2\/media?parent=7085"}],"wp:term":[{"taxonomy":"product_brand","embeddable":true,"href":"https:\/\/www.stvvalves.com\/ro\/wp-json\/wp\/v2\/product_brand?post=7085"},{"taxonomy":"product_cat","embeddable":true,"href":"https:\/\/www.stvvalves.com\/ro\/wp-json\/wp\/v2\/product_cat?post=7085"},{"taxonomy":"product_tag","embeddable":true,"href":"https:\/\/www.stvvalves.com\/ro\/wp-json\/wp\/v2\/product_tag?post=7085"}],"curies":[{"name":"wp","href":"https:\/\/api.w.org\/{rel}","templated":true}]}}