{"id":7128,"date":"2024-03-02T20:41:00","date_gmt":"2024-03-02T12:41:00","guid":{"rendered":"https:\/\/www.stvvalves.com\/?post_type=product&#038;p=7128"},"modified":"2024-12-24T22:39:40","modified_gmt":"2024-12-24T14:39:40","slug":"din-swing-check-valve-wcb-dn500-pn100-flange-end","status":"publish","type":"product","link":"https:\/\/www.stvvalves.com\/ro\/products\/din-swing-check-valve-wcb-dn500-pn100-flange-end\/","title":{"rendered":"DIN Swing Check Valve,WCB,DN500 ,PN100,Flange End"},"content":{"rendered":"<p>Proiectare \u0219i fabrica\u021bie: DIN 3840 \/ BS EN 1868<br \/>\nFa\u021b\u0103 \u00een fa\u021b\u0103: DIN 3202\/BS EN558-1<br \/>\nCapetele cu flan\u0219\u0103: DIN 2543\/BS EN1092-1<br \/>\nInspec\u021bie \u0219i testare: DIN 3230\/BS EN12569<\/p>\n<p>Presiune: PN10~PN160<br \/>\nDimensiune: DN40~DN900<br \/>\nMaterial: GS-C25,1.0619,1.4803,1.4408,WCB,LCB,CF8,CF8M,CF3,CF3M,CF8C etc.<\/p>\n<table width=\"751\">\n<tbody>\n<tr>\n<td>Numele produsului:<\/td>\n<td>DIN Swing Check Valve,WCB,DN500 ,PN100,Flange End<\/td>\n<\/tr>\n<tr>\n<td>1.Material:<\/td>\n<td>WCB<\/td>\n<\/tr>\n<tr>\n<td>2. Dimensiune:<\/td>\n<td>20 inchi<\/td>\n<\/tr>\n<tr>\n<td>3.Port:<\/td>\n<td>DEPLIN<\/td>\n<\/tr>\n<tr>\n<td>4. Temperatura de lucru:<\/td>\n<td>-29 \u00b0C-425 \u00b0C<\/td>\n<\/tr>\n<tr>\n<td>5. Sf\u00e2r\u0219itul conexiunii:<\/td>\n<td>RF<\/td>\n<\/tr>\n<tr>\n<td>6. Presiune de lucru:<\/td>\n<td>PN100<\/td>\n<\/tr>\n<tr>\n<td>7. Mediu potrivit:<\/td>\n<td>Ap\u0103, gaze naturale, ulei \u0219i ceva lichid coroziv<\/td>\n<\/tr>\n<tr>\n<td>8. Operat:<\/td>\n<td>\/<\/td>\n<\/tr>\n<tr>\n<td>9. Inspec\u021bie \u0219i testare<\/td>\n<td>Conform DIN 3230<\/td>\n<\/tr>\n<tr>\n<td>Certificat:<\/td>\n<td>ISO, CE\/API 6D<\/td>\n<\/tr>\n<tr>\n<td><strong>Expediere<\/strong><\/td>\n<td><\/td>\n<\/tr>\n<tr>\n<td>Timpul de livrare<\/td>\n<td>30 de zile<\/td>\n<\/tr>\n<tr>\n<td>Pachet<\/td>\n<td>Carcas\u0103 standard de export de placaj<\/td>\n<\/tr>\n<tr>\n<td>Portul de expediere<\/td>\n<td>Ningbo\/Shanghai, China<\/td>\n<\/tr>\n<tr>\n<td>Termeni de livrare<\/td>\n<td>Exw, FOB, CFR, CIF etc.<\/td>\n<\/tr>\n<tr>\n<td>Termeni de plat\u0103<\/td>\n<td>T\/T, Western Union, PayPal etc.<\/td>\n<\/tr>\n<tr>\n<td><\/td>\n<td>Plat\u0103 anticipat\u0103 30%, sold 70% pl\u0103tit \u00eenainte de expediere<\/td>\n<\/tr>\n<tr>\n<td>\u021aara de origine<\/td>\n<td>Ora\u0219ul Wenzhou, China<\/td>\n<\/tr>\n<tr>\n<td>Capacitatea de produc\u021bie<\/td>\n<td>6000 tone\/an<\/td>\n<\/tr>\n<tr>\n<td>MOQ<\/td>\n<td>10 buc\/dimensiune<\/td>\n<\/tr>\n<\/tbody>\n<\/table>","protected":false},"excerpt":{"rendered":"<p>STV Valve Technology Group Co., Ltd is a professional leader China Flange Swing Check Valve,DIN Swing Check Valve,EN Swing Check Valve,DIN Swing\u00a0 Check Valve,WCB Swing Check Valve,PN 100 Swing Check Valve,DN500 Swing Check Valve manufacturer with high quality and competitive price.<\/p>","protected":false},"featured_media":7129,"template":"","meta":[],"product_brand":[],"product_cat":[46,83],"product_tag":[2298,1407,2301,2299,2300,336],"class_list":{"0":"post-7128","1":"product","2":"type-product","3":"status-publish","4":"has-post-thumbnail","6":"product_cat-check-valves","7":"product_cat-cast-steel-check-valve","8":"product_tag-china-flange-swing-check-valve","9":"product_tag-din-swing-check-valve","10":"product_tag-dn500-swing-check-valve-manufacturer","11":"product_tag-en-swing-check-valve","12":"product_tag-pn-100-swing-check-valve","13":"product_tag-wcb-swing-check-valve","15":"first","16":"instock","17":"shipping-taxable","18":"product-type-simple"},"_links":{"self":[{"href":"https:\/\/www.stvvalves.com\/ro\/wp-json\/wp\/v2\/product\/7128","targetHints":{"allow":["GET"]}}],"collection":[{"href":"https:\/\/www.stvvalves.com\/ro\/wp-json\/wp\/v2\/product"}],"about":[{"href":"https:\/\/www.stvvalves.com\/ro\/wp-json\/wp\/v2\/types\/product"}],"wp:featuredmedia":[{"embeddable":true,"href":"https:\/\/www.stvvalves.com\/ro\/wp-json\/wp\/v2\/media\/7129"}],"wp:attachment":[{"href":"https:\/\/www.stvvalves.com\/ro\/wp-json\/wp\/v2\/media?parent=7128"}],"wp:term":[{"taxonomy":"product_brand","embeddable":true,"href":"https:\/\/www.stvvalves.com\/ro\/wp-json\/wp\/v2\/product_brand?post=7128"},{"taxonomy":"product_cat","embeddable":true,"href":"https:\/\/www.stvvalves.com\/ro\/wp-json\/wp\/v2\/product_cat?post=7128"},{"taxonomy":"product_tag","embeddable":true,"href":"https:\/\/www.stvvalves.com\/ro\/wp-json\/wp\/v2\/product_tag?post=7128"}],"curies":[{"name":"wp","href":"https:\/\/api.w.org\/{rel}","templated":true}]}}