{"id":7137,"date":"2024-03-02T23:46:42","date_gmt":"2024-03-02T15:46:42","guid":{"rendered":"https:\/\/www.stvvalves.com\/?post_type=product&#038;p=7137"},"modified":"2024-12-24T18:55:40","modified_gmt":"2024-12-24T10:55:40","slug":"c95800-2pc-ball-valve-800lb-dn25-npt-end","status":"publish","type":"product","link":"https:\/\/www.stvvalves.com\/ro\/products\/c95800-2pc-ball-valve-800lb-dn25-npt-end\/","title":{"rendered":"C95800 2PC Ball Valve,800LB,DN25,NPT End"},"content":{"rendered":"<p>C95800 2PC Ball Valve,800LB,DN25,NPT End<\/p>\n<p>Caracteristici:<\/p>\n<p>Size:1\/2\u2033-2\u2033<\/p>\n<p>Presiune normal\u0103: 800-2500LB<\/p>\n<p>FP. Design port complet \/ RP. Port obi\u0219nuit \/ Port redus<\/p>\n<p>Dou\u0103 piese \/ Corp divizat, minge plutitoare<\/p>\n<p>Tija rezistent\u0103 la suflare<\/p>\n<p>Cap\u0103t cu flan\u0219\u0103, fa\u021b\u0103 ridicat\u0103<\/p>\n<p>CAPI \/ ISO5211 Pad de montaj<\/p>\n<p>Nivel sau unelte melcate<\/p>\n<p>Specifica\u021bii<\/p>\n<p>Design \u0219i fabrica\u021bie standard: API 608, API 607, API 6D, BS 5351<\/p>\n<p>Std. fa\u021b\u0103 \u00een fa\u021b\u0103: API B16.10, API 6D, DIN 3202<br \/>\nStd. conexiune final\u0103: NPT, BSP, BSPT, DIN259\/2999<\/p>\n<p>Standard de testare: ISO5208, API 6D, BS 6755, API598<br \/>\nMaterial caroserie: A105, F304, F316<\/p>\n<p>Scaun: RPTFE, PPL, Nylon<\/p>\n<p>Temperatura de lucru: -40-180\u2103<\/p>\n<p>Potrivit: ap\u0103, ulei, gaz<\/p>\n<table>\n<tbody>\n<tr>\n<td width=\"200\"><strong>numele produsului<\/strong><\/td>\n<td width=\"481\">C95800 2PC Ball Valve,800LB,DN25,NPT End<\/td>\n<\/tr>\n<tr>\n<td width=\"200\">1. Material<\/td>\n<td width=\"481\">C95800<\/td>\n<\/tr>\n<tr>\n<td width=\"200\">2. Dimensiunea<\/td>\n<td width=\"481\">1\u201d<\/td>\n<\/tr>\n<tr>\n<td width=\"200\">4. Port<\/td>\n<td width=\"481\">Port complet<\/td>\n<\/tr>\n<tr>\n<td width=\"200\">5. Presiunea de lucru<\/td>\n<td width=\"481\">800 lb<\/td>\n<\/tr>\n<tr>\n<td width=\"200\">6. Conexiunea se termin\u0103<\/td>\n<td width=\"481\">NPT<\/td>\n<\/tr>\n<tr>\n<td width=\"200\">7. Temp. de lucru.<\/td>\n<td width=\"481\">-29~120\u00baC,<\/td>\n<\/tr>\n<tr>\n<td width=\"200\">8. Mediu potrivit<\/td>\n<td width=\"481\">Ap\u0103, gaze naturale, ulei \u0219i ceva lichid coroziv<\/td>\n<\/tr>\n<tr>\n<td width=\"200\">9. Operat<\/td>\n<td width=\"481\">Roat\u0103 de m\u00e2n\u0103<\/td>\n<\/tr>\n<tr>\n<td width=\"200\">10. Inspec\u021bie \u0219i testare<\/td>\n<td width=\"481\">Conform API598<\/td>\n<\/tr>\n<tr>\n<td width=\"200\"><strong>Expediere<\/strong><\/td>\n<td width=\"481\"><\/td>\n<\/tr>\n<tr>\n<td width=\"200\">Timpul de livrare<\/td>\n<td width=\"481\">30 de zile<\/td>\n<\/tr>\n<tr>\n<td width=\"200\">Pachet<\/td>\n<td width=\"481\">Carcas\u0103 standard de export de placaj<\/td>\n<\/tr>\n<tr>\n<td width=\"200\">Portul de expediere<\/td>\n<td width=\"481\">Ningbo\/Shanghai, China<\/td>\n<\/tr>\n<tr>\n<td width=\"200\">Termeni de livrare<\/td>\n<td width=\"481\">Exw, FOB, CFR, CIF etc.<\/td>\n<\/tr>\n<tr>\n<td width=\"200\">Termeni de plat\u0103<\/td>\n<td width=\"481\">T\/T, Western Union, PayPal etc.<\/td>\n<\/tr>\n<tr>\n<td width=\"200\"><\/td>\n<td width=\"481\">Plat\u0103 anticipat\u0103 30%, sold 70% pl\u0103tit \u00eenainte de expediere<\/td>\n<\/tr>\n<tr>\n<td width=\"200\">\u021aara de origine<\/td>\n<td width=\"481\">Ora\u0219ul Wenzhou, China<\/td>\n<\/tr>\n<tr>\n<td width=\"200\">Capacitatea de produc\u021bie<\/td>\n<td width=\"481\">6000 tone\/an<\/td>\n<\/tr>\n<tr>\n<td width=\"200\">MOQ<\/td>\n<td width=\"481\">1 buc\/dimensiune<\/td>\n<\/tr>\n<\/tbody>\n<\/table>\n<p>.<\/p>","protected":false},"excerpt":{"rendered":"<p>STV Valve Technology Group Co., Ltd is a professional leader China ASTM B 148 C95800 Ball Valve,800lb C95800 Ball Valve ,2 piece C95800 ball valve,High pressure C95800 Ball Valve,Thread \u00a0C95800 Ball Valve, 1 Inch C95800 Ball Valve, China Forged C95800 Ball Valve Manufacturer with high quality and competitive price.<\/p>","protected":false},"featured_media":7138,"template":"","meta":[],"product_brand":[],"product_cat":[43,55],"product_tag":[2316,2315,896,2314,2317,898,899],"class_list":{"0":"post-7137","1":"product","2":"type-product","3":"status-publish","4":"has-post-thumbnail","6":"product_cat-ball-valve","7":"product_cat-forged-steel-ball-valve","8":"product_tag-1-inch-c95800-ball-valve","9":"product_tag-2-piece-c95800-ball-valve","10":"product_tag-800lb-c95800-ball-valve","11":"product_tag-china-astm-b-148-c95800-ball-valve","12":"product_tag-china-forged-c95800-ball-valve-manufacturer","13":"product_tag-high-pressure-c95800-ball-valve","14":"product_tag-thread-c95800-ball-valve","16":"first","17":"instock","18":"shipping-taxable","19":"product-type-simple"},"_links":{"self":[{"href":"https:\/\/www.stvvalves.com\/ro\/wp-json\/wp\/v2\/product\/7137","targetHints":{"allow":["GET"]}}],"collection":[{"href":"https:\/\/www.stvvalves.com\/ro\/wp-json\/wp\/v2\/product"}],"about":[{"href":"https:\/\/www.stvvalves.com\/ro\/wp-json\/wp\/v2\/types\/product"}],"wp:featuredmedia":[{"embeddable":true,"href":"https:\/\/www.stvvalves.com\/ro\/wp-json\/wp\/v2\/media\/7138"}],"wp:attachment":[{"href":"https:\/\/www.stvvalves.com\/ro\/wp-json\/wp\/v2\/media?parent=7137"}],"wp:term":[{"taxonomy":"product_brand","embeddable":true,"href":"https:\/\/www.stvvalves.com\/ro\/wp-json\/wp\/v2\/product_brand?post=7137"},{"taxonomy":"product_cat","embeddable":true,"href":"https:\/\/www.stvvalves.com\/ro\/wp-json\/wp\/v2\/product_cat?post=7137"},{"taxonomy":"product_tag","embeddable":true,"href":"https:\/\/www.stvvalves.com\/ro\/wp-json\/wp\/v2\/product_tag?post=7137"}],"curies":[{"name":"wp","href":"https:\/\/api.w.org\/{rel}","templated":true}]}}