{"id":7155,"date":"2024-03-19T10:49:47","date_gmt":"2024-03-19T02:49:47","guid":{"rendered":"https:\/\/www.stvvalves.com\/?post_type=product&#038;p=7155"},"modified":"2024-03-19T10:49:49","modified_gmt":"2024-03-19T02:49:49","slug":"butt-weld-globe-valve-a216-wcb-600lb-6-inch-handwheel-op","status":"publish","type":"product","link":"https:\/\/www.stvvalves.com\/ro\/products\/butt-weld-globe-valve-a216-wcb-600lb-6-inch-handwheel-op\/","title":{"rendered":"Butt weld Globe Valve,A216 WCB,600LB,6 Inch,Handwheel Op"},"content":{"rendered":"<p>Proiectare conform ASME B16.34<br \/>\nFa\u021b\u0103 \u00een fa\u021b\u0103\/Cap la cap\u0103t: ASME B16.10<br \/>\nDimensiuni flansa: ASME B16.5<br \/>\nCap\u0103t sudat: ASME B.16.25<br \/>\nDesign de baz\u0103: BS 1873<br \/>\nTestare la API 598<\/p>\n<p>Dimensiune: 2\u2033~60\u201d<\/p>\n<p>Presiune nominal\u0103: clasa 150-2500LB<\/p>\n<p>Material caroserie: ASTM A216 WCB, A217 WC6, A351 CF8, A351 CF8M,<\/p>\n<p>A351 CF3, A351 CF3M, A351 CN7M etc.<\/p>\n<p>Conexiunea final\u0103: RF, RTJ, BW<\/p>\n<p>Temperatura de lucru: -29\u2103~650\u2103<\/p>\n<p>Func\u021bionare: roat\u0103 de m\u00e2n\u0103, cutie de viteze, electric\u0103 etc<\/p>\n<table>\n<tbody>\n<tr>\n<td width=\"200\"><strong>numele produsului<\/strong><\/td>\n<td width=\"481\">Butt weld Globe Valve,A216 WCB,600LB,6 Inch,Handwheel Op<\/td>\n<\/tr>\n<tr>\n<td width=\"200\">1. Material<\/td>\n<td width=\"481\">WCB<\/td>\n<\/tr>\n<tr>\n<td width=\"200\">2. Dimensiunea<\/td>\n<td width=\"481\">6\u201d<\/td>\n<\/tr>\n<tr>\n<td width=\"200\">4. Port<\/td>\n<td width=\"481\">Port complet<\/td>\n<\/tr>\n<tr>\n<td width=\"200\">5. Presiunea de lucru<\/td>\n<td width=\"481\">600 lb<\/td>\n<\/tr>\n<tr>\n<td width=\"200\">6. Conexiunea se termin\u0103<\/td>\n<td width=\"481\">BW<\/td>\n<\/tr>\n<tr>\n<td width=\"200\">7. Temp. de lucru.<\/td>\n<td width=\"481\">-29~425\u00baC,<\/td>\n<\/tr>\n<tr>\n<td width=\"200\">8. Mediu potrivit<\/td>\n<td width=\"481\">Ap\u0103, gaze naturale, ulei \u0219i ceva lichid coroziv<\/td>\n<\/tr>\n<tr>\n<td width=\"200\">9. Operat<\/td>\n<td width=\"481\">Roat\u0103 de m\u00e2n\u0103<\/td>\n<\/tr>\n<tr>\n<td width=\"200\">10. Inspec\u021bie \u0219i testare<\/td>\n<td width=\"481\">Conform API598<\/td>\n<\/tr>\n<tr>\n<td width=\"200\"><strong>Expediere<\/strong><\/td>\n<td width=\"481\"><\/td>\n<\/tr>\n<tr>\n<td width=\"200\">Timpul de livrare<\/td>\n<td width=\"481\">30 de zile<\/td>\n<\/tr>\n<tr>\n<td width=\"200\">Pachet<\/td>\n<td width=\"481\">Carcas\u0103 standard de export de placaj<\/td>\n<\/tr>\n<tr>\n<td width=\"200\">Portul de expediere<\/td>\n<td width=\"481\">Ningbo\/Shanghai, China<\/td>\n<\/tr>\n<tr>\n<td width=\"200\">Termeni de livrare<\/td>\n<td width=\"481\">Exw, FOB, CFR, CIF etc.<\/td>\n<\/tr>\n<tr>\n<td width=\"200\">Termeni de plat\u0103<\/td>\n<td width=\"481\">T\/T, Western Union, PayPal etc.<\/td>\n<\/tr>\n<tr>\n<td width=\"200\"><\/td>\n<td width=\"481\">Plat\u0103 anticipat\u0103 30%, sold 70% pl\u0103tit \u00eenainte de expediere<\/td>\n<\/tr>\n<tr>\n<td width=\"200\">\u021aara de origine<\/td>\n<td width=\"481\">Ora\u0219ul Wenzhou, China<\/td>\n<\/tr>\n<tr>\n<td width=\"200\">Capacitatea de produc\u021bie<\/td>\n<td width=\"481\">6000 tone\/an<\/td>\n<\/tr>\n<tr>\n<td width=\"200\">MOQ<\/td>\n<td width=\"481\">1 buc\/dimensiune<\/td>\n<\/tr>\n<\/tbody>\n<\/table>","protected":false},"excerpt":{"rendered":"<p>STV Valve Technology Group Co., Ltd is a professional leader China Bolted Bonnet Globe Valve,Cast Steel Globe Valve,Flanged Globe Valve,Butt weld Globe Valve,A216 WCB Globe Valve,600LB Globe Valve,6 Inch Globe Valve,Handwheel Op Globe Valve.<\/p>","protected":false},"featured_media":7156,"template":"","meta":[],"product_brand":[],"product_cat":[45,63],"product_tag":[2355,2354,2353,2352,323,2351,322,2356],"class_list":{"0":"post-7155","1":"product","2":"type-product","3":"status-publish","4":"has-post-thumbnail","6":"product_cat-globe-valve","7":"product_cat-cast-steel-globe-valve","8":"product_tag-6-inch-globe-valve","9":"product_tag-600lb-globe-valve","10":"product_tag-a216-wcb-globe-valve","11":"product_tag-butt-weld-globe-valve","12":"product_tag-cast-steel-globe-valve","13":"product_tag-china-bolted-bonnet-globe-valve","14":"product_tag-flanged-globe-valve","15":"product_tag-handwheel-op-globe-valve","17":"first","18":"instock","19":"shipping-taxable","20":"product-type-simple"},"_links":{"self":[{"href":"https:\/\/www.stvvalves.com\/ro\/wp-json\/wp\/v2\/product\/7155","targetHints":{"allow":["GET"]}}],"collection":[{"href":"https:\/\/www.stvvalves.com\/ro\/wp-json\/wp\/v2\/product"}],"about":[{"href":"https:\/\/www.stvvalves.com\/ro\/wp-json\/wp\/v2\/types\/product"}],"wp:featuredmedia":[{"embeddable":true,"href":"https:\/\/www.stvvalves.com\/ro\/wp-json\/wp\/v2\/media\/7156"}],"wp:attachment":[{"href":"https:\/\/www.stvvalves.com\/ro\/wp-json\/wp\/v2\/media?parent=7155"}],"wp:term":[{"taxonomy":"product_brand","embeddable":true,"href":"https:\/\/www.stvvalves.com\/ro\/wp-json\/wp\/v2\/product_brand?post=7155"},{"taxonomy":"product_cat","embeddable":true,"href":"https:\/\/www.stvvalves.com\/ro\/wp-json\/wp\/v2\/product_cat?post=7155"},{"taxonomy":"product_tag","embeddable":true,"href":"https:\/\/www.stvvalves.com\/ro\/wp-json\/wp\/v2\/product_tag?post=7155"}],"curies":[{"name":"wp","href":"https:\/\/api.w.org\/{rel}","templated":true}]}}