{"id":7183,"date":"2024-03-20T22:41:47","date_gmt":"2024-03-20T14:41:47","guid":{"rendered":"https:\/\/www.stvvalves.com\/?post_type=product&#038;p=7183"},"modified":"2024-12-25T14:57:58","modified_gmt":"2024-12-25T06:57:58","slug":"b564-n04400-globe-valve-2-inch-600lb-integral-flanged","status":"publish","type":"product","link":"https:\/\/www.stvvalves.com\/ro\/products\/b564-n04400-globe-valve-2-inch-600lb-integral-flanged\/","title":{"rendered":"B564 N04400 Globe Valve,2 Inch,600LB,Integral Flanged"},"content":{"rendered":"<div class=\"headline headline-md\">\n<h2>Detaliile produsului<\/h2>\n<\/div>\n<div>Standard de proiectare: API602.<br \/>\nBody Material: A105N<br \/>\nDiametru nominal: 1 inch (DN25).<br \/>\nPresiune: clasa 1500.<br \/>\nTermina\u021bi conexiunea: RF.<br \/>\nFa\u021b\u0103 \u00een fa\u021b\u0103: ASME B16.10.<br \/>\nTemperatura de lucru: -29\u2103~+560\u2103.<br \/>\nMod de operare: roat\u0103 de m\u00e2n\u0103.<br \/>\nTestare \u0219i inspec\u021bie: API 598.<\/div>\n<div class=\"headline headline-md\">\n<h2>Gam\u0103 de produse<\/h2>\n<\/div>\n<div>Body Material: A105\u3001LF2\u3001F5\u3001F11\u3001F22\u3001304\u3001304L\u3001316\u3001316L\u3001F51\u3001F91\u300120#\u3001Monel\uff0cInconel .Ect<br \/>\nNormal diameter: 1\/2&#8243;~4&#8243; (DN15~DN100).<br \/>\nConexiune final\u0103: NPT, SW, sudur\u0103 cap la cap, cu flan\u0219\u0103.<br \/>\nInterval de presiune: 150lbs~2500lbs(PN10~PN420).<br \/>\nFunc\u021bionare: roat\u0103 de m\u00e2n\u0103, actuator electric, pneumatic<br \/>\nTemperatura de lucru: -196\u2103 ~ +560\u2103.<\/div>\n<div><\/div>\n<div>\n<table>\n<tbody>\n<tr>\n<td width=\"200\"><strong>numele produsului<\/strong><\/td>\n<td width=\"481\">B564 N04400 Globe Valve,2 Inch,600LB,Integral Flanged<\/td>\n<\/tr>\n<tr>\n<td width=\"200\">1. Material<\/td>\n<td width=\"481\">N04400<\/td>\n<\/tr>\n<tr>\n<td width=\"200\">2. Dimensiunea<\/td>\n<td width=\"481\">2\u201d<\/td>\n<\/tr>\n<tr>\n<td width=\"200\">4. Port<\/td>\n<td width=\"481\">Port reductor<\/td>\n<\/tr>\n<tr>\n<td width=\"200\">5. Presiunea de lucru<\/td>\n<td width=\"481\">600 lb<\/td>\n<\/tr>\n<tr>\n<td width=\"200\">6. Conexiunea se termin\u0103<\/td>\n<td width=\"481\">RF<\/td>\n<\/tr>\n<tr>\n<td width=\"200\">7. Temp. de lucru.<\/td>\n<td width=\"481\">-29~425\u00baC,<\/td>\n<\/tr>\n<tr>\n<td width=\"200\">8. Mediu potrivit<\/td>\n<td width=\"481\">Ap\u0103, gaze naturale, ulei \u0219i ceva lichid coroziv<\/td>\n<\/tr>\n<tr>\n<td width=\"200\">9. Operat<\/td>\n<td width=\"481\">Roat\u0103 de m\u00e2n\u0103<\/td>\n<\/tr>\n<tr>\n<td width=\"200\">10. Inspec\u021bie \u0219i testare<\/td>\n<td width=\"481\">Conform API598<\/td>\n<\/tr>\n<tr>\n<td width=\"200\"><strong>Expediere<\/strong><\/td>\n<td width=\"481\"><\/td>\n<\/tr>\n<tr>\n<td width=\"200\">Timpul de livrare<\/td>\n<td width=\"481\">30 de zile<\/td>\n<\/tr>\n<tr>\n<td width=\"200\">Pachet<\/td>\n<td width=\"481\">Carcas\u0103 standard de export de placaj<\/td>\n<\/tr>\n<tr>\n<td width=\"200\">Portul de expediere<\/td>\n<td width=\"481\">Ningbo\/Shanghai, China<\/td>\n<\/tr>\n<tr>\n<td width=\"200\">Termeni de livrare<\/td>\n<td width=\"481\">Exw, FOB, CFR, CIF etc.<\/td>\n<\/tr>\n<tr>\n<td width=\"200\">Termeni de plat\u0103<\/td>\n<td width=\"481\">T\/T, Western Union, PayPal etc.<\/td>\n<\/tr>\n<tr>\n<td width=\"200\"><\/td>\n<td width=\"481\">Plat\u0103 anticipat\u0103 30%, sold 70% pl\u0103tit \u00eenainte de expediere<\/td>\n<\/tr>\n<tr>\n<td width=\"200\">\u021aara de origine<\/td>\n<td width=\"481\">Ora\u0219ul Wenzhou, China<\/td>\n<\/tr>\n<tr>\n<td width=\"200\">Capacitatea de produc\u021bie<\/td>\n<td width=\"481\">6000 tone\/an<\/td>\n<\/tr>\n<tr>\n<td width=\"200\">MOQ<\/td>\n<td width=\"481\">1 buc\/dimensiune<\/td>\n<\/tr>\n<\/tbody>\n<\/table>\n<\/div>","protected":false},"excerpt":{"rendered":"<p>Model:STV-J41Y-1500LB-DN25-A105<\/p>\n<p>The shape of the API 602\u00a0 Globe Valve opening and closing member and the valve flow passage allows the valve to have a certain flow characteristic. This must be taken into consideration when selecting a valve.<\/p>\n<p>STV Valve Technology Group Co., Ltd is a professional leader China Integral Flanged Globe Valve ,High Pressure Globe Valve ,Forged Carbon Steel Globe Valve,API 602 Globe Valve,Monel,600LB B564 N04400 Globe Valve,Monel 400 Globe Valve, N04400 Globe Valve.2 Inch N04400 Globe Valve manufacturer with high quality and competitive price.<\/p>\n<p>V\u0103 rug\u0103m s\u0103 contacta\u021bi sales@stvvalve.com pentru alte materiale \u0219i detalii.<\/p>\n<p>Fi\u0219\u0103 de date:<a href=\"https:\/\/www.stvvalves.com\/wp-content\/uploads\/2019\/05\/api-602-f11-globe-valve-integral-flanged-dn40-1500lb-rf-catalog.pdf\">Supap\u0103 cu glob API 602 F11, cu flan\u0219\u0103 integral\u0103, DN40, 1500LB, RF<\/a><\/p>","protected":false},"featured_media":7184,"template":"","meta":[],"product_brand":[],"product_cat":[64,45],"product_tag":[2391,212,1685,439,199,2392,2393],"class_list":{"0":"post-7183","1":"product","2":"type-product","3":"status-publish","4":"has-post-thumbnail","6":"product_cat-foreged-steel-globe-valve","7":"product_cat-globe-valve","8":"product_tag-600lb-b564-n04400-globe-valve","9":"product_tag-api-602-globe-valve","10":"product_tag-china-integral-flanged-globe-valve","11":"product_tag-forged-carbon-steel-globe-valve","12":"product_tag-high-pressure-globe-valve","13":"product_tag-monel-400-globe-valve","14":"product_tag-n04400-globe-valve-2-inch-n04400-globe-valve-manufacturer","16":"first","17":"instock","18":"shipping-taxable","19":"product-type-simple"},"_links":{"self":[{"href":"https:\/\/www.stvvalves.com\/ro\/wp-json\/wp\/v2\/product\/7183","targetHints":{"allow":["GET"]}}],"collection":[{"href":"https:\/\/www.stvvalves.com\/ro\/wp-json\/wp\/v2\/product"}],"about":[{"href":"https:\/\/www.stvvalves.com\/ro\/wp-json\/wp\/v2\/types\/product"}],"wp:featuredmedia":[{"embeddable":true,"href":"https:\/\/www.stvvalves.com\/ro\/wp-json\/wp\/v2\/media\/7184"}],"wp:attachment":[{"href":"https:\/\/www.stvvalves.com\/ro\/wp-json\/wp\/v2\/media?parent=7183"}],"wp:term":[{"taxonomy":"product_brand","embeddable":true,"href":"https:\/\/www.stvvalves.com\/ro\/wp-json\/wp\/v2\/product_brand?post=7183"},{"taxonomy":"product_cat","embeddable":true,"href":"https:\/\/www.stvvalves.com\/ro\/wp-json\/wp\/v2\/product_cat?post=7183"},{"taxonomy":"product_tag","embeddable":true,"href":"https:\/\/www.stvvalves.com\/ro\/wp-json\/wp\/v2\/product_tag?post=7183"}],"curies":[{"name":"wp","href":"https:\/\/api.w.org\/{rel}","templated":true}]}}