{"id":7189,"date":"2024-03-20T23:26:47","date_gmt":"2024-03-20T15:26:47","guid":{"rendered":"https:\/\/www.stvvalves.com\/?post_type=product&#038;p=7189"},"modified":"2024-03-21T11:01:54","modified_gmt":"2024-03-21T03:01:54","slug":"600lb-basket-strainer-wcb-16-inch-rf-end","status":"publish","type":"product","link":"https:\/\/www.stvvalves.com\/ro\/products\/600lb-basket-strainer-wcb-16-inch-rf-end\/","title":{"rendered":"600LB Basket Strainer,WCB,16 Inch,RF End"},"content":{"rendered":"<p><strong><u>Maintenance of\u00a0 Basket <\/u><\/strong><strong><u>Filtru \u00a0 \u00a0 \u00a0 \u00a0 \u00a0 \u00a0 \u00a0 \u00a0 \u00a0 \u00a0 \u00a0 \u00a0 \u00a0 \u00a0 \u00a0 \u00a0 \u00a0 \u00a0 \u00a0 \u00a0 \u00a0 \u00a0 \u00a0 \u00a0 \u00a0 \u00a0 \u00a0 \u00a0 \u00a0 \u00a0 \u00a0\u00a0<\/u><\/strong><\/p>\n<ul>\n<li>Partea cheie a acestui tip de filtru este miezul filtrului. Miezul filtrului este format din cadrul filtrului \u0219i plas\u0103 de s\u00e2rm\u0103 din o\u021bel inoxidabil. Plasa de s\u00e2rm\u0103 SS apar\u021bine pieselor de uzur\u0103. Are nevoie de o protec\u021bie special\u0103.<\/li>\n<li>Dup\u0103 ce filtrul a func\u021bionat ceva timp, va precipita o anumit\u0103 cantitate de impurit\u0103\u021bi din miezul filtrului. Apoi presiunea va cre\u0219te \u0219i viteza de curgere va fi redus\u0103. A\u0219a c\u0103 ar trebui s\u0103 cur\u0103\u021b\u0103m impurit\u0103\u021bile din miezul filtrului la timp.<\/li>\n<li>C\u00e2nd cur\u0103\u021b\u0103m impurit\u0103\u021bile, ar trebui s\u0103 avem grij\u0103 s\u0103 ne asigur\u0103m c\u0103 plasa de s\u00e2rm\u0103 SS din miezul filtrului nu va fi deformat\u0103 sau deteriorat\u0103. \u00cen caz contrar, atunci c\u00e2nd reutiliza\u021bi filtrul, impurit\u0103\u021bile lichidului filtrat nu vor ajunge la cerin\u021bele proiectate. \u0218i compresoarele, pompa sau instrumentele vor fi distruse.<\/li>\n<li>Odat\u0103 ce s-a constatat c\u0103 plasa de s\u00e2rm\u0103 SS este deformat\u0103 sau deteriorat\u0103, ar trebui s\u0103 o \u00eenlocuim imediat.<\/li>\n<\/ul>\n<p>Filtru de co\u0219<br \/>\nScurta introducere:<br \/>\nFiltrul poate fi utilizat pe toate tipurile de conducte pentru a colecta substan\u021be str\u0103ine granulate \u0219i contaminan\u021bi colecta\u021bi. Poate \u00eembun\u0103t\u0103\u021bi spa\u021biul de joc \u00een mediu \u0219i poate prelungi durata de via\u021b\u0103 a supapelor \u0219i a altor echipamente. Este potrivit pentru ap\u0103, petrol \u0219i abur.<br \/>\nPartea principal\u0103 \u0219i material<br \/>\nCorp: o\u021bel carbon<br \/>\nPlasa: otel inoxidabil<br \/>\nSpecifica\u021bie tehnic\u0103<br \/>\nDiametru nominal: 15 ~ 500 mm<br \/>\nPresiune nominal\u0103: 0.6-5.0Mpa<br \/>\nFurniz\u0103m sit\u0103 co\u0219 turnat\u0103 \u0219i sudat\u0103<br \/>\n1) Dimensiuni: 1\/2 \u2013 24\u2033<br \/>\n2) Presiune nominal\u0103: 150lb, 300lb, 600lb<br \/>\n3) Temperatura potrivita: -196oC \u2013 600oC<br \/>\n4) Mediu potrivit: ap\u0103, gaz, ulei, abur etc.<br \/>\n5) Material caroserie: A106\/WCB, WCC, WC6, WC9, LCB, LCC, SS304\/CF8, SS316\/CF8M, 304L\/CF3, SS316L\/CF3M<br \/>\n6) Ecran: o\u021bel inoxidabil (SS304\/SS316)<br \/>\n7) Termina\u021bi conexiunea: FF, RF, THD, BW<br \/>\n8, Forma de intrare\/ie\u0219ire: Flan\u0219\u0103\/Fir interior\/Fir exterior\/Instalare rapid\u0103<br \/>\n9, Forma de compresie a capacului: \u0219urub\/\u0219urub rapid<br \/>\n10, V\u00e2scozitate adecvat\u0103 (cp): 1-30000<br \/>\n11, Forma co\u0219ului: plas\u0103 de perforare\/ plas\u0103 cu un singur strat\/ plas\u0103 compozit\u0103<\/p>\n<p><strong>High Pressure CL600 Flanged Simplex Basket Strainer Cast Steel Single Basket<\/strong><\/p>\n<p>&nbsp;<\/p>\n<p><strong>Strainer Applicable Medium<\/strong><br \/>\nA) Weak corrosively medium for petrochemical production such as water, ammonia, oil and hydrocarbon products etc.<\/p>\n<p>B) Corrosive medium for chemical products such as sodium hydrate, caustic soda, metric acid, acetic acid etc.<\/p>\n<p>C) Low temperature medium for refrigeration, the refrigerant such as liquefied methane, liquefied ammonia, oxygen etc.<\/p>\n<p>D) Industry hygiene medium in light industry, foodstuff and pharmacy such as beer, drink, beverage, dairy products etc.<\/p>\n<p>&nbsp;<\/p>\n<p>&nbsp;<\/p>","protected":false},"excerpt":{"rendered":"<p>STV Valve Technology Group Co., Ltd is a professional leader\u00a0 600LB Basket Strainer ,16 Inch Basket Strainer,WCB Basket Strainer,150LB Basket Strainer , RF End Basket Strainer , ASMEB16.34 Basket Strainer .<\/p>","protected":false},"featured_media":7224,"template":"","meta":[],"product_brand":[],"product_cat":[48,72],"product_tag":[2404,2463,2462,2405,2076,2403],"class_list":{"0":"post-7189","1":"product","2":"type-product","3":"status-publish","4":"has-post-thumbnail","6":"product_cat-y-strainer","7":"product_cat-cast-steel-y-type-strainer","8":"product_tag-150lb-basket-strainer","9":"product_tag-16-inch-basket-strainer","10":"product_tag-600lb-basket-strainer","11":"product_tag-asmeb16-34-basket-strainer","12":"product_tag-rf-end-basket-strainer","13":"product_tag-wcb-basket-strainer","15":"first","16":"instock","17":"shipping-taxable","18":"product-type-simple"},"_links":{"self":[{"href":"https:\/\/www.stvvalves.com\/ro\/wp-json\/wp\/v2\/product\/7189","targetHints":{"allow":["GET"]}}],"collection":[{"href":"https:\/\/www.stvvalves.com\/ro\/wp-json\/wp\/v2\/product"}],"about":[{"href":"https:\/\/www.stvvalves.com\/ro\/wp-json\/wp\/v2\/types\/product"}],"wp:featuredmedia":[{"embeddable":true,"href":"https:\/\/www.stvvalves.com\/ro\/wp-json\/wp\/v2\/media\/7224"}],"wp:attachment":[{"href":"https:\/\/www.stvvalves.com\/ro\/wp-json\/wp\/v2\/media?parent=7189"}],"wp:term":[{"taxonomy":"product_brand","embeddable":true,"href":"https:\/\/www.stvvalves.com\/ro\/wp-json\/wp\/v2\/product_brand?post=7189"},{"taxonomy":"product_cat","embeddable":true,"href":"https:\/\/www.stvvalves.com\/ro\/wp-json\/wp\/v2\/product_cat?post=7189"},{"taxonomy":"product_tag","embeddable":true,"href":"https:\/\/www.stvvalves.com\/ro\/wp-json\/wp\/v2\/product_tag?post=7189"}],"curies":[{"name":"wp","href":"https:\/\/api.w.org\/{rel}","templated":true}]}}