{"id":7209,"date":"2024-03-21T09:51:30","date_gmt":"2024-03-21T01:51:30","guid":{"rendered":"https:\/\/www.stvvalves.com\/?post_type=product&#038;p=7209"},"modified":"2025-02-17T17:53:00","modified_gmt":"2025-02-17T09:53:00","slug":"pn100-high-pressure-ball-valve-f304-body-and-trim-peek-seat-weld-end","status":"publish","type":"product","link":"https:\/\/www.stvvalves.com\/ro\/products\/pn100-high-pressure-ball-valve-f304-body-and-trim-peek-seat-weld-end\/","title":{"rendered":"PN100 high Pressure Ball Valve,F304 Body And Trim,PEEK Seat,Weld End"},"content":{"rendered":"<p>1. Dimensiune: 1\/2~2\u201d (DN15~DN50)<\/p>\n<p>2. Evaluare: 150~2500LB(PN16~PN420)<\/p>\n<p>3. Material caroserie: A105, F304, F316;LF2;304L;316L;F347;F321<\/p>\n<p>4. Scaun:PTFE, RPTFE<\/p>\n<p>5. Pentru Alezaj \u0219i Alezaj redus.<\/p>\n<p>6. Tija rezistent\u0103 la suflare<\/p>\n<p>7. Plac\u0103 de montare ISO5211<\/p>\n<p>8. Nivel, angrenaj melcat, actuator<\/p>\n<p>Design confirms: BS 5352 or API 6D<\/p>\n<p>Capetele sudate prin muf\u0103: ANSI B16.11;<\/p>\n<p>Capetele \u0219uruburilor:ANSI B 1.20.1;<\/p>\n<p>Capetele sudate cap la cap: ANSI B16.25;<\/p>\n<p>Capetele cu flan\u0219\u0103:ANSI B 16,5;<\/p>\n<p>Testul \u0219i inspec\u021bia confirm\u0103: API598;<\/p>\n<table>\n<tbody>\n<tr>\n<td width=\"200\"><strong>numele produsului<\/strong><\/td>\n<td width=\"481\">PN100 high Pressure Ball Valve,F304 Body And Trim,PEEK Seat,Weld End<\/td>\n<\/tr>\n<tr>\n<td width=\"200\">1. Material<\/td>\n<td width=\"481\">F304<\/td>\n<\/tr>\n<tr>\n<td width=\"200\">2. Dimensiunea<\/td>\n<td width=\"481\">2\u201d<\/td>\n<\/tr>\n<tr>\n<td width=\"200\">4. Port<\/td>\n<td width=\"481\">Port complet<\/td>\n<\/tr>\n<tr>\n<td width=\"200\">5. Presiunea de lucru<\/td>\n<td width=\"481\">PN100<\/td>\n<\/tr>\n<tr>\n<td width=\"200\">6. Conexiunea se termin\u0103<\/td>\n<td width=\"481\">BW<\/td>\n<\/tr>\n<tr>\n<td width=\"200\">7. Temp. de lucru.<\/td>\n<td width=\"481\">-29~120\u00baC,<\/td>\n<\/tr>\n<tr>\n<td width=\"200\">8. Mediu potrivit<\/td>\n<td width=\"481\">Ap\u0103, gaze naturale, ulei \u0219i ceva lichid coroziv<\/td>\n<\/tr>\n<tr>\n<td width=\"200\">9. Operat<\/td>\n<td width=\"481\">roat\u0103 de m\u00e2n\u0103<\/td>\n<\/tr>\n<tr>\n<td width=\"200\">10. Inspec\u021bie \u0219i testare<\/td>\n<td width=\"481\">Conform API 598<\/td>\n<\/tr>\n<tr>\n<td width=\"200\"><strong>Expediere<\/strong><\/td>\n<td width=\"481\"><\/td>\n<\/tr>\n<tr>\n<td width=\"200\">Timpul de livrare<\/td>\n<td width=\"481\">30 de zile<\/td>\n<\/tr>\n<tr>\n<td width=\"200\">Pachet<\/td>\n<td width=\"481\">Carcas\u0103 standard de export de placaj<\/td>\n<\/tr>\n<tr>\n<td width=\"200\">Portul de expediere<\/td>\n<td width=\"481\">Ningbo\/Shanghai, China<\/td>\n<\/tr>\n<tr>\n<td width=\"200\">Termeni de livrare<\/td>\n<td width=\"481\">Exw, FOB, CFR, CIF etc.<\/td>\n<\/tr>\n<tr>\n<td width=\"200\">Termeni de plat\u0103<\/td>\n<td width=\"481\">T\/T, Western Union, PayPal etc.<\/td>\n<\/tr>\n<tr>\n<td width=\"200\"><\/td>\n<td width=\"481\">Plat\u0103 anticipat\u0103 30%, sold 70% pl\u0103tit \u00eenainte de expediere<\/td>\n<\/tr>\n<tr>\n<td width=\"200\">\u021aara de origine<\/td>\n<td width=\"481\">Ora\u0219ul Wenzhou, China<\/td>\n<\/tr>\n<tr>\n<td width=\"200\">Capacitatea de produc\u021bie<\/td>\n<td width=\"481\">6000 tone\/an<\/td>\n<\/tr>\n<tr>\n<td width=\"200\">MOQ<\/td>\n<td width=\"481\">1 buc\/dimensiune<\/td>\n<\/tr>\n<\/tbody>\n<\/table>","protected":false},"excerpt":{"rendered":"<p>Model:STV-Q41F-PN100-DN50-F304<\/p>\n<p>STV Valve Technology Group Co., Ltd is a professional leader China 3-PC Forged steel Floating Ball Valve,Forged Floating Ball Valve ,F304 ball valve,High pressure forged steel ball valve,3PC Flanged Ball Valve, 3 pc ball valves,PN100 Forged Steel Ball Valve,Peek Seat Ball Valve manufacturer with high quality and competitive price.<\/p>\n<p>&nbsp;<\/p>","protected":false},"featured_media":7210,"template":"","meta":[],"product_brand":[],"product_cat":[43,80,55,53],"product_tag":[894,594,2438,2440,2439,557,2442,2441],"class_list":{"0":"post-7209","1":"product","2":"type-product","3":"status-publish","4":"has-post-thumbnail","6":"product_cat-ball-valve","7":"product_cat-flange-ball-valve","8":"product_cat-forged-steel-ball-valve","9":"product_cat-stainless-steel-ball-valve","10":"product_tag-3-pc-ball-valves","11":"product_tag-3pc-flanged-ball-valve","12":"product_tag-china-3-pc-forged-steel-floating-ball-valve","13":"product_tag-f304-ball-valve","14":"product_tag-forged-floating-ball-valve","15":"product_tag-high-pressure-forged-steel-ball-valve","16":"product_tag-peek-seat-ball-valve-manufacturer","17":"product_tag-pn100-forged-steel-ball-valve","19":"first","20":"instock","21":"shipping-taxable","22":"product-type-simple"},"_links":{"self":[{"href":"https:\/\/www.stvvalves.com\/ro\/wp-json\/wp\/v2\/product\/7209","targetHints":{"allow":["GET"]}}],"collection":[{"href":"https:\/\/www.stvvalves.com\/ro\/wp-json\/wp\/v2\/product"}],"about":[{"href":"https:\/\/www.stvvalves.com\/ro\/wp-json\/wp\/v2\/types\/product"}],"wp:featuredmedia":[{"embeddable":true,"href":"https:\/\/www.stvvalves.com\/ro\/wp-json\/wp\/v2\/media\/7210"}],"wp:attachment":[{"href":"https:\/\/www.stvvalves.com\/ro\/wp-json\/wp\/v2\/media?parent=7209"}],"wp:term":[{"taxonomy":"product_brand","embeddable":true,"href":"https:\/\/www.stvvalves.com\/ro\/wp-json\/wp\/v2\/product_brand?post=7209"},{"taxonomy":"product_cat","embeddable":true,"href":"https:\/\/www.stvvalves.com\/ro\/wp-json\/wp\/v2\/product_cat?post=7209"},{"taxonomy":"product_tag","embeddable":true,"href":"https:\/\/www.stvvalves.com\/ro\/wp-json\/wp\/v2\/product_tag?post=7209"}],"curies":[{"name":"wp","href":"https:\/\/api.w.org\/{rel}","templated":true}]}}