{"id":7217,"date":"2024-03-21T10:28:37","date_gmt":"2024-03-21T02:28:37","guid":{"rendered":"https:\/\/www.stvvalves.com\/?post_type=product&#038;p=7217"},"modified":"2025-02-17T17:50:54","modified_gmt":"2025-02-17T09:50:54","slug":"1500lb-psb-globe-valve-12-inch-wcb-rf-end","status":"publish","type":"product","link":"https:\/\/www.stvvalves.com\/ro\/products\/1500lb-psb-globe-valve-12-inch-wcb-rf-end\/","title":{"rendered":"1500LB PSB GLOBE VALVE,12 Inch,WCB,RF End"},"content":{"rendered":"<p>Standard de referin\u021b\u0103 pentru produs:<\/p>\n<p>Proiectare si fabricatie: B16.34 E101 ANSI<\/p>\n<p>Lungimea structurii: B16.10 E101 ANSI<\/p>\n<p>Temperatura de presiune nominal\u0103: B16.34 E101 ANSI<\/p>\n<p>Experiment \u0219i testare: E101 API598<\/p>\n<p>Dimensiune: 2\u2033~60\u201d<\/p>\n<p>Presiune nominal\u0103: clasa 150-2500LB<\/p>\n<p>Material caroserie: ASTM A216 WCB, A217 WC6, A351 CF8, A351 CF8M,<\/p>\n<p>A351 CF3, A351 CF3M, A351 CN7M etc.<\/p>\n<p>Conexiunea final\u0103: RF, RTJ, BW<\/p>\n<p>Temperatura de lucru: -29\u2103~650\u2103<\/p>\n<p>Func\u021bionare: roat\u0103 de m\u00e2n\u0103, cutie de viteze, electric\u0103 etc.<\/p>\n<table>\n<tbody>\n<tr>\n<td width=\"200\"><strong>numele produsului<\/strong><\/td>\n<td width=\"481\">1500LB PSB GLOBE VALVE,12 Inch,WCB,RF End<\/td>\n<\/tr>\n<tr>\n<td width=\"200\">1. Material<\/td>\n<td width=\"481\">WCB<\/td>\n<\/tr>\n<tr>\n<td width=\"200\">2. Dimensiunea<\/td>\n<td width=\"481\">12\u201d<\/td>\n<\/tr>\n<tr>\n<td width=\"200\">4. Port<\/td>\n<td width=\"481\">Port complet<\/td>\n<\/tr>\n<tr>\n<td width=\"200\">5. Presiunea de lucru<\/td>\n<td width=\"481\">1500 lb<\/td>\n<\/tr>\n<tr>\n<td width=\"200\">6. Conexiunea se termin\u0103<\/td>\n<td width=\"481\">RF<\/td>\n<\/tr>\n<tr>\n<td width=\"200\">7. Temp. de lucru.<\/td>\n<td width=\"481\">-29~425\u00baC,<\/td>\n<\/tr>\n<tr>\n<td width=\"200\">8. Mediu potrivit<\/td>\n<td width=\"481\">Ap\u0103, gaze naturale, ulei \u0219i ceva lichid coroziv<\/td>\n<\/tr>\n<tr>\n<td width=\"200\">9. Operat<\/td>\n<td width=\"481\">Cutie de viteze<\/td>\n<\/tr>\n<tr>\n<td width=\"200\">10. Inspec\u021bie \u0219i testare<\/td>\n<td width=\"481\">Conform API598<\/td>\n<\/tr>\n<tr>\n<td width=\"200\"><strong>Expediere<\/strong><\/td>\n<td width=\"481\"><\/td>\n<\/tr>\n<tr>\n<td width=\"200\">Timpul de livrare<\/td>\n<td width=\"481\">30 de zile<\/td>\n<\/tr>\n<tr>\n<td width=\"200\">Pachet<\/td>\n<td width=\"481\">Carcas\u0103 standard de export de placaj<\/td>\n<\/tr>\n<tr>\n<td width=\"200\">Portul de expediere<\/td>\n<td width=\"481\">Ningbo\/Shanghai, China<\/td>\n<\/tr>\n<tr>\n<td width=\"200\">Termeni de livrare<\/td>\n<td width=\"481\">Exw, FOB, CFR, CIF etc.<\/td>\n<\/tr>\n<tr>\n<td width=\"200\">Termeni de plat\u0103<\/td>\n<td width=\"481\">T\/T, Western Union, PayPal etc.<\/td>\n<\/tr>\n<tr>\n<td width=\"200\"><\/td>\n<td width=\"481\">Plat\u0103 anticipat\u0103 30%, sold 70% pl\u0103tit \u00eenainte de expediere<\/td>\n<\/tr>\n<tr>\n<td width=\"200\">\u021aara de origine<\/td>\n<td width=\"481\">Ora\u0219ul Wenzhou, China<\/td>\n<\/tr>\n<tr>\n<td width=\"200\">Capacitatea de produc\u021bie<\/td>\n<td width=\"481\">6000 tone\/an<\/td>\n<\/tr>\n<tr>\n<td width=\"200\">MOQ<\/td>\n<td width=\"481\">1 buc\/dimensiune<\/td>\n<\/tr>\n<\/tbody>\n<\/table>","protected":false},"excerpt":{"rendered":"<p>Model: J561Y-2500LB-6<br \/>\nOur High Pressure Power Station 12500 LB Globe Valve is widely used in high pressure high temperature working conditions in power stations.high temperature and high pressure power station valve is suitable for Class1500 ANSI ~ 2500Lb, the operating temperature of -29 ~ 570 C of the oil, chemical, thermal power plants, and other operating conditions of the pipeline, cut off or connected to the media. Applicable medium: water, steam, etc.. Operating methods are: manual, gear, electric, etc.<\/p>\n<p>Standard de referin\u021b\u0103 pentru produs:<\/p>\n<p>Proiectare si fabricatie: B16.34 E101 ANSI<\/p>\n<p>Lungimea structurii: B16.10 E101 ANSI<\/p>\n<p>Temperatura de presiune nominal\u0103: B16.34 E101 ANSI<\/p>\n<p>Experiment \u0219i testare: E101 API598<\/p>\n<p>Caracteristicile structurii produsului:<\/p>\n<p>1 proiectare \u0219i fabricare a produsului conform standardului E101, ANSIB16.34, poate fi echipat cu utilizarea echipamentelor importate.<\/p>\n<p>2 supape \u00een cavitate cu o structur\u0103 de etan\u0219are automat\u0103 la presiune, cu c\u00e2t presiunea intern\u0103 este mai mare, cu at\u00e2t performan\u021ba de etan\u0219are este mai bun\u0103.<\/p>\n<p>3 Suprafa\u021ba de etan\u0219are a clapei supapei \u0219i a scaunului supapei cu suprafa\u021b\u0103 din aliaj Stellite Stellite pe baz\u0103 de cobalt \u0219i suprafa\u021b\u0103 de etan\u0219are<\/p>\n<p>Ad\u00e2ncime de umplere a capacului cu 4 supape rezonabil\u0103, umplutur\u0103 \u0219i inhibitor, etan\u0219are fiabil\u0103, comutator lin\u0103.<\/p>\n<p>5 supap\u0103 cu structur\u0103 pentru a se asigura c\u0103 supapa este deschis\u0103 pentru a func\u021biona f\u0103r\u0103 scurgerea tijei supapei.<\/p>\n<p>6 deschiderea \u0219i \u00eenchiderea supapei electrice de \u00eentrerupere este controlat\u0103 de dispozitivul electric, iar dispozitivul electric este echipat cu un motor special, un reductor de vitez\u0103, un mecanism de control al cuplului, un mecanism de ac\u021bionare \u00een c\u00e2mp, o m\u00e2n\u0103 \u0219i un electric. mecanism de comutare. Pe l\u00e2ng\u0103 operarea local\u0103, dar \u0219i pentru operarea de la distan\u021b\u0103.<\/p>\n<p>STV Valve Technology Group Co., Ltd is a professional leader China 1500LB Globe Valve,China High Temperature High Pressure Globe Valve Manufacturers,China Power Station Globe Valve,High temperature and high pressure power station stop valve,Pressure seal Globe Valve,1500LB WC9 Globe Valve,1500LB WC6 Globe Valve Manufacturer with high quality and competitive price.<\/p>\n<p>&nbsp;<\/p>","protected":false},"featured_media":7218,"template":"","meta":[],"product_brand":[],"product_cat":[63,45],"product_tag":[2451,2450,210,1013,1012,2449,320,319,318,321],"class_list":{"0":"post-7217","1":"product","2":"type-product","3":"status-publish","4":"has-post-thumbnail","6":"product_cat-cast-steel-globe-valve","7":"product_cat-globe-valve","8":"product_tag-1500lb-wc6-globe-valve-manufacturer","9":"product_tag-1500lb-wc9-globe-valve","10":"product_tag-2500lb-globe-valve","11":"product_tag-2500lb-wc6-globe-valve","12":"product_tag-2500lb-wc9-globe-valve","13":"product_tag-china-1500lb-globe-valve","14":"product_tag-china-high-temperature-high-pressure-globe-valve-manufacturers","15":"product_tag-china-power-station-globe-valve","16":"product_tag-high-temperature-and-high-pressure-power-station-stop-valve","17":"product_tag-pressure-seal-globe-valve","19":"first","20":"instock","21":"shipping-taxable","22":"product-type-simple"},"_links":{"self":[{"href":"https:\/\/www.stvvalves.com\/ro\/wp-json\/wp\/v2\/product\/7217","targetHints":{"allow":["GET"]}}],"collection":[{"href":"https:\/\/www.stvvalves.com\/ro\/wp-json\/wp\/v2\/product"}],"about":[{"href":"https:\/\/www.stvvalves.com\/ro\/wp-json\/wp\/v2\/types\/product"}],"wp:featuredmedia":[{"embeddable":true,"href":"https:\/\/www.stvvalves.com\/ro\/wp-json\/wp\/v2\/media\/7218"}],"wp:attachment":[{"href":"https:\/\/www.stvvalves.com\/ro\/wp-json\/wp\/v2\/media?parent=7217"}],"wp:term":[{"taxonomy":"product_brand","embeddable":true,"href":"https:\/\/www.stvvalves.com\/ro\/wp-json\/wp\/v2\/product_brand?post=7217"},{"taxonomy":"product_cat","embeddable":true,"href":"https:\/\/www.stvvalves.com\/ro\/wp-json\/wp\/v2\/product_cat?post=7217"},{"taxonomy":"product_tag","embeddable":true,"href":"https:\/\/www.stvvalves.com\/ro\/wp-json\/wp\/v2\/product_tag?post=7217"}],"curies":[{"name":"wp","href":"https:\/\/api.w.org\/{rel}","templated":true}]}}