{"id":7227,"date":"2024-03-21T11:19:58","date_gmt":"2024-03-21T03:19:58","guid":{"rendered":"https:\/\/www.stvvalves.com\/?post_type=product&#038;p=7227"},"modified":"2024-03-21T11:29:17","modified_gmt":"2024-03-21T03:29:17","slug":"gate-valve-din-pn100-dn400-wcb-din-3356","status":"publish","type":"product","link":"https:\/\/www.stvvalves.com\/ro\/products\/gate-valve-din-pn100-dn400-wcb-din-3356\/","title":{"rendered":"Gate Valve DIN PN100,DN400,150 LB,DIN 3356"},"content":{"rendered":"<p>Din Globe Valve High Pressure To Pn100, Pn160, Bolted Cover or Pressure Seal Bonnet, Rising Stem, Carbon Steel and Stainless Steel Plug Type Globe Valves, Handwheel, Gear Operated Flanged Steel Shut-off Valve Supplier And Manufacturer.<\/p>\n<p><strong>High Pressure Globe Valve Dimensions For DIN PN100 &#8211; PN160<\/strong><br \/>\nBody Material: Cast Steel: GS-C25, WCB, Cast Stainless Steel: 1.4308, 1.4408, A351-CF8, A351-CF8M<br \/>\nDesign and Manufacture: DIN 3356.<br \/>\nFace to Face: DIN3202.<br \/>\nFlange Ends: RF, RTJ to DIN2501.<br \/>\nInspection and Test: DIN3230.<br \/>\nInterval de presiune: Class150~2500(PN16~PN420)<br \/>\nTemperatura de lucru: -196\u2103~+560\u2103<\/p>\n<p>&nbsp;<\/p>\n<table width=\"751\">\n<tbody>\n<tr>\n<td>Numele produsului:<\/td>\n<td>Gate Valve DIN PN100,DN400,150 LB,DIN 3356<\/td>\n<\/tr>\n<tr>\n<td>1.Material:<\/td>\n<td>WCB<\/td>\n<\/tr>\n<tr>\n<td>2. Dimensiune:<\/td>\n<td>16 inchi<\/td>\n<\/tr>\n<tr>\n<td>3.Port:<\/td>\n<td>DEPLIN<\/td>\n<\/tr>\n<tr>\n<td>4. Temperatura de lucru:<\/td>\n<td>-29 \u00b0C-600 \u00b0C<\/td>\n<\/tr>\n<tr>\n<td>5. Sf\u00e2r\u0219itul conexiunii:<\/td>\n<td>RF<\/td>\n<\/tr>\n<tr>\n<td>6. Presiune de lucru:<\/td>\n<td>PN100<\/td>\n<\/tr>\n<tr>\n<td>7. Mediu potrivit:<\/td>\n<td>Ap\u0103, gaze naturale, ulei \u0219i ceva lichid coroziv<\/td>\n<\/tr>\n<tr>\n<td>8. Operat:<\/td>\n<td>\/<\/td>\n<\/tr>\n<tr>\n<td>9. Inspec\u021bie \u0219i testare<\/td>\n<td>Conform API 598<\/td>\n<\/tr>\n<tr>\n<td>Certificat:<\/td>\n<td>ISO, CE\/API 6D<\/td>\n<\/tr>\n<tr>\n<td><strong>Expediere<\/strong><\/td>\n<td><\/td>\n<\/tr>\n<tr>\n<td>Timpul de livrare<\/td>\n<td>30 de zile<\/td>\n<\/tr>\n<tr>\n<td>Pachet<\/td>\n<td>Carcas\u0103 standard de export de placaj<\/td>\n<\/tr>\n<tr>\n<td>Portul de expediere<\/td>\n<td>Ningbo\/Shanghai, China<\/td>\n<\/tr>\n<tr>\n<td>Termeni de livrare<\/td>\n<td>Exw, FOB, CFR, CIF etc.<\/td>\n<\/tr>\n<tr>\n<td>Termeni de plat\u0103<\/td>\n<td>T\/T, Western Union, PayPal etc.<\/td>\n<\/tr>\n<tr>\n<td><\/td>\n<td>Plat\u0103 anticipat\u0103 30%, sold 70% pl\u0103tit \u00eenainte de expediere<\/td>\n<\/tr>\n<tr>\n<td>\u021aara de origine<\/td>\n<td>Ora\u0219ul Wenzhou, China<\/td>\n<\/tr>\n<tr>\n<td>Capacitatea de produc\u021bie<\/td>\n<td>6000 tone\/an<\/td>\n<\/tr>\n<tr>\n<td>MOQ<\/td>\n<td>10 buc\/dimensiune<\/td>\n<\/tr>\n<\/tbody>\n<\/table>","protected":false},"excerpt":{"rendered":"<p>STV Valve Technology Group Co., Ltd is China Gate Valve DIN PN100, DIN3356 Gate Valve DIN PN100, DN400 Gate Valve DIN PN100,\u00a0 Bolt Bonnet Gate Valve, RF Flange Gate Valve DIN PN100, DIN3230 Gate Valve DIN PN100 manufacturer with high quality and low price.<\/p>\n<p>&nbsp;<\/p>","protected":false},"featured_media":7228,"template":"","meta":[],"product_brand":[],"product_cat":[44,58],"product_tag":[196,2470,2474,2471,2472,2473],"class_list":{"0":"post-7227","1":"product","2":"type-product","3":"status-publish","4":"has-post-thumbnail","6":"product_cat-gate-valve","7":"product_cat-cast-steel-gate-valve","8":"product_tag-bolt-bonnet-gate-valve","9":"product_tag-china-gate-valve-din-pn100","10":"product_tag-din3230-gate-valve-din-pn100-manufacturer","11":"product_tag-din3356-gate-valve-din-pn100","12":"product_tag-dn400-gate-valve-din-pn100","13":"product_tag-rf-flange-gate-valve-din-pn100","15":"first","16":"instock","17":"shipping-taxable","18":"product-type-simple"},"_links":{"self":[{"href":"https:\/\/www.stvvalves.com\/ro\/wp-json\/wp\/v2\/product\/7227","targetHints":{"allow":["GET"]}}],"collection":[{"href":"https:\/\/www.stvvalves.com\/ro\/wp-json\/wp\/v2\/product"}],"about":[{"href":"https:\/\/www.stvvalves.com\/ro\/wp-json\/wp\/v2\/types\/product"}],"wp:featuredmedia":[{"embeddable":true,"href":"https:\/\/www.stvvalves.com\/ro\/wp-json\/wp\/v2\/media\/7228"}],"wp:attachment":[{"href":"https:\/\/www.stvvalves.com\/ro\/wp-json\/wp\/v2\/media?parent=7227"}],"wp:term":[{"taxonomy":"product_brand","embeddable":true,"href":"https:\/\/www.stvvalves.com\/ro\/wp-json\/wp\/v2\/product_brand?post=7227"},{"taxonomy":"product_cat","embeddable":true,"href":"https:\/\/www.stvvalves.com\/ro\/wp-json\/wp\/v2\/product_cat?post=7227"},{"taxonomy":"product_tag","embeddable":true,"href":"https:\/\/www.stvvalves.com\/ro\/wp-json\/wp\/v2\/product_tag?post=7227"}],"curies":[{"name":"wp","href":"https:\/\/api.w.org\/{rel}","templated":true}]}}