{"id":7246,"date":"2024-04-05T13:47:43","date_gmt":"2024-04-05T05:47:43","guid":{"rendered":"https:\/\/www.stvvalves.com\/?post_type=product&#038;p=7246"},"modified":"2024-12-25T14:57:52","modified_gmt":"2024-12-25T06:57:52","slug":"y-type-forged-globe-valve-800-lb-f22-sw-ends-1-1-2-inch","status":"publish","type":"product","link":"https:\/\/www.stvvalves.com\/ro\/products\/y-type-forged-globe-valve-800-lb-f22-sw-ends-1-1-2-inch\/","title":{"rendered":"Y Type Forged Globe Valve,800 Lb, F22, Sw Ends, 11\/2 Inch"},"content":{"rendered":"<p>Design Standard: API 602.<br \/>\nBody Material: F22<br \/>\nDiametru nominal: 11\/2 inch (DN40).<br \/>\nPresiune: clasa 800.<br \/>\nSf\u00e2r\u0219it conexiunea: SW.<br \/>\nFa\u021b\u0103 \u00een fa\u021b\u0103: ASME B16.10.<br \/>\nWorking Temperature: -29\u00baC~+560\u00baC.<br \/>\nMod de operare: roat\u0103 de m\u00e2n\u0103.<br \/>\nTestare \u0219i inspec\u021bie: API 598.<\/p>\n<p>Gam\u0103 de produse<br \/>\nBody Material: A105,LF2,F5,F11,F22,304,304L,316,316L,F51,F91,20#,Inconel .Ect<br \/>\nNormal diameter: 1\/2&#8243;~4&#8243; (DN15~DN100).<br \/>\nConexiune final\u0103: NPT, SW, sudur\u0103 cap la cap, cu flan\u0219\u0103.<br \/>\nInterval de presiune: 150lbs~2500lbs(PN10~PN420).<br \/>\nFunc\u021bionare: roat\u0103 de m\u00e2n\u0103, actuator electric, pneumatic<br \/>\nWorking temperature: -196\u00baC~ +560\u00baC.<\/p>\n<table>\n<tbody>\n<tr>\n<td width=\"200\"><strong>numele produsului<\/strong><\/td>\n<td width=\"481\">Y Type Forged Globe Valve,800 Lb, F22, Sw Ends, 11\/2 Inch<\/td>\n<\/tr>\n<tr>\n<td width=\"200\">1. Material<\/td>\n<td width=\"481\">F22<\/td>\n<\/tr>\n<tr>\n<td width=\"200\">2. Dimensiunea<\/td>\n<td width=\"481\">11\/2\u201d<\/td>\n<\/tr>\n<tr>\n<td width=\"200\">4. Port<\/td>\n<td width=\"481\">Port reductor<\/td>\n<\/tr>\n<tr>\n<td width=\"200\">5. Presiunea de lucru<\/td>\n<td width=\"481\">800 lb<\/td>\n<\/tr>\n<tr>\n<td width=\"200\">6. Conexiunea se termin\u0103<\/td>\n<td width=\"481\">SW<\/td>\n<\/tr>\n<tr>\n<td width=\"200\">7. Temp. de lucru.<\/td>\n<td width=\"481\">-29~560\u00baC,<\/td>\n<\/tr>\n<tr>\n<td width=\"200\">8. Mediu potrivit<\/td>\n<td width=\"481\">Ap\u0103, gaze naturale, ulei \u0219i ceva lichid coroziv<\/td>\n<\/tr>\n<tr>\n<td width=\"200\">9. Operat<\/td>\n<td width=\"481\">Roat\u0103 de m\u00e2n\u0103<\/td>\n<\/tr>\n<tr>\n<td width=\"200\">10. Inspec\u021bie \u0219i testare<\/td>\n<td width=\"481\">Conform API598<\/td>\n<\/tr>\n<tr>\n<td width=\"200\"><strong>Expediere<\/strong><\/td>\n<td width=\"481\"><\/td>\n<\/tr>\n<tr>\n<td width=\"200\">Timpul de livrare<\/td>\n<td width=\"481\">30 de zile<\/td>\n<\/tr>\n<tr>\n<td width=\"200\">Pachet<\/td>\n<td width=\"481\">Carcas\u0103 standard de export de placaj<\/td>\n<\/tr>\n<tr>\n<td width=\"200\">Portul de expediere<\/td>\n<td width=\"481\">Ningbo\/Shanghai, China<\/td>\n<\/tr>\n<tr>\n<td width=\"200\">Termeni de livrare<\/td>\n<td width=\"481\">Exw, FOB, CFR, CIF etc.<\/td>\n<\/tr>\n<tr>\n<td width=\"200\">Termeni de plat\u0103<\/td>\n<td width=\"481\">T\/T, Western Union, PayPal etc.<\/td>\n<\/tr>\n<tr>\n<td width=\"200\"><\/td>\n<td width=\"481\">Plat\u0103 anticipat\u0103 30%, sold 70% pl\u0103tit \u00eenainte de expediere<\/td>\n<\/tr>\n<tr>\n<td width=\"200\">\u021aara de origine<\/td>\n<td width=\"481\">Ora\u0219ul Wenzhou, China<\/td>\n<\/tr>\n<tr>\n<td width=\"200\">Capacitatea de produc\u021bie<\/td>\n<td width=\"481\">6000 tone\/an<\/td>\n<\/tr>\n<tr>\n<td width=\"200\">MOQ<\/td>\n<td width=\"481\">1 buc\/dimensiune<\/td>\n<\/tr>\n<\/tbody>\n<\/table>","protected":false},"excerpt":{"rendered":"<p>Model:STV-J65Y-F22-2&#8243;-800LB<\/p>\n<p>Our Y Type Forged Globe Valve provide superior performance in various applications within chemical,<br \/>\npetrochemical, gas and various industrial use and ideal for downstream applications. They are designed,<br \/>\nengineered and manufactured in strict conformance to API, ASTM, ASME, ANSI and other recognized standards.<br \/>\nOur forged Steel Valves are not only cha racterized by outstanding performance, reliability and quality, they\u2019re also known for their standard features normally optional in other brands.<\/p>\n<p>STV Valve Technology Group Co., Ltd is a professional leader China Y Type Forged Globe Valve ,Class 800Lb Y Type Globe Valve ,Forged Y Type Globe Valve,Class 800 Lb Globe Valve, API 602 Y Type Globe Valve,Sw Ends Y Type Globe Valve,F22 Y Type Globe Valve,BB Y Type Globe Valve,11\/2 Inch Y Type Globe Valve manufacturer with high quality and competitive price.<\/p>","protected":false},"featured_media":7247,"template":"","meta":[],"product_brand":[],"product_cat":[64,45],"product_tag":[2493,2492,2486,2494,2483,2491,2485,2487],"class_list":{"0":"post-7246","1":"product","2":"type-product","3":"status-publish","4":"has-post-thumbnail","6":"product_cat-foreged-steel-globe-valve","7":"product_cat-globe-valve","8":"product_tag-11-2-inch-forged-globe-valve","9":"product_tag-800lb-forged-globe-valve","10":"product_tag-api-602-y-type-globe-valve","11":"product_tag-bb-y-type-globe-valve","12":"product_tag-china-y-type-forged-globe-valve","13":"product_tag-f22-forged-globe-valve","14":"product_tag-forged-y-type-globe-valve","15":"product_tag-sw-ends-y-type-globe-valve","17":"first","18":"instock","19":"shipping-taxable","20":"product-type-simple"},"_links":{"self":[{"href":"https:\/\/www.stvvalves.com\/ro\/wp-json\/wp\/v2\/product\/7246","targetHints":{"allow":["GET"]}}],"collection":[{"href":"https:\/\/www.stvvalves.com\/ro\/wp-json\/wp\/v2\/product"}],"about":[{"href":"https:\/\/www.stvvalves.com\/ro\/wp-json\/wp\/v2\/types\/product"}],"wp:featuredmedia":[{"embeddable":true,"href":"https:\/\/www.stvvalves.com\/ro\/wp-json\/wp\/v2\/media\/7247"}],"wp:attachment":[{"href":"https:\/\/www.stvvalves.com\/ro\/wp-json\/wp\/v2\/media?parent=7246"}],"wp:term":[{"taxonomy":"product_brand","embeddable":true,"href":"https:\/\/www.stvvalves.com\/ro\/wp-json\/wp\/v2\/product_brand?post=7246"},{"taxonomy":"product_cat","embeddable":true,"href":"https:\/\/www.stvvalves.com\/ro\/wp-json\/wp\/v2\/product_cat?post=7246"},{"taxonomy":"product_tag","embeddable":true,"href":"https:\/\/www.stvvalves.com\/ro\/wp-json\/wp\/v2\/product_tag?post=7246"}],"curies":[{"name":"wp","href":"https:\/\/api.w.org\/{rel}","templated":true}]}}