{"id":7256,"date":"2024-04-05T14:38:36","date_gmt":"2024-04-05T06:38:36","guid":{"rendered":"https:\/\/www.stvvalves.com\/?post_type=product&#038;p=7256"},"modified":"2024-04-05T14:42:00","modified_gmt":"2024-04-05T06:42:00","slug":"extension-stem-gate-valve-f316-2-1-2-inch-800lb-npt-end","status":"publish","type":"product","link":"https:\/\/www.stvvalves.com\/ro\/products\/extension-stem-gate-valve-f316-2-1-2-inch-800lb-npt-end\/","title":{"rendered":"Extension Stem Gate Valve,F316,21\/2 Inch,800LB,NPT End"},"content":{"rendered":"<p>API 602 \/ ASME B16.34<br \/>\nGarnitur\u0103 spiralat\u0103 cu SS304\/grafit sau SS316\/grafit<br \/>\nPan\u0103 solid\u0103<br \/>\n\u0218urub \u0219i jug exterior (OS&amp;Y)<br \/>\nGland\u0103 cu auto-aliniere din dou\u0103 piese<br \/>\nDesign compact \u0219i robust pentru servicii la presiune \u00eenalt\u0103 \u0219i temperatur\u0103<br \/>\n\u00cenlocuirea ro\u021bii de m\u00e2n\u0103 f\u0103r\u0103 a afecta pozi\u021bia por\u021bii.<\/p>\n<p>Materialul corpului\/capota: ASTM A105\/F316\/F316L\/F304\/F304L\/F11\/F22\/<br \/>\nValoare nominal\u0103: CLASA 800 (PN130) \u0219i CLASA 1500 (PN260)<br \/>\nDimensiunea portului: Port standard \/ Port complet<br \/>\nSize Range : 1\/4\u2033 \u2013 4\u2033 (8mm \u2013 100mm)<br \/>\nConexiuni la cap\u0103t: filetat (NPT\/BSPT\/DIN), sudare prin muf\u0103<br \/>\nTemperatura de lucru: (Pentru A105) -29\u00b0C~425\u00b0C;<br \/>\nAplica\u021bie de service: hidraulic, abur, chimic, petrol\/gaz<br \/>\nEnergie, petrochimie, marin\u0103, minerit<br \/>\nConstructie<\/p>\n<table>\n<tbody>\n<tr>\n<td width=\"200\"><strong><b>numele produsului<\/b><\/strong><\/td>\n<td width=\"481\">Extension Stem Gate Valve,F316,21\/2 Inch,800LB,NPT End<\/td>\n<\/tr>\n<tr>\n<td width=\"200\">1. Material<\/td>\n<td width=\"481\">F316<\/td>\n<\/tr>\n<tr>\n<td width=\"200\">2. Dimensiunea<\/td>\n<td width=\"481\">21\/2\u201d<\/td>\n<\/tr>\n<tr>\n<td width=\"200\">4. Port<\/td>\n<td width=\"481\">Port reductor<\/td>\n<\/tr>\n<tr>\n<td width=\"200\">5. Presiunea de lucru<\/td>\n<td width=\"481\">800 lb<\/td>\n<\/tr>\n<tr>\n<td width=\"200\">6. Conexiunea se termin\u0103<\/td>\n<td width=\"481\">NPT End<\/td>\n<\/tr>\n<tr>\n<td width=\"200\">7. Temp. de lucru.<\/td>\n<td width=\"481\">-29~425\u00baC,<\/td>\n<\/tr>\n<tr>\n<td width=\"200\">8. Mediu potrivit<\/td>\n<td width=\"481\">Ap\u0103, gaze naturale, ulei \u0219i ceva lichid coroziv<\/td>\n<\/tr>\n<tr>\n<td width=\"200\">9. Operat<\/td>\n<td width=\"481\">Roat\u0103 de m\u00e2n\u0103<\/td>\n<\/tr>\n<tr>\n<td width=\"200\">10. Inspec\u021bie \u0219i testare<\/td>\n<td width=\"481\">Conform API 598<\/td>\n<\/tr>\n<tr>\n<td width=\"200\"><strong><b>Expediere<\/b><\/strong><\/td>\n<td width=\"481\"><\/td>\n<\/tr>\n<tr>\n<td width=\"200\">Timpul de livrare<\/td>\n<td width=\"481\">30 de zile<\/td>\n<\/tr>\n<tr>\n<td width=\"200\">Pachet<\/td>\n<td width=\"481\">Carcas\u0103 standard de export de placaj<\/td>\n<\/tr>\n<tr>\n<td width=\"200\">Portul de expediere<\/td>\n<td width=\"481\">Ningbo\/Shanghai, China<\/td>\n<\/tr>\n<tr>\n<td width=\"200\">Termeni de livrare<\/td>\n<td width=\"481\">Exw, FOB, CFR, CIF etc.<\/td>\n<\/tr>\n<tr>\n<td width=\"200\">Termeni de plat\u0103<\/td>\n<td width=\"481\">T\/T, Western Union, PayPal etc.<\/td>\n<\/tr>\n<tr>\n<td width=\"200\"><\/td>\n<td width=\"481\">Plat\u0103 anticipat\u0103 30%, sold 70% pl\u0103tit \u00eenainte de expediere<\/td>\n<\/tr>\n<tr>\n<td width=\"200\">\u021aara de origine<\/td>\n<td width=\"481\">Ora\u0219ul Wenzhou, China<\/td>\n<\/tr>\n<tr>\n<td width=\"200\">Capacitatea de produc\u021bie<\/td>\n<td width=\"481\">6000 tone\/an<\/td>\n<\/tr>\n<tr>\n<td width=\"200\">MOQ<\/td>\n<td width=\"481\">10 buc\/dimensiune<\/td>\n<\/tr>\n<\/tbody>\n<\/table>","protected":false},"excerpt":{"rendered":"<p>STV Valve Technology Group Co., Ltd is a professional leader China Extension Stem Forged Gate Valve,ASTM F316 Extension Stem\u00a0 Gate Valve, 21\/2 Inch Extension Stem\u00a0 Gate Valve,800 LB Extension Stem Gate Valve,NPT End Extension Stem Gate Valve Manufacturer with high quality and competitive price.<\/p>","protected":false},"featured_media":7257,"template":"","meta":[],"product_brand":[],"product_cat":[44,59],"product_tag":[2507,2205,2506,2202,2508],"class_list":{"0":"post-7256","1":"product","2":"type-product","3":"status-publish","4":"has-post-thumbnail","6":"product_cat-gate-valve","7":"product_cat-forged-steel-gate-valve","8":"product_tag-21-2-inch-extension-stem-gate-valve","9":"product_tag-800-lb-extension-stem-gate-valve","10":"product_tag-astm-f316-extension-stem-gate-valve","11":"product_tag-china-extension-stem-forged-gate-valve","12":"product_tag-npt-end-extension-stem-gate-valve-manufacturer","14":"first","15":"instock","16":"shipping-taxable","17":"product-type-simple"},"_links":{"self":[{"href":"https:\/\/www.stvvalves.com\/ro\/wp-json\/wp\/v2\/product\/7256","targetHints":{"allow":["GET"]}}],"collection":[{"href":"https:\/\/www.stvvalves.com\/ro\/wp-json\/wp\/v2\/product"}],"about":[{"href":"https:\/\/www.stvvalves.com\/ro\/wp-json\/wp\/v2\/types\/product"}],"wp:featuredmedia":[{"embeddable":true,"href":"https:\/\/www.stvvalves.com\/ro\/wp-json\/wp\/v2\/media\/7257"}],"wp:attachment":[{"href":"https:\/\/www.stvvalves.com\/ro\/wp-json\/wp\/v2\/media?parent=7256"}],"wp:term":[{"taxonomy":"product_brand","embeddable":true,"href":"https:\/\/www.stvvalves.com\/ro\/wp-json\/wp\/v2\/product_brand?post=7256"},{"taxonomy":"product_cat","embeddable":true,"href":"https:\/\/www.stvvalves.com\/ro\/wp-json\/wp\/v2\/product_cat?post=7256"},{"taxonomy":"product_tag","embeddable":true,"href":"https:\/\/www.stvvalves.com\/ro\/wp-json\/wp\/v2\/product_tag?post=7256"}],"curies":[{"name":"wp","href":"https:\/\/api.w.org\/{rel}","templated":true}]}}