{"id":7285,"date":"2024-04-27T19:58:43","date_gmt":"2024-04-27T11:58:43","guid":{"rendered":"https:\/\/www.stvvalves.com\/?post_type=product&#038;p=7285"},"modified":"2024-12-25T14:55:58","modified_gmt":"2024-12-25T06:55:58","slug":"2500lb-pressure-seal-gate-valve-wcb-body-2500lb-2-inch-rf","status":"publish","type":"product","link":"https:\/\/www.stvvalves.com\/ro\/products\/2500lb-pressure-seal-gate-valve-wcb-body-2500lb-2-inch-rf\/","title":{"rendered":"2500LB Pressure Seal Gate Valve,WCB Body,2500LB,2 Inch,RF"},"content":{"rendered":"<p>Acest tip de robinet nu este caracterizat doar ca structur\u0103 simpl\u0103 \u0219i utilizare fiabil\u0103, ci \u0219i capabil s\u0103 creeze o u\u0219oar\u0103 deformare flexibil\u0103 pentru a compensa abaterea unghiului fe\u021bei de etan\u0219are generat\u0103 \u00een timpul proces\u0103rii, \u00eembun\u0103t\u0103\u021bind astfel performan\u021ba procesului. \u00cen plus, suprafa\u021ba de etan\u0219are a discului la scaun \u0219i la poart\u0103 sunt acoperite cu aliaj pe baz\u0103 de fier sau aliaj pe baz\u0103 de Co sau aliaj de carbur\u0103 pentru o perioad\u0103 lung\u0103 de timp.<\/p>\n<p>Specifica\u021bia parametrului principal<\/p>\n<p>Proiectare \u0219i fabrica\u021bie: Supap\u0103 de gunoi din o\u021bel turnat la API 600 (ISO 10434) \u3001 API 6D; Supap\u0103 de blocare din o\u021bel inoxidabil turnat la API 603, API 600<\/p>\n<p>Inspec\u021bie \u0219i testare: API598, API600 sau API 6D<\/p>\n<p>Dimensiunea flan\u0219ei de cap\u0103t: ASME B16.5 (pentru NPS\u226424, ASME B 16.47 seria B, API 605, ASME B16.47 A Series, MSS SP-44 (pentru NPS\uff1e24)<\/p>\n<p>Dimensiune final\u0103 BW: ASME B16.25<\/p>\n<p>Fa\u021b\u0103 \u00een fa\u021b\u0103 \u0219i cap\u0103t la cap\u0103t: ASME B16.10<\/p>\n<p>Evalu\u0103ri presiune-temperatura: ASME B16.34<\/p>\n<p>Gam\u0103 de produse<\/p>\n<p>Material corp: o\u021bel carbon, o\u021bel inoxidabil, o\u021bel aliat<\/p>\n<p>Diametru nominal: 2\u2033~36\u2033(DN50~DN900)<\/p>\n<p>Termina\u021bi conexiunea: RF,RTJ, BW<\/p>\n<p>Interval de presiune: Class150~2500(PN16~PN420)<\/p>\n<p>Temperatura de lucru: -29\u2103~+560\u2103<\/p>\n<p>Operare: roat\u0103 de m\u00e2n\u0103, angrenaj, actuator electric, etc.<\/p>\n<table>\n<tbody>\n<tr>\n<td width=\"200\"><strong>numele produsului<\/strong><\/td>\n<td width=\"481\">2500LB Pressure Seal Gate Valve,WCB Body,2500LB,2 Inch,RF<\/td>\n<\/tr>\n<tr>\n<td width=\"200\">1. Material<\/td>\n<td width=\"481\">WCB<\/td>\n<\/tr>\n<tr>\n<td width=\"200\">2. Dimensiunea<\/td>\n<td width=\"481\">2\u201d<\/td>\n<\/tr>\n<tr>\n<td width=\"200\">4. Port<\/td>\n<td width=\"481\">Port complet<\/td>\n<\/tr>\n<tr>\n<td width=\"200\">5. Presiunea de lucru<\/td>\n<td width=\"481\">2500 lb<\/td>\n<\/tr>\n<tr>\n<td width=\"200\">6. Conexiunea se termin\u0103<\/td>\n<td width=\"481\">RF<\/td>\n<\/tr>\n<tr>\n<td width=\"200\">7. Temp. de lucru.<\/td>\n<td width=\"481\">-29~540\u00baC,<\/td>\n<\/tr>\n<tr>\n<td width=\"200\">8. Mediu potrivit<\/td>\n<td width=\"481\">Ap\u0103, gaze naturale, ulei \u0219i ceva lichid coroziv<\/td>\n<\/tr>\n<tr>\n<td width=\"200\">9. Operat<\/td>\n<td width=\"481\">Roat\u0103 de m\u00e2n\u0103<\/td>\n<\/tr>\n<tr>\n<td width=\"200\">10. Inspec\u021bie \u0219i testare<\/td>\n<td width=\"481\">Conform API598<\/td>\n<\/tr>\n<tr>\n<td width=\"200\"><strong>Expediere<\/strong><\/td>\n<td width=\"481\"><\/td>\n<\/tr>\n<tr>\n<td width=\"200\">Timpul de livrare<\/td>\n<td width=\"481\">30 de zile<\/td>\n<\/tr>\n<tr>\n<td width=\"200\">Pachet<\/td>\n<td width=\"481\">Carcas\u0103 standard de export de placaj<\/td>\n<\/tr>\n<tr>\n<td width=\"200\">Portul de expediere<\/td>\n<td width=\"481\">Ningbo\/Shanghai, China<\/td>\n<\/tr>\n<tr>\n<td width=\"200\">Termeni de livrare<\/td>\n<td width=\"481\">Exw, FOB, CFR, CIF etc.<\/td>\n<\/tr>\n<tr>\n<td width=\"200\">Termeni de plat\u0103<\/td>\n<td width=\"481\">T\/T, Western Union, PayPal etc.<\/td>\n<\/tr>\n<tr>\n<td width=\"200\"><\/td>\n<td width=\"481\">Plat\u0103 anticipat\u0103 30%, sold 70% pl\u0103tit \u00eenainte de expediere<\/td>\n<\/tr>\n<tr>\n<td width=\"200\">\u021aara de origine<\/td>\n<td width=\"481\">Ora\u0219ul Wenzhou, China<\/td>\n<\/tr>\n<tr>\n<td width=\"200\">Capacitatea de produc\u021bie<\/td>\n<td width=\"481\">6000 tone\/an<\/td>\n<\/tr>\n<tr>\n<td width=\"200\">MOQ<\/td>\n<td width=\"481\">1 buc\/dimensiune<\/td>\n<\/tr>\n<\/tbody>\n<\/table>","protected":false},"excerpt":{"rendered":"<p>Model:Z41Y-2500LB-2&#8243;<\/p>\n<p>High Pressure Seal Gate Valve are designed for service of high temperature and high pressure and are widely used in fossil fuel power plant. Compared with bolted bonnet joint valves,<\/p>\n<p>asigur\u0103 o etan\u0219are absolut fiabil\u0103 a \u00eembin\u0103rii capotei, astfel \u00eenc\u00e2t supapele de etan\u0219are sub presiune sunt mai compacte \u0219i mai rigide, precum \u0219i \u00eentre\u021binere rentabil\u0103 la temperaturi ridicate \u0219i servicii de \u00eenalt\u0103 presiune.<\/p>\n<p>&nbsp;<\/p>\n<p>STV Valve Technology Group Co., Ltd is a professional leader China2500# Pressure Seal Gate Valve,API 600 Pressure Seal Gate Valves,China Pressure Seal Gate Valve,GATE VALVE,High Temperature Pressure Gate Valve,Pressure Seal Gate Valve,Pressure Seal Valves,Pressure Seal Wedge Gate Valve Manufacturer with high quality and competitive price.<\/p>\n<p>V\u0103 rug\u0103m s\u0103 contacta\u021bi sales@stvvalve.com pentru alte materiale \u0219i detalii.<\/p>\n<p>Fi\u0219\u0103 de date:<br \/>\n<a href=\"https:\/\/www.stvvalves.com\/wp-content\/uploads\/2018\/12\/high-pressure-seal-gate-valve-wc9-body-2500lb-4-inch-drawing.pdf\">Supap\u0103 cu etan\u0219are de \u00eenalt\u0103 presiune, corp WC9, 2500 LB, 3 inchi<\/a><\/p>","protected":false},"featured_media":7286,"template":"","meta":[],"product_brand":[],"product_cat":[58,44],"product_tag":[351,354,350,163,355,352,356],"class_list":{"0":"post-7285","1":"product","2":"type-product","3":"status-publish","4":"has-post-thumbnail","6":"product_cat-cast-steel-gate-valve","7":"product_cat-gate-valve","8":"product_tag-2500-pressure-seal-gate-valve","9":"product_tag-api-600-pressure-seal-gate-valves","10":"product_tag-china-pressure-seal-gate-valve","11":"product_tag-gate-valve","12":"product_tag-high-temperature-pressure-gatevalve","13":"product_tag-pressure-seal-gate-valve","14":"product_tag-pressure-seal-wedge-gate-valve","16":"first","17":"instock","18":"shipping-taxable","19":"product-type-simple"},"_links":{"self":[{"href":"https:\/\/www.stvvalves.com\/ro\/wp-json\/wp\/v2\/product\/7285","targetHints":{"allow":["GET"]}}],"collection":[{"href":"https:\/\/www.stvvalves.com\/ro\/wp-json\/wp\/v2\/product"}],"about":[{"href":"https:\/\/www.stvvalves.com\/ro\/wp-json\/wp\/v2\/types\/product"}],"wp:featuredmedia":[{"embeddable":true,"href":"https:\/\/www.stvvalves.com\/ro\/wp-json\/wp\/v2\/media\/7286"}],"wp:attachment":[{"href":"https:\/\/www.stvvalves.com\/ro\/wp-json\/wp\/v2\/media?parent=7285"}],"wp:term":[{"taxonomy":"product_brand","embeddable":true,"href":"https:\/\/www.stvvalves.com\/ro\/wp-json\/wp\/v2\/product_brand?post=7285"},{"taxonomy":"product_cat","embeddable":true,"href":"https:\/\/www.stvvalves.com\/ro\/wp-json\/wp\/v2\/product_cat?post=7285"},{"taxonomy":"product_tag","embeddable":true,"href":"https:\/\/www.stvvalves.com\/ro\/wp-json\/wp\/v2\/product_tag?post=7285"}],"curies":[{"name":"wp","href":"https:\/\/api.w.org\/{rel}","templated":true}]}}