{"id":7322,"date":"2024-04-30T14:59:47","date_gmt":"2024-04-30T06:59:47","guid":{"rendered":"https:\/\/www.stvvalves.com\/?post_type=product&#038;p=7322"},"modified":"2024-12-24T14:32:43","modified_gmt":"2024-12-24T06:32:43","slug":"600lb-cast-steel-trunnion-ball-valve-6-inch-api-6d","status":"publish","type":"product","link":"https:\/\/www.stvvalves.com\/ro\/products\/600lb-cast-steel-trunnion-ball-valve-6-inch-api-6d\/","title":{"rendered":"600LB Cast Steel Trunnion Ball Valve,6 Inch,API 6D"},"content":{"rendered":"<p>Produc\u0103tor, fabric\u0103, companie \u0219i furnizor de robinet cu bil\u0103 trunion din China pentru robinet cu bil\u0103 trunnion WCB A105 de 24 inch, care este o structur\u0103 montat\u0103 pe trunion, corp divizat 3PC, pas complet sau orificiu redus cu material diferit \u0219i clas\u0103 de presiune diferit\u0103.<\/p>\n<p><strong>Specifica\u021biile supapei cu bil\u0103 trunion din o\u021bel turnat<\/strong><\/p>\n<table>\n<tbody>\n<tr>\n<td>numele produsului<\/td>\n<td>600LB Cast Steel Trunnion Ball Valve,6 Inch,API 6D<\/td>\n<\/tr>\n<tr>\n<td>1. Material<\/td>\n<td>A351 CF8M\/CF8\/CF3, A216 WCB, A352 LCB\/LCC<\/td>\n<\/tr>\n<tr>\n<td>2. Dimensiunea<\/td>\n<td>2\u201d~48\u201d (DN50~DN1200)<\/td>\n<\/tr>\n<tr>\n<td>4. Port<\/td>\n<td>Port complet<\/td>\n<\/tr>\n<tr>\n<td>5. Presiunea de lucru<\/td>\n<td>150LB~2500LB<\/td>\n<\/tr>\n<tr>\n<td>6. Conexiunea se termin\u0103<\/td>\n<td>Flan\u0219\u0103<\/td>\n<\/tr>\n<tr>\n<td>7. Temp. de lucru.<\/td>\n<td>-196\u00baC~450\u00baC<\/td>\n<\/tr>\n<tr>\n<td>8. Mediu potrivit<\/td>\n<td>Ap\u0103, gaze naturale, ulei \u0219i ceva lichid coroziv<\/td>\n<\/tr>\n<tr>\n<td>9. Sigiliu<\/td>\n<td>PTFE, RPTFE, PPL<\/td>\n<\/tr>\n<tr>\n<td>10. Blocare<\/td>\n<td>Op\u021biune<\/td>\n<\/tr>\n<tr>\n<td>11. Inspec\u021bie \u0219i testare<\/td>\n<td>Conform API598<\/td>\n<\/tr>\n<\/tbody>\n<\/table>\n<p><strong>Caracteristica supapei cu bil\u0103 trunion din o\u021bel turnat<\/strong><\/p>\n<p>Alezajul complet \u0219i alezajul redus<br \/>\nDispozitiv antistatic<br \/>\nTij\u0103 anti-explozie<br \/>\nDesign sigur la foc<br \/>\nInjector de etan\u0219are de urgen\u021b\u0103<br \/>\nSupap\u0103 de aerisire, supap\u0103 de golire<br \/>\nUrechi de ridicare \u0219i picioare de sus\u021binere (8\u2033 \u0219i mai mari)<br \/>\nM\u00e2ner blocabil op\u021bional; Cutie de viteze, electric\u0103, pneumatic\u0103 \u0219i hidraulic\u0103<br \/>\n<strong>Supap\u0103 cu bil\u0103 trunion din o\u021bel turnat <\/strong><strong>standard<\/strong><br \/>\nProiectare \u0219i fabrica\u021bie: ASME B16.34\/API 6D<br \/>\nLungimea structural\u0103 a supapei: ASME B16.10<br \/>\nDimensiunea conexiunii flan\u0219ei: ASME B 16.5<br \/>\nVerificarea supapei \u0219i testul de fabrica\u021bie: API 598<br \/>\nTest de siguran\u021b\u0103 \u00eempotriva incendiilor: API 607\/API6FA<br \/>\nSpecial: NACE MR-01-75<\/p>","protected":false},"excerpt":{"rendered":"<p>STV Valve Technology Group Co., Ltd is a professional leader China 600LB Cast\u00a0 Steel Ball Valve,6 Inch API 6D Cast Steel Trunnion Mounted Ball Valves,API 6D Cast Steel Trunnion Mounted Ball Valves,2-Piece Trunnion Mounted Ball Valve,WCB Trunnion Mounted Ball Valve Manufacturer with high quality and competitive price.<\/p>","protected":false},"featured_media":7323,"template":"","meta":[],"product_brand":[],"product_cat":[43,56],"product_tag":[605,2577,606,2576,2578],"class_list":{"0":"post-7322","1":"product","2":"type-product","3":"status-publish","4":"has-post-thumbnail","6":"product_cat-ball-valve","7":"product_cat-trunnion-ball-valve","8":"product_tag-2-piece-trunnion-mounted-ball-valve","9":"product_tag-6-inch-api-6d-cast-steel-trunnion-mounted-ball-valves","10":"product_tag-api-6d-cast-steel-trunnion-mounted-ball-valves","11":"product_tag-china-600lb-cast-steel-ball-valve","12":"product_tag-wcb-trunnion-mounted-ball-valve-manufacturer","14":"first","15":"instock","16":"shipping-taxable","17":"product-type-simple"},"_links":{"self":[{"href":"https:\/\/www.stvvalves.com\/ro\/wp-json\/wp\/v2\/product\/7322","targetHints":{"allow":["GET"]}}],"collection":[{"href":"https:\/\/www.stvvalves.com\/ro\/wp-json\/wp\/v2\/product"}],"about":[{"href":"https:\/\/www.stvvalves.com\/ro\/wp-json\/wp\/v2\/types\/product"}],"wp:featuredmedia":[{"embeddable":true,"href":"https:\/\/www.stvvalves.com\/ro\/wp-json\/wp\/v2\/media\/7323"}],"wp:attachment":[{"href":"https:\/\/www.stvvalves.com\/ro\/wp-json\/wp\/v2\/media?parent=7322"}],"wp:term":[{"taxonomy":"product_brand","embeddable":true,"href":"https:\/\/www.stvvalves.com\/ro\/wp-json\/wp\/v2\/product_brand?post=7322"},{"taxonomy":"product_cat","embeddable":true,"href":"https:\/\/www.stvvalves.com\/ro\/wp-json\/wp\/v2\/product_cat?post=7322"},{"taxonomy":"product_tag","embeddable":true,"href":"https:\/\/www.stvvalves.com\/ro\/wp-json\/wp\/v2\/product_tag?post=7322"}],"curies":[{"name":"wp","href":"https:\/\/api.w.org\/{rel}","templated":true}]}}