{"id":7330,"date":"2024-04-30T15:35:18","date_gmt":"2024-04-30T07:35:18","guid":{"rendered":"https:\/\/www.stvvalves.com\/?post_type=product&#038;p=7330"},"modified":"2025-08-18T13:55:29","modified_gmt":"2025-08-18T05:55:29","slug":"long-pattern-ball-valve-a105-1-inch-rf-end","status":"publish","type":"product","link":"https:\/\/www.stvvalves.com\/ro\/products\/long-pattern-ball-valve-a105-1-inch-rf-end\/","title":{"rendered":"Long Pattern Ball Valve,A105,1 Inch,RF End"},"content":{"rendered":"<p>1. Dimensiune: 1\/2~2\u201d (DN15~DN50)<\/p>\n<p>2. Evaluare: 150~2500LB(PN16~PN420)<\/p>\n<p>3. Material caroserie: A105, F304, F316;LF2;304L;316L;F347;F321<\/p>\n<p>4. Scaun:PTFE, RPTFE<\/p>\n<p>5. Pentru Alezaj \u0219i Alezaj redus.<\/p>\n<p>6. Tija rezistent\u0103 la suflare<\/p>\n<p>7. Plac\u0103 de montare ISO5211<\/p>\n<p>8. Nivel, angrenaj melcat, actuator<\/p>\n<p>Design confirms: BS 5352 or API 6D<\/p>\n<p>Capetele sudate prin muf\u0103: ANSI B16.11;<\/p>\n<p>Capetele \u0219uruburilor:ANSI B 1.20.1;<\/p>\n<p>Capetele sudate cap la cap: ANSI B16.25;<\/p>\n<p>Capetele cu flan\u0219\u0103:ANSI B 16,5;<\/p>\n<p>Testul \u0219i inspec\u021bia confirm\u0103: API598;<\/p>\n<table>\n<tbody>\n<tr>\n<td width=\"200\"><strong>numele produsului<\/strong><\/td>\n<td width=\"481\">Long Pattern Ball Valve,A105,1 Inch,RF End<\/td>\n<\/tr>\n<tr>\n<td width=\"200\">1. Material<\/td>\n<td width=\"481\">A105<\/td>\n<\/tr>\n<tr>\n<td width=\"200\">2. Dimensiunea<\/td>\n<td width=\"481\">1\u201d<\/td>\n<\/tr>\n<tr>\n<td width=\"200\">4. Port<\/td>\n<td width=\"481\">Port complet<\/td>\n<\/tr>\n<tr>\n<td width=\"200\">5. Presiunea de lucru<\/td>\n<td width=\"481\">600 lb<\/td>\n<\/tr>\n<tr>\n<td width=\"200\">6. Conexiunea se termin\u0103<\/td>\n<td width=\"481\">RF<\/td>\n<\/tr>\n<tr>\n<td width=\"200\">7. Temp. de lucru.<\/td>\n<td width=\"481\">-29~120\u00baC,<\/td>\n<\/tr>\n<tr>\n<td width=\"200\">8. Mediu potrivit<\/td>\n<td width=\"481\">Ap\u0103, gaze naturale, ulei \u0219i ceva lichid coroziv<\/td>\n<\/tr>\n<tr>\n<td width=\"200\">9. Operat<\/td>\n<td width=\"481\">roat\u0103 de m\u00e2n\u0103<\/td>\n<\/tr>\n<tr>\n<td width=\"200\">10. Inspec\u021bie \u0219i testare<\/td>\n<td width=\"481\">Conform API 598<\/td>\n<\/tr>\n<tr>\n<td width=\"200\"><strong>Expediere<\/strong><\/td>\n<td width=\"481\"><\/td>\n<\/tr>\n<tr>\n<td width=\"200\">Timpul de livrare<\/td>\n<td width=\"481\">30 de zile<\/td>\n<\/tr>\n<tr>\n<td width=\"200\">Pachet<\/td>\n<td width=\"481\">Carcas\u0103 standard de export de placaj<\/td>\n<\/tr>\n<tr>\n<td width=\"200\">Portul de expediere<\/td>\n<td width=\"481\">Ningbo\/Shanghai, China<\/td>\n<\/tr>\n<tr>\n<td width=\"200\">Termeni de livrare<\/td>\n<td width=\"481\">Exw, FOB, CFR, CIF etc.<\/td>\n<\/tr>\n<tr>\n<td width=\"200\">Termeni de plat\u0103<\/td>\n<td width=\"481\">T\/T, Western Union, PayPal etc.<\/td>\n<\/tr>\n<tr>\n<td width=\"200\"><\/td>\n<td width=\"481\">Plat\u0103 anticipat\u0103 30%, sold 70% pl\u0103tit \u00eenainte de expediere<\/td>\n<\/tr>\n<tr>\n<td width=\"200\">\u021aara de origine<\/td>\n<td width=\"481\">Ora\u0219ul Wenzhou, China<\/td>\n<\/tr>\n<tr>\n<td width=\"200\">Capacitatea de produc\u021bie<\/td>\n<td width=\"481\">6000 tone\/an<\/td>\n<\/tr>\n<tr>\n<td width=\"200\">MOQ<\/td>\n<td width=\"481\">1 buc\/dimensiune<\/td>\n<\/tr>\n<\/tbody>\n<\/table>","protected":false},"excerpt":{"rendered":"<p>Model:STV-Q41F-600LB-DN25<\/p>\n<p>STV Valve Technology Group Co., Ltd is a professional leader China Long Pattern Ball Valve,Forged steel Long Pattern Ball Valve ,A105 Long Pattern Ball Valve,High pressure Long Pattern Ball Valve,2PC Long Pattern Ball Valve, 2 pc ball valves,600LB Long Pattern Ball Valve,Peek Long Pattern Ball Valve, 1 Inch Long Pattern Ball Valve,RF End Long Pattern Ball Valve \u00a0manufacturer with high quality and competitive price.<\/p>","protected":false},"featured_media":8344,"template":"","meta":[],"product_brand":[],"product_cat":[43,55],"product_tag":[3678,3675,3674,3676,3672,3670,3671,3673,3677,3679],"class_list":{"0":"post-7330","1":"product","2":"type-product","3":"status-publish","4":"has-post-thumbnail","6":"product_cat-ball-valve","7":"product_cat-forged-steel-ball-valve","8":"product_tag-1-inch-long-pattern-ball-valve","9":"product_tag-2-pc-ball-valves","10":"product_tag-2pc-long-pattern-ball-valve","11":"product_tag-600lb-long-pattern-ball-valve","12":"product_tag-a105-long-pattern-ball-valve","13":"product_tag-china-long-pattern-ball-valve","14":"product_tag-forged-steel-long-pattern-ball-valve","15":"product_tag-high-pressure-long-pattern-ball-valve","16":"product_tag-peek-long-pattern-ball-valve","17":"product_tag-rf-end-long-pattern-ball-valve-manufacturer","19":"first","20":"instock","21":"shipping-taxable","22":"product-type-simple"},"_links":{"self":[{"href":"https:\/\/www.stvvalves.com\/ro\/wp-json\/wp\/v2\/product\/7330","targetHints":{"allow":["GET"]}}],"collection":[{"href":"https:\/\/www.stvvalves.com\/ro\/wp-json\/wp\/v2\/product"}],"about":[{"href":"https:\/\/www.stvvalves.com\/ro\/wp-json\/wp\/v2\/types\/product"}],"wp:featuredmedia":[{"embeddable":true,"href":"https:\/\/www.stvvalves.com\/ro\/wp-json\/wp\/v2\/media\/8344"}],"wp:attachment":[{"href":"https:\/\/www.stvvalves.com\/ro\/wp-json\/wp\/v2\/media?parent=7330"}],"wp:term":[{"taxonomy":"product_brand","embeddable":true,"href":"https:\/\/www.stvvalves.com\/ro\/wp-json\/wp\/v2\/product_brand?post=7330"},{"taxonomy":"product_cat","embeddable":true,"href":"https:\/\/www.stvvalves.com\/ro\/wp-json\/wp\/v2\/product_cat?post=7330"},{"taxonomy":"product_tag","embeddable":true,"href":"https:\/\/www.stvvalves.com\/ro\/wp-json\/wp\/v2\/product_tag?post=7330"}],"curies":[{"name":"wp","href":"https:\/\/api.w.org\/{rel}","templated":true}]}}